{"id":54,"date":"2018-05-04T11:26:58","date_gmt":"2018-05-04T09:26:58","guid":{"rendered":"http:\/\/helix.mendelu.cz\/oryx\/les_jako_ekosystem\/?page_id=54"},"modified":"2018-05-04T12:08:32","modified_gmt":"2018-05-04T10:08:32","slug":"vzdusna-vlhkost","status":"publish","type":"page","link":"https:\/\/rumex.mendelu.cz\/oryx\/les_jako_ekosystem\/index.php\/les-a-abioticke-slozky\/vzdusna-vlhkost\/","title":{"rendered":"Vzdu\u0161n\u00e1 vlhkost"},"content":{"rendered":"<h1>Vzdu\u0161n\u00e1 vlhkost<\/h1>\n<ul>\n<li>&#8211; charakterizuje obsah vodn\u00edch par v ovzdu\u0161\u00ed<\/li>\n<li>&#8211; z\u00e1vis\u00ed na teplot\u011b vzduchu (\u010d\u00edm je vzduch teplej\u0161\u00ed, t\u00edm v\u00edc vodn\u00edch par pot\u0159ebuje na \u00fapln\u00e9 nasycen\u00ed; p\u0159i p\u0159ebytku vodn\u00ed p\u00e1ry doch\u00e1z\u00ed k jej\u00ed kondenzaci)<\/li>\n<li>&#8211; m\u00e1 bezprost\u0159edn\u00ed vliv na intenzitu v\u00fdparu a ovliv\u0148uje i jin\u00e9 fyziologick\u00e9 funkce (nap\u0159. fotosynt\u00e9zu, respiraci a transpiraci).<\/li>\n<\/ul>\n<p><img loading=\"lazy\" class=\"size-full wp-image-146\" src=\"http:\/\/helix.mendelu.cz\/oryx\/les_jako_ekosystem\/wp-content\/uploads\/2018\/05\/vzdusna_vlhkost_vypar.jpg\" alt=\"\" width=\"490\" height=\"367\" srcset=\"https:\/\/rumex.mendelu.cz\/oryx\/les_jako_ekosystem\/wp-content\/uploads\/2018\/05\/vzdusna_vlhkost_vypar.jpg 490w, https:\/\/rumex.mendelu.cz\/oryx\/les_jako_ekosystem\/wp-content\/uploads\/2018\/05\/vzdusna_vlhkost_vypar-300x225.jpg 300w, https:\/\/rumex.mendelu.cz\/oryx\/les_jako_ekosystem\/wp-content\/uploads\/2018\/05\/vzdusna_vlhkost_vypar-200x150.jpg 200w\" sizes=\"(max-width: 490px) 100vw, 490px\" \/><\/p>\n<ul>\n<li>&#8211; m\u00e1 denn\u00ed chod s maximem v noci<\/li>\n<li>&#8211; z\u00e1visl\u00e1 t\u00e9\u017e na hustot\u011b porostu, jeho druhov\u00e9m slo\u017een\u00ed (nap\u0159. v jehli\u010dnat\u00fdch porostech je p\u0159i jinak stejn\u00fdch vn\u011bj\u0161\u00edch podm\u00ednk\u00e1ch celoro\u010dn\u011b vy\u0161\u0161\u00ed vzdu\u0161n\u00e1 vlhkost ve srovn\u00e1n\u00ed s porosty listn\u00e1\u010d\u016f)<\/li>\n<\/ul>\n<p><img loading=\"lazy\" class=\"size-full wp-image-147\" src=\"http:\/\/helix.mendelu.cz\/oryx\/les_jako_ekosystem\/wp-content\/uploads\/2018\/05\/vzdusna_vlhkost_plavun.jpg\" alt=\"\" width=\"490\" height=\"368\" srcset=\"https:\/\/rumex.mendelu.cz\/oryx\/les_jako_ekosystem\/wp-content\/uploads\/2018\/05\/vzdusna_vlhkost_plavun.jpg 490w, https:\/\/rumex.mendelu.cz\/oryx\/les_jako_ekosystem\/wp-content\/uploads\/2018\/05\/vzdusna_vlhkost_plavun-300x225.jpg 300w, https:\/\/rumex.mendelu.cz\/oryx\/les_jako_ekosystem\/wp-content\/uploads\/2018\/05\/vzdusna_vlhkost_plavun-200x150.jpg 200w\" sizes=\"(max-width: 490px) 100vw, 490px\" \/><\/p>\n","protected":false},"excerpt":{"rendered":"<p>Vzdu\u0161n\u00e1 vlhkost &#8211; charakterizuje obsah vodn\u00edch par v ovzdu\u0161\u00ed &#8211; z\u00e1vis\u00ed na teplot\u011b vzduchu (\u010d\u00edm je vzduch teplej\u0161\u00ed, t\u00edm v\u00edc vodn\u00edch par pot\u0159ebuje na \u00fapln\u00e9 nasycen\u00ed; p\u0159i p\u0159ebytku vodn\u00ed p\u00e1ry doch\u00e1z\u00ed k jej\u00ed kondenzaci) &#8211; m\u00e1 bezprost\u0159edn\u00ed vliv na intenzitu v\u00fdparu a ovliv\u0148uje i jin\u00e9 fyziologick\u00e9 funkce (nap\u0159. fotosynt\u00e9zu, respiraci a transpiraci). &#8211; m\u00e1 denn\u00ed [&hellip;]<\/p>\n","protected":false},"author":1,"featured_media":0,"parent":39,"menu_order":0,"comment_status":"closed","ping_status":"closed","template":"","meta":[],"_links":{"self":[{"href":"https:\/\/rumex.mendelu.cz\/oryx\/les_jako_ekosystem\/index.php\/wp-json\/wp\/v2\/pages\/54"}],"collection":[{"href":"https:\/\/rumex.mendelu.cz\/oryx\/les_jako_ekosystem\/index.php\/wp-json\/wp\/v2\/pages"}],"about":[{"href":"https:\/\/rumex.mendelu.cz\/oryx\/les_jako_ekosystem\/index.php\/wp-json\/wp\/v2\/types\/page"}],"author":[{"embeddable":true,"href":"https:\/\/rumex.mendelu.cz\/oryx\/les_jako_ekosystem\/index.php\/wp-json\/wp\/v2\/users\/1"}],"replies":[{"embeddable":true,"href":"https:\/\/rumex.mendelu.cz\/oryx\/les_jako_ekosystem\/index.php\/wp-json\/wp\/v2\/comments?post=54"}],"version-history":[{"count":3,"href":"https:\/\/rumex.mendelu.cz\/oryx\/les_jako_ekosystem\/index.php\/wp-json\/wp\/v2\/pages\/54\/revisions"}],"predecessor-version":[{"id":148,"href":"https:\/\/rumex.mendelu.cz\/oryx\/les_jako_ekosystem\/index.php\/wp-json\/wp\/v2\/pages\/54\/revisions\/148"}],"up":[{"embeddable":true,"href":"https:\/\/rumex.mendelu.cz\/oryx\/les_jako_ekosystem\/index.php\/wp-json\/wp\/v2\/pages\/39"}],"wp:attachment":[{"href":"https:\/\/rumex.mendelu.cz\/oryx\/les_jako_ekosystem\/index.php\/wp-json\/wp\/v2\/media?parent=54"}],"curies":[{"name":"wp","href":"https:\/\/api.w.org\/{rel}","templated":true}]}}