{"id":20,"date":"2018-05-04T11:18:37","date_gmt":"2018-05-04T09:18:37","guid":{"rendered":"http:\/\/helix.mendelu.cz\/oryx\/les_jako_ekosystem\/?page_id=20"},"modified":"2018-05-04T11:28:44","modified_gmt":"2018-05-04T09:28:44","slug":"funkce","status":"publish","type":"page","link":"https:\/\/rumex.mendelu.cz\/oryx\/les_jako_ekosystem\/index.php\/les-jako-ekosystem\/funkce\/","title":{"rendered":"Funkce"},"content":{"rendered":"<h1>Funkce lesn\u00edho ekosyst\u00e9mu<\/h1>\n<ul>\n<li>= tok l\u00e1tek, energi\u00ed a informac\u00ed<\/li>\n<li>&#8211; souvis\u00ed s obnovou jednotliv\u00fdch slo\u017eek jednotliv\u00fdch_slo\u017eek lesn\u00edho ekosyst\u00e9mu, vytv\u00e1\u0159en\u00edm organick\u00e9 hmoty, kolob\u011bhem l\u00e1tek a s toky energie v n\u011bmrozli\u0161ujeme:<br \/>\n&#8211; abioticky podm\u00edn\u011bn\u00e9 vstupy a v\u00fdstupy (sr\u00e1\u017eky, spady, p\u016fdn\u00ed odtok, eroze)- podle pod\u00edlu na energetick\u00fdch a l\u00e1tkov\u00fdch vazb\u00e1ch v ekosyst\u00e9mech:<\/li>\n<\/ul>\n<div id=\"attachment_57\" style=\"width: 500px\" class=\"wp-caption aligncenter\"><img aria-describedby=\"caption-attachment-57\" loading=\"lazy\" class=\"wp-image-57 size-full\" src=\"http:\/\/helix.mendelu.cz\/oryx\/les_jako_ekosystem\/wp-content\/uploads\/2018\/05\/funkce_lesniho_ekosystemu.jpg\" alt=\"\" width=\"490\" height=\"368\" srcset=\"https:\/\/rumex.mendelu.cz\/oryx\/les_jako_ekosystem\/wp-content\/uploads\/2018\/05\/funkce_lesniho_ekosystemu.jpg 490w, https:\/\/rumex.mendelu.cz\/oryx\/les_jako_ekosystem\/wp-content\/uploads\/2018\/05\/funkce_lesniho_ekosystemu-300x225.jpg 300w, https:\/\/rumex.mendelu.cz\/oryx\/les_jako_ekosystem\/wp-content\/uploads\/2018\/05\/funkce_lesniho_ekosystemu-200x150.jpg 200w\" sizes=\"(max-width: 490px) 100vw, 490px\" \/><p id=\"caption-attachment-57\" class=\"wp-caption-text\">OLYMPUS DIGITAL CAMERA<\/p><\/div>\n<ul>\n<li>&#8211; producenty = autotrofn\u00ed organismy (tvo\u0159\u00ed organick\u00e9 l\u00e1tky z l\u00e1tek anorganick\u00fdch v procesech fotosynt\u00e9zy zelen\u00fdch rostlin) + cyanobakt\u00e9rie, chemoautotrofn\u00ed organismy; vytv\u00e1\u0159ej\u00ed prim\u00e1rn\u00ed produkci<\/li>\n<li>&#8211; konzumenty = heterotrofn\u00ed organizmy (nejsou schopni fotosynt\u00e9zy = \u017eivo\u010dichov\u00e9, nezelen\u00e9 rostliny, houby, saprofytick\u00e9 a parazitick\u00e9 rostliny, prokaryota)<\/li>\n<li>konzumenti I. \u0159\u00e1du &#8211; b\u00fdlo\u017eravci (herbivo\u0159i)<\/li>\n<\/ul>\n<p><img loading=\"lazy\" class=\"aligncenter wp-image-62 size-full\" src=\"http:\/\/helix.mendelu.cz\/oryx\/les_jako_ekosystem\/wp-content\/uploads\/2018\/05\/funkce_danek_konzumenti1_radu.jpg\" alt=\"\" width=\"490\" height=\"368\" srcset=\"https:\/\/rumex.mendelu.cz\/oryx\/les_jako_ekosystem\/wp-content\/uploads\/2018\/05\/funkce_danek_konzumenti1_radu.jpg 490w, https:\/\/rumex.mendelu.cz\/oryx\/les_jako_ekosystem\/wp-content\/uploads\/2018\/05\/funkce_danek_konzumenti1_radu-300x225.jpg 300w, https:\/\/rumex.mendelu.cz\/oryx\/les_jako_ekosystem\/wp-content\/uploads\/2018\/05\/funkce_danek_konzumenti1_radu-200x150.jpg 200w\" sizes=\"(max-width: 490px) 100vw, 490px\" \/><\/p>\n<ul>\n<li>konzumenti II. \u0159\u00e1du \u2013 maso\u017eravci (karnivo\u0159i), v\u0161e\u017eravci (omnivo\u0159i)\u2026<\/li>\n<li>&#8211; destruenty (reducenty) = rozklada\u010di (dekompozito\u0159i) = heterotrofn\u00ed mikrokonzumenti, \u017eiv\u00ed se mrtvou organickou hmotou v r\u016fzn\u00e9m stupni rozkladu (bakterie, pl\u00edsn\u011b; jejich p\u016fsoben\u00edm organick\u00e9 l\u00e1tky postupn\u011b p\u0159ech\u00e1zej\u00ed na anorganick\u00e9).<\/li>\n<\/ul>\n<p>kte\u0159\u00ed v re\u00e1ln\u00fdch podm\u00ednk\u00e1ch vytv\u00e1\u0159ej\u00ed potravn\u00ed \u0159et\u011bzce nebo p\u0159i komplikovan\u011bj\u0161\u00edch syst\u00e9mech \u010dast\u011bji potravn\u00ed s\u00edt\u011b.<\/p>\n","protected":false},"excerpt":{"rendered":"<p>Funkce lesn\u00edho ekosyst\u00e9mu = tok l\u00e1tek, energi\u00ed a informac\u00ed &#8211; souvis\u00ed s obnovou jednotliv\u00fdch slo\u017eek jednotliv\u00fdch_slo\u017eek lesn\u00edho ekosyst\u00e9mu, vytv\u00e1\u0159en\u00edm organick\u00e9 hmoty, kolob\u011bhem l\u00e1tek a s toky energie v n\u011bmrozli\u0161ujeme: &#8211; abioticky podm\u00edn\u011bn\u00e9 vstupy a v\u00fdstupy (sr\u00e1\u017eky, spady, p\u016fdn\u00ed odtok, eroze)- podle pod\u00edlu na energetick\u00fdch a l\u00e1tkov\u00fdch vazb\u00e1ch v ekosyst\u00e9mech: &#8211; producenty = autotrofn\u00ed organismy (tvo\u0159\u00ed [&hellip;]<\/p>\n","protected":false},"author":1,"featured_media":0,"parent":7,"menu_order":0,"comment_status":"closed","ping_status":"closed","template":"","meta":[],"_links":{"self":[{"href":"https:\/\/rumex.mendelu.cz\/oryx\/les_jako_ekosystem\/index.php\/wp-json\/wp\/v2\/pages\/20"}],"collection":[{"href":"https:\/\/rumex.mendelu.cz\/oryx\/les_jako_ekosystem\/index.php\/wp-json\/wp\/v2\/pages"}],"about":[{"href":"https:\/\/rumex.mendelu.cz\/oryx\/les_jako_ekosystem\/index.php\/wp-json\/wp\/v2\/types\/page"}],"author":[{"embeddable":true,"href":"https:\/\/rumex.mendelu.cz\/oryx\/les_jako_ekosystem\/index.php\/wp-json\/wp\/v2\/users\/1"}],"replies":[{"embeddable":true,"href":"https:\/\/rumex.mendelu.cz\/oryx\/les_jako_ekosystem\/index.php\/wp-json\/wp\/v2\/comments?post=20"}],"version-history":[{"count":5,"href":"https:\/\/rumex.mendelu.cz\/oryx\/les_jako_ekosystem\/index.php\/wp-json\/wp\/v2\/pages\/20\/revisions"}],"predecessor-version":[{"id":65,"href":"https:\/\/rumex.mendelu.cz\/oryx\/les_jako_ekosystem\/index.php\/wp-json\/wp\/v2\/pages\/20\/revisions\/65"}],"up":[{"embeddable":true,"href":"https:\/\/rumex.mendelu.cz\/oryx\/les_jako_ekosystem\/index.php\/wp-json\/wp\/v2\/pages\/7"}],"wp:attachment":[{"href":"https:\/\/rumex.mendelu.cz\/oryx\/les_jako_ekosystem\/index.php\/wp-json\/wp\/v2\/media?parent=20"}],"curies":[{"name":"wp","href":"https:\/\/api.w.org\/{rel}","templated":true}]}}