{"id":18,"date":"2018-05-04T11:18:47","date_gmt":"2018-05-04T09:18:47","guid":{"rendered":"http:\/\/helix.mendelu.cz\/oryx\/les_jako_ekosystem\/?page_id=18"},"modified":"2018-05-04T11:24:59","modified_gmt":"2018-05-04T09:24:59","slug":"struktura","status":"publish","type":"page","link":"https:\/\/rumex.mendelu.cz\/oryx\/les_jako_ekosystem\/index.php\/les-jako-ekosystem\/struktura\/","title":{"rendered":"Struktura"},"content":{"rendered":"<h1>Struktura ekosyst\u00e9mu<\/h1>\n<p>= prostorov\u00e9 uspo\u0159\u00e1d\u00e1n\u00ed slo\u017eek a funkc\u00ed ekosyst\u00e9mu (tok energi\u00ed, l\u00e1tek a informac\u00ed ) &#8211; je d\u00e1na jeho slo\u017een\u00edm &#8211; p\u0159edstavuje souhrn znak\u016f, kter\u00e9 lze v dan\u00e9m \u010dasov\u00e9m \u00faseku pozorovat 1. horizont\u00e1ln\u00ed (jedn\u00e1 se o vyli\u0161en\u00ed a popis \u010d\u00e1st\u00ed lesa (souboru porost\u016f, ekosyst\u00e9m\u016f) s v\u00fdrazn\u011b odli\u0161n\u00fdm vzhledem 2. vertik\u00e1ln\u00ed (jednotliv\u00e9 d\u00edl\u010d\u00ed ekosyst\u00e9my s relativn\u011b homogenn\u00ed skladbou)<br \/>\nZ pohledu struktury lesn\u00edho ekosyst\u00e9mu lze vyli\u0161it slo\u017eku:<br \/>\n&#8211; nadzemn\u00ed \u010d\u00e1sti vegetace \u2013 d\u0159evinnou (stromovou, ke\u0159ovou) a bylinnou<br \/>\n&#8211; podzemn\u00ed \u010d\u00e1sti vegetace \u2013 d\u0159evinnou (stromovou, ke\u0159ovou) a bylinnou<br \/>\n&#8211; nadlo\u017en\u00edho humusu<br \/>\n&#8211; vzdu\u0161n\u00e9ho prost\u0159ed\u00ed<br \/>\n&#8211; p\u016fdy<br \/>\n&#8211; \u017eivo\u010di\u0161nou<\/p>\n<h2>Druhov\u00e1 struktura<\/h2>\n<p>&#8211; aspekt diverzity, biodiverzity biodiverzita, hledisko druhov\u00e9, i hledisko genetick\u00e9 (tedy slo\u017een\u00ed populac\u00ed a zastoupen\u00ed provenienc\u00ed a klon\u016f)<br \/>\n&#8211; rozezn\u00e1v\u00e1me p\u016fvodn\u00ed (autochtonn\u00ed) a nep\u016fvodn\u00ed (alochtonn\u00ed) druhy a populace (ty mohou b\u00fdt z nap\u0159. z pohledu ochran\u00e1\u0159sk\u00e9ho, p\u011bstebn\u00edho apod. stanovi\u0161tn\u011b vhodn\u00e9 nebo nevhodn\u00e9<\/p>\n<p><img loading=\"lazy\" class=\"aligncenter wp-image-34 size-full\" src=\"http:\/\/helix.mendelu.cz\/oryx\/les_jako_ekosystem\/wp-content\/uploads\/2018\/05\/druhova_struktura.jpg\" alt=\"\" width=\"490\" height=\"368\" srcset=\"https:\/\/rumex.mendelu.cz\/oryx\/les_jako_ekosystem\/wp-content\/uploads\/2018\/05\/druhova_struktura.jpg 490w, https:\/\/rumex.mendelu.cz\/oryx\/les_jako_ekosystem\/wp-content\/uploads\/2018\/05\/druhova_struktura-300x225.jpg 300w, https:\/\/rumex.mendelu.cz\/oryx\/les_jako_ekosystem\/wp-content\/uploads\/2018\/05\/druhova_struktura-200x150.jpg 200w\" sizes=\"(max-width: 490px) 100vw, 490px\" \/><\/p>\n<h2>Biodiverzita<\/h2>\n<p>= r\u016fznorodost v\u0161ech \u017eij\u00edc\u00edch organizm\u016f, suchozemsk\u00fdch, mo\u0159sk\u00fdch a sladkovodn\u00edch ekosyst\u00e9m\u016f i ekologick\u00fdch syst\u00e9m\u016f, jejich\u017e jsou sou\u010d\u00e1st\u00ed.<br \/>\n&#8211; druhov\u00e1 = rozmanitost \u017eij\u00edc\u00edch organizm\u016f na zemi<br \/>\n&#8211; genetick\u00e1 = sou\u010det celkov\u00e9 genetick\u00e9 informace obsa\u017een\u00e9 v genech jedinc\u016f rostlin, \u017eivo\u010dich\u016f a mikroorganizm\u016f, kter\u00e9 ob\u00fdvaj\u00ed zemi<br \/>\n&#8211; ekosyst\u00e9mov\u00e1 = rozmanitost biotop\u016f a na n\u011b v\u00e1zan\u00fdch spole\u010denstev \u017eiv\u00fdch organizm\u016f v biosf\u00e9\u0159e.<br \/>\n&#8211; je v\u00fdznamn\u011b redukov\u00e1na ur\u010dit\u00fdmi lidsk\u00fdmi \u010dinnostmi (r\u016fznorodost druh\u016f, v\u010detn\u011b diverzity jejich genetick\u00fdch informac\u00ed, spole\u010denstev a ekosyst\u00e9m\u016f, je t\u0159eba chr\u00e1nit p\u0159edev\u0161\u00edm na \u00fazem\u00edch, kde se p\u0159irozen\u011b vyv\u00edjela a zachovala (in situ). Tam, kde prost\u0159ed\u00ed nesk\u00fdt\u00e1 do\u010dasn\u00e9 nebo trval\u00e9 podm\u00ednky pro udr\u017een\u00ed biodiverzity, je t\u0159eba chr\u00e1nit a udr\u017eovat r\u016fznorodost rostlin, \u017eivo\u010dich\u016f, mikroorganizm\u016f a jejich genetick\u00fdch informac\u00ed v lokalit\u00e1ch a za\u0159\u00edzen\u00edch ekologicky vhodn\u00fdch (ex situ). Ty slou\u017e\u00ed k zachov\u00e1n\u00ed \u017eivotaschopn\u00fdch populac\u00ed pro znovuzaveden\u00ed na jejich n\u011bkdej\u0161\u00ed p\u0159irozen\u00e1 stanovi\u0161t\u011b.<br \/>\np\u0159\u00edklad<\/p>\n<h2>Druhov\u00e9 bohatstv\u00ed spole\u010denstev:<\/h2>\n<p>= po\u010det druh\u016f, kter\u00e9 se v dan\u00e9m m\u00edst\u011b vyskytuje<br \/>\n&#8211; souvis\u00ed s mnoha faktory r\u016fzn\u00e9ho typu:<br \/>\n&#8211; geografick\u00e9: zem\u011bpisn\u00e1 \u0161\u00ed\u0159ka, nadmo\u0159sk\u00e1 v\u00fd\u0161ka (pop\u0159. hloubka ve vodn\u00edch prost\u0159ed\u00edch)<br \/>\n&#8211; fyzik\u00e1ln\u00ed a chemick\u00e9: \u010dasto zast\u00edraj\u00ed nebo ru\u0161\u00ed vztahy mezi druhov\u00fdm bohatstv\u00edm a dal\u0161\u00edmi faktory<br \/>\n&#8211; prim\u00e1rn\u00ed: produktivita prost\u0159ed\u00ed, prom\u011bnlivost podneb\u00ed, pravd\u011bpodobn\u00e9 st\u00e1\u0159\u00ed a tvrdost prost\u0159ed\u00ed<br \/>\n&#8211; sekund\u00e1rn\u00ed (vznikaj\u00ed v d\u016fsledku vn\u011bj\u0161\u00edch, tj. mimo spole\u010denstvo existuj\u00edc\u00edch vliv\u016f): jsou vlastn\u011b biologick\u00fdmi vlastnostmi spole\u010denstva, ale sou\u010dasn\u011b tak\u00e9 v\u00fdrazn\u011b ovliv\u0148uj\u00ed strukturu vlastn\u00edho spole\u010denstva. Nejv\u00fdznamn\u011bj\u0161\u00ed z nich jsou: rozsah predace ve spole\u010denstvu, rozsah konkurence, prostorov\u00e1 nebo struktur\u00e1ln\u00ed heterogenita vytv\u00e1\u0159en\u00e1 samotn\u00fdmi organizmy a sukcesn\u00ed* stav spole\u010denstva<\/p>\n<p><img loading=\"lazy\" class=\"aligncenter wp-image-38 size-full\" src=\"http:\/\/helix.mendelu.cz\/oryx\/les_jako_ekosystem\/wp-content\/uploads\/2018\/05\/mysice_lesni.jpg\" alt=\"\" width=\"490\" height=\"336\" srcset=\"https:\/\/rumex.mendelu.cz\/oryx\/les_jako_ekosystem\/wp-content\/uploads\/2018\/05\/mysice_lesni.jpg 490w, https:\/\/rumex.mendelu.cz\/oryx\/les_jako_ekosystem\/wp-content\/uploads\/2018\/05\/mysice_lesni-300x206.jpg 300w, https:\/\/rumex.mendelu.cz\/oryx\/les_jako_ekosystem\/wp-content\/uploads\/2018\/05\/mysice_lesni-200x137.jpg 200w\" sizes=\"(max-width: 490px) 100vw, 490px\" \/><\/p>\n<h2>Produktivita vs. diverzita<\/h2>\n<p>&#8211; u rostlin m\u016f\u017ee produktivita prost\u0159ed\u00ed z\u00e1viset na kter\u00e9mkoli zdroji nebo podm\u00ednce, nejv\u00edce omezuj\u00edc\u00edch jejich r\u016fst (v z\u00e1vislosti na r\u016fstu intenzity slune\u010dn\u00edho z\u00e1\u0159en\u00ed, pr\u016fm\u011brn\u00e9 teploty a d\u00e9lce vegeta\u010dn\u00ed sez\u00f3ny prim\u00e1rn\u00ed produktivita obecn\u011b stoup\u00e1 od p\u00f3l\u016f k tropick\u00fdm oblastem; v suchozemsk\u00fdch prost\u0159ed\u00edch produktivita obecn\u011b kles\u00e1 s rostouc\u00ed nadmo\u0159skou v\u00fd\u0161kou, n\u00e1padn\u00e9 sn\u00ed\u017een\u00ed produktivity nast\u00e1v\u00e1 tak\u00e9 p\u0159i zv\u00fd\u0161en\u00e9 aridit\u011b prost\u0159ed\u00ed apod.)<br \/>\n&#8211; produktivita v\u0161ak t\u00e9m\u011b\u0159 v\u017edy stoup\u00e1 s rostouc\u00edm mno\u017estv\u00edm dostupn\u00fdch z\u00e1kladn\u00edch \u017eivin, jak\u00fdmi jsou dus\u00edk, fosfor, a drasl\u00edk<br \/>\n&#8211; produktivita prost\u0159ed\u00ed pro \u017eivo\u010dichy podl\u00e9h\u00e1 v hrub\u00fdch rysech stejn\u00fdm z\u00e1kon\u016fm (ovliv\u0148uj\u00ed ji jak zm\u011bny mno\u017estv\u00ed zdroj\u016f v z\u00e1klad\u011b potravn\u00edho \u0159et\u011bzce, tak i zm\u011bny teploty a ostatn\u00edch podm\u00ednek)<\/p>\n<p>Pokud r\u016fst produktivity vede k v\u011bt\u0161\u00edmu rozsahu dostupn\u00fdch zdroj\u016f, pak tak\u00e9 pravd\u011bpodobn\u011b vede k v\u011bt\u0161\u00ed druhov\u00e9 bohatosti. Ale produktivn\u011bj\u0161\u00ed prost\u0159ed\u00ed m\u016f\u017ee sice obsahovat v\u011bt\u0161\u00ed mno\u017estv\u00ed nebo p\u0159\u00edsun zdroj\u016f, ale rozmanitost zdroj\u016f to nemus\u00ed ovlivnit. V d\u016fsledku toho se v oblasti m\u016f\u017ee vyskytovat v\u00edce jedinc\u016f jednotliv\u00fdch druh\u016f, ale nikoli v\u011bt\u0161\u00ed po\u010det druh\u016f. Na druh\u00e9 stran\u011b je mo\u017en\u00e9 (a to dokonce i tehdy, nezv\u00fd\u0161\u00ed-li se celkov\u00e1 rozmanitost druh\u016f), \u017ee vz\u00e1cn\u00e9 zdroje nebo m\u00e1lo produktivn\u00ed segmenty zdrojov\u00e9ho spektra, kter\u00e9 nesta\u010d\u00ed u\u017eivit druhy v neproduktivn\u00edm prost\u0159ed\u00edch, mohou b\u00fdt v produktivn\u00edch prost\u0159ed\u00edch dostate\u010dn\u011b hojn\u00e9, aby u\u017eivily i dal\u0161\u00ed druhy. Obecn\u011b tedy m\u016f\u017eeme o\u010dek\u00e1vat, \u017ee se druhov\u00e9 bohatstv\u00ed zvy\u0161uje s rostouc\u00ed produktivitou. Daleko obt\u00ed\u017en\u011bji lze objasnit pokles druhov\u00e9ho bohatstv\u00ed, spojen\u00fd s dal\u0161\u00edm r\u016fstem produktivity. Jednou z p\u0159\u00ed\u010din tohoto jevu m\u016f\u017ee b\u00fdt skute\u010dnost, \u017ee vy\u0161\u0161\u00ed produktivita vede k vysok\u00fdm rychlostem r\u016fstu populace a tak se rychle dovr\u0161\u00ed mo\u017en\u00e9 vylu\u010dov\u00e1n\u00ed konkuren\u010dn\u00edch druh\u016f. P\u0159i ni\u017e\u0161\u00ed produktivit\u011b se mohlo prost\u0159ed\u00ed sn\u00e1ze zm\u011bnit d\u0159\u00edve, ne\u017e do\u0161lo ke konkuren\u010dn\u00edmu vylou\u010den\u00ed. Druh\u00fdm d\u016fvodem m\u016f\u017ee b\u00fdt, \u017ee se soub\u011b\u017en\u011b s produktivitou m\u011bn\u00ed i n\u011bkter\u00e9 dal\u0161\u00ed faktory a ty (nikoli produktivitu sama) kauz\u00e1ln\u011b ovliv\u0148uj\u00ed druhov\u00e9 bohatstv\u00ed.<\/p>\n<h2>Funk\u010dn\u00ed struktura<\/h2>\n<p>&#8211; dan\u00e1 pod\u00edlem a zastoupen\u00edm slo\u017eek prost\u0159ed\u00ed, kter\u00fdmi jsou:<br \/>\n&#8211; geosf\u00e9ra<br \/>\n&#8211; pedosf\u00e9ra<br \/>\n&#8211; hydrosf\u00e9ra<br \/>\n&#8211; atmosf\u00e9ra<br \/>\n&#8211; abiotick\u00e1 slo\u017eka<br \/>\n&#8211; biotick\u00e1 slo\u017eka<\/p>\n<p>Mezi jednotliv\u00fdmi slo\u017ekami prost\u0159ed\u00ed prob\u00edh\u00e1 tok energi\u00ed tok_energi\u00eda v\u00fdm\u011bna l\u00e1tek, kter\u00e1 m\u00e1 z dlouhodob\u00e9ho hlediska pom\u011brn\u011b vyrovnan\u00fd (stabiln\u00ed \u010di cyklick\u00fd) charakter.<\/p>\n<p>Zdrojem ve\u0161ker\u00e9 energie na Zemi je Slunce. Energii slune\u010dn\u00edho z\u00e1\u0159en\u00ed mohou p\u0159ij\u00edmat pouze zelen\u00e9 rostliny, kter\u00e9 ji fixuj\u00ed do rostlinn\u00e9 biomasy. Ta je zdrojem energie pro v\u0161echny n\u00e1sledn\u00e9 trofick\u00e9 \u00farovn\u011b konzument\u016f. P\u0159i ka\u017ed\u00e9m p\u0159enosu mezi \u010dl\u00e1nky potravn\u00edch \u0159et\u011bzc\u016f unik\u00e1 zna\u010dn\u00e1 \u010d\u00e1st energie ve form\u011b tepla (respira\u010dn\u00ed ztr\u00e1ty). Posledn\u00ed zbytky energie, fixovan\u00e9 p\u016fvodn\u011b zelen\u00fdmi rostlinami, unikaj\u00ed v dekompozi\u010dn\u00edm \u0159et\u011bzci* p\u0159i humifikaci a kone\u010dn\u00e9 mineralizaci odum\u0159el\u00fdch organick\u00fdch materi\u00e1lu. T\u00edm se ve\u0161ker\u00e1 energie, fixovan\u00e1 rostlinami, vrac\u00ed zp\u011bt do vesm\u00edru. Pr\u016ftok energie trofick\u00fdmi \u0159et\u011bzci, ekosyst\u00e9my i celou biosf\u00e9rou je jednosm\u011brn\u00fd.<\/p>\n<p>Dal\u0161\u00ed toky energi\u00ed, kolob\u011bh l\u00e1tek a reprodukce se t\u00fdkaj\u00ed jednotliv\u00fdch spole\u010denstev, druh\u016f, populac\u00ed i jedinc\u016f ekosyst\u00e9mu. Z tohoto hlediska lze rozli\u0161it:<br \/>\n&#8211; producenty = autotrofn\u00ed organismy (tvo\u0159\u00ed organick\u00e9 l\u00e1tky z l\u00e1tek anorganick\u00fdch v procesech fotosynt\u00e9zy zelen\u00fdch rostlin), vytv\u00e1\u0159ej\u00ed prim\u00e1rn\u00ed produkci<br \/>\n&#8211; konzumenty = heterotrofn\u00ed organizmy (nejsou schopni fotosynt\u00e9zy = \u017eivo\u010dichov\u00e9, nezelen\u00e9 rostliny, houby\u2026)<br \/>\nkonzumenti I. \u0159\u00e1du &#8211; b\u00fdlo\u017eravci (herbivo\u0159i)<br \/>\nkonzumenti II. \u0159\u00e1du \u2013 maso\u017eravci (karnivo\u0159i), v\u0161e\u017eravci (omnivo\u0159i)\u2026<br \/>\n&#8211; destruenty (reducenty) = rozklada\u010di (dekompozito\u0159i) = heterotrofn\u00ed mikrokonzumenti, \u017eiv\u00ed se mrtvou organickou hmotou v r\u016fzn\u00e9m stupni rozkladu (bakterie, pl\u00edsn\u011b\u2026 jejich p\u016fsoben\u00edm organick\u00e9 l\u00e1tky postupn\u011b p\u0159ech\u00e1zej\u00ed na anorganick\u00e9).<\/p>\n<p>Tyto skupiny organizm\u016f vytv\u00e1\u0159ej\u00ed v re\u00e1ln\u00fdch podm\u00ednk\u00e1ch potravn\u00ed (trofick\u00e9) \u0159et\u011bzce a p\u0159i komplikovan\u011bj\u0161\u00edch syst\u00e9mech \u010dast\u011bji potravn\u00ed s\u00edt\u011b a ur\u010duj\u00ed rozhoduj\u00edc\u00edm zp\u016fsobem toky l\u00e1tek a energi\u00ed i jejich zm\u011bny v \u010dase.<\/p>\n<h2>Potravn\u00ed (trofick\u00e9) \u0159et\u011bzce<\/h2>\n<p>= p\u0159enos l\u00e1tek v potrav\u011b od zelen\u00fdch rostlin (prim\u00e1rn\u00edch producent\u016f) ke konzument\u016fm, kte\u0159\u00ed tvo\u0159\u00ed s\u00e9rii \u017eivo\u010dich\u016f postupn\u011b konzumovan\u00fdch. Obvykle je v potravn\u00edm \u0159et\u011bzci 4-5 \u010dl\u00e1nk\u016f (p\u0159i ka\u017ed\u00e9m p\u0159enosu potravy a jej\u00ed transformaci z jednoho konzumenta na druh\u00fd se \u010d\u00e1st potenci\u00e1ln\u00ed energie ztr\u00e1c\u00ed (nejv\u011bt\u0161\u00ed \u010d\u00e1st asimilovan\u00e9 energie se ztr\u00e1c\u00ed d\u00fdch\u00e1n\u00edm); na jednotliv\u00fdch trofick\u00fdch \u00farovn\u00edch se proto mno\u017estv\u00ed biomasy a v n\u00ed v\u00e1zan\u00e9 energie zmen\u0161uje, tak\u017ee velikost potravn\u00ed z\u00e1kladny pro n\u00e1sleduj\u00edc\u00ed trofick\u00fd stupe\u0148 se sni\u017euje; proto je po\u010det \u010dl\u00e1nk\u016f v trofick\u00e9m \u0159et\u011bzci omezen), kdy za sebou n\u00e1sleduj\u00ed v\u017edy v\u011bt\u0161\u00ed a v\u011bt\u0161\u00ed pred\u00e1to\u0159i, v jin\u00fdch zase men\u0161\u00ed a men\u0161\u00ed paraziti<\/p>\n<h2>\u010cl\u00e1nky trofick\u00e9ho \u0159et\u011bzce:<\/h2>\n<p>1. autotrofn\u00ed rostliny (producenti P),<br \/>\n2. fytof\u00e1gov\u00e9 (konzumenti K1),<br \/>\n3. zoof\u00e1gov\u00e9 po\u017e\u00edraj\u00edc\u00ed fytof\u00e1gy (K2),<br \/>\n4. zoof\u00e1gov\u00e9 po\u017e\u00edraj\u00edc\u00ed pop\u0159. jin\u00e9 zoof\u00e1gy (K3),<br \/>\n5. vrcholov\u00ed pred\u00e1to\u0159i (K4)<br \/>\n&#8211; kone\u010dn\u00fdm \u010dl\u00e1nkem, i kdy\u017e ne v\u017edy vrcholov\u00fdm, je \u010dasto \u010dlov\u011bk<\/p>\n<h2>Potravn\u00ed stupe\u0148 (trofick\u00e1 \u00farove\u0148)<\/h2>\n<p>= organizmy, kter\u00e9 z\u00edsk\u00e1vaj\u00edc\u00ed potravu ze stejn\u00e9 trofick\u00e9 kategorie (\u010dl\u00e1nku potravn\u00edho \u0159et\u011bzce) p\u0159edstavuj\u00ed stejnou trofickou \u00farove\u0148<\/p>\n<p>Potravn\u00ed s\u00edt\u011b = jednotliv\u00e9 potravn\u00ed \u0159et\u011bzce spolu vz\u00e1jemn\u011b souvisej\u00ed, n\u011bkter\u00fd organismus m\u016f\u017ee b\u00fdt \u010dl\u00e1nkem r\u016fzn\u00fdch potravn\u00edch \u0159et\u011bzc\u016f a tak se vytv\u00e1\u0159ej\u00ed slo\u017eit\u00e9 potravn\u00ed s\u00edt\u011b<\/p>\n<p>Rozli\u0161ujeme 3 z\u00e1kladn\u00ed potravn\u00ed \u0159et\u011bzce:<\/p>\n<h2>Pastevn\u011b ko\u0159istnick\u00fd \u0159et\u011bzec<\/h2>\n<p>producenti \u2013 prim\u00e1rn\u00ed konzumenti (b\u00fdlo\u017eravci) \u2013 sekund\u00e1rn\u00ed konzumenti (maso\u017eravci, zoof\u00e1gn\u00ed pred\u00e1to\u0159i) \u2013 terci\u00e1ln\u00ed konzumenti (pred\u00e1tor maso\u017eravc\u016f)<\/p>\n<p>&#8211; velikost t\u011bla organism\u016f se v jednotliv\u00fdch trofick\u00fdch \u00farovn\u00edch tohoto \u0159et\u011bzce zv\u011bt\u0161uje<br \/>\n&#8211; popula\u010dn\u00ed hustota kles\u00e1<br \/>\nP\u0159.: jetel lu\u010dn\u00ed \u2013 hrabo\u0161 poln\u00ed \u2013 lasice kol\u010dava \u2013 v\u00fdr velk\u00fd<br \/>\nobvykle 3-5 \u010dl\u00e1nk\u016f<\/p>\n<p><img loading=\"lazy\" class=\"aligncenter wp-image-44 size-full\" src=\"http:\/\/helix.mendelu.cz\/oryx\/les_jako_ekosystem\/wp-content\/uploads\/2018\/05\/pastevne_koristnicky_retezec.jpg\" alt=\"\" width=\"490\" height=\"331\" srcset=\"https:\/\/rumex.mendelu.cz\/oryx\/les_jako_ekosystem\/wp-content\/uploads\/2018\/05\/pastevne_koristnicky_retezec.jpg 490w, https:\/\/rumex.mendelu.cz\/oryx\/les_jako_ekosystem\/wp-content\/uploads\/2018\/05\/pastevne_koristnicky_retezec-300x203.jpg 300w, https:\/\/rumex.mendelu.cz\/oryx\/les_jako_ekosystem\/wp-content\/uploads\/2018\/05\/pastevne_koristnicky_retezec-200x135.jpg 200w\" sizes=\"(max-width: 490px) 100vw, 490px\" \/><\/p>\n<h2>Parazitick\u00fd \u0159et\u011bzec<\/h2>\n<p>hostitel (je zdrojem potravy) \u2013 parazit \u2013 a pop\u0159. je\u0161t\u011b jeho parazit, tj. hyperparazit<\/p>\n<p>&#8211; velikost t\u011bla organism\u016f se v jednotliv\u00fdch trofick\u00fdch \u00farovn\u00edch tohoto \u0159et\u011bzce zmen\u0161uje<br \/>\n&#8211; popula\u010dn\u00ed hustota vzr\u016fst\u00e1<br \/>\nP\u0159.: \u010dlov\u011bk \u2013 Anopheles \u2013 Plasmodium malariae<br \/>\nkr\u00e1tk\u00fd, 2-3 \u010dl\u00e1nk\u016f<\/p>\n<h2>Dekompozi\u010dn\u00ed (detritov\u00fd) \u0159et\u011bzec<\/h2>\n<p>odum\u0159el\u00e1 rostlinn\u00e1 a \u017eivo\u010di\u0161n\u00e1 hmota \u2013 nekrof\u00e1gov\u00e9 (hmyz, drobn\u00ed kor\u00fd\u0161i) a saprof\u00e1gov\u00e9 (kte\u0159\u00ed mrtvou hmotu naru\u0161uj\u00ed a urychluj\u00ed tak proces rozkladu a kone\u010dn\u00e9 mineralizace) \u2013 houby (humus \u2013 mineralizace a\u017e na jednoduch\u00e9 anorganick\u00e9 slou\u010deniny)<\/p>\n<p>&#8211; velikost t\u011bla dekompozitor\u016f se v jednotliv\u00fdch trofick\u00fdch \u00farovn\u00edch zmen\u0161uje<br \/>\n&#8211; popula\u010dn\u00ed hustota roste<br \/>\nnejv\u00edce energie obsa\u017een\u00e9 v ekosyst\u00e9mu (cca 80-90%) prot\u00e9k\u00e1 pr\u00e1v\u011b v dekompozi\u010dn\u00edch procesech<br \/>\nrychlost dekompozice rozhoduje o rychlosti prim\u00e1rn\u00ed produkce<\/p>\n<h2>Ekologick\u00e9 pyramidy<\/h2>\n<p>&#8211; slou\u017e\u00ed ke grafick\u00e9mu zn\u00e1zorn\u011bn\u00ed kvantitativn\u00edho vyhodnocen\u00ed jednotliv\u00fdch \u010dl\u00e1nk\u016f potravn\u00edho \u0159et\u011bzce nebo cel\u00e9 potravn\u00ed \u00farovn\u011b<br \/>\n&#8211; zn\u00e1zor\u0148uj\u00ed jednotliv\u00e9 trofick\u00e9 \u00farovn\u011b, ty jsou navrstveny nad sebou v tom po\u0159ad\u00ed, jak po sob\u011b n\u00e1sleduj\u00ed v potravn\u00edch \u0159et\u011bzc\u00edch \u2013 z\u00e1kladnu tvo\u0159\u00ed producenti a nad nimi jsou \u00farovn\u011b konzument\u016f<br \/>\n&#8211; mezi jednotliv\u00fdmi \u00farovn\u011bmi plat\u00ed tyto souvislosti: z 1. trofick\u00e9 \u00farovn\u011b m\u016f\u017ee b\u00fdt prim\u00e1rn\u00edmi konzumenty vyu\u017eito 10 &#8211; 20%, konzumenty 2. \u0159\u00e1du op\u011bt 10 &#8211; 20% atd.<br \/>\n&#8211; mohou b\u00fdt troj\u00edho typu<\/p>\n<p><img loading=\"lazy\" class=\"aligncenter wp-image-45 size-full\" src=\"http:\/\/helix.mendelu.cz\/oryx\/les_jako_ekosystem\/wp-content\/uploads\/2018\/05\/ekologicka_pyramida.jpg\" alt=\"\" width=\"490\" height=\"371\" srcset=\"https:\/\/rumex.mendelu.cz\/oryx\/les_jako_ekosystem\/wp-content\/uploads\/2018\/05\/ekologicka_pyramida.jpg 490w, https:\/\/rumex.mendelu.cz\/oryx\/les_jako_ekosystem\/wp-content\/uploads\/2018\/05\/ekologicka_pyramida-300x227.jpg 300w, https:\/\/rumex.mendelu.cz\/oryx\/les_jako_ekosystem\/wp-content\/uploads\/2018\/05\/ekologicka_pyramida-200x151.jpg 200w\" sizes=\"(max-width: 490px) 100vw, 490px\" \/><\/p>\n<h2>Typy ekologick\u00fdch pyramid:<\/h2>\n<h3>Pyramida po\u010detnosti<\/h3>\n<p>&#8211; trofick\u00e9 \u00farovn\u011b (resp. \u010dl\u00e1nky potravn\u00edho \u0159et\u011bzce) jsou vyj\u00e1d\u0159eny popula\u010dn\u00ed hustotou (po\u010detnost\u00ed jedinc\u016f)<br \/>\n&#8211; \u010d\u00edm v\u011bt\u0161\u00ed je po\u010det trofick\u00fdch \u00farovn\u00ed, t\u00edm strm\u011bj\u0161\u00ed je pyramida (vojt\u011b\u0161ka 4ha, telata 4ks, 1 \u010dlov\u011bk 12let\u00fd); s rostouc\u00ed \u00farovn\u00ed v pastevn\u011b ko\u0159istnick\u00e9m \u0159et\u011bzci kles\u00e1 po\u010det a roste velikost individu\u00ed (opa\u010dn\u00e1 tendence je patrn\u00e1 u jin\u00fdch typ\u016f \u0159et\u011bzc\u016f)<br \/>\n&#8211; je nejm\u00e9n\u011b instruktivn\u00ed, nen\u00ed mo\u017eno uv\u00e9st energetick\u00e9 vztahy, nadhodnocuje v\u00fdznam a funkci mal\u00fdch, ale po\u010detn\u00fdch druh\u016f<\/p>\n<h3>Pyramida biomasy<\/h3>\n<p>&#8211; trofick\u00e9 \u010dl\u00e1nky jsou vyj\u00e1d\u0159eny v biomase (hmotnosti), kter\u00e1 se moment\u00e1ln\u011b nach\u00e1z\u00ed na jednotce plochy<br \/>\n&#8211; l\u00e9pe vystihuje trofickou strukturu, je to v\u0161ak statick\u00e9 vyj\u00e1d\u0159en\u00ed, kter\u00e9 ukazuje pouze okam\u017eit\u00fd nebo pr\u016fm\u011brn\u00fd stav<br \/>\n&#8211; nadhodnocuje v\u00fdznam a funkci velk\u00fdch organizm\u016f.<\/p>\n<h3>Pyramida energie (produkce)<\/h3>\n<p>&#8211; trofick\u00e9 \u00farovn\u011b jsou vyj\u00e1d\u0159eny velikost\u00ed jejich produkce \u2013 mno\u017estv\u00edm energie (na jednotku plochy nebo objemu za jednotku \u010dasu)<br \/>\n&#8211; je v\u017edy spr\u00e1vn\u011b orientov\u00e1na, z\u00e1kladnou dol\u016f a vrcholem nahoru<br \/>\n&#8211; dynamicky zn\u00e1zor\u0148uje pr\u016fchod potravy trofick\u00fdm \u0159et\u011bzcem, zohled\u0148uje \u010dasov\u00e9 hledisko, dovoluje srovn\u00e1n\u00ed jednotliv\u00fdch ekosyst\u00e9m\u016f<\/p>\n<h3>Trofick\u00e1 struktura a stabilita ekosyst\u00e9mu<\/h3>\n<p>Homeostatick\u00e1 vyv\u00e1\u017eenost (stabilita), ekosyst\u00e9mu je t\u00edm v\u011bt\u0161\u00ed, \u010d\u00edm bohat\u0161\u00ed a rozmanit\u011bj\u0161\u00ed je v n\u011bm s\u00edt potravn\u00edch vazeb (trofick\u00e1 struktura). Tento vztah je hlavn\u00edm regula\u010dn\u00edm mechanizmem zp\u011btn\u00e9 vazby ka\u017ed\u00e9ho ekosyst\u00e9mu. S\u00ed\u0165 potravn\u00edch vazeb je t\u00edm rozmanit\u011bj\u0161\u00ed, \u010d\u00edm v\u011bt\u0161\u00ed je druhov\u00e1 pestrost (diverzita) biocen\u00f3zy. Tento princip plat\u00ed obecn\u011b na v\u0161ech trofick\u00fdch \u00farovn\u00edch, v\u010detn\u011b producent\u016f. Nadm\u011brn\u00e9 v\u00fdkyvy, obvykle zp\u016fsoben\u00e9 \u010dlov\u011bkem, mohou vyv\u00e1\u017eenou dynamickou rovnov\u00e1hu naru\u0161it, tak\u017ee syst\u00e9m ji\u017e nen\u00ed schopen vr\u00e1tit se zp\u011bt k rovnov\u00e1\u017en\u00e9mu stavu a dojde k jeho do\u010dasn\u00e9mu nebo trval\u00e9mu zhroucen\u00ed.<\/p>\n<h2>Prostorov\u00e1 struktura<\/h2>\n<p>&#8211; plocha (produk\u010dn\u00ed, disponibiln\u00ed) na zemsk\u00e9m povrchu v kombinaci s v\u00fd\u0161kou vegetace a hloubkou jej\u00edho ko\u0159enov\u00e9ho syst\u00e9mu = produk\u010dn\u00ed (disponibiln\u00ed) prostor<br \/>\nVyu\u017eit\u00ed disponibiln\u00edho prostoru ur\u010duje v\u00fd\u0161kovou strukturu lesa (stromy s podobnou r\u016fstovou dynamikou d\u011bl\u00edme mezi jednotliv\u00e9 stromov\u00e9 t\u0159\u00eddy). Tlou\u0161\u0165kov\u00e1 struktura porostu, respektive rozd\u011blen\u00ed po\u010dtu strom\u016f v jednotliv\u00fdch tlou\u0161\u0165kov\u00fdch t\u0159\u00edd\u00e1ch (z\u00e1sadn\u00ed informace z hlediska obhospoda\u0159ov\u00e1n\u00ed porost\u016f v hospod\u00e1\u0159sk\u00fdch les\u00edch a jeden z hlavn\u00edch \u00fadaj\u016f pro posouzen\u00ed dynamiky p\u0159\u00edrodn\u00edch les\u016f v\u010detn\u011b les\u016f v chr\u00e1n\u011bn\u00fdch \u00fazem\u00edch) nep\u0159\u00edmo charakterizuje i v\u011bkov\u00e9 slo\u017een\u00ed porost\u016f jako dominantn\u00ed slo\u017eky lesn\u00edch ekosyst\u00e9m\u016f.<br \/>\n&#8211; vyli\u0161ujeme: korunov\u00fd, kmenov\u00fd a ko\u0159enov\u00fd prostor<br \/>\n&#8211; pozn.: Syst\u00e9m\u016f podrobn\u011bj\u0161\u00edho \u010dlen\u011bn\u00ed nadzemn\u00edho prostoru lesn\u00edho ekosyst\u00e9mu je cel\u00e1 \u0159ada. Tyto soustavy byly vytvo\u0159eny pro nejr\u016fzn\u011bj\u0161\u00ed pot\u0159eby: anal\u00fdza ekosyst\u00e9m\u016f, fytocenologie, p\u011bstov\u00e1n\u00ed les\u016f apod.<\/p>\n<p><img loading=\"lazy\" class=\"aligncenter wp-image-48 size-full\" src=\"http:\/\/helix.mendelu.cz\/oryx\/les_jako_ekosystem\/wp-content\/uploads\/2018\/05\/prostorova_struktura.jpg\" alt=\"\" width=\"490\" height=\"368\" srcset=\"https:\/\/rumex.mendelu.cz\/oryx\/les_jako_ekosystem\/wp-content\/uploads\/2018\/05\/prostorova_struktura.jpg 490w, https:\/\/rumex.mendelu.cz\/oryx\/les_jako_ekosystem\/wp-content\/uploads\/2018\/05\/prostorova_struktura-300x225.jpg 300w, https:\/\/rumex.mendelu.cz\/oryx\/les_jako_ekosystem\/wp-content\/uploads\/2018\/05\/prostorova_struktura-200x150.jpg 200w\" sizes=\"(max-width: 490px) 100vw, 490px\" \/><\/p>\n","protected":false},"excerpt":{"rendered":"<p>Struktura ekosyst\u00e9mu = prostorov\u00e9 uspo\u0159\u00e1d\u00e1n\u00ed slo\u017eek a funkc\u00ed ekosyst\u00e9mu (tok energi\u00ed, l\u00e1tek a informac\u00ed ) &#8211; je d\u00e1na jeho slo\u017een\u00edm &#8211; p\u0159edstavuje souhrn znak\u016f, kter\u00e9 lze v dan\u00e9m \u010dasov\u00e9m \u00faseku pozorovat 1. horizont\u00e1ln\u00ed (jedn\u00e1 se o vyli\u0161en\u00ed a popis \u010d\u00e1st\u00ed lesa (souboru porost\u016f, ekosyst\u00e9m\u016f) s v\u00fdrazn\u011b odli\u0161n\u00fdm vzhledem 2. vertik\u00e1ln\u00ed (jednotliv\u00e9 d\u00edl\u010d\u00ed ekosyst\u00e9my s relativn\u011b [&hellip;]<\/p>\n","protected":false},"author":1,"featured_media":0,"parent":7,"menu_order":0,"comment_status":"closed","ping_status":"closed","template":"","meta":[],"_links":{"self":[{"href":"https:\/\/rumex.mendelu.cz\/oryx\/les_jako_ekosystem\/index.php\/wp-json\/wp\/v2\/pages\/18"}],"collection":[{"href":"https:\/\/rumex.mendelu.cz\/oryx\/les_jako_ekosystem\/index.php\/wp-json\/wp\/v2\/pages"}],"about":[{"href":"https:\/\/rumex.mendelu.cz\/oryx\/les_jako_ekosystem\/index.php\/wp-json\/wp\/v2\/types\/page"}],"author":[{"embeddable":true,"href":"https:\/\/rumex.mendelu.cz\/oryx\/les_jako_ekosystem\/index.php\/wp-json\/wp\/v2\/users\/1"}],"replies":[{"embeddable":true,"href":"https:\/\/rumex.mendelu.cz\/oryx\/les_jako_ekosystem\/index.php\/wp-json\/wp\/v2\/comments?post=18"}],"version-history":[{"count":6,"href":"https:\/\/rumex.mendelu.cz\/oryx\/les_jako_ekosystem\/index.php\/wp-json\/wp\/v2\/pages\/18\/revisions"}],"predecessor-version":[{"id":51,"href":"https:\/\/rumex.mendelu.cz\/oryx\/les_jako_ekosystem\/index.php\/wp-json\/wp\/v2\/pages\/18\/revisions\/51"}],"up":[{"embeddable":true,"href":"https:\/\/rumex.mendelu.cz\/oryx\/les_jako_ekosystem\/index.php\/wp-json\/wp\/v2\/pages\/7"}],"wp:attachment":[{"href":"https:\/\/rumex.mendelu.cz\/oryx\/les_jako_ekosystem\/index.php\/wp-json\/wp\/v2\/media?parent=18"}],"curies":[{"name":"wp","href":"https:\/\/api.w.org\/{rel}","templated":true}]}}