{"id":166,"date":"2018-05-04T12:19:14","date_gmt":"2018-05-04T10:19:14","guid":{"rendered":"http:\/\/helix.mendelu.cz\/oryx\/les_jako_ekosystem\/?page_id=166"},"modified":"2018-05-04T12:19:14","modified_gmt":"2018-05-04T10:19:14","slug":"o-techto-strankach","status":"publish","type":"page","link":"https:\/\/rumex.mendelu.cz\/oryx\/les_jako_ekosystem\/index.php\/o-techto-strankach\/","title":{"rendered":"O t\u011bchto str\u00e1nk\u00e1ch"},"content":{"rendered":"<h1>O t\u011bchto str\u00e1nk\u00e1ch<\/h1>\n<p>Tyto str\u00e1nky vznikly v r\u00e1mci \u0159e\u0161en\u00ed projektu \u010d. 2701\/2006 podporovan\u00e9ho Fondem rozvoje vysok\u00fdch \u0161kol p\u0159i M\u0160MT. Na \u00favod je t\u0159eba konstatovat, \u017ee prezentace \u201eLes jako ekosyst\u00e9m\u201c je otev\u0159en\u00fdm syst\u00e9mem, kter\u00fd je a bude st\u00e1le dopl\u0148ov\u00e1n o nov\u011b zpracovan\u00e9 materi\u00e1ly, poznatky z\u00edskan\u00e9 v oblasti lesnick\u00e9ho v\u00fdzkumu s jejich konkr\u00e9tn\u00edmi aplikacemi v praxi a bude roz\u0161i\u0159ov\u00e1na o aktu\u00e1ln\u011b nam\u011b\u0159en\u00e9 \u00fadaje \u010di historick\u00e9 \u00fadaje dopl\u0148ovan\u00e9 o nov\u00e1 zpracov\u00e1n\u00ed.<\/p>\n<p>Hlavn\u00edm c\u00edlem projektu bylo vytvo\u0159it pro poslucha\u010de studijn\u00edho programu Lesnictv\u00ed materi\u00e1l multimedi\u00e1ln\u00edho charakteru, kter\u00fd svou koncepc\u00ed a obsahem roz\u0161\u00ed\u0159\u00ed v\u00fduku zaji\u0161\u0165ovanou \u00dastavem ekologie lesa Lesnick\u00e9 a d\u0159eva\u0159sk\u00e9 fakulty MZLU v Brn\u011b a zp\u0159\u00edstupnit tento dopl\u0148kov\u00fd studijn\u00ed materi\u00e1l na internetov\u00fdch str\u00e1nk\u00e1ch MZLU v Brn\u011b.<\/p>\n<p>C\u00edlem bylo propojit metody lesnick\u00e9 klimatologie, produk\u010dn\u00ed ekologie, fyziologie d\u0159evin a p\u011bstov\u00e1n\u00ed lesa a vytvo\u0159it prezentaci lesa jako slo\u017eit\u00e9ho interaktivn\u00edho syst\u00e9mu (ekosyst\u00e9mu) s konkr\u00e9tn\u00edmi uk\u00e1zkami jeho funkc\u00ed a provozu a s p\u0159\u00edklady l\u00e1tkov\u00fdch kolob\u011bh\u016f, tok\u016f energie a p\u0159enos\u016f informac\u00ed.<\/p>\n<p>Proto bylo z\u00e1m\u011brem projektu vytvo\u0159it, propojen\u00edm metod lesnick\u00e9 klimatologie, produk\u010dn\u00ed ekologie, fyziologie d\u0159evin a p\u011bstov\u00e1n\u00ed lesa multimedi\u00e1ln\u00ed prezentaci lesa jako ekosyst\u00e9mu v jeho z\u00e1sadn\u00edch funkc\u00edch a provozu, kter\u00e1 umo\u017en\u00ed zvl\u00e1dnut\u00ed multidisciplin\u00e1rn\u00edho p\u0159\u00edstupu k problematice proces\u016f v lesn\u00edch ekosyst\u00e9mech.V\u00fdznam hlub\u0161\u00edho pochopen\u00ed cel\u00e9 problematiky struktury a proces\u016f v lesn\u00edch ekosyst\u00e9mech a zvl\u00e1dnut\u00ed mezioborov\u00e9ho p\u0159\u00edstupu p\u0159i pozn\u00e1v\u00e1n\u00ed zp\u011btn\u00fdch vazeb mezi fyziologick\u00fdmi, hydrologick\u00fdmi a meteorologick\u00fdmi procesy v syst\u00e9mu p\u016fda-vegetace-atmosf\u00e9ra se zvy\u0161uje zejm\u00e9na p\u0159i dne\u0161n\u00edm \u0161irok\u00e9m uplatn\u011bn\u00ed absolvent\u016f v r\u016fzn\u00fdch subjektech p\u016fsob\u00edc\u00edch v lesn\u00edm hospod\u00e1\u0159stv\u00ed, v utv\u00e1\u0159en\u00ed a ochran\u011b krajiny a jinde. Nezanedbateln\u00fdm p\u0159\u00ednosem jsou tak\u00e9 v prezentaci zp\u0159\u00edstupn\u011bn\u00e9 v\u00fdsledky z oblasti lesnick\u00e9ho v\u00fdzkumu s jejich konkr\u00e9tn\u00edmi aplikacemi a datab\u00e1ze \u00fadaj\u016f o v\u00fdzkumn\u00e9 plo\u0161e \u00dastavu ekologie lesa R\u00e1jec &#8211; N\u011bm\u010dice. V tomto sm\u011bru se p\u0159edpokl\u00e1d\u00e1 \u0161irok\u00e9 vyu\u017eit\u00ed informac\u00ed jak studenty LDF a ostatn\u00edch lesnick\u00fdch \u0161kol (diplomov\u00e9 a diserta\u010dn\u00ed pr\u00e1ce, st\u00e1\u017ee), tak i pedagogick\u00fdch a v\u011bdeck\u00fdch pracovn\u00edk\u016f.<\/p>\n","protected":false},"excerpt":{"rendered":"<p>O t\u011bchto str\u00e1nk\u00e1ch Tyto str\u00e1nky vznikly v r\u00e1mci \u0159e\u0161en\u00ed projektu \u010d. 2701\/2006 podporovan\u00e9ho Fondem rozvoje vysok\u00fdch \u0161kol p\u0159i M\u0160MT. Na \u00favod je t\u0159eba konstatovat, \u017ee prezentace \u201eLes jako ekosyst\u00e9m\u201c je otev\u0159en\u00fdm syst\u00e9mem, kter\u00fd je a bude st\u00e1le dopl\u0148ov\u00e1n o nov\u011b zpracovan\u00e9 materi\u00e1ly, poznatky z\u00edskan\u00e9 v oblasti lesnick\u00e9ho v\u00fdzkumu s jejich konkr\u00e9tn\u00edmi aplikacemi v praxi a [&hellip;]<\/p>\n","protected":false},"author":1,"featured_media":0,"parent":0,"menu_order":0,"comment_status":"closed","ping_status":"closed","template":"","meta":[],"_links":{"self":[{"href":"https:\/\/rumex.mendelu.cz\/oryx\/les_jako_ekosystem\/index.php\/wp-json\/wp\/v2\/pages\/166"}],"collection":[{"href":"https:\/\/rumex.mendelu.cz\/oryx\/les_jako_ekosystem\/index.php\/wp-json\/wp\/v2\/pages"}],"about":[{"href":"https:\/\/rumex.mendelu.cz\/oryx\/les_jako_ekosystem\/index.php\/wp-json\/wp\/v2\/types\/page"}],"author":[{"embeddable":true,"href":"https:\/\/rumex.mendelu.cz\/oryx\/les_jako_ekosystem\/index.php\/wp-json\/wp\/v2\/users\/1"}],"replies":[{"embeddable":true,"href":"https:\/\/rumex.mendelu.cz\/oryx\/les_jako_ekosystem\/index.php\/wp-json\/wp\/v2\/comments?post=166"}],"version-history":[{"count":1,"href":"https:\/\/rumex.mendelu.cz\/oryx\/les_jako_ekosystem\/index.php\/wp-json\/wp\/v2\/pages\/166\/revisions"}],"predecessor-version":[{"id":168,"href":"https:\/\/rumex.mendelu.cz\/oryx\/les_jako_ekosystem\/index.php\/wp-json\/wp\/v2\/pages\/166\/revisions\/168"}],"wp:attachment":[{"href":"https:\/\/rumex.mendelu.cz\/oryx\/les_jako_ekosystem\/index.php\/wp-json\/wp\/v2\/media?parent=166"}],"curies":[{"name":"wp","href":"https:\/\/api.w.org\/{rel}","templated":true}]}}