{"id":162,"date":"2018-05-04T12:16:22","date_gmt":"2018-05-04T10:16:22","guid":{"rendered":"http:\/\/helix.mendelu.cz\/oryx\/les_jako_ekosystem\/?page_id=162"},"modified":"2018-05-04T12:51:34","modified_gmt":"2018-05-04T10:51:34","slug":"vyzkumne-projekty","status":"publish","type":"page","link":"https:\/\/rumex.mendelu.cz\/oryx\/les_jako_ekosystem\/index.php\/vs-rajec-nemcice\/vyzkumne-projekty\/","title":{"rendered":"V\u00fdzkumn\u00e9 projekty"},"content":{"rendered":"<h1>P\u0159ehled hlavn\u00edch projekt\u016f<\/h1>\n<ul>\n<li>MAB<\/li>\n<li>St\u00e1tn\u00ed pl\u00e1n z\u00e1kladn\u00edho v\u00fdzkumu \u010cSAV<\/li>\n<li>VS 96077: Identifikace stresu a jeho odezvy v lesn\u00edch ekosyst\u00e9mech (Stress identification and its responses in forest ecosystems ). Projekt M\u0160MT \u010cR, 1996-2000.<\/li>\n<li>MSM 4341 00005: Trvale udr\u017eiteln\u00e9 hospoda\u0159en\u00ed v les\u00edch a v krajin\u011b, od koncepce k realizaci, 1999 &#8211; 2004, V\u00fdzkumn\u00fd z\u00e1m\u011br<\/li>\n<li>MSM 6215648902: Les a d\u0159evo &#8211; podpora funk\u010dn\u011b integrovan\u00e9ho lesn\u00edho hospod\u00e1\u0159stv\u00ed a vyu\u017e\u00edv\u00e1n\u00ed d\u0159eva jako obnoviteln\u00e9 suroviny, 2005 &#8211; 2010, V\u00fdzkumn\u00fd z\u00e1m\u011br<\/li>\n<li>Recognition &#8211; Relationships Between Recent Changes of Growth and Nutrition of Norway Spruce, Scots Pine and European Beech Forests in Europe<\/li>\n<li>projekty GA\u010cR<\/li>\n<\/ul>\n","protected":false},"excerpt":{"rendered":"<p>P\u0159ehled hlavn\u00edch projekt\u016f MAB St\u00e1tn\u00ed pl\u00e1n z\u00e1kladn\u00edho v\u00fdzkumu \u010cSAV VS 96077: Identifikace stresu a jeho odezvy v lesn\u00edch ekosyst\u00e9mech (Stress identification and its responses in forest ecosystems ). Projekt M\u0160MT \u010cR, 1996-2000. MSM 4341 00005: Trvale udr\u017eiteln\u00e9 hospoda\u0159en\u00ed v les\u00edch a v krajin\u011b, od koncepce k realizaci, 1999 &#8211; 2004, V\u00fdzkumn\u00fd z\u00e1m\u011br MSM 6215648902: Les [&hellip;]<\/p>\n","protected":false},"author":1,"featured_media":0,"parent":94,"menu_order":0,"comment_status":"closed","ping_status":"closed","template":"","meta":[],"_links":{"self":[{"href":"https:\/\/rumex.mendelu.cz\/oryx\/les_jako_ekosystem\/index.php\/wp-json\/wp\/v2\/pages\/162"}],"collection":[{"href":"https:\/\/rumex.mendelu.cz\/oryx\/les_jako_ekosystem\/index.php\/wp-json\/wp\/v2\/pages"}],"about":[{"href":"https:\/\/rumex.mendelu.cz\/oryx\/les_jako_ekosystem\/index.php\/wp-json\/wp\/v2\/types\/page"}],"author":[{"embeddable":true,"href":"https:\/\/rumex.mendelu.cz\/oryx\/les_jako_ekosystem\/index.php\/wp-json\/wp\/v2\/users\/1"}],"replies":[{"embeddable":true,"href":"https:\/\/rumex.mendelu.cz\/oryx\/les_jako_ekosystem\/index.php\/wp-json\/wp\/v2\/comments?post=162"}],"version-history":[{"count":2,"href":"https:\/\/rumex.mendelu.cz\/oryx\/les_jako_ekosystem\/index.php\/wp-json\/wp\/v2\/pages\/162\/revisions"}],"predecessor-version":[{"id":201,"href":"https:\/\/rumex.mendelu.cz\/oryx\/les_jako_ekosystem\/index.php\/wp-json\/wp\/v2\/pages\/162\/revisions\/201"}],"up":[{"embeddable":true,"href":"https:\/\/rumex.mendelu.cz\/oryx\/les_jako_ekosystem\/index.php\/wp-json\/wp\/v2\/pages\/94"}],"wp:attachment":[{"href":"https:\/\/rumex.mendelu.cz\/oryx\/les_jako_ekosystem\/index.php\/wp-json\/wp\/v2\/media?parent=162"}],"curies":[{"name":"wp","href":"https:\/\/api.w.org\/{rel}","templated":true}]}}