{"id":140,"date":"2018-05-04T12:07:00","date_gmt":"2018-05-04T10:07:00","guid":{"rendered":"http:\/\/helix.mendelu.cz\/oryx\/les_jako_ekosystem\/?page_id=140"},"modified":"2018-05-04T12:07:00","modified_gmt":"2018-05-04T10:07:00","slug":"objekt-stary-smireny-porost","status":"publish","type":"page","link":"https:\/\/rumex.mendelu.cz\/oryx\/les_jako_ekosystem\/index.php\/vs-rajec-nemcice\/vyzkumne-objekty\/objekt-stary-smireny-porost\/","title":{"rendered":"Objekt Star\u00fd sm\u00ed\u0159en\u00fd porost"},"content":{"rendered":"","protected":false},"excerpt":{"rendered":"","protected":false},"author":1,"featured_media":0,"parent":124,"menu_order":0,"comment_status":"closed","ping_status":"closed","template":"","meta":[],"_links":{"self":[{"href":"https:\/\/rumex.mendelu.cz\/oryx\/les_jako_ekosystem\/index.php\/wp-json\/wp\/v2\/pages\/140"}],"collection":[{"href":"https:\/\/rumex.mendelu.cz\/oryx\/les_jako_ekosystem\/index.php\/wp-json\/wp\/v2\/pages"}],"about":[{"href":"https:\/\/rumex.mendelu.cz\/oryx\/les_jako_ekosystem\/index.php\/wp-json\/wp\/v2\/types\/page"}],"author":[{"embeddable":true,"href":"https:\/\/rumex.mendelu.cz\/oryx\/les_jako_ekosystem\/index.php\/wp-json\/wp\/v2\/users\/1"}],"replies":[{"embeddable":true,"href":"https:\/\/rumex.mendelu.cz\/oryx\/les_jako_ekosystem\/index.php\/wp-json\/wp\/v2\/comments?post=140"}],"version-history":[{"count":1,"href":"https:\/\/rumex.mendelu.cz\/oryx\/les_jako_ekosystem\/index.php\/wp-json\/wp\/v2\/pages\/140\/revisions"}],"predecessor-version":[{"id":141,"href":"https:\/\/rumex.mendelu.cz\/oryx\/les_jako_ekosystem\/index.php\/wp-json\/wp\/v2\/pages\/140\/revisions\/141"}],"up":[{"embeddable":true,"href":"https:\/\/rumex.mendelu.cz\/oryx\/les_jako_ekosystem\/index.php\/wp-json\/wp\/v2\/pages\/124"}],"wp:attachment":[{"href":"https:\/\/rumex.mendelu.cz\/oryx\/les_jako_ekosystem\/index.php\/wp-json\/wp\/v2\/media?parent=140"}],"curies":[{"name":"wp","href":"https:\/\/api.w.org\/{rel}","templated":true}]}}