{"id":134,"date":"2018-05-04T12:05:50","date_gmt":"2018-05-04T10:05:50","guid":{"rendered":"http:\/\/helix.mendelu.cz\/oryx\/les_jako_ekosystem\/?page_id=134"},"modified":"2018-05-04T12:05:54","modified_gmt":"2018-05-04T10:05:54","slug":"objekt-mytni-porost","status":"publish","type":"page","link":"https:\/\/rumex.mendelu.cz\/oryx\/les_jako_ekosystem\/index.php\/vs-rajec-nemcice\/vyzkumne-objekty\/objekt-mytni-porost\/","title":{"rendered":"Objekt M\u00fdtn\u00ed porost"},"content":{"rendered":"<h1>Objekt M\u00fdtn\u00ed porost<\/h1>\n<p>Experiment se nach\u00e1z\u00ed v oblasti Drahansk\u00e9 vrchoviny (projekt R\u00e1jec) v nadm. v\u00fd\u0161ce 620 m, pr\u016fm\u011brn\u00e9 ro\u010dn\u00ed sr\u00e1\u017eky 638 mm, st\u0159edn\u00ed ro\u010dn\u00ed teplota 6,3 \u00b0C. P\u016fda je klasifikov\u00e1na jako kysel\u00e1 kambizem vyvinut\u00e1 na granodioritu s p\u0159\u00edm\u011bs\u00ed spra\u0161ov\u00e9 hl\u00edny ve svrchn\u00ed \u010d\u00e1sti profilu. P\u016fvodn\u00ed bukov\u00fd porost byl p\u0159em\u011bn\u011bn na smrkovou monokulturu kolem roku 1900.<\/p>\n","protected":false},"excerpt":{"rendered":"<p>Objekt M\u00fdtn\u00ed porost Experiment se nach\u00e1z\u00ed v oblasti Drahansk\u00e9 vrchoviny (projekt R\u00e1jec) v nadm. v\u00fd\u0161ce 620 m, pr\u016fm\u011brn\u00e9 ro\u010dn\u00ed sr\u00e1\u017eky 638 mm, st\u0159edn\u00ed ro\u010dn\u00ed teplota 6,3 \u00b0C. P\u016fda je klasifikov\u00e1na jako kysel\u00e1 kambizem vyvinut\u00e1 na granodioritu s p\u0159\u00edm\u011bs\u00ed spra\u0161ov\u00e9 hl\u00edny ve svrchn\u00ed \u010d\u00e1sti profilu. P\u016fvodn\u00ed bukov\u00fd porost byl p\u0159em\u011bn\u011bn na smrkovou monokulturu kolem roku 1900.<\/p>\n","protected":false},"author":1,"featured_media":0,"parent":124,"menu_order":0,"comment_status":"closed","ping_status":"closed","template":"","meta":[],"_links":{"self":[{"href":"https:\/\/rumex.mendelu.cz\/oryx\/les_jako_ekosystem\/index.php\/wp-json\/wp\/v2\/pages\/134"}],"collection":[{"href":"https:\/\/rumex.mendelu.cz\/oryx\/les_jako_ekosystem\/index.php\/wp-json\/wp\/v2\/pages"}],"about":[{"href":"https:\/\/rumex.mendelu.cz\/oryx\/les_jako_ekosystem\/index.php\/wp-json\/wp\/v2\/types\/page"}],"author":[{"embeddable":true,"href":"https:\/\/rumex.mendelu.cz\/oryx\/les_jako_ekosystem\/index.php\/wp-json\/wp\/v2\/users\/1"}],"replies":[{"embeddable":true,"href":"https:\/\/rumex.mendelu.cz\/oryx\/les_jako_ekosystem\/index.php\/wp-json\/wp\/v2\/comments?post=134"}],"version-history":[{"count":1,"href":"https:\/\/rumex.mendelu.cz\/oryx\/les_jako_ekosystem\/index.php\/wp-json\/wp\/v2\/pages\/134\/revisions"}],"predecessor-version":[{"id":136,"href":"https:\/\/rumex.mendelu.cz\/oryx\/les_jako_ekosystem\/index.php\/wp-json\/wp\/v2\/pages\/134\/revisions\/136"}],"up":[{"embeddable":true,"href":"https:\/\/rumex.mendelu.cz\/oryx\/les_jako_ekosystem\/index.php\/wp-json\/wp\/v2\/pages\/124"}],"wp:attachment":[{"href":"https:\/\/rumex.mendelu.cz\/oryx\/les_jako_ekosystem\/index.php\/wp-json\/wp\/v2\/media?parent=134"}],"curies":[{"name":"wp","href":"https:\/\/api.w.org\/{rel}","templated":true}]}}