{"id":124,"date":"2018-05-04T12:01:44","date_gmt":"2018-05-04T10:01:44","guid":{"rendered":"http:\/\/helix.mendelu.cz\/oryx\/les_jako_ekosystem\/?page_id=124"},"modified":"2018-05-04T12:49:03","modified_gmt":"2018-05-04T10:49:03","slug":"vyzkumne-objekty","status":"publish","type":"page","link":"https:\/\/rumex.mendelu.cz\/oryx\/les_jako_ekosystem\/index.php\/vs-rajec-nemcice\/vyzkumne-objekty\/","title":{"rendered":"V\u00fdzkumn\u00e9 objekty"},"content":{"rendered":"<h1>Hlavn\u00ed v\u00fdzkumn\u00e9 objekty na VS R\u00e1jec &#8211; N\u011bm\u010dice<\/h1>\n<p>Paseka<\/p>\n<p>M\u00fdtn\u00ed porost<\/p>\n<p>Mlad\u00e1 bu\u010dina<\/p>\n<p>Star\u00fd sm\u00ed\u0161en\u00fd porost<\/p>\n<p>\u0160kolka<\/p>\n<p><img loading=\"lazy\" class=\"size-full wp-image-197 aligncenter\" src=\"http:\/\/helix.mendelu.cz\/oryx\/les_jako_ekosystem\/wp-content\/uploads\/2018\/05\/rajec2.jpg\" alt=\"\" width=\"456\" height=\"960\" srcset=\"https:\/\/rumex.mendelu.cz\/oryx\/les_jako_ekosystem\/wp-content\/uploads\/2018\/05\/rajec2.jpg 456w, https:\/\/rumex.mendelu.cz\/oryx\/les_jako_ekosystem\/wp-content\/uploads\/2018\/05\/rajec2-143x300.jpg 143w, https:\/\/rumex.mendelu.cz\/oryx\/les_jako_ekosystem\/wp-content\/uploads\/2018\/05\/rajec2-95x200.jpg 95w\" sizes=\"(max-width: 456px) 100vw, 456px\" \/><\/p>\n","protected":false},"excerpt":{"rendered":"<p>Hlavn\u00ed v\u00fdzkumn\u00e9 objekty na VS R\u00e1jec &#8211; N\u011bm\u010dice Paseka M\u00fdtn\u00ed porost Mlad\u00e1 bu\u010dina Star\u00fd sm\u00ed\u0161en\u00fd porost \u0160kolka<\/p>\n","protected":false},"author":1,"featured_media":0,"parent":94,"menu_order":0,"comment_status":"closed","ping_status":"closed","template":"","meta":[],"_links":{"self":[{"href":"https:\/\/rumex.mendelu.cz\/oryx\/les_jako_ekosystem\/index.php\/wp-json\/wp\/v2\/pages\/124"}],"collection":[{"href":"https:\/\/rumex.mendelu.cz\/oryx\/les_jako_ekosystem\/index.php\/wp-json\/wp\/v2\/pages"}],"about":[{"href":"https:\/\/rumex.mendelu.cz\/oryx\/les_jako_ekosystem\/index.php\/wp-json\/wp\/v2\/types\/page"}],"author":[{"embeddable":true,"href":"https:\/\/rumex.mendelu.cz\/oryx\/les_jako_ekosystem\/index.php\/wp-json\/wp\/v2\/users\/1"}],"replies":[{"embeddable":true,"href":"https:\/\/rumex.mendelu.cz\/oryx\/les_jako_ekosystem\/index.php\/wp-json\/wp\/v2\/comments?post=124"}],"version-history":[{"count":2,"href":"https:\/\/rumex.mendelu.cz\/oryx\/les_jako_ekosystem\/index.php\/wp-json\/wp\/v2\/pages\/124\/revisions"}],"predecessor-version":[{"id":198,"href":"https:\/\/rumex.mendelu.cz\/oryx\/les_jako_ekosystem\/index.php\/wp-json\/wp\/v2\/pages\/124\/revisions\/198"}],"up":[{"embeddable":true,"href":"https:\/\/rumex.mendelu.cz\/oryx\/les_jako_ekosystem\/index.php\/wp-json\/wp\/v2\/pages\/94"}],"wp:attachment":[{"href":"https:\/\/rumex.mendelu.cz\/oryx\/les_jako_ekosystem\/index.php\/wp-json\/wp\/v2\/media?parent=124"}],"curies":[{"name":"wp","href":"https:\/\/api.w.org\/{rel}","templated":true}]}}