{"id":170,"date":"2024-10-08T14:21:14","date_gmt":"2024-10-08T13:21:14","guid":{"rendered":"https:\/\/rumex.mendelu.cz\/bezpecnost\/?page_id=170"},"modified":"2024-11-26T13:07:02","modified_gmt":"2024-11-26T12:07:02","slug":"uvodni-stranka","status":"publish","type":"page","link":"https:\/\/rumex.mendelu.cz\/bezpecnost\/","title":{"rendered":"Home page"},"content":{"rendered":"\n<p class=\"has-medium-font-size\"><strong>V\u00edtejte na str\u00e1nce na\u0161eho kurzu kybernetick\u00e9 bezpe\u010dnosti!<\/strong><\/p>\n\n\n\n<figure class=\"wp-block-image size-large\"><img loading=\"lazy\" decoding=\"async\" width=\"1024\" height=\"587\" src=\"https:\/\/rumex.mendelu.cz\/bezpecnost\/wp-content\/uploads\/2024\/10\/uvodni-stranka-1-1024x587.png\" alt=\"\" class=\"wp-image-264\" srcset=\"https:\/\/rumex.mendelu.cz\/bezpecnost\/wp-content\/uploads\/2024\/10\/uvodni-stranka-1-1024x587.png 1024w, https:\/\/rumex.mendelu.cz\/bezpecnost\/wp-content\/uploads\/2024\/10\/uvodni-stranka-1-300x172.png 300w, https:\/\/rumex.mendelu.cz\/bezpecnost\/wp-content\/uploads\/2024\/10\/uvodni-stranka-1-768x440.png 768w, https:\/\/rumex.mendelu.cz\/bezpecnost\/wp-content\/uploads\/2024\/10\/uvodni-stranka-1-1536x880.png 1536w, https:\/\/rumex.mendelu.cz\/bezpecnost\/wp-content\/uploads\/2024\/10\/uvodni-stranka-1.png 1982w\" sizes=\"auto, (max-width: 1024px) 100vw, 1024px\" \/><\/figure>\n\n\n\n<p> Jste tu, proto\u017ee se zaj\u00edm\u00e1te o bezpe\u010dnost \u2013 nejen v p\u0159\u00edrod\u011b, ale i v online sv\u011bt\u011b. Tak jako p\u0159i objevov\u00e1n\u00ed lesa, kde si d\u00e1v\u00e1te pozor na skryt\u00e9 n\u00e1strahy, i na internetu \u010d\u00edhaj\u00ed hrozby, kter\u00e9 m\u016f\u017eeme p\u0159ehl\u00e9dnout.<\/p>\n\n\n\n<p>Phishingov\u00e9 \u00fatoky, podvodn\u00e9 odkazy, ne\u010dekan\u00e9 zpr\u00e1vy&#8230; Digit\u00e1ln\u00ed past\u00ed je mnoho a mohou b\u00fdt stejn\u011b z\u00e1ke\u0159n\u00e9 jako nev\u00edtan\u00fd plevel v zahrad\u011b. N\u00e1\u0161 kurz v\u00e1m pom\u016f\u017ee tyto hrozby rozpoznat a vyhnout se jim.<\/p>\n\n\n\n<p>A pokud chcete v\u011bd\u011bt v\u00edc a chr\u00e1nit sv\u00e9 \u00fadaje jako sv\u00e9 nejcenn\u011bj\u0161\u00ed sazenice, pod\u00edvejte se na na\u0161e \u00favodn\u00ed video n\u00ed\u017e. Z\u00edsk\u00e1te z\u00e1kladn\u00ed p\u0159ehled a nau\u010d\u00edte se z\u00e1kladn\u00ed kroky, jak b\u00fdt o krok nap\u0159ed p\u0159ed digit\u00e1ln\u00edmi pred\u00e1tory.<\/p>\n\n\n\n<p>Poj\u010fme se spole\u010dn\u011b p\u0159ipravit na bezpe\u010dnou cestu internetovou divo\u010dinou!<\/p>\n\n\n\n<p><\/p>\n\n\n\n<p><\/p>\n","protected":false},"excerpt":{"rendered":"<p>V\u00edtejte na str\u00e1nce na\u0161eho kurzu kybernetick\u00e9 bezpe\u010dnosti! Jste tu, proto\u017ee se zaj\u00edm\u00e1te o bezpe\u010dnost \u2013 nejen v p\u0159\u00edrod\u011b, ale i v online sv\u011bt\u011b. Tak jako p\u0159i objevov\u00e1n\u00ed lesa, kde si d\u00e1v\u00e1te pozor na skryt\u00e9 n\u00e1strahy, i na internetu \u010d\u00edhaj\u00ed hrozby, <a href=\"https:\/\/rumex.mendelu.cz\/bezpecnost\/\"> Read more&#8230;<\/a><\/p>\n","protected":false},"author":2,"featured_media":0,"parent":0,"menu_order":0,"comment_status":"closed","ping_status":"closed","template":"","meta":{"footnotes":""},"class_list":["post-170","page","type-page","status-publish","hentry"],"_links":{"self":[{"href":"https:\/\/rumex.mendelu.cz\/bezpecnost\/index.php?rest_route=\/wp\/v2\/pages\/170","targetHints":{"allow":["GET"]}}],"collection":[{"href":"https:\/\/rumex.mendelu.cz\/bezpecnost\/index.php?rest_route=\/wp\/v2\/pages"}],"about":[{"href":"https:\/\/rumex.mendelu.cz\/bezpecnost\/index.php?rest_route=\/wp\/v2\/types\/page"}],"author":[{"embeddable":true,"href":"https:\/\/rumex.mendelu.cz\/bezpecnost\/index.php?rest_route=\/wp\/v2\/users\/2"}],"replies":[{"embeddable":true,"href":"https:\/\/rumex.mendelu.cz\/bezpecnost\/index.php?rest_route=%2Fwp%2Fv2%2Fcomments&post=170"}],"version-history":[{"count":7,"href":"https:\/\/rumex.mendelu.cz\/bezpecnost\/index.php?rest_route=\/wp\/v2\/pages\/170\/revisions"}],"predecessor-version":[{"id":446,"href":"https:\/\/rumex.mendelu.cz\/bezpecnost\/index.php?rest_route=\/wp\/v2\/pages\/170\/revisions\/446"}],"wp:attachment":[{"href":"https:\/\/rumex.mendelu.cz\/bezpecnost\/index.php?rest_route=%2Fwp%2Fv2%2Fmedia&parent=170"}],"curies":[{"name":"wp","href":"https:\/\/api.w.org\/{rel}","templated":true}]}}