{"id":143,"date":"2024-10-02T09:11:02","date_gmt":"2024-10-02T09:11:02","guid":{"rendered":"https:\/\/rumex.mendelu.cz\/bezpecnost\/?page_id=143"},"modified":"2024-11-26T13:06:29","modified_gmt":"2024-11-26T12:06:29","slug":"my-account","status":"publish","type":"page","link":"https:\/\/rumex.mendelu.cz\/bezpecnost\/?page_id=143","title":{"rendered":"My account"},"content":{"rendered":"\n<div class=\"masteriyo-login-form-wrapper\">\n\t<section class=\"masteriyo-login\">\n\t\t<div class=\"masteriyo-login--wrapper\">\n\t\t\t<h3 class=\"masteriyo-title\">P\u0159ihl\u00e1sit<\/h3>\n\n\t\t\t\n\t\t\t<form id=\"masteriyo-login--form\" class=\"masteriyo-login--form\" method=\"post\">\n\t\t\t\t<input type=\"hidden\" name=\"action\" value=\"masteriyo_login\">\n\t\t\t\t<input type=\"hidden\" name=\"redirect_to\" value=\"https:\/\/rumex.mendelu.cz\/bezpecnost\/index.php?rest_route=%2Fwp%2Fv2%2Fpages%2F143\">\n\n\t\t\t\t<input type=\"hidden\" id=\"_wpnonce\" name=\"_wpnonce\" value=\"92e289e067\" \/><input type=\"hidden\" name=\"_wp_http_referer\" value=\"\/bezpecnost\/index.php?rest_route=%2Fwp%2Fv2%2Fpages%2F143\" \/>\n\t\t\t\t<div class=\"masteriyo-username\">\n\t\t\t\t\t<label for=\"username-email-address\" class=\"masteriyo-label\">U\u017eivatelsk\u00e9 jm\u00e9no nebo E-mail<\/label>\n\t\t\t\t\t<input id=\"username-email-address\" name=\"username\" type=\"text\" required class=\"masteriyo-input\" placeholder=\"\">\n\t\t\t\t<\/div>\n\n\t\t\t\t<div class=\"masteriyo-password\">\n\t\t\t\t\t<label for=\"password\" class=\"masteriyo-label\">Heslo<\/label>\n\t\t\t\t\t<input id=\"password\" class=\"masteriyo-input\" name=\"password\" type=\"password\" autocomplete=\"current-password\" required placeholder=\"\">\n\t\t\t\t<\/div>\n\n\t\t\t\t<div class=\"masteriyo-remember-forgot\">\n\t\t\t\t\t<div class=\"masteriyo-remember-me\">\n\t\t\t\t\t\t<input id=\"remember_me\" name=\"remember_me\" type=\"checkbox\">\n\t\t\t\t\t\t<label for=\"remember_me\">\n\t\t\t\t\t\t\tPamatuj si m\u011b\t\t\t\t\t\t<\/label>\n\t\t\t\t\t<\/div>\n\n\t\t\t\t\t<div class=\"masteriyo-forgot-password\">\n\t\t\t\t\t\t<a href=\"https:\/\/rumex.mendelu.cz\/bezpecnost\/?page_id=143&#038;reset-password\" class=\"masteriyo-link-primary\">\n\t\t\t\t\t\t\tZapomn\u011bli jste sv\u00e9 heslo?\t\t\t\t\t\t<\/a>\n\t\t\t\t\t<\/div>\n\t\t\t\t<\/div>\n\n\t\t\t\t\n\t\t\t\t<div class=\"masteriyo-btn-wrapper\">\n\t\t\t\t\t<button type=\"submit\" class=\"masteriyo-btn masteriyo-btn-primary masteriyo-login-btn\">\n\t\t\t\t\t\tP\u0159ihl\u00e1sit\t\t\t\t\t<\/button>\n\t\t\t\t<\/div>\n\n\t\t\t\t<div id=\"masteriyo-login-error-msg\" class=\"masteriyo-hidden masteriyo-notify-message masteriyo-alert masteriyo-danger-msg\"><\/div>\n\t\t\t<\/form>\n\t\t\t\n\t\t\t<div id=\"masteriyo-session-limit-warning\" class=\"masteriyo-hidden masteriyo-danger-msg masteriyo-alert\">\n\t\t\tRelace limit p\u0159ekro\u010den. <span id=\"clear-sessions-link\" style=\"cursor:pointer; font-weight:500; color:#356bb3\" >Klikn\u011bte zde<\/span> jasn\u00e9 sezen\u00ed.\t\t\t<\/div>\n\n\t\t\t<div id=\"masteriyo-session-limit-clear\" class=\"masteriyo-hidden masteriyo-success-msg masteriyo-alert\">\n\t\t\tVa\u0161e p\u0159ihla\u0161ovac\u00ed relace je zru\u0161eno.\t\t\t<\/div>\n\n\t\t<\/div>\n\t<\/section>\n\n\t\t\t<section class=\"masteriyo-signup\">\n\t\t\t\t\t\t<h3 class=\"masteriyo-title\">Registrovat<\/h3>\n\t\t\t<span>Nem\u00e1te \u00fa\u010det?<\/span>\n\t\t\t<a\n\t\t\t\thref=\"https:\/\/rumex.mendelu.cz\/bezpecnost\/?page_id=143&#038;signup&#038;rest_route=\/wp\/v2\/pages\/143\"\n\t\t\t\tclass=\"masteriyo-btn masteriyo-btn-primary\"\n\t\t\t>\n\t\t\t\tZaregistrujte se jako Student\t\t\t<\/a>\n\t\t<\/section>\n\t<\/div>\n\n\n","protected":false},"excerpt":{"rendered":"","protected":false},"author":1,"featured_media":0,"parent":0,"menu_order":0,"comment_status":"closed","ping_status":"closed","template":"","meta":{"footnotes":""},"class_list":["post-143","page","type-page","status-publish","hentry"],"_links":{"self":[{"href":"https:\/\/rumex.mendelu.cz\/bezpecnost\/index.php?rest_route=\/wp\/v2\/pages\/143","targetHints":{"allow":["GET"]}}],"collection":[{"href":"https:\/\/rumex.mendelu.cz\/bezpecnost\/index.php?rest_route=\/wp\/v2\/pages"}],"about":[{"href":"https:\/\/rumex.mendelu.cz\/bezpecnost\/index.php?rest_route=\/wp\/v2\/types\/page"}],"author":[{"embeddable":true,"href":"https:\/\/rumex.mendelu.cz\/bezpecnost\/index.php?rest_route=\/wp\/v2\/users\/1"}],"replies":[{"embeddable":true,"href":"https:\/\/rumex.mendelu.cz\/bezpecnost\/index.php?rest_route=%2Fwp%2Fv2%2Fcomments&post=143"}],"version-history":[{"count":3,"href":"https:\/\/rumex.mendelu.cz\/bezpecnost\/index.php?rest_route=\/wp\/v2\/pages\/143\/revisions"}],"predecessor-version":[{"id":445,"href":"https:\/\/rumex.mendelu.cz\/bezpecnost\/index.php?rest_route=\/wp\/v2\/pages\/143\/revisions\/445"}],"wp:attachment":[{"href":"https:\/\/rumex.mendelu.cz\/bezpecnost\/index.php?rest_route=%2Fwp%2Fv2%2Fmedia&parent=143"}],"curies":[{"name":"wp","href":"https:\/\/api.w.org\/{rel}","templated":true}]}}