{"id":87,"date":"2019-08-07T18:34:04","date_gmt":"2019-08-07T16:34:04","guid":{"rendered":"http:\/\/rumex.mendelu.cz\/atlasposkozenidrevin\/?page_id=87"},"modified":"2024-11-06T13:31:41","modified_gmt":"2024-11-06T12:31:41","slug":"drevomorka-domaci","status":"publish","type":"page","link":"https:\/\/rumex.mendelu.cz\/atlasposkozenidrevin\/index.php\/drevomorka-domaci\/","title":{"rendered":"d\u0159evomorka dom\u00e1c\u00ed"},"content":{"rendered":"\n<p style=\"text-align:left\" class=\"has-medium-font-size\"><em><strong>Serpula lacrymans<\/strong><\/em><strong> (Wulfen) J. Schr\u00f6t. <\/strong><\/p>\n\n\n\n<p style=\"font-size:19px\"><strong>SYNONYMUM:<\/strong>&nbsp;<em><strong>Merulius lacrymans<\/strong><\/em> <strong>(Wulfen) Schumach.<\/strong><\/p>\n\n\n\n<p><strong>V\u00ddSKYT:<\/strong> nebezpe\u010dn\u00e1 hlavn\u011b v obydlen\u00fdch budov\u00e1ch, por\u016fst\u00e1 opracovan\u00e9 d\u0159evo jehli\u010dnan\u016f i listn\u00e1\u010d\u016f, nach\u00e1z\u00ed se i ve voln\u00e9 p\u0159\u00edrod\u011b.<\/p>\n\n\n\n<p><strong>SYMPTOMY&nbsp;A&nbsp;BIONOMIE:<\/strong> plodnice rozlit\u00e9, 2 a\u017e 10 mm tlust\u00e9, na okraji s vy\u0161\u0161\u00edm b\u011blav\u00fdm plstnat\u00fdm valem, vz\u00e1cn\u011b m\u016f\u017ee vytv\u00e1\u0159et i odst\u00e1vaj\u00edc\u00ed klobouky, rou\u0161ko tvo\u0159eno zlatooran\u017eov\u00fdmi, \u017elutohn\u011bd\u00fdmi a\u017e tmav\u011b \u010dervenohn\u011bd\u00fdmi nebo olivov\u011b hn\u011bd\u00fdmi p\u00f3ry, kter\u00e9 jsou velk\u00e9, otev\u0159en\u00e9 nebo uzav\u0159en\u00e9. Plodnice nar\u016fst\u00e1 velice rychle, ale v\u011bt\u0161inou a\u017e po del\u0161\u00ed dob\u011b kolonizace substr\u00e1tu. Vytv\u00e1\u0159\u00ed tmav\u00e9 myceliov\u00e9 provazce, kter\u00fdmi \u010derp\u00e1 vodu ze vzd\u00e1len\u011bj\u0161\u00edch m\u00edst, tak\u017ee m\u016f\u017ee nar\u016fstat i na relativn\u011b such\u00fdch substr\u00e1tech. M\u00e1 hn\u011bdou, kostkovitou hnilobu.  <\/p>\n\n\n<style type=\"text\/css\">\n#foogallery-gallery-2966 .fg-image { width: 365px; }\n#foogallery-gallery-2966 { --fg-gutter: 10px; }<\/style>\n\t\t\t<div class=\"foogallery foogallery-container foogallery-default foogallery-lightbox-none fg-left fg-default fg-ready fg-light fg-border-thin fg-shadow-outline fg-loading-default fg-loaded-fade-in fg-caption-always fg-hover-fade fg-hover-zoom\" id=\"foogallery-gallery-2966\" data-foogallery=\"{&quot;item&quot;:{&quot;showCaptionTitle&quot;:false,&quot;showCaptionDescription&quot;:true},&quot;lazy&quot;:true}\" style=\"--fg-title-line-clamp: 0; --fg-description-line-clamp: 0;\" >\n\t<div class=\"fg-item fg-type-image fg-idle\"><figure class=\"fg-item-inner\"><a href=\"https:\/\/rumex.mendelu.cz\/atlasposkozenidrevin\/wp-content\/uploads\/2020\/02\/atlas9.jpg\" data-caption-title=\"Plodnice d\u0159evomorky, Brno 2003.\" data-caption-desc=\"Plodnice d\u0159evomorky, Brno 2003.\" data-attachment-id=\"5282\" data-type=\"image\" class=\"fg-thumb\"><span class=\"fg-image-wrap\"><img fetchpriority=\"high\" decoding=\"async\" title=\"Plodnice d\u0159evomorky, Brno 2003.\" width=\"365\" height=\"320\" class=\"skip-lazy fg-image\" data-src-fg=\"https:\/\/rumex.mendelu.cz\/atlasposkozenidrevin\/wp-content\/uploads\/cache\/2020\/02\/atlas9\/2283201243.jpg\" src=\"data:image\/svg+xml,%3Csvg%20xmlns%3D%22http%3A%2F%2Fwww.w3.org%2F2000%2Fsvg%22%20width%3D%22365%22%20height%3D%22320%22%20viewBox%3D%220%200%20365%20320%22%3E%3C%2Fsvg%3E\" loading=\"eager\"><\/span><span class=\"fg-image-overlay\"><\/span><\/a><figcaption class=\"fg-caption\"><div class=\"fg-caption-inner\"><div class=\"fg-caption-desc\">Plodnice d\u0159evomorky, Brno 2003.<\/div><\/div><\/figcaption><\/figure><div class=\"fg-loader\"><\/div><\/div><div class=\"fg-item fg-type-image fg-idle\"><figure class=\"fg-item-inner\"><a href=\"https:\/\/rumex.mendelu.cz\/atlasposkozenidrevin\/wp-content\/uploads\/2020\/02\/atlas8.jpg\" data-caption-title=\"Plodnice d\u0159evomorky, Brno 2009.\" data-caption-desc=\"Plodnice d\u0159evomorky, Brno 2009.\" data-attachment-id=\"5281\" data-type=\"image\" class=\"fg-thumb\"><span class=\"fg-image-wrap\"><img decoding=\"async\" title=\"Plodnice d\u0159evomorky, Brno 2009.\" width=\"365\" height=\"320\" class=\"skip-lazy fg-image\" data-src-fg=\"https:\/\/rumex.mendelu.cz\/atlasposkozenidrevin\/wp-content\/uploads\/cache\/2020\/02\/atlas8\/4150352371.jpg\" src=\"data:image\/svg+xml,%3Csvg%20xmlns%3D%22http%3A%2F%2Fwww.w3.org%2F2000%2Fsvg%22%20width%3D%22365%22%20height%3D%22320%22%20viewBox%3D%220%200%20365%20320%22%3E%3C%2Fsvg%3E\" loading=\"eager\"><\/span><span class=\"fg-image-overlay\"><\/span><\/a><figcaption class=\"fg-caption\"><div class=\"fg-caption-inner\"><div class=\"fg-caption-desc\">Plodnice d\u0159evomorky, Brno 2009.<\/div><\/div><\/figcaption><\/figure><div class=\"fg-loader\"><\/div><\/div><div class=\"fg-item fg-type-image fg-idle\"><figure class=\"fg-item-inner\"><a href=\"https:\/\/rumex.mendelu.cz\/atlasposkozenidrevin\/wp-content\/uploads\/2020\/02\/atlas7.jpg\" data-caption-title=\"Detail plodnice d\u0159evomorky, Brno 2003.\" data-caption-desc=\"Detail plodnice d\u0159evomorky, Brno 2003.\" data-attachment-id=\"5280\" data-type=\"image\" class=\"fg-thumb\"><span class=\"fg-image-wrap\"><img decoding=\"async\" title=\"Detail plodnice d\u0159evomorky, Brno 2003.\" width=\"365\" height=\"320\" class=\"skip-lazy fg-image\" data-src-fg=\"https:\/\/rumex.mendelu.cz\/atlasposkozenidrevin\/wp-content\/uploads\/cache\/2020\/02\/atlas7\/1089854925.jpg\" src=\"data:image\/svg+xml,%3Csvg%20xmlns%3D%22http%3A%2F%2Fwww.w3.org%2F2000%2Fsvg%22%20width%3D%22365%22%20height%3D%22320%22%20viewBox%3D%220%200%20365%20320%22%3E%3C%2Fsvg%3E\" loading=\"eager\"><\/span><span class=\"fg-image-overlay\"><\/span><\/a><figcaption class=\"fg-caption\"><div class=\"fg-caption-inner\"><div class=\"fg-caption-desc\">Detail plodnice d\u0159evomorky, Brno 2003.<\/div><\/div><\/figcaption><\/figure><div class=\"fg-loader\"><\/div><\/div><\/div>\n\n\n\n<p><\/p>\n\n\n\n<p><strong>V\u00ddZNAM&nbsp;A&nbsp;OCHRANA:<\/strong> \u010dast\u00e1 v nev\u011btran\u00fdch m\u00edstnostech, sklepech, budov\u00e1ch, por\u016fst\u00e1 d\u0159evo, d\u0159evot\u0159\u00edsku, pap\u00edr, textilie, zdivo. \u010casto neplod\u00ed, ale rozklad d\u0159eva je p\u0159esto velmi intenzivn\u00ed. Doporu\u010duje se odstran\u011bn\u00ed napaden\u00e9ho materi\u00e1lu a p\u0159edev\u0161\u00edm zdroje vlhkosti.&nbsp;<\/p>\n\n\n<style type=\"text\/css\">\n#foogallery-gallery-2967 .fg-image { width: 365px; }\n#foogallery-gallery-2967 { --fg-gutter: 10px; }<\/style>\n\t\t\t<div class=\"foogallery foogallery-container foogallery-default foogallery-lightbox-none fg-left fg-default fg-ready fg-light fg-border-thin fg-shadow-outline fg-loading-default fg-loaded-fade-in fg-caption-always fg-hover-fade fg-hover-zoom\" id=\"foogallery-gallery-2967\" data-foogallery=\"{&quot;item&quot;:{&quot;showCaptionTitle&quot;:false,&quot;showCaptionDescription&quot;:true},&quot;lazy&quot;:true}\" style=\"--fg-title-line-clamp: 0; --fg-description-line-clamp: 0;\" >\n\t<div class=\"fg-item fg-type-image fg-idle\"><figure class=\"fg-item-inner\"><a href=\"https:\/\/rumex.mendelu.cz\/atlasposkozenidrevin\/wp-content\/uploads\/2020\/01\/P6189156.jpg\" data-caption-title=\"Nar\u016fstaj\u00edc\u00ed mycelium d\u0159evomorky, Brno 2015.\" data-caption-desc=\"Nar\u016fstaj\u00edc\u00ed mycelium d\u0159evomorky, Brno 2015.\" data-attachment-id=\"1155\" data-type=\"image\" class=\"fg-thumb\"><span class=\"fg-image-wrap\"><img decoding=\"async\" title=\"Nar\u016fstaj\u00edc\u00ed mycelium d\u0159evomorky, Brno 2015.\" width=\"365\" height=\"320\" class=\"skip-lazy fg-image\" data-src-fg=\"https:\/\/rumex.mendelu.cz\/atlasposkozenidrevin\/wp-content\/uploads\/cache\/2020\/01\/P6189156\/1116501653.jpg\" src=\"data:image\/svg+xml,%3Csvg%20xmlns%3D%22http%3A%2F%2Fwww.w3.org%2F2000%2Fsvg%22%20width%3D%22365%22%20height%3D%22320%22%20viewBox%3D%220%200%20365%20320%22%3E%3C%2Fsvg%3E\" loading=\"eager\"><\/span><span class=\"fg-image-overlay\"><\/span><\/a><figcaption class=\"fg-caption\"><div class=\"fg-caption-inner\"><div class=\"fg-caption-desc\">Nar\u016fstaj\u00edc\u00ed mycelium d\u0159evomorky, Brno 2015.<\/div><\/div><\/figcaption><\/figure><div class=\"fg-loader\"><\/div><\/div><div class=\"fg-item fg-type-image fg-idle\"><figure class=\"fg-item-inner\"><a href=\"https:\/\/rumex.mendelu.cz\/atlasposkozenidrevin\/wp-content\/uploads\/2020\/02\/IMG_5556.jpg\" data-caption-title=\"Mycelium na prknech podlahy, Brno 2006.\" data-caption-desc=\"Mycelium na prknech podlahy, Brno 2006.\" data-attachment-id=\"5284\" data-type=\"image\" class=\"fg-thumb\"><span class=\"fg-image-wrap\"><img decoding=\"async\" title=\"Mycelium na prknech podlahy, Brno 2006.\" width=\"365\" height=\"320\" class=\"skip-lazy fg-image\" data-src-fg=\"https:\/\/rumex.mendelu.cz\/atlasposkozenidrevin\/wp-content\/uploads\/cache\/2020\/02\/IMG_5556\/3391021333.jpg\" src=\"data:image\/svg+xml,%3Csvg%20xmlns%3D%22http%3A%2F%2Fwww.w3.org%2F2000%2Fsvg%22%20width%3D%22365%22%20height%3D%22320%22%20viewBox%3D%220%200%20365%20320%22%3E%3C%2Fsvg%3E\" loading=\"eager\"><\/span><span class=\"fg-image-overlay\"><\/span><\/a><figcaption class=\"fg-caption\"><div class=\"fg-caption-inner\"><div class=\"fg-caption-desc\">Mycelium na prknech podlahy, Brno 2006.<\/div><\/div><\/figcaption><\/figure><div class=\"fg-loader\"><\/div><\/div><div class=\"fg-item fg-type-image fg-idle\"><figure class=\"fg-item-inner\"><a href=\"https:\/\/rumex.mendelu.cz\/atlasposkozenidrevin\/wp-content\/uploads\/2020\/02\/Serpula_lacrymans_6dni-4.jpg\" data-caption-title=\"Mycelium d\u0159evomorky na agarov\u00e9m m\u00e9diu, laborato\u0159 \u00daOLM LDF Brno 2010.\" data-caption-desc=\"Mycelium d\u0159evomorky na agarov\u00e9m m\u00e9diu, laborato\u0159 \u00daOLM LDF Brno 2010.\" data-attachment-id=\"5285\" data-type=\"image\" class=\"fg-thumb\"><span class=\"fg-image-wrap\"><img decoding=\"async\" title=\"Mycelium d\u0159evomorky na agarov\u00e9m m\u00e9diu, laborato\u0159 \u00daOLM LDF Brno 2010.\" width=\"365\" height=\"320\" class=\"skip-lazy fg-image\" data-src-fg=\"https:\/\/rumex.mendelu.cz\/atlasposkozenidrevin\/wp-content\/uploads\/cache\/2020\/02\/Serpula_lacrymans_6dni-4\/1533649873.jpg\" src=\"data:image\/svg+xml,%3Csvg%20xmlns%3D%22http%3A%2F%2Fwww.w3.org%2F2000%2Fsvg%22%20width%3D%22365%22%20height%3D%22320%22%20viewBox%3D%220%200%20365%20320%22%3E%3C%2Fsvg%3E\" loading=\"eager\"><\/span><span class=\"fg-image-overlay\"><\/span><\/a><figcaption class=\"fg-caption\"><div class=\"fg-caption-inner\"><div class=\"fg-caption-desc\">Mycelium d\u0159evomorky na agarov\u00e9m m\u00e9diu, laborato\u0159 \u00daOLM LDF Brno 2010.<\/div><\/div><\/figcaption><\/figure><div class=\"fg-loader\"><\/div><\/div><\/div>\n\n\n\n<p><\/p>\n","protected":false},"excerpt":{"rendered":"<p>Serpula lacrymans (Wulfen) J. Schr\u00f6t. SYNONYMUM:&nbsp;Merulius lacrymans (Wulfen) Schumach. V\u00ddSKYT: nebezpe\u010dn\u00e1 hlavn\u011b v obydlen\u00fdch budov\u00e1ch, [&hellip;]<\/p>\n","protected":false},"author":2,"featured_media":0,"parent":0,"menu_order":0,"comment_status":"closed","ping_status":"closed","template":"template-full-width.php","meta":{"footnotes":""},"class_list":["post-87","page","type-page","status-publish","hentry"],"_links":{"self":[{"href":"https:\/\/rumex.mendelu.cz\/atlasposkozenidrevin\/index.php\/wp-json\/wp\/v2\/pages\/87","targetHints":{"allow":["GET"]}}],"collection":[{"href":"https:\/\/rumex.mendelu.cz\/atlasposkozenidrevin\/index.php\/wp-json\/wp\/v2\/pages"}],"about":[{"href":"https:\/\/rumex.mendelu.cz\/atlasposkozenidrevin\/index.php\/wp-json\/wp\/v2\/types\/page"}],"author":[{"embeddable":true,"href":"https:\/\/rumex.mendelu.cz\/atlasposkozenidrevin\/index.php\/wp-json\/wp\/v2\/users\/2"}],"replies":[{"embeddable":true,"href":"https:\/\/rumex.mendelu.cz\/atlasposkozenidrevin\/index.php\/wp-json\/wp\/v2\/comments?post=87"}],"version-history":[{"count":7,"href":"https:\/\/rumex.mendelu.cz\/atlasposkozenidrevin\/index.php\/wp-json\/wp\/v2\/pages\/87\/revisions"}],"predecessor-version":[{"id":2979,"href":"https:\/\/rumex.mendelu.cz\/atlasposkozenidrevin\/index.php\/wp-json\/wp\/v2\/pages\/87\/revisions\/2979"}],"wp:attachment":[{"href":"https:\/\/rumex.mendelu.cz\/atlasposkozenidrevin\/index.php\/wp-json\/wp\/v2\/media?parent=87"}],"curies":[{"name":"wp","href":"https:\/\/api.w.org\/{rel}","templated":true}]}}