{"id":776,"date":"2019-08-21T11:13:36","date_gmt":"2019-08-21T09:13:36","guid":{"rendered":"http:\/\/rumex.mendelu.cz\/atlasposkozenidrevin\/?page_id=776"},"modified":"2024-11-06T13:33:17","modified_gmt":"2024-11-06T12:33:17","slug":"skvrnitost-listu-topolu","status":"publish","type":"page","link":"https:\/\/rumex.mendelu.cz\/atlasposkozenidrevin\/index.php\/skvrnitost-listu-topolu\/","title":{"rendered":"skvrnitost list\u016f topolu"},"content":{"rendered":"\n<p style=\"text-align:left\" class=\"has-medium-font-size\"><strong><em>Venturia populina <\/em>(Vuill.) Fabric. <\/strong><\/p>\n\n\n\n<p class=\"has-normal-font-size\"> <strong>SYNONYMUM:<\/strong> <strong><em>Pollaccia elegans<\/em> Servazzi<\/strong><\/p>\n\n\n\n<p><strong>HOSTITELSK\u00c9 D\u0158EVINY<\/strong>: v\u011bt\u0161inou topol osika (<em>Populus tremula<\/em>), ale i ostatn\u00ed druhy topol b\u00edl\u00fd (<em>P. alba<\/em>), t. \u010dern\u00fd (<em>P. nigra<\/em>).<\/p>\n\n\n\n<p><strong>SYMPTOMY A BIONOMIE<\/strong>: v\u00a0literatu\u0159e se pou\u017e\u00edv\u00e1 pro tento typ symptom\u016f term\u00edn \u201eshoot blight\u201c,\u00a0 kdy se termin\u00e1ln\u00ed je\u0161t\u011b nevyzr\u00e1l\u00e9 v\u00fdhony oh\u00fdbaj\u00ed sm\u011brem k\u00a0zemi, hn\u011bdnou a\u017e \u010dernaj\u00ed, stejn\u011b tak i listy hn\u011bdnou a\u017e \u010dernaj\u00ed, v\u011bt\u0161inou neopad\u00e1vaj\u00ed, z\u016fst\u00e1vaj\u00ed seschl\u00e9 na v\u00fdhonech. D\u0159eviny p\u0159est\u00e1vaj\u00ed celkov\u011b p\u0159ir\u016fstat. Patogen p\u0159ezimuje na po\u0161kozen\u00fdch \u010d\u00e1stech, kdy na ja\u0159e na nich nar\u016fstaj\u00ed plodnice \u2013 pseudothecia (vel. do 0,2 mm), obsahuj\u00edc\u00ed askospory. <em>Pollacia <\/em>je anamorfn\u00ed st\u00e1dium, kter\u00e9 vytv\u00e1\u0159\u00ed konidiomata s\u00a0konidiemi, kter\u00fdmi se \u0161\u00ed\u0159\u00ed b\u011bhem vegeta\u010dn\u00ed sez\u00f3ny.<\/p>\n\n\n<style type=\"text\/css\">\n#foogallery-gallery-2946 .fg-image { width: 365px; }\n#foogallery-gallery-2946 { --fg-gutter: 10px; }<\/style>\n\t\t\t<div class=\"foogallery foogallery-container foogallery-default foogallery-lightbox-none fg-left fg-default fg-ready fg-light fg-border-thin fg-shadow-outline fg-loading-default fg-loaded-fade-in fg-caption-always fg-hover-fade fg-hover-zoom\" id=\"foogallery-gallery-2946\" data-foogallery=\"{&quot;item&quot;:{&quot;showCaptionTitle&quot;:false,&quot;showCaptionDescription&quot;:true},&quot;lazy&quot;:true}\" style=\"--fg-title-line-clamp: 0; --fg-description-line-clamp: 0;\" >\n\t<div class=\"fg-item fg-type-image fg-idle\"><figure class=\"fg-item-inner\"><a href=\"https:\/\/rumex.mendelu.cz\/atlasposkozenidrevin\/wp-content\/uploads\/2020\/02\/P6060351.jpg\" data-caption-title=\"Symptomy \u010dern\u00e1n\u00ed list\u016f a letorost\u016f, Arboretum K\u0159tiny 2010.\" data-caption-desc=\"Symptomy \u010dern\u00e1n\u00ed list\u016f a letorost\u016f, Arboretum K\u0159tiny 2010.\" data-attachment-id=\"5386\" data-type=\"image\" class=\"fg-thumb\"><span class=\"fg-image-wrap\"><img fetchpriority=\"high\" decoding=\"async\" title=\"Symptomy \u010dern\u00e1n\u00ed list\u016f a letorost\u016f, Arboretum K\u0159tiny 2010.\" width=\"365\" height=\"320\" class=\"skip-lazy fg-image\" data-src-fg=\"https:\/\/rumex.mendelu.cz\/atlasposkozenidrevin\/wp-content\/uploads\/cache\/2020\/02\/P6060351\/3880409077.jpg\" src=\"data:image\/svg+xml,%3Csvg%20xmlns%3D%22http%3A%2F%2Fwww.w3.org%2F2000%2Fsvg%22%20width%3D%22365%22%20height%3D%22320%22%20viewBox%3D%220%200%20365%20320%22%3E%3C%2Fsvg%3E\" loading=\"eager\"><\/span><span class=\"fg-image-overlay\"><\/span><\/a><figcaption class=\"fg-caption\"><div class=\"fg-caption-inner\"><div class=\"fg-caption-desc\">Symptomy \u010dern\u00e1n\u00ed list\u016f a letorost\u016f, Arboretum K\u0159tiny 2010.<\/div><\/div><\/figcaption><\/figure><div class=\"fg-loader\"><\/div><\/div><div class=\"fg-item fg-type-image fg-idle\"><figure class=\"fg-item-inner\"><a href=\"https:\/\/rumex.mendelu.cz\/atlasposkozenidrevin\/wp-content\/uploads\/2020\/02\/P6060349.jpg\" data-caption-title=\"Symptomy \u010dern\u00e1n\u00ed list\u016f a letorost\u016f, Arboretum K\u0159tiny 2010.\" data-caption-desc=\"Symptomy \u010dern\u00e1n\u00ed list\u016f a letorost\u016f, Arboretum K\u0159tiny 2010.\" data-attachment-id=\"5385\" data-type=\"image\" class=\"fg-thumb\"><span class=\"fg-image-wrap\"><img decoding=\"async\" title=\"Symptomy \u010dern\u00e1n\u00ed list\u016f a letorost\u016f, Arboretum K\u0159tiny 2010.\" width=\"365\" height=\"320\" class=\"skip-lazy fg-image\" data-src-fg=\"https:\/\/rumex.mendelu.cz\/atlasposkozenidrevin\/wp-content\/uploads\/cache\/2020\/02\/P6060349\/3455617252.jpg\" src=\"data:image\/svg+xml,%3Csvg%20xmlns%3D%22http%3A%2F%2Fwww.w3.org%2F2000%2Fsvg%22%20width%3D%22365%22%20height%3D%22320%22%20viewBox%3D%220%200%20365%20320%22%3E%3C%2Fsvg%3E\" loading=\"eager\"><\/span><span class=\"fg-image-overlay\"><\/span><\/a><figcaption class=\"fg-caption\"><div class=\"fg-caption-inner\"><div class=\"fg-caption-desc\">Symptomy \u010dern\u00e1n\u00ed list\u016f a letorost\u016f, Arboretum K\u0159tiny 2010.<\/div><\/div><\/figcaption><\/figure><div class=\"fg-loader\"><\/div><\/div><div class=\"fg-item fg-type-image fg-idle\"><figure class=\"fg-item-inner\"><a href=\"https:\/\/rumex.mendelu.cz\/atlasposkozenidrevin\/wp-content\/uploads\/2020\/02\/P6060345.jpg\" data-caption-title=\"Symptomy \u010dern\u00e1n\u00ed list\u016f a letorost\u016f, Arboretum K\u0159tiny 2010.\" data-caption-desc=\"Symptomy \u010dern\u00e1n\u00ed list\u016f a letorost\u016f, Arboretum K\u0159tiny 2010.\" data-attachment-id=\"5384\" data-type=\"image\" class=\"fg-thumb\"><span class=\"fg-image-wrap\"><img decoding=\"async\" title=\"Symptomy \u010dern\u00e1n\u00ed list\u016f a letorost\u016f, Arboretum K\u0159tiny 2010.\" width=\"365\" height=\"320\" class=\"skip-lazy fg-image\" data-src-fg=\"https:\/\/rumex.mendelu.cz\/atlasposkozenidrevin\/wp-content\/uploads\/cache\/2020\/02\/P6060345\/3226217974.jpg\" src=\"data:image\/svg+xml,%3Csvg%20xmlns%3D%22http%3A%2F%2Fwww.w3.org%2F2000%2Fsvg%22%20width%3D%22365%22%20height%3D%22320%22%20viewBox%3D%220%200%20365%20320%22%3E%3C%2Fsvg%3E\" loading=\"eager\"><\/span><span class=\"fg-image-overlay\"><\/span><\/a><figcaption class=\"fg-caption\"><div class=\"fg-caption-inner\"><div class=\"fg-caption-desc\">Symptomy \u010dern\u00e1n\u00ed list\u016f a letorost\u016f, Arboretum K\u0159tiny 2010.<\/div><\/div><\/figcaption><\/figure><div class=\"fg-loader\"><\/div><\/div><\/div>\n\n\n\n<p><\/p>\n\n\n\n<p><strong>V\u00ddZNAM A OCHRANA:<\/strong> typick\u00e9 je posti\u017een\u00ed mlad\u00fdch d\u0159evin do 10-15 let v\u011bku. Chemick\u00e1 ochrana se v\u011bt\u0161inou neprov\u00e1d\u00ed.<\/p>\n","protected":false},"excerpt":{"rendered":"<p>Venturia populina (Vuill.) Fabric. SYNONYMUM: Pollaccia elegans Servazzi HOSTITELSK\u00c9 D\u0158EVINY: v\u011bt\u0161inou topol osika (Populus tremula), [&hellip;]<\/p>\n","protected":false},"author":2,"featured_media":0,"parent":0,"menu_order":0,"comment_status":"closed","ping_status":"closed","template":"template-full-width.php","meta":{"footnotes":""},"class_list":["post-776","page","type-page","status-publish","hentry"],"_links":{"self":[{"href":"https:\/\/rumex.mendelu.cz\/atlasposkozenidrevin\/index.php\/wp-json\/wp\/v2\/pages\/776","targetHints":{"allow":["GET"]}}],"collection":[{"href":"https:\/\/rumex.mendelu.cz\/atlasposkozenidrevin\/index.php\/wp-json\/wp\/v2\/pages"}],"about":[{"href":"https:\/\/rumex.mendelu.cz\/atlasposkozenidrevin\/index.php\/wp-json\/wp\/v2\/types\/page"}],"author":[{"embeddable":true,"href":"https:\/\/rumex.mendelu.cz\/atlasposkozenidrevin\/index.php\/wp-json\/wp\/v2\/users\/2"}],"replies":[{"embeddable":true,"href":"https:\/\/rumex.mendelu.cz\/atlasposkozenidrevin\/index.php\/wp-json\/wp\/v2\/comments?post=776"}],"version-history":[{"count":3,"href":"https:\/\/rumex.mendelu.cz\/atlasposkozenidrevin\/index.php\/wp-json\/wp\/v2\/pages\/776\/revisions"}],"predecessor-version":[{"id":2948,"href":"https:\/\/rumex.mendelu.cz\/atlasposkozenidrevin\/index.php\/wp-json\/wp\/v2\/pages\/776\/revisions\/2948"}],"wp:attachment":[{"href":"https:\/\/rumex.mendelu.cz\/atlasposkozenidrevin\/index.php\/wp-json\/wp\/v2\/media?parent=776"}],"curies":[{"name":"wp","href":"https:\/\/api.w.org\/{rel}","templated":true}]}}