{"id":769,"date":"2019-08-21T10:58:25","date_gmt":"2019-08-21T08:58:25","guid":{"rendered":"http:\/\/rumex.mendelu.cz\/atlasposkozenidrevin\/?page_id=769"},"modified":"2024-11-06T13:35:20","modified_gmt":"2024-11-06T12:35:20","slug":"listova-skvrnitost-paulovnie","status":"publish","type":"page","link":"https:\/\/rumex.mendelu.cz\/atlasposkozenidrevin\/index.php\/listova-skvrnitost-paulovnie\/","title":{"rendered":"listov\u00e1 skvrnitost paulovnie"},"content":{"rendered":"\n<p style=\"text-align:left\" class=\"has-medium-font-size\"><strong><em>Phyllosticta paulowniana <\/em><\/strong><strong>Sacc. <\/strong><\/p>\n\n\n\n<p><strong>HOSTITELSK\u00c9 D\u0158EVINY:<\/strong> paulovnie plstnat\u00e1 (<em>Paulownia tomentosa<\/em>).<\/p>\n\n\n\n<p><strong>SYMPTOMY A BIONOMIE:<\/strong> asi v polovin\u011b l\u00e9ta a pozd\u011bji se na listech mezi \u017eilnatinou vytv\u00e1\u0159\u00ed zpo\u010d\u00e1tku drobn\u00e9 hn\u011bd\u00e9 a\u017e tmavohn\u011bd\u00e9 skvrny, postupn\u011b se sl\u00e9vaj\u00edc\u00ed ve v\u011bt\u0161\u00ed plochy. Jsou ost\u0159e ohrani\u010den\u00e9, jejich okraj je o n\u011bco tmav\u0161\u00ed ne\u017e st\u0159ed. Postupn\u011b zasychaj\u00ed a listy p\u0159ed\u010dasn\u011b opad\u00e1vaj\u00ed. Plodnice vyr\u016fstaj\u00ed a\u017e na opadan\u00fdch listech, n\u011bkdy ani nedozraj\u00ed. Literatura uv\u00e1d\u00ed spojitost s vlhk\u00fdm pr\u016fb\u011bhem po\u010das\u00ed.<\/p>\n\n\n<style type=\"text\/css\">\n#foogallery-gallery-2935 .fg-image { width: 365px; }\n#foogallery-gallery-2935 { --fg-gutter: 10px; }<\/style>\n\t\t\t<div class=\"foogallery foogallery-container foogallery-default foogallery-lightbox-none fg-left fg-default fg-ready fg-light fg-border-thin fg-shadow-outline fg-loading-default fg-loaded-fade-in fg-caption-always fg-hover-fade fg-hover-zoom\" id=\"foogallery-gallery-2935\" data-foogallery=\"{&quot;item&quot;:{&quot;showCaptionTitle&quot;:false,&quot;showCaptionDescription&quot;:true},&quot;lazy&quot;:true}\" style=\"--fg-title-line-clamp: 0; --fg-description-line-clamp: 0;\" >\n\t<div class=\"fg-item fg-type-image fg-idle\"><figure class=\"fg-item-inner\"><a href=\"https:\/\/rumex.mendelu.cz\/atlasposkozenidrevin\/wp-content\/uploads\/2020\/02\/P9112600.jpg\" data-caption-title=\"Nekrotick\u00e9 skvrny na listech, Brno Mendelu BZA 2006.\" data-caption-desc=\"Nekrotick\u00e9 skvrny na listech, Brno Mendelu BZA 2006.\" data-attachment-id=\"5377\" data-type=\"image\" class=\"fg-thumb\"><span class=\"fg-image-wrap\"><img fetchpriority=\"high\" decoding=\"async\" title=\"Nekrotick\u00e9 skvrny na listech, Brno Mendelu BZA 2006.\" width=\"365\" height=\"320\" class=\"skip-lazy fg-image\" data-src-fg=\"https:\/\/rumex.mendelu.cz\/atlasposkozenidrevin\/wp-content\/uploads\/cache\/2020\/02\/P9112600\/3342616528.jpg\" src=\"data:image\/svg+xml,%3Csvg%20xmlns%3D%22http%3A%2F%2Fwww.w3.org%2F2000%2Fsvg%22%20width%3D%22365%22%20height%3D%22320%22%20viewBox%3D%220%200%20365%20320%22%3E%3C%2Fsvg%3E\" loading=\"eager\"><\/span><span class=\"fg-image-overlay\"><\/span><\/a><figcaption class=\"fg-caption\"><div class=\"fg-caption-inner\"><div class=\"fg-caption-desc\">Nekrotick\u00e9 skvrny na listech, Brno Mendelu BZA 2006.<\/div><\/div><\/figcaption><\/figure><div class=\"fg-loader\"><\/div><\/div><div class=\"fg-item fg-type-image fg-idle\"><figure class=\"fg-item-inner\"><a href=\"https:\/\/rumex.mendelu.cz\/atlasposkozenidrevin\/wp-content\/uploads\/2020\/02\/P9112602.jpg\" data-caption-title=\"Symptomy v korun\u011b stromu , Brno Mendelu BZA 2006.\" data-caption-desc=\"Symptomy v korun\u011b stromu , Brno Mendelu BZA 2006.\" data-attachment-id=\"5378\" data-type=\"image\" class=\"fg-thumb\"><span class=\"fg-image-wrap\"><img decoding=\"async\" title=\"Symptomy v korun\u011b stromu , Brno Mendelu BZA 2006.\" width=\"365\" height=\"320\" class=\"skip-lazy fg-image\" data-src-fg=\"https:\/\/rumex.mendelu.cz\/atlasposkozenidrevin\/wp-content\/uploads\/cache\/2020\/02\/P9112602\/1701109588.jpg\" src=\"data:image\/svg+xml,%3Csvg%20xmlns%3D%22http%3A%2F%2Fwww.w3.org%2F2000%2Fsvg%22%20width%3D%22365%22%20height%3D%22320%22%20viewBox%3D%220%200%20365%20320%22%3E%3C%2Fsvg%3E\" loading=\"eager\"><\/span><span class=\"fg-image-overlay\"><\/span><\/a><figcaption class=\"fg-caption\"><div class=\"fg-caption-inner\"><div class=\"fg-caption-desc\">Symptomy v korun\u011b stromu , Brno Mendelu BZA 2006.<\/div><\/div><\/figcaption><\/figure><div class=\"fg-loader\"><\/div><\/div><div class=\"fg-item fg-type-image fg-idle\"><figure class=\"fg-item-inner\"><a href=\"https:\/\/rumex.mendelu.cz\/atlasposkozenidrevin\/wp-content\/uploads\/2020\/02\/P9112604.jpg\" data-caption-title=\"Nekrotick\u00e9 skvrny na listech, Brno Mendelu BZA 2006.\" data-caption-desc=\"Nekrotick\u00e9 skvrny na listech, Brno Mendelu BZA 2006.\" data-attachment-id=\"5379\" data-type=\"image\" class=\"fg-thumb\"><span class=\"fg-image-wrap\"><img decoding=\"async\" title=\"Nekrotick\u00e9 skvrny na listech, Brno Mendelu BZA 2006.\" width=\"365\" height=\"320\" class=\"skip-lazy fg-image\" data-src-fg=\"https:\/\/rumex.mendelu.cz\/atlasposkozenidrevin\/wp-content\/uploads\/cache\/2020\/02\/P9112604\/4178601614.jpg\" src=\"data:image\/svg+xml,%3Csvg%20xmlns%3D%22http%3A%2F%2Fwww.w3.org%2F2000%2Fsvg%22%20width%3D%22365%22%20height%3D%22320%22%20viewBox%3D%220%200%20365%20320%22%3E%3C%2Fsvg%3E\" loading=\"eager\"><\/span><span class=\"fg-image-overlay\"><\/span><\/a><figcaption class=\"fg-caption\"><div class=\"fg-caption-inner\"><div class=\"fg-caption-desc\">Nekrotick\u00e9 skvrny na listech, Brno Mendelu BZA 2006.<\/div><\/div><\/figcaption><\/figure><div class=\"fg-loader\"><\/div><\/div><\/div>\n\n\n\n<p><\/p>\n\n\n\n<p><strong>V\u00ddZNAM A OCHRANA:<\/strong> jej\u00ed v\u00fdskyt je zaznamen\u00e1n v parc\u00edch, v arboretech, v zahrad\u00e1ch na vzrostl\u00fdch d\u0159evin\u00e1ch. Ve \u0161kolk\u00e1ch se nevyskytuje. Aplikace fungicidu se v\u011bt\u0161inou neprov\u00e1d\u00ed.<\/p>\n\n\n\n<p><strong>MO\u017dNOST Z\u00c1M\u011aNY:<\/strong> z\u00e1m\u011bna s jin\u00fdm patogenem zat\u00edm nezn\u00e1m\u00e1. <\/p>\n","protected":false},"excerpt":{"rendered":"<p>Phyllosticta paulowniana Sacc. HOSTITELSK\u00c9 D\u0158EVINY: paulovnie plstnat\u00e1 (Paulownia tomentosa). SYMPTOMY A BIONOMIE: asi v polovin\u011b [&hellip;]<\/p>\n","protected":false},"author":2,"featured_media":0,"parent":0,"menu_order":0,"comment_status":"closed","ping_status":"closed","template":"template-full-width.php","meta":{"footnotes":""},"class_list":["post-769","page","type-page","status-publish","hentry"],"_links":{"self":[{"href":"https:\/\/rumex.mendelu.cz\/atlasposkozenidrevin\/index.php\/wp-json\/wp\/v2\/pages\/769","targetHints":{"allow":["GET"]}}],"collection":[{"href":"https:\/\/rumex.mendelu.cz\/atlasposkozenidrevin\/index.php\/wp-json\/wp\/v2\/pages"}],"about":[{"href":"https:\/\/rumex.mendelu.cz\/atlasposkozenidrevin\/index.php\/wp-json\/wp\/v2\/types\/page"}],"author":[{"embeddable":true,"href":"https:\/\/rumex.mendelu.cz\/atlasposkozenidrevin\/index.php\/wp-json\/wp\/v2\/users\/2"}],"replies":[{"embeddable":true,"href":"https:\/\/rumex.mendelu.cz\/atlasposkozenidrevin\/index.php\/wp-json\/wp\/v2\/comments?post=769"}],"version-history":[{"count":4,"href":"https:\/\/rumex.mendelu.cz\/atlasposkozenidrevin\/index.php\/wp-json\/wp\/v2\/pages\/769\/revisions"}],"predecessor-version":[{"id":5380,"href":"https:\/\/rumex.mendelu.cz\/atlasposkozenidrevin\/index.php\/wp-json\/wp\/v2\/pages\/769\/revisions\/5380"}],"wp:attachment":[{"href":"https:\/\/rumex.mendelu.cz\/atlasposkozenidrevin\/index.php\/wp-json\/wp\/v2\/media?parent=769"}],"curies":[{"name":"wp","href":"https:\/\/api.w.org\/{rel}","templated":true}]}}