{"id":763,"date":"2019-08-21T10:53:17","date_gmt":"2019-08-21T08:53:17","guid":{"rendered":"http:\/\/rumex.mendelu.cz\/atlasposkozenidrevin\/?page_id=763"},"modified":"2024-11-07T09:28:53","modified_gmt":"2024-11-07T08:28:53","slug":"antraknoza-pamelniku","status":"publish","type":"page","link":"https:\/\/rumex.mendelu.cz\/atlasposkozenidrevin\/index.php\/antraknoza-pamelniku\/","title":{"rendered":"antrakn\u00f3za p\u00e1meln\u00edku"},"content":{"rendered":"\n<p class=\"has-text-align-left has-medium-font-size\"><strong><em>Sphaceloma symphoricarpi <\/em>Barrus &amp; Horsfall  <\/strong><\/p>\n\n\n\n<p><strong>HOSTITELSK\u00c9 D\u0158EVINY:<\/strong><em> <\/em>p\u00e1meln\u00edk b\u00edl\u00fd (<em>Symphoricarpos albus<\/em>),<em> S. albus&nbsp; <\/em>var.<em> laevigata, <\/em>p\u00e1meln\u00edk \u010derven\u00fd (<em>S. orbicullatus<\/em>).<\/p>\n\n\n\n<p><strong>SYMPTOMY A BIONOMIE:<\/strong> v&nbsp;letn\u00edm obdob\u00ed na listech zpo\u010d\u00e1tku drobn\u00e9 hn\u011bd\u00e9 a\u017e tmavohn\u011bd\u00e9 skvrny, postupn\u011b se sl\u00e9vaj\u00edc\u00ed ve v\u011bt\u0161\u00ed plochy, na v\u011btvi\u010dk\u00e1ch nekrotick\u00e9 l\u00e9ze, jejich zasych\u00e1n\u00ed, skvrny se vyskytuj\u00ed i na vyv\u00edjej\u00edc\u00edch se bobul\u00edch. Patogen p\u0159ezimuje v&nbsp;napaden\u00fdch nadzemn\u00edch \u010d\u00e1stech a hlavn\u011b v infikovan\u00e9m list\u00ed. Na ja\u0159e se na listech po\u010d\u00e1tkem l\u00e9ta vyv\u00edj\u00ed drobn\u00e9 hn\u011bd\u00e9 skvrny, kter\u00e9 \u0161ednou a od st\u0159edn\u00ed \u010d\u00e1sti se trhaj\u00ed. Pozvolna se zv\u011bt\u0161uj\u00ed a spojuj\u00ed v&nbsp;nepravideln\u00e9 odum\u00edraj\u00edc\u00ed plochy. Listy jsou deformovan\u00e9, mohou p\u0159ed\u010dasn\u011b opad\u00e1vat, posti\u017eeny stejn\u00fdm zp\u016fsobem jsou kv\u011bty, pupeny a v\u00fdhony. Na plodech se vyv\u00edj\u00ed okrouhl\u00e9, m\u00edrn\u011b pono\u0159en\u00e9, hn\u011bd\u00e9 l\u00e9ze, zp\u016fsobuj\u00edc\u00ed nepravideln\u00fd r\u016fst bobul\u00ed. Plodnice vyr\u016fstaj\u00ed na v\u0161ech posti\u017een\u00fdch \u010d\u00e1stech a obsahuj\u00ed jedno a\u017e dvoubun\u011b\u010dn\u00e9 konidie, pr\u016fhledn\u00e9, ov\u00e1ln\u00e9ho a\u017e vej\u010dit\u00e9ho tvaru. Ke\u0159e v\u011bt\u0161inou \u0161patn\u011b p\u0159ezimuj\u00ed, \u010dasto se po\u0161kozen\u00ed spoj\u00ed i se symptomy z&nbsp;nedostatku vody.<\/p>\n\n\n<style type=\"text\/css\">\n#foogallery-gallery-2927 .fg-image { width: 365px; }\n#foogallery-gallery-2927 { --fg-gutter: 10px; }<\/style>\n\t\t\t<div class=\"foogallery foogallery-container foogallery-default foogallery-lightbox-none fg-left fg-default fg-ready fg-light fg-border-thin fg-shadow-outline fg-loading-default fg-loaded-fade-in fg-caption-always fg-hover-fade fg-hover-zoom\" id=\"foogallery-gallery-2927\" data-foogallery=\"{&quot;item&quot;:{&quot;showCaptionTitle&quot;:false,&quot;showCaptionDescription&quot;:true},&quot;lazy&quot;:true}\" style=\"--fg-title-line-clamp: 0; --fg-description-line-clamp: 0;\" >\n\t<div class=\"fg-item fg-type-image fg-idle\"><figure class=\"fg-item-inner\"><a href=\"https:\/\/rumex.mendelu.cz\/atlasposkozenidrevin\/wp-content\/uploads\/2020\/02\/sphaceoloma13-1.jpg\" data-caption-title=\"Nekrotick\u00e9 skvrny na listech p\u00e1meln\u00edku, Brno Lu\u017e\u00e1nky park 2010.\" data-caption-desc=\"Nekrotick\u00e9 skvrny na listech p\u00e1meln\u00edku, Brno Lu\u017e\u00e1nky park 2010.\" data-attachment-id=\"5369\" data-type=\"image\" class=\"fg-thumb\"><span class=\"fg-image-wrap\"><img fetchpriority=\"high\" decoding=\"async\" title=\"Nekrotick\u00e9 skvrny na listech p\u00e1meln\u00edku, Brno Lu\u017e\u00e1nky park 2010.\" width=\"365\" height=\"320\" class=\"skip-lazy fg-image\" data-src-fg=\"https:\/\/rumex.mendelu.cz\/atlasposkozenidrevin\/wp-content\/uploads\/cache\/2020\/02\/sphaceoloma13-1\/2050614861.jpg\" src=\"data:image\/svg+xml,%3Csvg%20xmlns%3D%22http%3A%2F%2Fwww.w3.org%2F2000%2Fsvg%22%20width%3D%22365%22%20height%3D%22320%22%20viewBox%3D%220%200%20365%20320%22%3E%3C%2Fsvg%3E\" loading=\"eager\"><\/span><span class=\"fg-image-overlay\"><\/span><\/a><figcaption class=\"fg-caption\"><div class=\"fg-caption-inner\"><div class=\"fg-caption-desc\">Nekrotick\u00e9 skvrny na listech p\u00e1meln\u00edku, Brno Lu\u017e\u00e1nky park 2010.<\/div><\/div><\/figcaption><\/figure><div class=\"fg-loader\"><\/div><\/div><div class=\"fg-item fg-type-image fg-idle\"><figure class=\"fg-item-inner\"><a href=\"https:\/\/rumex.mendelu.cz\/atlasposkozenidrevin\/wp-content\/uploads\/2020\/02\/sphaceoloma6.jpg\" data-caption-title=\"Hn\u011bd\u00e9 l\u00e9ze na bobul\u00edch p\u00e1meln\u00edku, Brno Lu\u017e\u00e1nky park 2010.\" data-caption-desc=\"Hn\u011bd\u00e9 l\u00e9ze na bobul\u00edch p\u00e1meln\u00edku, Brno Lu\u017e\u00e1nky park 2010.\" data-attachment-id=\"5368\" data-type=\"image\" class=\"fg-thumb\"><span class=\"fg-image-wrap\"><img decoding=\"async\" title=\"Hn\u011bd\u00e9 l\u00e9ze na bobul\u00edch p\u00e1meln\u00edku, Brno Lu\u017e\u00e1nky park 2010.\" width=\"365\" height=\"320\" class=\"skip-lazy fg-image\" data-src-fg=\"https:\/\/rumex.mendelu.cz\/atlasposkozenidrevin\/wp-content\/uploads\/cache\/2020\/02\/sphaceoloma6\/1881225904.jpg\" src=\"data:image\/svg+xml,%3Csvg%20xmlns%3D%22http%3A%2F%2Fwww.w3.org%2F2000%2Fsvg%22%20width%3D%22365%22%20height%3D%22320%22%20viewBox%3D%220%200%20365%20320%22%3E%3C%2Fsvg%3E\" loading=\"eager\"><\/span><span class=\"fg-image-overlay\"><\/span><\/a><figcaption class=\"fg-caption\"><div class=\"fg-caption-inner\"><div class=\"fg-caption-desc\">Hn\u011bd\u00e9 l\u00e9ze na bobul\u00edch p\u00e1meln\u00edku, Brno Lu\u017e\u00e1nky park 2010.<\/div><\/div><\/figcaption><\/figure><div class=\"fg-loader\"><\/div><\/div><div class=\"fg-item fg-type-image fg-idle\"><figure class=\"fg-item-inner\"><a href=\"https:\/\/rumex.mendelu.cz\/atlasposkozenidrevin\/wp-content\/uploads\/2020\/02\/sphaceoloma3.jpg\" data-caption-title=\"Symptomy po\u0161kozen\u00ed na ke\u0159i p\u00e1meln\u00edku, Brno Lu\u017e\u00e1nky park 2010.\" data-caption-desc=\"Symptomy po\u0161kozen\u00ed na ke\u0159i p\u00e1meln\u00edku, Brno Lu\u017e\u00e1nky park 2010.\" data-attachment-id=\"5367\" data-type=\"image\" class=\"fg-thumb\"><span class=\"fg-image-wrap\"><img decoding=\"async\" title=\"Symptomy po\u0161kozen\u00ed na ke\u0159i p\u00e1meln\u00edku, Brno Lu\u017e\u00e1nky park 2010.\" width=\"365\" height=\"320\" class=\"skip-lazy fg-image\" data-src-fg=\"https:\/\/rumex.mendelu.cz\/atlasposkozenidrevin\/wp-content\/uploads\/cache\/2020\/02\/sphaceoloma3\/259749879.jpg\" src=\"data:image\/svg+xml,%3Csvg%20xmlns%3D%22http%3A%2F%2Fwww.w3.org%2F2000%2Fsvg%22%20width%3D%22365%22%20height%3D%22320%22%20viewBox%3D%220%200%20365%20320%22%3E%3C%2Fsvg%3E\" loading=\"eager\"><\/span><span class=\"fg-image-overlay\"><\/span><\/a><figcaption class=\"fg-caption\"><div class=\"fg-caption-inner\"><div class=\"fg-caption-desc\">Symptomy po\u0161kozen\u00ed na ke\u0159i p\u00e1meln\u00edku, Brno Lu\u017e\u00e1nky park 2010.<\/div><\/div><\/figcaption><\/figure><div class=\"fg-loader\"><\/div><\/div><\/div>\n\n\n\n<p><\/p>\n\n\n\n<p><strong>V\u00ddZNAM A OCHRANA:<\/strong> velmi roz\u0161\u00ed\u0159en\u00e1 choroba, jej\u00ed v\u00fdskyt je zaznamen\u00e1n v&nbsp;okrasn\u00fdch v\u00fdsadb\u00e1ch \u2013 v parc\u00edch, zahrad\u00e1ch, v\u00fdznamn\u00e9 je i estetick\u00e9 po\u0161kozen\u00ed, ve \u0161kolk\u00e1ch se nevyskytuje. Prevence je v odstran\u011bn\u00ed napaden\u00fdch \u010d\u00e1st\u00ed, v&nbsp;p\u0159\u00edpad\u011b opakuj\u00edc\u00ed se infekce aplikace fungicidu hned p\u0159i prvn\u00edch p\u0159\u00edznac\u00edch.<\/p>\n\n\n\n<p><strong>MO\u017dNOST Z\u00c1M\u011aNY:<\/strong> velmi typick\u00e9 symptomy, z\u00e1m\u011bna t\u00e9m\u011b\u0159 vylou\u010dena. <\/p>\n","protected":false},"excerpt":{"rendered":"<p>Sphaceloma symphoricarpi Barrus &amp; Horsfall HOSTITELSK\u00c9 D\u0158EVINY: p\u00e1meln\u00edk b\u00edl\u00fd (Symphoricarpos albus), S. albus&nbsp; var. laevigata, [&hellip;]<\/p>\n","protected":false},"author":2,"featured_media":0,"parent":0,"menu_order":0,"comment_status":"closed","ping_status":"closed","template":"template-full-width.php","meta":{"footnotes":""},"class_list":["post-763","page","type-page","status-publish","hentry"],"_links":{"self":[{"href":"https:\/\/rumex.mendelu.cz\/atlasposkozenidrevin\/index.php\/wp-json\/wp\/v2\/pages\/763","targetHints":{"allow":["GET"]}}],"collection":[{"href":"https:\/\/rumex.mendelu.cz\/atlasposkozenidrevin\/index.php\/wp-json\/wp\/v2\/pages"}],"about":[{"href":"https:\/\/rumex.mendelu.cz\/atlasposkozenidrevin\/index.php\/wp-json\/wp\/v2\/types\/page"}],"author":[{"embeddable":true,"href":"https:\/\/rumex.mendelu.cz\/atlasposkozenidrevin\/index.php\/wp-json\/wp\/v2\/users\/2"}],"replies":[{"embeddable":true,"href":"https:\/\/rumex.mendelu.cz\/atlasposkozenidrevin\/index.php\/wp-json\/wp\/v2\/comments?post=763"}],"version-history":[{"count":7,"href":"https:\/\/rumex.mendelu.cz\/atlasposkozenidrevin\/index.php\/wp-json\/wp\/v2\/pages\/763\/revisions"}],"predecessor-version":[{"id":4333,"href":"https:\/\/rumex.mendelu.cz\/atlasposkozenidrevin\/index.php\/wp-json\/wp\/v2\/pages\/763\/revisions\/4333"}],"wp:attachment":[{"href":"https:\/\/rumex.mendelu.cz\/atlasposkozenidrevin\/index.php\/wp-json\/wp\/v2\/media?parent=763"}],"curies":[{"name":"wp","href":"https:\/\/api.w.org\/{rel}","templated":true}]}}