{"id":754,"date":"2019-08-21T10:44:36","date_gmt":"2019-08-21T08:44:36","guid":{"rendered":"http:\/\/rumex.mendelu.cz\/atlasposkozenidrevin\/?page_id=754"},"modified":"2024-11-06T13:35:20","modified_gmt":"2024-11-06T12:35:20","slug":"listova-skvrnitost-habru","status":"publish","type":"page","link":"https:\/\/rumex.mendelu.cz\/atlasposkozenidrevin\/index.php\/listova-skvrnitost-habru\/","title":{"rendered":"listov\u00e1 skvrnitost habru"},"content":{"rendered":"\n<p style=\"text-align:left\" class=\"has-medium-font-size\"><strong><em>Gloeosporium carpini <\/em><\/strong><strong>(Lib.) Desm. <\/strong><\/p>\n\n\n\n<p class=\"has-normal-font-size\">Teleomorfa:  <strong><em>Gloeosporium carpini <\/em>(Lib.) Desm.<\/strong><br>Anamorfa: <strong><em>Asteroma carpini <\/em>(Lib.) B. Sutton<\/strong><\/p>\n\n\n\n<p><strong>SYNONYMUM:<\/strong> <strong><em>Leptothyrium carpini, Cylindrosporella carpini<\/em><\/strong><\/p>\n\n\n\n<p><strong>HOSTITELSK\u00c9 D\u0158EVINY: <\/strong>habr obecn\u00fd (<em>Carpinus betulus<\/em>) a jeho kultivary<\/p>\n\n\n\n<p><strong>SYMPTOMY A BIONOMIE:<\/strong> v&nbsp;polovin\u011b l\u00e9ta, za\u010d\u00e1tkem podzimu se na listech vyv\u00edjej\u00ed typick\u00e9 hn\u011bd\u00e9 a\u017e hn\u011bdo\u010dern\u00e9 skvrny, nepravideln\u00e9ho tvaru, pozd\u011bji v&nbsp;nich nar\u016fstaj\u00ed drobn\u00e9 plodnice anamorfn\u00edho st\u00e1dia&nbsp; \u2013&nbsp; acervuli, obsahuj\u00edc\u00ed konidie, tvarem&nbsp; rohl\u00ed\u010dkovit\u00e9, podlouhl\u00e9, m\u00edrn\u011b zahnut\u00e9, pr\u016fhledn\u00e9 (vel. 7,5-13,5 x 1-1,5 \u00b5m). Houba p\u0159ezimuje na&nbsp;opadan\u00e9m list\u00ed.<\/p>\n\n\n<style type=\"text\/css\">\n#foogallery-gallery-2908 .fg-image { width: 365px; }\n#foogallery-gallery-2908 { --fg-gutter: 10px; }<\/style>\n\t\t\t<div class=\"foogallery foogallery-container foogallery-default foogallery-lightbox-none fg-left fg-default fg-ready fg-light fg-border-thin fg-shadow-outline fg-loading-default fg-loaded-fade-in fg-caption-always fg-hover-fade fg-hover-zoom\" id=\"foogallery-gallery-2908\" data-foogallery=\"{&quot;item&quot;:{&quot;showCaptionTitle&quot;:false,&quot;showCaptionDescription&quot;:true},&quot;lazy&quot;:true}\" style=\"--fg-title-line-clamp: 0; --fg-description-line-clamp: 0;\" >\n\t<div class=\"fg-item fg-type-image fg-idle\"><figure class=\"fg-item-inner\"><a href=\"https:\/\/rumex.mendelu.cz\/atlasposkozenidrevin\/wp-content\/uploads\/2020\/01\/PA084335.jpg\" data-caption-title=\"Symptomy na listech habru,  Brno park Lu\u017e\u00e1nky 2018.\" data-caption-desc=\"Symptomy na listech habru,  Brno park Lu\u017e\u00e1nky 2018.\" data-attachment-id=\"1187\" data-type=\"image\" class=\"fg-thumb\"><span class=\"fg-image-wrap\"><img fetchpriority=\"high\" decoding=\"async\" title=\"Symptomy na listech habru,  Brno park Lu\u017e\u00e1nky 2018.\" width=\"365\" height=\"320\" class=\"skip-lazy fg-image\" data-src-fg=\"https:\/\/rumex.mendelu.cz\/atlasposkozenidrevin\/wp-content\/uploads\/cache\/2020\/01\/PA084335\/538271515.jpg\" src=\"data:image\/svg+xml,%3Csvg%20xmlns%3D%22http%3A%2F%2Fwww.w3.org%2F2000%2Fsvg%22%20width%3D%22365%22%20height%3D%22320%22%20viewBox%3D%220%200%20365%20320%22%3E%3C%2Fsvg%3E\" loading=\"eager\"><\/span><span class=\"fg-image-overlay\"><\/span><\/a><figcaption class=\"fg-caption\"><div class=\"fg-caption-inner\"><div class=\"fg-caption-desc\">Symptomy na listech habru,  Brno park Lu\u017e\u00e1nky 2018.<\/div><\/div><\/figcaption><\/figure><div class=\"fg-loader\"><\/div><\/div><div class=\"fg-item fg-type-image fg-idle\"><figure class=\"fg-item-inner\"><a href=\"https:\/\/rumex.mendelu.cz\/atlasposkozenidrevin\/wp-content\/uploads\/2020\/02\/asteroma_carpiny_BZA4.jpg\" data-caption-title=\"Symptomy na listech habru, Brno Lu\u017e\u00e1nky park 2012.\" data-caption-desc=\"Symptomy na listech habru, Brno Lu\u017e\u00e1nky park 2012.\" data-attachment-id=\"5358\" data-type=\"image\" class=\"fg-thumb\"><span class=\"fg-image-wrap\"><img decoding=\"async\" title=\"Symptomy na listech habru, Brno Lu\u017e\u00e1nky park 2012.\" width=\"365\" height=\"320\" class=\"skip-lazy fg-image\" data-src-fg=\"https:\/\/rumex.mendelu.cz\/atlasposkozenidrevin\/wp-content\/uploads\/cache\/2020\/02\/asteroma_carpiny_BZA4\/142834147.jpg\" src=\"data:image\/svg+xml,%3Csvg%20xmlns%3D%22http%3A%2F%2Fwww.w3.org%2F2000%2Fsvg%22%20width%3D%22365%22%20height%3D%22320%22%20viewBox%3D%220%200%20365%20320%22%3E%3C%2Fsvg%3E\" loading=\"eager\"><\/span><span class=\"fg-image-overlay\"><\/span><\/a><figcaption class=\"fg-caption\"><div class=\"fg-caption-inner\"><div class=\"fg-caption-desc\">Symptomy na listech habru, Brno Lu\u017e\u00e1nky park 2012.<\/div><\/div><\/figcaption><\/figure><div class=\"fg-loader\"><\/div><\/div><div class=\"fg-item fg-type-image fg-idle\"><figure class=\"fg-item-inner\"><a href=\"https:\/\/rumex.mendelu.cz\/atlasposkozenidrevin\/wp-content\/uploads\/2020\/02\/Asteroma_carpinus-2.jpg\" data-caption-title=\"Symptomy na listech habru, Brno Lu\u017e\u00e1nky park 2012.\" data-caption-desc=\"Symptomy na listech habru, Brno Lu\u017e\u00e1nky park 2012.\" data-attachment-id=\"5357\" data-type=\"image\" class=\"fg-thumb\"><span class=\"fg-image-wrap\"><img decoding=\"async\" title=\"Symptomy na listech habru, Brno Lu\u017e\u00e1nky park 2012.\" width=\"365\" height=\"320\" class=\"skip-lazy fg-image\" data-src-fg=\"https:\/\/rumex.mendelu.cz\/atlasposkozenidrevin\/wp-content\/uploads\/cache\/2020\/02\/Asteroma_carpinus-2\/3627436033.jpg\" src=\"data:image\/svg+xml,%3Csvg%20xmlns%3D%22http%3A%2F%2Fwww.w3.org%2F2000%2Fsvg%22%20width%3D%22365%22%20height%3D%22320%22%20viewBox%3D%220%200%20365%20320%22%3E%3C%2Fsvg%3E\" loading=\"eager\"><\/span><span class=\"fg-image-overlay\"><\/span><\/a><figcaption class=\"fg-caption\"><div class=\"fg-caption-inner\"><div class=\"fg-caption-desc\">Symptomy na listech habru, Brno Lu\u017e\u00e1nky park 2012.<\/div><\/div><\/figcaption><\/figure><div class=\"fg-loader\"><\/div><\/div><\/div>\n\n\n<style type=\"text\/css\">\n#foogallery-gallery-2912 .fg-image { width: 560px; }\n#foogallery-gallery-2912 { --fg-gutter: 10px; }<\/style>\n\t\t\t<div class=\"foogallery foogallery-container foogallery-default foogallery-lightbox-none fg-left fg-default fg-ready fg-light fg-border-thin fg-shadow-outline fg-loading-default fg-loaded-fade-in fg-caption-always fg-hover-fade fg-hover-zoom\" id=\"foogallery-gallery-2912\" data-foogallery=\"{&quot;item&quot;:{&quot;showCaptionTitle&quot;:false,&quot;showCaptionDescription&quot;:true},&quot;lazy&quot;:true}\" style=\"--fg-title-line-clamp: 0; --fg-description-line-clamp: 0;\" >\n\t<\/div>\n\n\n\n<p><\/p>\n\n\n\n<p><strong>V\u00ddZNAM A OCHRANA: <\/strong>vyskytuje se ve v\u0161ech v\u011bkov\u00fdch t\u0159\u00edd\u00e1ch, v\u010detn\u011b semen\u00e1\u010dk\u016f, pokud jsou prvn\u00ed p\u0159\u00edznaky pozorov\u00e1ny a\u017e na podzim, nen\u00ed jej\u00ed v\u00fdskyt pova\u017eov\u00e1n za patogenn\u00ed. Pokud se objev\u00ed d\u0159\u00edve, souvis\u00ed v\u011bt\u0161inou s&nbsp;p\u0159\u00edsu\u0161kem anebo jin\u00fdm po\u0161kozen\u00edm.<\/p>\n\n\n\n<p><strong>MO\u017dNOST Z\u00c1M\u011aNY:<\/strong> p\u0159\u00edznaky jsou velmi typick\u00e9, z\u00e1m\u011bna vylou\u010dena. <\/p>\n","protected":false},"excerpt":{"rendered":"<p>Gloeosporium carpini (Lib.) Desm. Teleomorfa: Gloeosporium carpini (Lib.) Desm.Anamorfa: Asteroma carpini (Lib.) B. Sutton SYNONYMUM: [&hellip;]<\/p>\n","protected":false},"author":2,"featured_media":0,"parent":0,"menu_order":0,"comment_status":"closed","ping_status":"closed","template":"template-full-width.php","meta":{"footnotes":""},"class_list":["post-754","page","type-page","status-publish","hentry"],"_links":{"self":[{"href":"https:\/\/rumex.mendelu.cz\/atlasposkozenidrevin\/index.php\/wp-json\/wp\/v2\/pages\/754","targetHints":{"allow":["GET"]}}],"collection":[{"href":"https:\/\/rumex.mendelu.cz\/atlasposkozenidrevin\/index.php\/wp-json\/wp\/v2\/pages"}],"about":[{"href":"https:\/\/rumex.mendelu.cz\/atlasposkozenidrevin\/index.php\/wp-json\/wp\/v2\/types\/page"}],"author":[{"embeddable":true,"href":"https:\/\/rumex.mendelu.cz\/atlasposkozenidrevin\/index.php\/wp-json\/wp\/v2\/users\/2"}],"replies":[{"embeddable":true,"href":"https:\/\/rumex.mendelu.cz\/atlasposkozenidrevin\/index.php\/wp-json\/wp\/v2\/comments?post=754"}],"version-history":[{"count":4,"href":"https:\/\/rumex.mendelu.cz\/atlasposkozenidrevin\/index.php\/wp-json\/wp\/v2\/pages\/754\/revisions"}],"predecessor-version":[{"id":2914,"href":"https:\/\/rumex.mendelu.cz\/atlasposkozenidrevin\/index.php\/wp-json\/wp\/v2\/pages\/754\/revisions\/2914"}],"wp:attachment":[{"href":"https:\/\/rumex.mendelu.cz\/atlasposkozenidrevin\/index.php\/wp-json\/wp\/v2\/media?parent=754"}],"curies":[{"name":"wp","href":"https:\/\/api.w.org\/{rel}","templated":true}]}}