{"id":751,"date":"2019-08-21T10:40:33","date_gmt":"2019-08-21T08:40:33","guid":{"rendered":"http:\/\/rumex.mendelu.cz\/atlasposkozenidrevin\/?page_id=751"},"modified":"2024-11-06T13:24:27","modified_gmt":"2024-11-06T12:24:27","slug":"bila-listova-skvrnitost-javoru","status":"publish","type":"page","link":"https:\/\/rumex.mendelu.cz\/atlasposkozenidrevin\/index.php\/bila-listova-skvrnitost-javoru\/","title":{"rendered":"b\u00edl\u00e1 listov\u00e1 skvrnitost javoru"},"content":{"rendered":"\n<p style=\"text-align:left\" class=\"has-medium-font-size\"><strong><em>Cristulariella depraedans <\/em>(Cooke) H\u00f6hn.<em> <\/em><\/strong><\/p>\n\n\n\n<p><strong>HOSTITELSK\u00c9 D\u0158EVINY:<\/strong><em> <\/em>javor klen (<em>Acer pseudoplatanus<\/em>)<\/p>\n\n\n\n<p><strong>SYMPTOMY A BIONOMIE:<\/strong> b\u00edl\u00e9 ohrani\u010den\u00e9 skvrny na listov\u00fdch \u010depel\u00edch, v&nbsp;jejich st\u0159edn\u00ed \u010d\u00e1sti na spodn\u00ed stran\u011b list\u016f nar\u016fstaj\u00ed konidiofory s&nbsp;konidiemi, maj\u00ed tvar \u0161pendl\u00edkov\u00e9&nbsp; hlavi\u010dky (vel. 0,1 a\u017e 0,2 mm), tvarov\u011b jsou okrouhl\u00e9, velikostn\u011b stejn\u00e9, v\u017edy ve v\u011bt\u0161\u00edm po\u010dtu, houba p\u0159ezimuje na opadan\u00fdch listech v&nbsp;podob\u011b \u010dern\u00fdch skleroci\u00ed.<\/p>\n\n\n<style type=\"text\/css\">\n#foogallery-gallery-2904 .fg-image { width: 560px; }\n#foogallery-gallery-2904 { --fg-gutter: 10px; }<\/style>\n\t\t\t<div class=\"foogallery foogallery-container foogallery-default foogallery-lightbox-none fg-left fg-default fg-ready fg-light fg-border-thin fg-shadow-outline fg-loading-default fg-loaded-fade-in fg-caption-always fg-hover-fade fg-hover-zoom\" id=\"foogallery-gallery-2904\" data-foogallery=\"{&quot;item&quot;:{&quot;showCaptionTitle&quot;:false,&quot;showCaptionDescription&quot;:true},&quot;lazy&quot;:true}\" style=\"--fg-title-line-clamp: 0; --fg-description-line-clamp: 0;\" >\n\t<div class=\"fg-item fg-type-image fg-idle\"><figure class=\"fg-item-inner\"><a href=\"https:\/\/rumex.mendelu.cz\/atlasposkozenidrevin\/wp-content\/uploads\/2020\/01\/P814335814082010_01.jpg\" data-caption-title=\"Symptomy na listech javoru klenu, Brno Sob\u011b\u0161ice 2006.\" data-caption-desc=\"Symptomy na listech javoru klenu, Brno Sob\u011b\u0161ice 2006.\" data-attachment-id=\"1184\" data-type=\"image\" class=\"fg-thumb\"><span class=\"fg-image-wrap\"><img fetchpriority=\"high\" decoding=\"async\" title=\"Symptomy na listech javoru klenu, Brno Sob\u011b\u0161ice 2006.\" width=\"560\" height=\"430\" class=\"skip-lazy fg-image\" data-src-fg=\"https:\/\/rumex.mendelu.cz\/atlasposkozenidrevin\/wp-content\/uploads\/cache\/2020\/01\/P814335814082010_01\/1071554604.jpg\" src=\"data:image\/svg+xml,%3Csvg%20xmlns%3D%22http%3A%2F%2Fwww.w3.org%2F2000%2Fsvg%22%20width%3D%22560%22%20height%3D%22430%22%20viewBox%3D%220%200%20560%20430%22%3E%3C%2Fsvg%3E\" loading=\"eager\"><\/span><span class=\"fg-image-overlay\"><\/span><\/a><figcaption class=\"fg-caption\"><div class=\"fg-caption-inner\"><div class=\"fg-caption-desc\">Symptomy na listech javoru klenu, Brno Sob\u011b\u0161ice 2006.<\/div><\/div><\/figcaption><\/figure><div class=\"fg-loader\"><\/div><\/div><div class=\"fg-item fg-type-image fg-idle\"><figure class=\"fg-item-inner\"><a href=\"https:\/\/rumex.mendelu.cz\/atlasposkozenidrevin\/wp-content\/uploads\/2020\/01\/P816408716082010_05.jpg\" data-caption-title=\"Detail skvrn na listech, Brno Sob\u011b\u0161ice 2006.\" data-caption-desc=\"Detail skvrn na listech, Brno Sob\u011b\u0161ice 2006.\" data-attachment-id=\"1183\" data-type=\"image\" class=\"fg-thumb\"><span class=\"fg-image-wrap\"><img decoding=\"async\" title=\"Detail skvrn na listech, Brno Sob\u011b\u0161ice 2006.\" width=\"560\" height=\"430\" class=\"skip-lazy fg-image\" data-src-fg=\"https:\/\/rumex.mendelu.cz\/atlasposkozenidrevin\/wp-content\/uploads\/cache\/2020\/01\/P816408716082010_05\/585699539.jpg\" src=\"data:image\/svg+xml,%3Csvg%20xmlns%3D%22http%3A%2F%2Fwww.w3.org%2F2000%2Fsvg%22%20width%3D%22560%22%20height%3D%22430%22%20viewBox%3D%220%200%20560%20430%22%3E%3C%2Fsvg%3E\" loading=\"eager\"><\/span><span class=\"fg-image-overlay\"><\/span><\/a><figcaption class=\"fg-caption\"><div class=\"fg-caption-inner\"><div class=\"fg-caption-desc\">Detail skvrn na listech, Brno Sob\u011b\u0161ice 2006.<\/div><\/div><\/figcaption><\/figure><div class=\"fg-loader\"><\/div><\/div><\/div>\n\n\n\n<p><\/p>\n\n\n\n<p><strong>V\u00ddZNAM A OCHRANA:<\/strong> pom\u011brn\u011b b\u011b\u017en\u00fd druh bez v\u011bt\u0161\u00edho patogenn\u00edho v\u00fdznamu, v\u00fdznamn\u011bj\u0161\u00ed v\u00fdskyt je zaznamen\u00e1n v&nbsp;obdob\u00ed vlhk\u00e9ho po\u010das\u00ed.<\/p>\n\n\n\n<p><strong>MO\u017dNOST Z\u00c1M\u011aNY:<\/strong> s&nbsp;jin\u00fdm patogenem ne, ale mo\u017en\u00e1 podobnost s&nbsp;po\u0161kozen\u00edm rozto\u010di rodu <em>Dasyneura<\/em> na javorech.<\/p>\n","protected":false},"excerpt":{"rendered":"<p>Cristulariella depraedans (Cooke) H\u00f6hn. HOSTITELSK\u00c9 D\u0158EVINY: javor klen (Acer pseudoplatanus) SYMPTOMY A BIONOMIE: b\u00edl\u00e9 ohrani\u010den\u00e9 [&hellip;]<\/p>\n","protected":false},"author":2,"featured_media":0,"parent":0,"menu_order":0,"comment_status":"closed","ping_status":"closed","template":"template-full-width.php","meta":{"footnotes":""},"class_list":["post-751","page","type-page","status-publish","hentry"],"_links":{"self":[{"href":"https:\/\/rumex.mendelu.cz\/atlasposkozenidrevin\/index.php\/wp-json\/wp\/v2\/pages\/751","targetHints":{"allow":["GET"]}}],"collection":[{"href":"https:\/\/rumex.mendelu.cz\/atlasposkozenidrevin\/index.php\/wp-json\/wp\/v2\/pages"}],"about":[{"href":"https:\/\/rumex.mendelu.cz\/atlasposkozenidrevin\/index.php\/wp-json\/wp\/v2\/types\/page"}],"author":[{"embeddable":true,"href":"https:\/\/rumex.mendelu.cz\/atlasposkozenidrevin\/index.php\/wp-json\/wp\/v2\/users\/2"}],"replies":[{"embeddable":true,"href":"https:\/\/rumex.mendelu.cz\/atlasposkozenidrevin\/index.php\/wp-json\/wp\/v2\/comments?post=751"}],"version-history":[{"count":4,"href":"https:\/\/rumex.mendelu.cz\/atlasposkozenidrevin\/index.php\/wp-json\/wp\/v2\/pages\/751\/revisions"}],"predecessor-version":[{"id":5356,"href":"https:\/\/rumex.mendelu.cz\/atlasposkozenidrevin\/index.php\/wp-json\/wp\/v2\/pages\/751\/revisions\/5356"}],"wp:attachment":[{"href":"https:\/\/rumex.mendelu.cz\/atlasposkozenidrevin\/index.php\/wp-json\/wp\/v2\/media?parent=751"}],"curies":[{"name":"wp","href":"https:\/\/api.w.org\/{rel}","templated":true}]}}