{"id":714,"date":"2019-08-19T20:55:59","date_gmt":"2019-08-19T18:55:59","guid":{"rendered":"http:\/\/rumex.mendelu.cz\/atlasposkozenidrevin\/?page_id=714"},"modified":"2025-02-12T13:00:28","modified_gmt":"2025-02-12T12:00:28","slug":"padli-dubove","status":"publish","type":"page","link":"https:\/\/rumex.mendelu.cz\/atlasposkozenidrevin\/index.php\/padli-dubove\/","title":{"rendered":"padl\u00ed dubov\u00e9"},"content":{"rendered":"\n<p class=\"has-text-align-left has-medium-font-size\"><strong><em>Erysiphe alphitoides<\/em><\/strong><strong> (Griffon &amp; Maubl.) U. Braun &amp; S. Takam.<\/strong> <\/p>\n\n\n\n<p class=\"has-normal-font-size\">SYNONYMUM: <em><strong>Microsphaera alphitoides<\/strong><\/em><strong> Griffon &amp; Maubl.<\/strong><\/p>\n\n\n\n<p>ANAMORFN\u00cd ST\u00c1DIUM: <em><strong>Oidium alphitoides <\/strong><\/em><strong>Griffon &amp; Maubl.<\/strong><\/p>\n\n\n\n<p><strong>HOSTITELSK\u00c9 D\u0158EVINY:<\/strong><em> <\/em>duby (<em>Quercus <\/em>spp.), ka\u0161tanovn\u00edk set\u00fd (<em>Castanea sativa<\/em>).<\/p>\n\n\n\n<p><strong>SYMPTOMY A BIONOMIE:<\/strong> padl\u00ed p\u0159ezimuje jednak v&nbsp;pupenech jako mycelium nebo v podob\u011b plodnic tzv. chasmotheci\u00ed na opadan\u00e9m list\u00ed. Na ja\u0159e pror\u016fst\u00e1 mycelium z pupen\u016f &nbsp;spolu s ra\u0161\u00edc\u00edmi listy anebo doch\u00e1z\u00ed k prask\u00e1n\u00ed p\u0159ezimuj\u00edc\u00edch chasmotheci\u00ed a z nich se uvol\u0148uj\u00ed askosp\u00f3ry, kter\u00e9 na vhodn\u00e9m substr\u00e1tu kl\u00ed\u010d\u00ed a pror\u016fstaj\u00ed v prim\u00e1rn\u00ed mycelium. Zpo\u010d\u00e1tku je mycelium \u0161patn\u011b viditeln\u00e9, teprve pozd\u011bji se jev\u00ed jako b\u00edl\u00fd povlak nesouc\u00ed konidiofory s oidiemi. Pokr\u00fdv\u00e1 nejen asimila\u010dn\u00ed org\u00e1ny, ale p\u0159i siln\u00e9 infekci je patrn\u00e9 i na ra\u0161\u00edc\u00edch v\u00fdhonech. V\u00fd\u017eiva padl\u00ed je zaji\u0161t\u011bna p\u0159\u00edjmem l\u00e1tek z&nbsp;hostitelsk\u00fdch bun\u011bk rostlin prost\u0159ednictv\u00edm haustori\u00ed. \u0160\u00ed\u0159en\u00ed b\u011bhem vegetace je zaji\u0161t\u011bno bohatou tvorbou oidi\u00ed, kter\u00e9 jsou hlavn\u00edm zdrojem sekund\u00e1rn\u00ed infekce. Tvar oidi\u00ed je v\u00e1lcovit\u00fd a\u017e soude\u010dkovit\u00fd, jejich velikost je druhov\u011b specifick\u00e1. V druh\u00e9 polovin\u011b l\u00e9ta a\u017e po\u010d\u00e1tkem podzimu se na povlaku na listech tvo\u0159\u00ed drobn\u00e9, hn\u011bd\u00e9 a\u017e \u010dern\u00e9 kulovit\u00e9 plodnice s&nbsp;typick\u00fdmi p\u0159\u00edv\u011bsky tzv. chasmothecia. Jsou lokalizovan\u00e1 po obou stran\u00e1ch listu. &nbsp;Mohou b\u00fdt r\u016fzn\u00e9ho stupn\u011b zralosti, mlad\u00e1 a teprve se vyv\u00edjej\u00edc\u00ed, maj\u00ed \u017elutou a\u017e oran\u017eovou barvu, pozd\u011bji tmavnou, hn\u011bdnou a\u017e \u010dernaj\u00ed. V&nbsp;tomto stadiu je mo\u017en\u00e1 z\u00e1m\u011bna s&nbsp;n\u011bkter\u00fdmi druhy rz\u00ed, p\u0159i pochybnostech je p\u0159esv\u011bd\u010div\u00e1 mikroskopick\u00e1 determinace. Chasmothecia jsou vybaveny p\u0159\u00edv\u011bsn\u00fdmi hyalinn\u00edmi vl\u00e1kny, jejich\u017e tvar, v\u011btven\u00ed, velikost a ornamentace jsou charakteristick\u00e9 pro jednotliv\u00e9 rody. Tyto op\u011bt souvis\u00ed se zralost\u00ed a vysp\u011blost\u00ed padl\u00ed, p\u0159\u00edv\u011bsky nemus\u00ed b\u00fdt zcela vyvinut\u00e9, anebo naopak mohou b\u00fdt po\u0161kozen\u00e9, ol\u00e1man\u00e9, mohou \u00fapln\u011b chyb\u011bt. Chasmothecia obsahuj\u00ed bu\u010f jedno anebo v\u00edce v\u0159ecek s&nbsp;askosporami.<\/p>\n\n\n<style type=\"text\/css\">\n#foogallery-gallery-2878 .fg-image { width: 365px; }\n#foogallery-gallery-2878 { --fg-gutter: 10px; }<\/style>\n\t\t\t<div class=\"foogallery foogallery-container foogallery-default foogallery-lightbox-none fg-left fg-default fg-ready fg-light fg-border-thin fg-shadow-outline fg-loading-default fg-loaded-fade-in fg-caption-always fg-hover-fade fg-hover-zoom\" id=\"foogallery-gallery-2878\" data-foogallery=\"{&quot;item&quot;:{&quot;showCaptionTitle&quot;:false,&quot;showCaptionDescription&quot;:true},&quot;lazy&quot;:true}\" style=\"--fg-title-line-clamp: 0; --fg-description-line-clamp: 0;\" >\n\t<div class=\"fg-item fg-type-image fg-idle\"><figure class=\"fg-item-inner\"><a href=\"https:\/\/rumex.mendelu.cz\/atlasposkozenidrevin\/wp-content\/uploads\/2020\/02\/Quercus_microsphaera-7.jpg\" data-caption-title=\"Symptomy padl\u00ed dubov\u00e9ho, Vranovice 2012.\" data-caption-desc=\"Symptomy padl\u00ed dubov\u00e9ho, Vranovice 2012.\" data-attachment-id=\"5339\" data-type=\"image\" class=\"fg-thumb\"><span class=\"fg-image-wrap\"><img fetchpriority=\"high\" decoding=\"async\" title=\"Symptomy padl\u00ed dubov\u00e9ho, Vranovice 2012.\" width=\"365\" height=\"320\" class=\"skip-lazy fg-image\" data-src-fg=\"https:\/\/rumex.mendelu.cz\/atlasposkozenidrevin\/wp-content\/uploads\/cache\/2020\/02\/Quercus_microsphaera-7\/1662015849.jpg\" src=\"data:image\/svg+xml,%3Csvg%20xmlns%3D%22http%3A%2F%2Fwww.w3.org%2F2000%2Fsvg%22%20width%3D%22365%22%20height%3D%22320%22%20viewBox%3D%220%200%20365%20320%22%3E%3C%2Fsvg%3E\" loading=\"eager\"><\/span><span class=\"fg-image-overlay\"><\/span><\/a><figcaption class=\"fg-caption\"><div class=\"fg-caption-inner\"><div class=\"fg-caption-desc\">Symptomy padl\u00ed dubov\u00e9ho, Vranovice 2012.<\/div><\/div><\/figcaption><\/figure><div class=\"fg-loader\"><\/div><\/div><div class=\"fg-item fg-type-image fg-idle\"><figure class=\"fg-item-inner\"><a href=\"https:\/\/rumex.mendelu.cz\/atlasposkozenidrevin\/wp-content\/uploads\/2020\/02\/P703322303072010_66.jpg\" data-caption-title=\"Symptomy padl\u00ed dubov\u00e9ho, Vranovice 2012.\" data-caption-desc=\"Symptomy padl\u00ed dubov\u00e9ho, Vranovice 2012.\" data-attachment-id=\"5337\" data-type=\"image\" class=\"fg-thumb\"><span class=\"fg-image-wrap\"><img decoding=\"async\" title=\"Symptomy padl\u00ed dubov\u00e9ho, Vranovice 2012.\" width=\"365\" height=\"320\" class=\"skip-lazy fg-image\" data-src-fg=\"https:\/\/rumex.mendelu.cz\/atlasposkozenidrevin\/wp-content\/uploads\/cache\/2020\/02\/P703322303072010_66\/1343341095.jpg\" src=\"data:image\/svg+xml,%3Csvg%20xmlns%3D%22http%3A%2F%2Fwww.w3.org%2F2000%2Fsvg%22%20width%3D%22365%22%20height%3D%22320%22%20viewBox%3D%220%200%20365%20320%22%3E%3C%2Fsvg%3E\" loading=\"eager\"><\/span><span class=\"fg-image-overlay\"><\/span><\/a><figcaption class=\"fg-caption\"><div class=\"fg-caption-inner\"><div class=\"fg-caption-desc\">Symptomy padl\u00ed dubov\u00e9ho, Vranovice 2012.<\/div><\/div><\/figcaption><\/figure><div class=\"fg-loader\"><\/div><\/div><div class=\"fg-item fg-type-image fg-idle\"><figure class=\"fg-item-inner\"><a href=\"https:\/\/rumex.mendelu.cz\/atlasposkozenidrevin\/wp-content\/uploads\/2020\/02\/P5290042.jpg\" data-caption-title=\"Povlaky mycelia padl\u00ed dubov\u00e9ho na listech, Brno Lu\u017e\u00e1nky park 2010.\" data-caption-desc=\"Povlaky mycelia padl\u00ed dubov\u00e9ho na listech, Brno Lu\u017e\u00e1nky park 2010.\" data-attachment-id=\"5336\" data-type=\"image\" class=\"fg-thumb\"><span class=\"fg-image-wrap\"><img decoding=\"async\" title=\"Povlaky mycelia padl\u00ed dubov\u00e9ho na listech, Brno Lu\u017e\u00e1nky park 2010.\" width=\"365\" height=\"320\" class=\"skip-lazy fg-image\" data-src-fg=\"https:\/\/rumex.mendelu.cz\/atlasposkozenidrevin\/wp-content\/uploads\/cache\/2020\/02\/P5290042\/3521639833.jpg\" src=\"data:image\/svg+xml,%3Csvg%20xmlns%3D%22http%3A%2F%2Fwww.w3.org%2F2000%2Fsvg%22%20width%3D%22365%22%20height%3D%22320%22%20viewBox%3D%220%200%20365%20320%22%3E%3C%2Fsvg%3E\" loading=\"eager\"><\/span><span class=\"fg-image-overlay\"><\/span><\/a><figcaption class=\"fg-caption\"><div class=\"fg-caption-inner\"><div class=\"fg-caption-desc\">Povlaky mycelia padl\u00ed dubov\u00e9ho na listech, Brno Lu\u017e\u00e1nky park 2010.<\/div><\/div><\/figcaption><\/figure><div class=\"fg-loader\"><\/div><\/div><\/div>\n\n\n\n<p><\/p>\n\n\n<style type=\"text\/css\">\n#foogallery-gallery-2880 .fg-image { width: 365px; }\n#foogallery-gallery-2880 { --fg-gutter: 10px; }<\/style>\n\t\t\t<div class=\"foogallery foogallery-container foogallery-default foogallery-lightbox-none fg-left fg-default fg-ready fg-light fg-border-thin fg-shadow-outline fg-loading-default fg-loaded-fade-in fg-caption-always fg-hover-fade fg-hover-zoom\" id=\"foogallery-gallery-2880\" data-foogallery=\"{&quot;item&quot;:{&quot;showCaptionTitle&quot;:false,&quot;showCaptionDescription&quot;:true},&quot;lazy&quot;:true}\" style=\"--fg-title-line-clamp: 0; --fg-description-line-clamp: 0;\" >\n\t<div class=\"fg-item fg-type-image fg-idle\"><figure class=\"fg-item-inner\"><a href=\"https:\/\/rumex.mendelu.cz\/atlasposkozenidrevin\/wp-content\/uploads\/2020\/01\/P9222732.jpg\" data-caption-title=\"Siln\u00e9 napaden\u00ed padl\u00edm dubov\u00fdm, \u0160LP ML K\u0159tiny 2018.\" data-caption-desc=\"Siln\u00e9 napaden\u00ed padl\u00edm dubov\u00fdm, \u0160LP ML K\u0159tiny 2018.\" data-attachment-id=\"1175\" data-type=\"image\" class=\"fg-thumb\"><span class=\"fg-image-wrap\"><img decoding=\"async\" title=\"Siln\u00e9 napaden\u00ed padl\u00edm dubov\u00fdm, \u0160LP ML K\u0159tiny 2018.\" width=\"365\" height=\"320\" class=\"skip-lazy fg-image\" data-src-fg=\"https:\/\/rumex.mendelu.cz\/atlasposkozenidrevin\/wp-content\/uploads\/cache\/2020\/01\/P9222732\/285447869.jpg\" src=\"data:image\/svg+xml,%3Csvg%20xmlns%3D%22http%3A%2F%2Fwww.w3.org%2F2000%2Fsvg%22%20width%3D%22365%22%20height%3D%22320%22%20viewBox%3D%220%200%20365%20320%22%3E%3C%2Fsvg%3E\" loading=\"eager\"><\/span><span class=\"fg-image-overlay\"><\/span><\/a><figcaption class=\"fg-caption\"><div class=\"fg-caption-inner\"><div class=\"fg-caption-desc\">Siln\u00e9 napaden\u00ed padl\u00edm dubov\u00fdm, \u0160LP ML K\u0159tiny 2018.<\/div><\/div><\/figcaption><\/figure><div class=\"fg-loader\"><\/div><\/div><div class=\"fg-item fg-type-image fg-idle\"><figure class=\"fg-item-inner\"><a href=\"https:\/\/rumex.mendelu.cz\/atlasposkozenidrevin\/wp-content\/uploads\/2020\/02\/Quercus_microsphaera-1.jpg\" data-caption-title=\"Povlaky mycelia padl\u00ed dubov\u00e9ho na listech, Brno Lu\u017e\u00e1nky park 2010.\" data-caption-desc=\"Povlaky mycelia padl\u00ed dubov\u00e9ho na listech, Brno Lu\u017e\u00e1nky park 2010.\" data-attachment-id=\"5338\" data-type=\"image\" class=\"fg-thumb\"><span class=\"fg-image-wrap\"><img decoding=\"async\" title=\"Povlaky mycelia padl\u00ed dubov\u00e9ho na listech, Brno Lu\u017e\u00e1nky park 2010.\" width=\"365\" height=\"320\" class=\"skip-lazy fg-image\" data-src-fg=\"https:\/\/rumex.mendelu.cz\/atlasposkozenidrevin\/wp-content\/uploads\/cache\/2020\/02\/Quercus_microsphaera-1\/1194207283.jpg\" src=\"data:image\/svg+xml,%3Csvg%20xmlns%3D%22http%3A%2F%2Fwww.w3.org%2F2000%2Fsvg%22%20width%3D%22365%22%20height%3D%22320%22%20viewBox%3D%220%200%20365%20320%22%3E%3C%2Fsvg%3E\" loading=\"eager\"><\/span><span class=\"fg-image-overlay\"><\/span><\/a><figcaption class=\"fg-caption\"><div class=\"fg-caption-inner\"><div class=\"fg-caption-desc\">Povlaky mycelia padl\u00ed dubov\u00e9ho na listech, Brno Lu\u017e\u00e1nky park 2010.<\/div><\/div><\/figcaption><\/figure><div class=\"fg-loader\"><\/div><\/div><div class=\"fg-item fg-type-image fg-idle\"><figure class=\"fg-item-inner\"><a href=\"https:\/\/rumex.mendelu.cz\/atlasposkozenidrevin\/wp-content\/uploads\/2020\/02\/P5290030.jpg\" data-caption-title=\"Detail prim\u00e1rn\u00ed infekce na listech dubu, Brno Lu\u017e\u00e1nky park 2010.\" data-caption-desc=\"Detail prim\u00e1rn\u00ed infekce na listech dubu, Brno Lu\u017e\u00e1nky park 2010.\" data-attachment-id=\"5335\" data-type=\"image\" class=\"fg-thumb\"><span class=\"fg-image-wrap\"><img decoding=\"async\" title=\"Detail prim\u00e1rn\u00ed infekce na listech dubu, Brno Lu\u017e\u00e1nky park 2010.\" width=\"365\" height=\"320\" class=\"skip-lazy fg-image\" data-src-fg=\"https:\/\/rumex.mendelu.cz\/atlasposkozenidrevin\/wp-content\/uploads\/cache\/2020\/02\/P5290030\/3487596242.jpg\" src=\"data:image\/svg+xml,%3Csvg%20xmlns%3D%22http%3A%2F%2Fwww.w3.org%2F2000%2Fsvg%22%20width%3D%22365%22%20height%3D%22320%22%20viewBox%3D%220%200%20365%20320%22%3E%3C%2Fsvg%3E\" loading=\"eager\"><\/span><span class=\"fg-image-overlay\"><\/span><\/a><figcaption class=\"fg-caption\"><div class=\"fg-caption-inner\"><div class=\"fg-caption-desc\">Detail prim\u00e1rn\u00ed infekce na listech dubu, Brno Lu\u017e\u00e1nky park 2010.<\/div><\/div><\/figcaption><\/figure><div class=\"fg-loader\"><\/div><\/div><\/div>\n\n\n\n<p><\/p>\n\n\n\n<p><strong>V\u00ddZNAM A OCHRANA:<\/strong> se zv\u00fd\u0161en\u00fdm v\u00fdskytem se setk\u00e1me v&nbsp;obdob\u00ed tepl\u00fdch a na de\u0161\u0165ov\u00e9 p\u0159eh\u00e1\u0148ky bohat\u00fdch dn\u00ed. Dlouhotrvaj\u00edc\u00ed de\u0161t\u011b a \u010dast\u00e9 st\u0159\u00eddaj\u00edc\u00ed se teplotn\u00ed v\u00fdkyvy rozvoj houby nepodporuj\u00ed. Rovn\u011b\u017e siln\u00fd pohyb vzduchu je pro rozvoj padl\u00ed nep\u0159\u00edzniv\u00fd. Mezi preventivn\u00ed opat\u0159en\u00ed lze uplat\u0148ovat shrab\u00e1n\u00ed a odstran\u011bn\u00ed opadan\u00e9ho list\u00ed, ale i v\u00fdb\u011br rezistentn\u00edch druh\u016f a kultivar\u016f. Chemick\u00e1 ochrana je doporu\u010dena na lokalit\u00e1ch pravideln\u00e9ho ka\u017edoro\u010dn\u00edho v\u00fdskytu. T\u00fdk\u00e1 se p\u0159edev\u0161\u00edm mlad\u00e9ho materi\u00e1lu ve \u0161kolk\u00e1ch, kde jsou prvn\u00ed aplikace doporu\u010den\u00fdch fungicid\u016f prov\u00e1d\u011bny ji\u017e p\u0159i prvn\u00edch p\u0159\u00edznac\u00edch infekce (kv\u011bten a\u017e \u010derven), pop\u0159. i preventivn\u011b p\u0159i siln\u00e9m v\u00fdskytu v&nbsp;p\u0159edchoz\u00edm roce. Prvn\u00ed aplikace se doporu\u010duje p\u0159i rozv\u00edjen\u00ed pupen\u016f a n\u00e1sledn\u00e1 opakov\u00e1n\u00ed v t\u00fddenn\u00edch a\u017e desetidenn\u00edch intervalech. Doporu\u010deno je st\u0159\u00eddat kontaktn\u00ed p\u0159\u00edpravky na b\u00e1zi s\u00edry s&nbsp;p\u0159\u00edpravky syst\u00e9mov\u011b p\u016fsob\u00edc\u00edmi. Ve v\u00fdsadb\u00e1ch nen\u00ed v\u017edy nutn\u00e9 \u0159e\u0161it ka\u017ed\u00fd v\u00fdskyt padl\u00ed okam\u017eit\u00fdm chemick\u00fdm z\u00e1sahem. V&nbsp;p\u0159\u00edrodn\u00edch podm\u00ednk\u00e1ch p\u0159i v\u00fdskytu v&nbsp;podzimn\u00edch m\u011bs\u00edc\u00edch p\u0159isp\u00edv\u00e1 padl\u00ed k&nbsp;p\u0159\u00edprav\u011b rostlin na&nbsp;ukon\u010den\u00ed jejich vegeta\u010dn\u00edho cyklu. Pod\u00edl\u00ed se v\u00fdznamn\u011b na omezen\u00ed asimilace, koncem vegetace kolonizuje pletiva, u nich\u017e je tato fyziologick\u00e1&nbsp; funkce&nbsp; ukon\u010dena a fruktifikuje v&nbsp;podob\u011b chasmotheci\u00ed. <\/p>\n\n\n<style type=\"text\/css\">\n#foogallery-gallery-2884 .fg-image { width: 365px; }\n#foogallery-gallery-2884 { --fg-gutter: 10px; }<\/style>\n\t\t\t<div class=\"foogallery foogallery-container foogallery-default foogallery-lightbox-none fg-left fg-default fg-ready fg-light fg-border-thin fg-shadow-outline fg-loading-default fg-loaded-fade-in fg-caption-always fg-hover-fade fg-hover-zoom\" id=\"foogallery-gallery-2884\" data-foogallery=\"{&quot;item&quot;:{&quot;showCaptionTitle&quot;:false,&quot;showCaptionDescription&quot;:true},&quot;lazy&quot;:true}\" style=\"--fg-title-line-clamp: 0; --fg-description-line-clamp: 0;\" >\n\t<div class=\"fg-item fg-type-image fg-idle\"><figure class=\"fg-item-inner\"><a href=\"https:\/\/rumex.mendelu.cz\/atlasposkozenidrevin\/wp-content\/uploads\/2020\/01\/P7072929.jpg\" data-caption-title=\"Prim\u00e1rn\u00ed symptomy napaden\u00ed list\u016f dubu, Vranovice 2018.\" data-caption-desc=\"Prim\u00e1rn\u00ed symptomy napaden\u00ed list\u016f dubu, Vranovice 2018.\" data-attachment-id=\"1176\" data-type=\"image\" class=\"fg-thumb\"><span class=\"fg-image-wrap\"><img decoding=\"async\" title=\"Prim\u00e1rn\u00ed symptomy napaden\u00ed list\u016f dubu, Vranovice 2018.\" width=\"365\" height=\"320\" class=\"skip-lazy fg-image\" data-src-fg=\"https:\/\/rumex.mendelu.cz\/atlasposkozenidrevin\/wp-content\/uploads\/cache\/2020\/01\/P7072929\/2292940046.jpg\" src=\"data:image\/svg+xml,%3Csvg%20xmlns%3D%22http%3A%2F%2Fwww.w3.org%2F2000%2Fsvg%22%20width%3D%22365%22%20height%3D%22320%22%20viewBox%3D%220%200%20365%20320%22%3E%3C%2Fsvg%3E\" loading=\"eager\"><\/span><span class=\"fg-image-overlay\"><\/span><\/a><figcaption class=\"fg-caption\"><div class=\"fg-caption-inner\"><div class=\"fg-caption-desc\">Prim\u00e1rn\u00ed symptomy napaden\u00ed list\u016f dubu, Vranovice 2018.<\/div><\/div><\/figcaption><\/figure><div class=\"fg-loader\"><\/div><\/div><div class=\"fg-item fg-type-image fg-idle\"><figure class=\"fg-item-inner\"><a href=\"https:\/\/rumex.mendelu.cz\/atlasposkozenidrevin\/wp-content\/uploads\/2020\/02\/P7072931.jpg\" data-caption-title=\"Prim\u00e1rn\u00ed symptomy napaden\u00ed list\u016f dubu, Vranovice 2018.\" data-caption-desc=\"Prim\u00e1rn\u00ed symptomy napaden\u00ed list\u016f dubu, Vranovice 2018.\" data-attachment-id=\"2887\" data-type=\"image\" class=\"fg-thumb\"><span class=\"fg-image-wrap\"><img decoding=\"async\" title=\"Prim\u00e1rn\u00ed symptomy napaden\u00ed list\u016f dubu, Vranovice 2018.\" width=\"365\" height=\"320\" class=\"skip-lazy fg-image\" data-src-fg=\"https:\/\/rumex.mendelu.cz\/atlasposkozenidrevin\/wp-content\/uploads\/cache\/2020\/02\/P7072931\/3474931850.jpg\" src=\"data:image\/svg+xml,%3Csvg%20xmlns%3D%22http%3A%2F%2Fwww.w3.org%2F2000%2Fsvg%22%20width%3D%22365%22%20height%3D%22320%22%20viewBox%3D%220%200%20365%20320%22%3E%3C%2Fsvg%3E\" loading=\"eager\"><\/span><span class=\"fg-image-overlay\"><\/span><\/a><figcaption class=\"fg-caption\"><div class=\"fg-caption-inner\"><div class=\"fg-caption-desc\">Prim\u00e1rn\u00ed symptomy napaden\u00ed list\u016f dubu, Vranovice 2018.<\/div><\/div><\/figcaption><\/figure><div class=\"fg-loader\"><\/div><\/div><div class=\"fg-item fg-type-image fg-idle\"><figure class=\"fg-item-inner\"><a href=\"https:\/\/rumex.mendelu.cz\/atlasposkozenidrevin\/wp-content\/uploads\/2020\/02\/Microsphaerea-17.jpg\" data-caption-title=\"Chasmothecia na rubu listu, laborato\u0159 \u00daOLM LDF Brno, 2009.\" data-caption-desc=\"Chasmothecia na rubu listu, laborato\u0159 \u00daOLM LDF Brno, 2009.\" data-attachment-id=\"5334\" data-type=\"image\" class=\"fg-thumb\"><span class=\"fg-image-wrap\"><img decoding=\"async\" title=\"Chasmothecia na rubu listu, laborato\u0159 \u00daOLM LDF Brno, 2009.\" width=\"365\" height=\"320\" class=\"skip-lazy fg-image\" data-src-fg=\"https:\/\/rumex.mendelu.cz\/atlasposkozenidrevin\/wp-content\/uploads\/cache\/2020\/02\/Microsphaerea-17\/778241783.jpg\" src=\"data:image\/svg+xml,%3Csvg%20xmlns%3D%22http%3A%2F%2Fwww.w3.org%2F2000%2Fsvg%22%20width%3D%22365%22%20height%3D%22320%22%20viewBox%3D%220%200%20365%20320%22%3E%3C%2Fsvg%3E\" loading=\"eager\"><\/span><span class=\"fg-image-overlay\"><\/span><\/a><figcaption class=\"fg-caption\"><div class=\"fg-caption-inner\"><div class=\"fg-caption-desc\">Chasmothecia na rubu listu, laborato\u0159 \u00daOLM LDF Brno, 2009.<\/div><\/div><\/figcaption><\/figure><div class=\"fg-loader\"><\/div><\/div><\/div>\n","protected":false},"excerpt":{"rendered":"<p>Erysiphe alphitoides (Griffon &amp; Maubl.) U. Braun &amp; S. Takam. SYNONYMUM: Microsphaera alphitoides Griffon &amp; [&hellip;]<\/p>\n","protected":false},"author":2,"featured_media":0,"parent":0,"menu_order":0,"comment_status":"closed","ping_status":"closed","template":"template-full-width.php","meta":{"footnotes":""},"class_list":["post-714","page","type-page","status-publish","hentry"],"_links":{"self":[{"href":"https:\/\/rumex.mendelu.cz\/atlasposkozenidrevin\/index.php\/wp-json\/wp\/v2\/pages\/714","targetHints":{"allow":["GET"]}}],"collection":[{"href":"https:\/\/rumex.mendelu.cz\/atlasposkozenidrevin\/index.php\/wp-json\/wp\/v2\/pages"}],"about":[{"href":"https:\/\/rumex.mendelu.cz\/atlasposkozenidrevin\/index.php\/wp-json\/wp\/v2\/types\/page"}],"author":[{"embeddable":true,"href":"https:\/\/rumex.mendelu.cz\/atlasposkozenidrevin\/index.php\/wp-json\/wp\/v2\/users\/2"}],"replies":[{"embeddable":true,"href":"https:\/\/rumex.mendelu.cz\/atlasposkozenidrevin\/index.php\/wp-json\/wp\/v2\/comments?post=714"}],"version-history":[{"count":9,"href":"https:\/\/rumex.mendelu.cz\/atlasposkozenidrevin\/index.php\/wp-json\/wp\/v2\/pages\/714\/revisions"}],"predecessor-version":[{"id":5340,"href":"https:\/\/rumex.mendelu.cz\/atlasposkozenidrevin\/index.php\/wp-json\/wp\/v2\/pages\/714\/revisions\/5340"}],"wp:attachment":[{"href":"https:\/\/rumex.mendelu.cz\/atlasposkozenidrevin\/index.php\/wp-json\/wp\/v2\/media?parent=714"}],"curies":[{"name":"wp","href":"https:\/\/api.w.org\/{rel}","templated":true}]}}