{"id":694,"date":"2019-08-19T20:35:08","date_gmt":"2019-08-19T18:35:08","guid":{"rendered":"http:\/\/rumex.mendelu.cz\/atlasposkozenidrevin\/?page_id=694"},"modified":"2024-11-06T13:31:42","modified_gmt":"2024-11-06T12:31:42","slug":"hneda-skvrnitost-listu-jirovce","status":"publish","type":"page","link":"https:\/\/rumex.mendelu.cz\/atlasposkozenidrevin\/index.php\/hneda-skvrnitost-listu-jirovce\/","title":{"rendered":"hn\u011bd\u00e1 skvrnitost list\u016f j\u00edrovce"},"content":{"rendered":"\n<p style=\"text-align:left\" class=\"has-medium-font-size\"><strong><em>Guignardia aesculi<\/em><\/strong><strong> (Peck) V.B. Stewart <\/strong><\/p>\n\n\n\n<p>ANAMORFN\u00cd\nST\u00c1DIUM:<em> <strong>Phyllosticta aesculicola <\/strong><\/em><strong>Sacc.<\/strong><\/p>\n\n\n\n<p><strong>HOSTITELSK\u00c9 D\u0158EVINY:&nbsp;<\/strong>j\u00edrovec ma\u010fal (<em>Aesculus hippocastanum<\/em>), j. ple\u0165ov\u00fd (<em> A. \u00d7 carnea<\/em>)<\/p>\n\n\n\n<p><strong>SYMPTOMY A BIONOMIE:&nbsp;<\/strong>hn\u011bdnut\u00ed \u010depel\u00ed list\u016f od okraje, \u010dasto jsou tyto skvrny lemovan\u00e9 \u017elut\u00fdm p\u0159echodem, p\u0159i siln\u00e9m po\u0161kozen\u00ed jsou zhn\u011bdl\u00e9 cel\u00e9 listov\u00e9 \u010depele a listy p\u0159ed\u010dasn\u011b opad\u00e1vaj\u00ed, na spodn\u00ed stran\u011b t\u011bchto skvrn se tvo\u0159\u00ed plodnice konidiov\u00e9ho stadia&nbsp;<em>Phyllosticta aesculicola&nbsp;<\/em>a&nbsp;<em>Leptodothiorella aesculicola<\/em>.<\/p>\n\n\n<style type=\"text\/css\">\n#foogallery-gallery-2752 .fg-image { width: 365px; }\n#foogallery-gallery-2752 { --fg-gutter: 10px; }<\/style>\n\t\t\t<div class=\"foogallery foogallery-container foogallery-default foogallery-lightbox-none fg-left fg-default fg-ready fg-light fg-border-thin fg-shadow-outline fg-loading-default fg-loaded-fade-in fg-caption-always fg-hover-fade fg-hover-zoom\" id=\"foogallery-gallery-2752\" data-foogallery=\"{&quot;item&quot;:{&quot;showCaptionTitle&quot;:false,&quot;showCaptionDescription&quot;:true},&quot;lazy&quot;:true}\" style=\"--fg-title-line-clamp: 0; --fg-description-line-clamp: 0;\" >\n\t<div class=\"fg-item fg-type-image fg-idle\"><figure class=\"fg-item-inner\"><a href=\"https:\/\/rumex.mendelu.cz\/atlasposkozenidrevin\/wp-content\/uploads\/2020\/02\/Guanardia_aesculi-7.jpg\" data-caption-title=\"Detail hn\u011bd\u00fdch skvrn na \u010depeli j\u00edrovce, laborato\u0159 \u00daOLM LDF Brno 2006.\" data-caption-desc=\"Detail hn\u011bd\u00fdch skvrn na \u010depeli j\u00edrovce, laborato\u0159 \u00daOLM LDF Brno 2006.\" data-attachment-id=\"5318\" data-type=\"image\" class=\"fg-thumb\"><span class=\"fg-image-wrap\"><img fetchpriority=\"high\" decoding=\"async\" title=\"Detail hn\u011bd\u00fdch skvrn na \u010depeli j\u00edrovce, laborato\u0159 \u00daOLM LDF Brno 2006.\" width=\"365\" height=\"320\" class=\"skip-lazy fg-image\" data-src-fg=\"https:\/\/rumex.mendelu.cz\/atlasposkozenidrevin\/wp-content\/uploads\/cache\/2020\/02\/Guanardia_aesculi-7\/605594673.jpg\" src=\"data:image\/svg+xml,%3Csvg%20xmlns%3D%22http%3A%2F%2Fwww.w3.org%2F2000%2Fsvg%22%20width%3D%22365%22%20height%3D%22320%22%20viewBox%3D%220%200%20365%20320%22%3E%3C%2Fsvg%3E\" loading=\"eager\"><\/span><span class=\"fg-image-overlay\"><\/span><\/a><figcaption class=\"fg-caption\"><div class=\"fg-caption-inner\"><div class=\"fg-caption-desc\">Detail hn\u011bd\u00fdch skvrn na \u010depeli j\u00edrovce, laborato\u0159 \u00daOLM LDF Brno 2006.<\/div><\/div><\/figcaption><\/figure><div class=\"fg-loader\"><\/div><\/div><div class=\"fg-item fg-type-image fg-idle\"><figure class=\"fg-item-inner\"><a href=\"https:\/\/rumex.mendelu.cz\/atlasposkozenidrevin\/wp-content\/uploads\/2020\/02\/Guanardia_aesculi-2.jpg\" data-caption-title=\"Symptomy na listech j\u00edrovce, Brno Lu\u017e\u00e1nky park 2010.\" data-caption-desc=\"Symptomy na listech j\u00edrovce, Brno Lu\u017e\u00e1nky park 2010.\" data-attachment-id=\"5316\" data-type=\"image\" class=\"fg-thumb\"><span class=\"fg-image-wrap\"><img decoding=\"async\" title=\"Symptomy na listech j\u00edrovce, Brno Lu\u017e\u00e1nky park 2010.\" width=\"365\" height=\"320\" class=\"skip-lazy fg-image\" data-src-fg=\"https:\/\/rumex.mendelu.cz\/atlasposkozenidrevin\/wp-content\/uploads\/cache\/2020\/02\/Guanardia_aesculi-2\/4215605635.jpg\" src=\"data:image\/svg+xml,%3Csvg%20xmlns%3D%22http%3A%2F%2Fwww.w3.org%2F2000%2Fsvg%22%20width%3D%22365%22%20height%3D%22320%22%20viewBox%3D%220%200%20365%20320%22%3E%3C%2Fsvg%3E\" loading=\"eager\"><\/span><span class=\"fg-image-overlay\"><\/span><\/a><figcaption class=\"fg-caption\"><div class=\"fg-caption-inner\"><div class=\"fg-caption-desc\">Symptomy na listech j\u00edrovce, Brno Lu\u017e\u00e1nky park 2010.<\/div><\/div><\/figcaption><\/figure><div class=\"fg-loader\"><\/div><\/div><div class=\"fg-item fg-type-image fg-idle\"><figure class=\"fg-item-inner\"><a href=\"https:\/\/rumex.mendelu.cz\/atlasposkozenidrevin\/wp-content\/uploads\/2020\/02\/Guanardia_aesculi-3.jpg\" data-caption-title=\"Detail hn\u011bd\u00fdch skvrn na \u010depeli j\u00edrovce, laborato\u0159 \u00daOLM LDF Brno 2006.\" data-caption-desc=\"Detail hn\u011bd\u00fdch skvrn na \u010depeli j\u00edrovce, laborato\u0159 \u00daOLM LDF Brno 2006.\" data-attachment-id=\"5317\" data-type=\"image\" class=\"fg-thumb\"><span class=\"fg-image-wrap\"><img decoding=\"async\" title=\"Detail hn\u011bd\u00fdch skvrn na \u010depeli j\u00edrovce, laborato\u0159 \u00daOLM LDF Brno 2006.\" width=\"365\" height=\"320\" class=\"skip-lazy fg-image\" data-src-fg=\"https:\/\/rumex.mendelu.cz\/atlasposkozenidrevin\/wp-content\/uploads\/cache\/2020\/02\/Guanardia_aesculi-3\/3762299301.jpg\" src=\"data:image\/svg+xml,%3Csvg%20xmlns%3D%22http%3A%2F%2Fwww.w3.org%2F2000%2Fsvg%22%20width%3D%22365%22%20height%3D%22320%22%20viewBox%3D%220%200%20365%20320%22%3E%3C%2Fsvg%3E\" loading=\"eager\"><\/span><span class=\"fg-image-overlay\"><\/span><\/a><figcaption class=\"fg-caption\"><div class=\"fg-caption-inner\"><div class=\"fg-caption-desc\">Detail hn\u011bd\u00fdch skvrn na \u010depeli j\u00edrovce, laborato\u0159 \u00daOLM LDF Brno 2006.<\/div><\/div><\/figcaption><\/figure><div class=\"fg-loader\"><\/div><\/div><\/div>\n\n\n\n<p><\/p>\n\n\n\n<p><strong>V\u00ddZNAM A OCHRANA:\u00a0<\/strong>hn\u011bd\u00e1 skvnitost j\u00edrovce se vyskytuje \u010dasto spole\u010dn\u011b na listech s kl\u00edn\u011bnkou j\u00edrovcovou (<em>Cameraria ohridella<\/em>) a tak\u00e9 v kombinaci se symptomy po\u0161kozen\u00ed suchem\u00a0(okrajov\u00e9 nekr\u00f3zy listov\u00fdch \u010depel\u00ed).\u00a0U star\u0161\u00edch strom\u016f nem\u00e1 v\u011bt\u0161\u00ed v\u00fdznam, u mlad\u00fdch d\u0159evin ve \u0161kolk\u00e1ch se p\u0159i objeven\u00ed prvn\u00edch p\u0159\u00edznak\u016f doporu\u010duje pou\u017eit\u00ed fungicid\u016f.<\/p>\n\n\n<style type=\"text\/css\">\n#foogallery-gallery-2755 .fg-image { width: 365px; }\n#foogallery-gallery-2755 { --fg-gutter: 10px; }<\/style>\n\t\t\t<div class=\"foogallery foogallery-container foogallery-default foogallery-lightbox-none fg-left fg-default fg-ready fg-light fg-border-thin fg-shadow-outline fg-loading-default fg-loaded-fade-in fg-caption-always fg-hover-fade fg-hover-zoom\" id=\"foogallery-gallery-2755\" data-foogallery=\"{&quot;item&quot;:{&quot;showCaptionTitle&quot;:false,&quot;showCaptionDescription&quot;:true},&quot;lazy&quot;:true}\" style=\"--fg-title-line-clamp: 0; --fg-description-line-clamp: 0;\" >\n\t<div class=\"fg-item fg-type-image fg-idle\"><figure class=\"fg-item-inner\"><a href=\"https:\/\/rumex.mendelu.cz\/atlasposkozenidrevin\/wp-content\/uploads\/2020\/02\/P911043511092009_01.jpg\" data-caption-title=\"Typick\u00e9 symptomy zhn\u011bdl\u00fdch list\u016f v korun\u011b s\u00edrovce, Vranovice 2010.\" data-caption-desc=\"Typick\u00e9 symptomy zhn\u011bdl\u00fdch list\u016f v korun\u011b s\u00edrovce, Vranovice 2010.\" data-attachment-id=\"5319\" data-type=\"image\" class=\"fg-thumb\"><span class=\"fg-image-wrap\"><img decoding=\"async\" title=\"Typick\u00e9 symptomy zhn\u011bdl\u00fdch list\u016f v korun\u011b s\u00edrovce, Vranovice 2010.\" width=\"365\" height=\"320\" class=\"skip-lazy fg-image\" data-src-fg=\"https:\/\/rumex.mendelu.cz\/atlasposkozenidrevin\/wp-content\/uploads\/cache\/2020\/02\/P911043511092009_01\/2213865617.jpg\" src=\"data:image\/svg+xml,%3Csvg%20xmlns%3D%22http%3A%2F%2Fwww.w3.org%2F2000%2Fsvg%22%20width%3D%22365%22%20height%3D%22320%22%20viewBox%3D%220%200%20365%20320%22%3E%3C%2Fsvg%3E\" loading=\"eager\"><\/span><span class=\"fg-image-overlay\"><\/span><\/a><figcaption class=\"fg-caption\"><div class=\"fg-caption-inner\"><div class=\"fg-caption-desc\">Typick\u00e9 symptomy zhn\u011bdl\u00fdch list\u016f v korun\u011b s\u00edrovce, Vranovice 2010.<\/div><\/div><\/figcaption><\/figure><div class=\"fg-loader\"><\/div><\/div><div class=\"fg-item fg-type-image fg-idle\"><figure class=\"fg-item-inner\"><a href=\"https:\/\/rumex.mendelu.cz\/atlasposkozenidrevin\/wp-content\/uploads\/2020\/01\/P9244155.jpg\" data-caption-title=\"Hn\u011bdnut\u00ed listov\u00fdch \u010depel\u00ed, Botanick\u00e1 zahrada a arboretum MENDELU v Brn\u011b 2009.\" data-caption-desc=\"Hn\u011bdnut\u00ed listov\u00fdch \u010depel\u00ed, Botanick\u00e1 zahrada a arboretum MENDELU v Brn\u011b 2009.\" data-attachment-id=\"1169\" data-type=\"image\" class=\"fg-thumb\"><span class=\"fg-image-wrap\"><img decoding=\"async\" title=\"Hn\u011bdnut\u00ed listov\u00fdch \u010depel\u00ed, Botanick\u00e1 zahrada a arboretum MENDELU v Brn\u011b 2009.\" width=\"365\" height=\"320\" class=\"skip-lazy fg-image\" data-src-fg=\"https:\/\/rumex.mendelu.cz\/atlasposkozenidrevin\/wp-content\/uploads\/cache\/2020\/01\/P9244155\/3353501404.jpg\" src=\"data:image\/svg+xml,%3Csvg%20xmlns%3D%22http%3A%2F%2Fwww.w3.org%2F2000%2Fsvg%22%20width%3D%22365%22%20height%3D%22320%22%20viewBox%3D%220%200%20365%20320%22%3E%3C%2Fsvg%3E\" loading=\"eager\"><\/span><span class=\"fg-image-overlay\"><\/span><\/a><figcaption class=\"fg-caption\"><div class=\"fg-caption-inner\"><div class=\"fg-caption-desc\">Hn\u011bdnut\u00ed listov\u00fdch \u010depel\u00ed, Botanick\u00e1 zahrada a arboretum MENDELU v Brn\u011b 2009.<\/div><\/div><\/figcaption><\/figure><div class=\"fg-loader\"><\/div><\/div><div class=\"fg-item fg-type-image fg-idle\"><figure class=\"fg-item-inner\"><a href=\"https:\/\/rumex.mendelu.cz\/atlasposkozenidrevin\/wp-content\/uploads\/2020\/02\/Guanardia_aesculi-1.jpg\" data-caption-title=\"Symptomy na listech j\u00edrovce,  Melat\u00edn, \u0160LP ML K\u0159tiny 2012.\" data-caption-desc=\"Symptomy na listech j\u00edrovce,  Melat\u00edn, \u0160LP ML K\u0159tiny 2012.\" data-attachment-id=\"5315\" data-type=\"image\" class=\"fg-thumb\"><span class=\"fg-image-wrap\"><img decoding=\"async\" title=\"Symptomy na listech j\u00edrovce,  Melat\u00edn, \u0160LP ML K\u0159tiny 2012.\" width=\"365\" height=\"320\" class=\"skip-lazy fg-image\" data-src-fg=\"https:\/\/rumex.mendelu.cz\/atlasposkozenidrevin\/wp-content\/uploads\/cache\/2020\/02\/Guanardia_aesculi-1\/1406708817.jpg\" src=\"data:image\/svg+xml,%3Csvg%20xmlns%3D%22http%3A%2F%2Fwww.w3.org%2F2000%2Fsvg%22%20width%3D%22365%22%20height%3D%22320%22%20viewBox%3D%220%200%20365%20320%22%3E%3C%2Fsvg%3E\" loading=\"eager\"><\/span><span class=\"fg-image-overlay\"><\/span><\/a><figcaption class=\"fg-caption\"><div class=\"fg-caption-inner\"><div class=\"fg-caption-desc\">Symptomy na listech j\u00edrovce,  Melat\u00edn, \u0160LP ML K\u0159tiny 2012.<\/div><\/div><\/figcaption><\/figure><div class=\"fg-loader\"><\/div><\/div><\/div>\n","protected":false},"excerpt":{"rendered":"<p>Guignardia aesculi (Peck) V.B. Stewart ANAMORFN\u00cd ST\u00c1DIUM: Phyllosticta aesculicola Sacc. HOSTITELSK\u00c9 D\u0158EVINY:&nbsp;j\u00edrovec ma\u010fal (Aesculus hippocastanum), [&hellip;]<\/p>\n","protected":false},"author":2,"featured_media":0,"parent":0,"menu_order":0,"comment_status":"closed","ping_status":"closed","template":"template-full-width.php","meta":{"footnotes":""},"class_list":["post-694","page","type-page","status-publish","hentry"],"_links":{"self":[{"href":"https:\/\/rumex.mendelu.cz\/atlasposkozenidrevin\/index.php\/wp-json\/wp\/v2\/pages\/694","targetHints":{"allow":["GET"]}}],"collection":[{"href":"https:\/\/rumex.mendelu.cz\/atlasposkozenidrevin\/index.php\/wp-json\/wp\/v2\/pages"}],"about":[{"href":"https:\/\/rumex.mendelu.cz\/atlasposkozenidrevin\/index.php\/wp-json\/wp\/v2\/types\/page"}],"author":[{"embeddable":true,"href":"https:\/\/rumex.mendelu.cz\/atlasposkozenidrevin\/index.php\/wp-json\/wp\/v2\/users\/2"}],"replies":[{"embeddable":true,"href":"https:\/\/rumex.mendelu.cz\/atlasposkozenidrevin\/index.php\/wp-json\/wp\/v2\/comments?post=694"}],"version-history":[{"count":7,"href":"https:\/\/rumex.mendelu.cz\/atlasposkozenidrevin\/index.php\/wp-json\/wp\/v2\/pages\/694\/revisions"}],"predecessor-version":[{"id":2756,"href":"https:\/\/rumex.mendelu.cz\/atlasposkozenidrevin\/index.php\/wp-json\/wp\/v2\/pages\/694\/revisions\/2756"}],"wp:attachment":[{"href":"https:\/\/rumex.mendelu.cz\/atlasposkozenidrevin\/index.php\/wp-json\/wp\/v2\/media?parent=694"}],"curies":[{"name":"wp","href":"https:\/\/api.w.org\/{rel}","templated":true}]}}