{"id":662,"date":"2019-08-19T15:01:47","date_gmt":"2019-08-19T13:01:47","guid":{"rendered":"http:\/\/rumex.mendelu.cz\/atlasposkozenidrevin\/?page_id=662"},"modified":"2024-11-06T13:31:16","modified_gmt":"2024-11-06T12:31:16","slug":"vejirovec-obrovsky","status":"publish","type":"page","link":"https:\/\/rumex.mendelu.cz\/atlasposkozenidrevin\/index.php\/vejirovec-obrovsky\/","title":{"rendered":"v\u011bj\u00ed\u0159ovec obrovsk\u00fd"},"content":{"rendered":"\n<p style=\"text-align:left\" class=\"has-medium-font-size\"><strong><em>Meripilus giganteus<\/em> (Pers.) P. Karst. <\/strong><\/p>\n\n\n\n<p><strong>HOSTITELSK\u00c9 D\u0158EVINY:<\/strong><em> <\/em>buk (<em>Fagus<\/em>), dub (<em>Quercus<\/em>), l\u00edpa (<em>Tilia<\/em>), habr (<em>Carpinus<\/em>) a dal\u0161\u00ed listn\u00e1\u010de.<\/p>\n\n\n\n<p><strong>SYMPTOMY:<\/strong> jednolet\u00e9 plodnice nar\u016fstaj\u00edc\u00ed na b\u00e1zi kmene d\u0159evin.<\/p>\n\n\n\n<p><strong>PLODNICE:<\/strong> trsnat\u00e9 jednolet\u00e9, dosahuj\u00edc\u00ed velk\u00fdch rozm\u011br\u016f, mohou dor\u016fstat a\u017e 1 m v pr\u016fm\u011bru, skl\u00e1daj\u00edc\u00ed se z velk\u00e9ho po\u010dtu jazykovit\u00fdch plodnic s m\u011bkkou du\u017eninou, povrch je jemn\u011b \u0161upinat\u00fd, rourky poma\u010dk\u00e1n\u00edm \u0161ednou a\u017e \u010dernaj\u00ed, du\u017enina je naho\u0159kl\u00e1.<\/p>\n\n\n\n<p><strong>HNILOBA:<\/strong> b\u00edl\u00e1, l\u00edstkovit\u00e1.<\/p>\n\n\n\n<p><strong>V\u00ddZNAM A OCHRANA: <\/strong>infekce vnik\u00e1 do stromu p\u0159es poran\u011bn\u00e9 ko\u0159eny a n\u00e1b\u011bhy, \u010dasto nejsou na d\u0159evin\u00e1ch zn\u00e1t \u017e\u00e1dn\u00e9 symptomy prosych\u00e1n\u00ed koruny, plodnice nevyr\u016fstaj\u00ed ka\u017ed\u00fdm rokem, hniloba je nejintenzivn\u011bj\u0161\u00ed v m\u00edst\u011b pronik\u00e1n\u00ed, hroz\u00ed vysok\u00e9 riziko vyvr\u00e1cen\u00ed d\u0159evin.<\/p>\n\n\n\n<p><strong>MO\u017dNOSTI Z\u00c1M\u011aNY:<\/strong> trsnatec lupenit\u00fd (G<em>rifola frondosa<\/em>) m\u00e1 sv\u011btle \u0161ed\u00e9 plodnice, rourky oma\u010dk\u00e1n\u00edm nehn\u011bdnou, du\u017enina je sladk\u00e1, hostitel\u00e9 jsou dub a ka\u0161tanovn\u00edk.<\/p>\n\n\n<style type=\"text\/css\">\n#foogallery-gallery-3183 .fg-image { width: 365px; }\n#foogallery-gallery-3183 { --fg-gutter: 10px; }<\/style>\n\t\t\t<div class=\"foogallery foogallery-container foogallery-default foogallery-lightbox-none fg-left fg-default fg-ready fg-light fg-border-thin fg-shadow-outline fg-loading-default fg-loaded-fade-in fg-caption-always fg-hover-fade fg-hover-zoom\" id=\"foogallery-gallery-3183\" data-foogallery=\"{&quot;item&quot;:{&quot;showCaptionTitle&quot;:false,&quot;showCaptionDescription&quot;:true},&quot;lazy&quot;:true}\" style=\"--fg-title-line-clamp: 0; --fg-description-line-clamp: 0;\" >\n\t<div class=\"fg-item fg-type-image fg-idle\"><figure class=\"fg-item-inner\"><a href=\"https:\/\/rumex.mendelu.cz\/atlasposkozenidrevin\/wp-content\/uploads\/2025\/02\/P9075488.jpg\" data-caption-title=\"Plodnice na b\u00e1zi buku, Arboretum K\u0159tiny 2018.\" data-caption-desc=\"Plodnice na b\u00e1zi buku, Arboretum K\u0159tiny 2018.\" data-attachment-id=\"4859\" data-type=\"image\" class=\"fg-thumb\"><span class=\"fg-image-wrap\"><img fetchpriority=\"high\" decoding=\"async\" title=\"Plodnice na b\u00e1zi buku, Arboretum K\u0159tiny 2018.\" width=\"365\" height=\"320\" class=\"skip-lazy fg-image\" data-src-fg=\"https:\/\/rumex.mendelu.cz\/atlasposkozenidrevin\/wp-content\/uploads\/cache\/2025\/02\/P9075488\/4198547450.jpg\" src=\"data:image\/svg+xml,%3Csvg%20xmlns%3D%22http%3A%2F%2Fwww.w3.org%2F2000%2Fsvg%22%20width%3D%22365%22%20height%3D%22320%22%20viewBox%3D%220%200%20365%20320%22%3E%3C%2Fsvg%3E\" loading=\"eager\"><\/span><span class=\"fg-image-overlay\"><\/span><\/a><figcaption class=\"fg-caption\"><div class=\"fg-caption-inner\"><div class=\"fg-caption-desc\">Plodnice na b\u00e1zi buku, Arboretum K\u0159tiny 2018.<\/div><\/div><\/figcaption><\/figure><div class=\"fg-loader\"><\/div><\/div><div class=\"fg-item fg-type-image fg-idle\"><figure class=\"fg-item-inner\"><a href=\"https:\/\/rumex.mendelu.cz\/atlasposkozenidrevin\/wp-content\/uploads\/2025\/02\/meripilus_giganteus13.jpg\" data-caption-title=\"Plodnice na b\u00e1zi buku, Arboretum K\u0159tiny 2018.\" data-caption-desc=\"Plodnice na b\u00e1zi buku, Arboretum K\u0159tiny 2018.\" data-attachment-id=\"4858\" data-type=\"image\" class=\"fg-thumb\"><span class=\"fg-image-wrap\"><img decoding=\"async\" title=\"Plodnice na b\u00e1zi buku, Arboretum K\u0159tiny 2018.\" width=\"365\" height=\"320\" class=\"skip-lazy fg-image\" data-src-fg=\"https:\/\/rumex.mendelu.cz\/atlasposkozenidrevin\/wp-content\/uploads\/cache\/2025\/02\/meripilus_giganteus13\/924424633.jpg\" src=\"data:image\/svg+xml,%3Csvg%20xmlns%3D%22http%3A%2F%2Fwww.w3.org%2F2000%2Fsvg%22%20width%3D%22365%22%20height%3D%22320%22%20viewBox%3D%220%200%20365%20320%22%3E%3C%2Fsvg%3E\" loading=\"eager\"><\/span><span class=\"fg-image-overlay\"><\/span><\/a><figcaption class=\"fg-caption\"><div class=\"fg-caption-inner\"><div class=\"fg-caption-desc\">Plodnice na b\u00e1zi buku, Arboretum K\u0159tiny 2018.<\/div><\/div><\/figcaption><\/figure><div class=\"fg-loader\"><\/div><\/div><div class=\"fg-item fg-type-image fg-idle\"><figure class=\"fg-item-inner\"><a href=\"https:\/\/rumex.mendelu.cz\/atlasposkozenidrevin\/wp-content\/uploads\/2025\/02\/meripilus_giganteus1.jpg\" data-caption-title=\"Plodnice na b\u00e1zi buku, Luha\u010dovice 2012.\" data-caption-desc=\"Plodnice na b\u00e1zi buku, Luha\u010dovice 2012.\" data-attachment-id=\"4856\" data-type=\"image\" class=\"fg-thumb\"><span class=\"fg-image-wrap\"><img decoding=\"async\" title=\"Plodnice na b\u00e1zi buku, Luha\u010dovice 2012.\" width=\"365\" height=\"320\" class=\"skip-lazy fg-image\" data-src-fg=\"https:\/\/rumex.mendelu.cz\/atlasposkozenidrevin\/wp-content\/uploads\/cache\/2025\/02\/meripilus_giganteus1\/3058009892.jpg\" src=\"data:image\/svg+xml,%3Csvg%20xmlns%3D%22http%3A%2F%2Fwww.w3.org%2F2000%2Fsvg%22%20width%3D%22365%22%20height%3D%22320%22%20viewBox%3D%220%200%20365%20320%22%3E%3C%2Fsvg%3E\" loading=\"eager\"><\/span><span class=\"fg-image-overlay\"><\/span><\/a><figcaption class=\"fg-caption\"><div class=\"fg-caption-inner\"><div class=\"fg-caption-desc\">Plodnice na b\u00e1zi buku, Luha\u010dovice 2012.<\/div><\/div><\/figcaption><\/figure><div class=\"fg-loader\"><\/div><\/div><\/div>\n\n\n<style type=\"text\/css\">\n#foogallery-gallery-3184 .fg-image { width: 365px; }\n#foogallery-gallery-3184 { --fg-gutter: 10px; }<\/style>\n\t\t\t<div class=\"foogallery foogallery-container foogallery-default foogallery-lightbox-none fg-left fg-default fg-ready fg-light fg-border-thin fg-shadow-outline fg-loading-default fg-loaded-fade-in fg-caption-always fg-hover-fade fg-hover-zoom\" id=\"foogallery-gallery-3184\" data-foogallery=\"{&quot;item&quot;:{&quot;showCaptionTitle&quot;:false,&quot;showCaptionDescription&quot;:true},&quot;lazy&quot;:true}\" style=\"--fg-title-line-clamp: 0; --fg-description-line-clamp: 0;\" >\n\t<div class=\"fg-item fg-type-image fg-idle\"><figure class=\"fg-item-inner\"><a href=\"https:\/\/rumex.mendelu.cz\/atlasposkozenidrevin\/wp-content\/uploads\/2020\/02\/meripilus_giganteus4.jpg\" data-caption-title=\"Mlad\u00e9 plodnice na b\u00e1zi habru, Brno Lu\u017e\u00e1nky 2008.\" data-caption-desc=\"Mlad\u00e9 plodnice na b\u00e1zi habru, Brno Lu\u017e\u00e1nky 2008.\" data-attachment-id=\"2421\" data-type=\"image\" class=\"fg-thumb\"><span class=\"fg-image-wrap\"><img decoding=\"async\" title=\"Mlad\u00e9 plodnice na b\u00e1zi habru, Brno Lu\u017e\u00e1nky 2008.\" width=\"365\" height=\"320\" class=\"skip-lazy fg-image\" data-src-fg=\"https:\/\/rumex.mendelu.cz\/atlasposkozenidrevin\/wp-content\/uploads\/cache\/2020\/02\/meripilus_giganteus4\/2924164837.jpg\" src=\"data:image\/svg+xml,%3Csvg%20xmlns%3D%22http%3A%2F%2Fwww.w3.org%2F2000%2Fsvg%22%20width%3D%22365%22%20height%3D%22320%22%20viewBox%3D%220%200%20365%20320%22%3E%3C%2Fsvg%3E\" loading=\"eager\"><\/span><span class=\"fg-image-overlay\"><\/span><\/a><figcaption class=\"fg-caption\"><div class=\"fg-caption-inner\"><div class=\"fg-caption-desc\">Mlad\u00e9 plodnice na b\u00e1zi habru, Brno Lu\u017e\u00e1nky 2008.<\/div><\/div><\/figcaption><\/figure><div class=\"fg-loader\"><\/div><\/div><div class=\"fg-item fg-type-image fg-idle\"><figure class=\"fg-item-inner\"><a href=\"https:\/\/rumex.mendelu.cz\/atlasposkozenidrevin\/wp-content\/uploads\/2020\/02\/P9212704.jpg\" data-caption-title=\"Mlad\u00e9 plodnice na b\u00e1zi buku, \u0160LP ML K\u0159tiny 2018.\" data-caption-desc=\"Mlad\u00e9 plodnice na b\u00e1zi buku, \u0160LP ML K\u0159tiny 2018.\" data-attachment-id=\"2420\" data-type=\"image\" class=\"fg-thumb\"><span class=\"fg-image-wrap\"><img decoding=\"async\" title=\"Mlad\u00e9 plodnice na b\u00e1zi buku, \u0160LP ML K\u0159tiny 2018.\" width=\"365\" height=\"320\" class=\"skip-lazy fg-image\" data-src-fg=\"https:\/\/rumex.mendelu.cz\/atlasposkozenidrevin\/wp-content\/uploads\/cache\/2020\/02\/P9212704\/1962103910.jpg\" src=\"data:image\/svg+xml,%3Csvg%20xmlns%3D%22http%3A%2F%2Fwww.w3.org%2F2000%2Fsvg%22%20width%3D%22365%22%20height%3D%22320%22%20viewBox%3D%220%200%20365%20320%22%3E%3C%2Fsvg%3E\" loading=\"eager\"><\/span><span class=\"fg-image-overlay\"><\/span><\/a><figcaption class=\"fg-caption\"><div class=\"fg-caption-inner\"><div class=\"fg-caption-desc\">Mlad\u00e9 plodnice na b\u00e1zi buku, \u0160LP ML K\u0159tiny 2018.<\/div><\/div><\/figcaption><\/figure><div class=\"fg-loader\"><\/div><\/div><div class=\"fg-item fg-type-image fg-idle\"><figure class=\"fg-item-inner\"><a href=\"https:\/\/rumex.mendelu.cz\/atlasposkozenidrevin\/wp-content\/uploads\/2025\/02\/PA01358501102010_140.jpg\" data-caption-title=\"Plodnice na b\u00e1zi buku, Arboretum K\u0159tiny 2018.\" data-caption-desc=\"Plodnice na b\u00e1zi buku, Arboretum K\u0159tiny 2018.\" data-attachment-id=\"4861\" data-type=\"image\" class=\"fg-thumb\"><span class=\"fg-image-wrap\"><img decoding=\"async\" title=\"Plodnice na b\u00e1zi buku, Arboretum K\u0159tiny 2018.\" width=\"365\" height=\"320\" class=\"skip-lazy fg-image\" data-src-fg=\"https:\/\/rumex.mendelu.cz\/atlasposkozenidrevin\/wp-content\/uploads\/cache\/2025\/02\/PA01358501102010_140\/4042366998.jpg\" src=\"data:image\/svg+xml,%3Csvg%20xmlns%3D%22http%3A%2F%2Fwww.w3.org%2F2000%2Fsvg%22%20width%3D%22365%22%20height%3D%22320%22%20viewBox%3D%220%200%20365%20320%22%3E%3C%2Fsvg%3E\" loading=\"eager\"><\/span><span class=\"fg-image-overlay\"><\/span><\/a><figcaption class=\"fg-caption\"><div class=\"fg-caption-inner\"><div class=\"fg-caption-desc\">Plodnice na b\u00e1zi buku, Arboretum K\u0159tiny 2018.<\/div><\/div><\/figcaption><\/figure><div class=\"fg-loader\"><\/div><\/div><\/div>\n","protected":false},"excerpt":{"rendered":"<p>Meripilus giganteus (Pers.) P. Karst. HOSTITELSK\u00c9 D\u0158EVINY: buk (Fagus), dub (Quercus), l\u00edpa (Tilia), habr (Carpinus) [&hellip;]<\/p>\n","protected":false},"author":2,"featured_media":0,"parent":0,"menu_order":0,"comment_status":"closed","ping_status":"closed","template":"template-full-width.php","meta":{"footnotes":""},"class_list":["post-662","page","type-page","status-publish","hentry"],"_links":{"self":[{"href":"https:\/\/rumex.mendelu.cz\/atlasposkozenidrevin\/index.php\/wp-json\/wp\/v2\/pages\/662","targetHints":{"allow":["GET"]}}],"collection":[{"href":"https:\/\/rumex.mendelu.cz\/atlasposkozenidrevin\/index.php\/wp-json\/wp\/v2\/pages"}],"about":[{"href":"https:\/\/rumex.mendelu.cz\/atlasposkozenidrevin\/index.php\/wp-json\/wp\/v2\/types\/page"}],"author":[{"embeddable":true,"href":"https:\/\/rumex.mendelu.cz\/atlasposkozenidrevin\/index.php\/wp-json\/wp\/v2\/users\/2"}],"replies":[{"embeddable":true,"href":"https:\/\/rumex.mendelu.cz\/atlasposkozenidrevin\/index.php\/wp-json\/wp\/v2\/comments?post=662"}],"version-history":[{"count":6,"href":"https:\/\/rumex.mendelu.cz\/atlasposkozenidrevin\/index.php\/wp-json\/wp\/v2\/pages\/662\/revisions"}],"predecessor-version":[{"id":4862,"href":"https:\/\/rumex.mendelu.cz\/atlasposkozenidrevin\/index.php\/wp-json\/wp\/v2\/pages\/662\/revisions\/4862"}],"wp:attachment":[{"href":"https:\/\/rumex.mendelu.cz\/atlasposkozenidrevin\/index.php\/wp-json\/wp\/v2\/media?parent=662"}],"curies":[{"name":"wp","href":"https:\/\/api.w.org\/{rel}","templated":true}]}}