{"id":654,"date":"2019-08-19T14:52:37","date_gmt":"2019-08-19T12:52:37","guid":{"rendered":"http:\/\/rumex.mendelu.cz\/atlasposkozenidrevin\/?page_id=654"},"modified":"2025-03-19T07:46:29","modified_gmt":"2025-03-19T06:46:29","slug":"trsnatec-lupenity","status":"publish","type":"page","link":"https:\/\/rumex.mendelu.cz\/atlasposkozenidrevin\/index.php\/trsnatec-lupenity\/","title":{"rendered":"trsnatec lupenit\u00fd"},"content":{"rendered":"\n<p class=\"has-text-align-left has-medium-font-size\"><em><strong>Grifola frondosa<\/strong><\/em><strong>&nbsp; (Dicks.) Gray <\/strong><\/p>\n\n\n\n<p><strong>HOSTITELSK\u00c9 D\u0158EVINY:<\/strong><em> <\/em>duby (<em>Quercus<\/em> spp.), jin\u00e9 d\u0159eviny v\u00fdjime\u010dn\u011b.<\/p>\n\n\n\n<p><strong>SYMPTOMY:<\/strong> plodnice na b\u00e1zi kmene.<\/p>\n\n\n\n<p><strong>PLODNICE:<\/strong> jednolet\u00e9, trsnat\u00e9, dor\u016fstaj\u00ed v pr\u016fm\u011bru 60 a\u017e 100 cm, jsou tvo\u0159eny kl\u00ednovit\u00fdmi, polokruhovit\u00fdmi, jednostrann\u00fdmi klobou\u010dky, hn\u011bdo\u0161ed\u00e9 a\u017e \u0161ed\u00e9 na b\u011blav\u00e9m v\u011btven\u00e9m t\u0159eni, p\u00f3ry jsou hranat\u00e9, b\u00edl\u00e9, kr\u00e9mov\u00e9, otla\u010den\u00edm barevn\u011b nem\u011bnn\u00e9,&nbsp;du\u017enina je vl\u00e1knit\u00e1, sladk\u00e1, plodnice jsou jedl\u00e9.<\/p>\n\n\n\n<p><strong>HNILOBA:<\/strong> b\u00edl\u00e1, typick\u00fd je l\u00edstkovit\u00fd rozpad.<\/p>\n\n\n\n<p><strong>V\u00ddZNAM A OCHRANA:<\/strong> \u0161\u00ed\u0159\u00ed se poran\u011bn\u00edm, ochrana spo\u010d\u00edv\u00e1 v prevenci jeho zamezen\u00ed, v pokro\u010dil\u00fdch f\u00e1z\u00edch hniloby je siln\u011b naru\u0161ena statika stromu, hroz\u00ed v\u00fdvraty.<\/p>\n\n\n\n<p><strong>MO\u017dNOSTI Z\u00c1M\u011aNY:<\/strong> trsnatec obrovsk\u00fd (<em>Meripilus giganteus<\/em>) \u2013 jeho plodnice a rourky oma\u010dk\u00e1n\u00edm \u0161ednou a\u017e \u010dernaj\u00ed, plodnice je ho\u0159k\u00e1. <\/p>\n\n\n<style type=\"text\/css\">\n#foogallery-gallery-3181 .fg-image { width: 560px; }\n#foogallery-gallery-3181 { --fg-gutter: 10px; }<\/style>\n\t\t\t<div class=\"foogallery foogallery-container foogallery-default foogallery-lightbox-none fg-left fg-default fg-ready fg-light fg-border-thin fg-shadow-outline fg-loading-default fg-loaded-fade-in fg-caption-always fg-hover-fade fg-hover-zoom\" id=\"foogallery-gallery-3181\" data-foogallery=\"{&quot;item&quot;:{&quot;showCaptionTitle&quot;:false,&quot;showCaptionDescription&quot;:true},&quot;lazy&quot;:true}\" style=\"--fg-title-line-clamp: 0; --fg-description-line-clamp: 0;\" >\n\t<\/div>\n\n\n<style type=\"text\/css\">\n#foogallery-gallery-5398 .fg-image { width: 365px; }\n#foogallery-gallery-5398 { --fg-gutter: 10px; }<\/style>\n\t\t\t<div class=\"foogallery foogallery-container foogallery-default foogallery-lightbox-foogallery fg-left fg-default fg-ready fg-light fg-border-thin fg-shadow-outline fg-loading-default fg-loaded-fade-in fg-caption-always fg-hover-fade fg-hover-zoom\" id=\"foogallery-gallery-5398\" data-foogallery=\"{&quot;item&quot;:{&quot;showCaptionTitle&quot;:false,&quot;showCaptionDescription&quot;:true},&quot;lazy&quot;:true}\" data-foogallery-lightbox=\"{&quot;thumbs&quot;:&quot;bottom&quot;,&quot;thumbsCaptions&quot;:false,&quot;thumbsBestFit&quot;:false,&quot;thumbsSmall&quot;:false,&quot;thumbsCaptionsAlign&quot;:&quot;default&quot;,&quot;info&quot;:&quot;bottom&quot;,&quot;infoVisible&quot;:true,&quot;infoOverlay&quot;:true,&quot;infoAlign&quot;:&quot;default&quot;,&quot;transition&quot;:&quot;fade&quot;,&quot;hoverButtons&quot;:false,&quot;fitMedia&quot;:false,&quot;noScrollbars&quot;:true,&quot;preserveButtonSpace&quot;:true,&quot;buttons&quot;:{&quot;fullscreen&quot;:true,&quot;info&quot;:true,&quot;thumbs&quot;:false},&quot;video&quot;:{&quot;autoPlay&quot;:true}}\" style=\"--fg-title-line-clamp: 0; --fg-description-line-clamp: 0;\" >\n\t<div class=\"fg-item fg-type-image fg-idle\"><figure class=\"fg-item-inner\"><a href=\"https:\/\/rumex.mendelu.cz\/atlasposkozenidrevin\/wp-content\/uploads\/2025\/03\/processed-E3F6D4CD-15EB-4197-9B3F-2F8DCF9EB79C.jpeg\" data-caption-title=\"Plodnice na b\u00e1zi dubu, \u0160LP ML K\u0159tiny 2024\" data-caption-desc=\"Plodnice na b\u00e1zi dubu, \u0160LP ML K\u0159tiny 2024\" data-attachment-id=\"5402\" data-type=\"image\" class=\"fg-thumb\"><span class=\"fg-image-wrap\"><img fetchpriority=\"high\" decoding=\"async\" title=\"Plodnice na b\u00e1zi dubu, \u0160LP ML K\u0159tiny 2024\" width=\"365\" height=\"320\" class=\"skip-lazy fg-image\" data-src-fg=\"https:\/\/rumex.mendelu.cz\/atlasposkozenidrevin\/wp-content\/uploads\/cache\/2025\/03\/processed-E3F6D4CD-15EB-4197-9B3F-2F8DCF9EB79C\/3696457524.jpeg\" src=\"data:image\/svg+xml,%3Csvg%20xmlns%3D%22http%3A%2F%2Fwww.w3.org%2F2000%2Fsvg%22%20width%3D%22365%22%20height%3D%22320%22%20viewBox%3D%220%200%20365%20320%22%3E%3C%2Fsvg%3E\" loading=\"eager\"><\/span><span class=\"fg-image-overlay\"><\/span><\/a><figcaption class=\"fg-caption\"><div class=\"fg-caption-inner\"><div class=\"fg-caption-desc\">Plodnice na b\u00e1zi dubu, \u0160LP ML K\u0159tiny 2024<\/div><\/div><\/figcaption><\/figure><div class=\"fg-loader\"><\/div><\/div><div class=\"fg-item fg-type-image fg-idle\"><figure class=\"fg-item-inner\"><a href=\"https:\/\/rumex.mendelu.cz\/atlasposkozenidrevin\/wp-content\/uploads\/2025\/03\/processed-A52B930A-E191-4050-A619-919A506086B2.jpeg\" data-caption-title=\"Plodnice na b\u00e1zi dubu, \u0160LP ML K\u0159tiny 2024\" data-caption-desc=\"Plodnice na b\u00e1zi dubu, \u0160LP ML K\u0159tiny 2024\" data-attachment-id=\"5400\" data-type=\"image\" class=\"fg-thumb\"><span class=\"fg-image-wrap\"><img decoding=\"async\" title=\"Plodnice na b\u00e1zi dubu, \u0160LP ML K\u0159tiny 2024\" width=\"365\" height=\"320\" class=\"skip-lazy fg-image\" data-src-fg=\"https:\/\/rumex.mendelu.cz\/atlasposkozenidrevin\/wp-content\/uploads\/cache\/2025\/03\/processed-A52B930A-E191-4050-A619-919A506086B2\/1558127107.jpeg\" src=\"data:image\/svg+xml,%3Csvg%20xmlns%3D%22http%3A%2F%2Fwww.w3.org%2F2000%2Fsvg%22%20width%3D%22365%22%20height%3D%22320%22%20viewBox%3D%220%200%20365%20320%22%3E%3C%2Fsvg%3E\" loading=\"eager\"><\/span><span class=\"fg-image-overlay\"><\/span><\/a><figcaption class=\"fg-caption\"><div class=\"fg-caption-inner\"><div class=\"fg-caption-desc\">Plodnice na b\u00e1zi dubu, \u0160LP ML K\u0159tiny 2024<\/div><\/div><\/figcaption><\/figure><div class=\"fg-loader\"><\/div><\/div><div class=\"fg-item fg-type-image fg-idle\"><figure class=\"fg-item-inner\"><a href=\"https:\/\/rumex.mendelu.cz\/atlasposkozenidrevin\/wp-content\/uploads\/2025\/03\/processed-1226686A-FF5F-48A0-9E16-F29D5BE09B78.jpeg\" data-caption-title=\"Plodnice na b\u00e1zi dubu, \u0160LP ML K\u0159tiny 2024\" data-caption-desc=\"Plodnice na b\u00e1zi dubu, \u0160LP ML K\u0159tiny 2024\" data-attachment-id=\"5399\" data-type=\"image\" class=\"fg-thumb\"><span class=\"fg-image-wrap\"><img decoding=\"async\" title=\"Plodnice na b\u00e1zi dubu, \u0160LP ML K\u0159tiny 2024\" width=\"365\" height=\"320\" class=\"skip-lazy fg-image\" data-src-fg=\"https:\/\/rumex.mendelu.cz\/atlasposkozenidrevin\/wp-content\/uploads\/cache\/2025\/03\/processed-1226686A-FF5F-48A0-9E16-F29D5BE09B78\/252523319.jpeg\" src=\"data:image\/svg+xml,%3Csvg%20xmlns%3D%22http%3A%2F%2Fwww.w3.org%2F2000%2Fsvg%22%20width%3D%22365%22%20height%3D%22320%22%20viewBox%3D%220%200%20365%20320%22%3E%3C%2Fsvg%3E\" loading=\"eager\"><\/span><span class=\"fg-image-overlay\"><\/span><\/a><figcaption class=\"fg-caption\"><div class=\"fg-caption-inner\"><div class=\"fg-caption-desc\">Plodnice na b\u00e1zi dubu, \u0160LP ML K\u0159tiny 2024<\/div><\/div><\/figcaption><\/figure><div class=\"fg-loader\"><\/div><\/div><\/div>\n","protected":false},"excerpt":{"rendered":"<p>Grifola frondosa&nbsp; (Dicks.) Gray HOSTITELSK\u00c9 D\u0158EVINY: duby (Quercus spp.), jin\u00e9 d\u0159eviny v\u00fdjime\u010dn\u011b. SYMPTOMY: plodnice na [&hellip;]<\/p>\n","protected":false},"author":2,"featured_media":0,"parent":0,"menu_order":0,"comment_status":"closed","ping_status":"closed","template":"template-full-width.php","meta":{"footnotes":""},"class_list":["post-654","page","type-page","status-publish","hentry"],"_links":{"self":[{"href":"https:\/\/rumex.mendelu.cz\/atlasposkozenidrevin\/index.php\/wp-json\/wp\/v2\/pages\/654","targetHints":{"allow":["GET"]}}],"collection":[{"href":"https:\/\/rumex.mendelu.cz\/atlasposkozenidrevin\/index.php\/wp-json\/wp\/v2\/pages"}],"about":[{"href":"https:\/\/rumex.mendelu.cz\/atlasposkozenidrevin\/index.php\/wp-json\/wp\/v2\/types\/page"}],"author":[{"embeddable":true,"href":"https:\/\/rumex.mendelu.cz\/atlasposkozenidrevin\/index.php\/wp-json\/wp\/v2\/users\/2"}],"replies":[{"embeddable":true,"href":"https:\/\/rumex.mendelu.cz\/atlasposkozenidrevin\/index.php\/wp-json\/wp\/v2\/comments?post=654"}],"version-history":[{"count":4,"href":"https:\/\/rumex.mendelu.cz\/atlasposkozenidrevin\/index.php\/wp-json\/wp\/v2\/pages\/654\/revisions"}],"predecessor-version":[{"id":5403,"href":"https:\/\/rumex.mendelu.cz\/atlasposkozenidrevin\/index.php\/wp-json\/wp\/v2\/pages\/654\/revisions\/5403"}],"wp:attachment":[{"href":"https:\/\/rumex.mendelu.cz\/atlasposkozenidrevin\/index.php\/wp-json\/wp\/v2\/media?parent=654"}],"curies":[{"name":"wp","href":"https:\/\/api.w.org\/{rel}","templated":true}]}}