{"id":648,"date":"2019-08-19T14:47:03","date_gmt":"2019-08-19T12:47:03","guid":{"rendered":"http:\/\/rumex.mendelu.cz\/atlasposkozenidrevin\/?page_id=648"},"modified":"2025-02-05T10:47:09","modified_gmt":"2025-02-05T09:47:09","slug":"lesklokorka-leskla","status":"publish","type":"page","link":"https:\/\/rumex.mendelu.cz\/atlasposkozenidrevin\/index.php\/lesklokorka-leskla\/","title":{"rendered":"lesklokorka leskl\u00e1"},"content":{"rendered":"\n<p class=\"has-text-align-left has-medium-font-size\"><strong><em>Ganoderma lucidum<\/em><\/strong><strong> (Curtis) P. Karst. <\/strong><\/p>\n\n\n\n<p><strong>HOSTITELSK\u00c9 D\u0158EVINY: <\/strong>dub (<em>Quercus<\/em>), habr (<em>Carpinus<\/em>), dal\u0161\u00ed listn\u00e1\u010de.<\/p>\n\n\n\n<p><strong>SYMPTOMY:<\/strong> nar\u016fstaj\u00edc\u00ed plodnice v bl\u00edzkosti b\u00e1ze kmene nebo vyr\u016fstaj\u00edc\u00ed z hrabanky v bl\u00edzkosti strom\u016f a pa\u0159ez\u016f.<\/p>\n\n\n\n<p><strong>PLODNICE: <\/strong>jednolet\u00e9, polokruhovit\u00fd klobouk s bo\u010dn\u00edm t\u0159en\u011bm, \u010dervenohn\u011bd\u00fd povrch, leskl\u00fd, jakoby \u201enalakovan\u00fd\u201c, v dob\u011b nar\u016fst\u00e1n\u00ed s b\u00edl\u00fdm okrajem, m\u00e1 kakaov\u011b hn\u011bd\u00fd v\u00fdtrusn\u00fd prach.<\/p>\n\n\n<style type=\"text\/css\">\n#foogallery-gallery-3175 .fg-image { width: 365px; }\n#foogallery-gallery-3175 { --fg-gutter: 10px; }<\/style>\n\t\t\t<div class=\"foogallery foogallery-container foogallery-default foogallery-lightbox-none fg-left fg-default fg-ready fg-light fg-border-thin fg-shadow-outline fg-loading-default fg-loaded-fade-in fg-caption-always fg-hover-fade fg-hover-zoom\" id=\"foogallery-gallery-3175\" data-foogallery=\"{&quot;item&quot;:{&quot;showCaptionTitle&quot;:false,&quot;showCaptionDescription&quot;:true},&quot;lazy&quot;:true}\" style=\"--fg-title-line-clamp: 0; --fg-description-line-clamp: 0;\" >\n\t<\/div>\n\n\n\n<p><strong>HNILOBA:<\/strong> b\u00edl\u00e1.<\/p>\n\n\n\n<p><strong>V\u00ddZNAM A OCHRANA:<\/strong> vz\u00e1cn\u00e1 houba, nem\u00e1 z hlediska fytopatologie v\u011bt\u0161\u00ed v\u00fdznam, plodnice se vyu\u017e\u00edvaj\u00ed v lidov\u00e9m l\u00e9\u010ditelstv\u00ed.<\/p>\n\n\n\n<p><\/p>\n\n\n<style type=\"text\/css\">\n#foogallery-gallery-4044 .fg-image { width: 365px; }\n#foogallery-gallery-4044 { --fg-gutter: 10px; }<\/style>\n\t\t\t<div class=\"foogallery foogallery-container foogallery-default foogallery-lightbox-none fg-left fg-default fg-ready fg-light fg-border-thin fg-shadow-outline fg-loading-default fg-loaded-fade-in fg-caption-always fg-hover-fade fg-hover-zoom\" id=\"foogallery-gallery-4044\" data-foogallery=\"{&quot;item&quot;:{&quot;showCaptionTitle&quot;:false,&quot;showCaptionDescription&quot;:true},&quot;lazy&quot;:true}\" style=\"--fg-title-line-clamp: 0; --fg-description-line-clamp: 0;\" >\n\t<div class=\"fg-item fg-type-image fg-idle\"><figure class=\"fg-item-inner\"><a href=\"https:\/\/rumex.mendelu.cz\/atlasposkozenidrevin\/wp-content\/uploads\/2020\/05\/atlas.jpg\" data-caption-title=\"Plodnice u pa\u0159ezu dubu, NPR \u010certoryje 2020.\" data-caption-desc=\"Plodnice u pa\u0159ezu dubu, NPR \u010certoryje 2020.\" data-attachment-id=\"4045\" data-type=\"image\" class=\"fg-thumb\"><span class=\"fg-image-wrap\"><img fetchpriority=\"high\" decoding=\"async\" title=\"Plodnice u pa\u0159ezu dubu, NPR \u010certoryje 2020.\" width=\"365\" height=\"320\" class=\"skip-lazy fg-image\" data-src-fg=\"https:\/\/rumex.mendelu.cz\/atlasposkozenidrevin\/wp-content\/uploads\/cache\/2020\/05\/atlas\/2983101129.jpg\" src=\"data:image\/svg+xml,%3Csvg%20xmlns%3D%22http%3A%2F%2Fwww.w3.org%2F2000%2Fsvg%22%20width%3D%22365%22%20height%3D%22320%22%20viewBox%3D%220%200%20365%20320%22%3E%3C%2Fsvg%3E\" loading=\"eager\"><\/span><span class=\"fg-image-overlay\"><\/span><\/a><figcaption class=\"fg-caption\"><div class=\"fg-caption-inner\"><div class=\"fg-caption-desc\">Plodnice u pa\u0159ezu dubu, NPR \u010certoryje 2020.<\/div><\/div><\/figcaption><\/figure><div class=\"fg-loader\"><\/div><\/div><div class=\"fg-item fg-type-image fg-idle\"><figure class=\"fg-item-inner\"><a href=\"https:\/\/rumex.mendelu.cz\/atlasposkozenidrevin\/wp-content\/uploads\/2025\/02\/PA14140914102009_20.jpg\" data-caption-title=\"Plodnice, Valtice Rendezvous 2005.\" data-caption-desc=\"Plodnice, Valtice Rendezvous 2005.\" data-attachment-id=\"4855\" data-type=\"image\" class=\"fg-thumb\"><span class=\"fg-image-wrap\"><img decoding=\"async\" title=\"Plodnice, Valtice Rendezvous 2005.\" width=\"365\" height=\"320\" class=\"skip-lazy fg-image\" data-src-fg=\"https:\/\/rumex.mendelu.cz\/atlasposkozenidrevin\/wp-content\/uploads\/cache\/2025\/02\/PA14140914102009_20\/3160027921.jpg\" src=\"data:image\/svg+xml,%3Csvg%20xmlns%3D%22http%3A%2F%2Fwww.w3.org%2F2000%2Fsvg%22%20width%3D%22365%22%20height%3D%22320%22%20viewBox%3D%220%200%20365%20320%22%3E%3C%2Fsvg%3E\" loading=\"eager\"><\/span><span class=\"fg-image-overlay\"><\/span><\/a><figcaption class=\"fg-caption\"><div class=\"fg-caption-inner\"><div class=\"fg-caption-desc\">Plodnice, Valtice Rendezvous 2005.<\/div><\/div><\/figcaption><\/figure><div class=\"fg-loader\"><\/div><\/div><div class=\"fg-item fg-type-image fg-idle\"><figure class=\"fg-item-inner\"><a href=\"https:\/\/rumex.mendelu.cz\/atlasposkozenidrevin\/wp-content\/uploads\/2025\/02\/Ganoderma_lucidum-3.jpg\" data-caption-title=\"Plodnice, Valtice Rendezvous 2010.\" data-caption-desc=\"Plodnice, Valtice Rendezvous 2010.\" data-attachment-id=\"4853\" data-type=\"image\" class=\"fg-thumb\"><span class=\"fg-image-wrap\"><img decoding=\"async\" title=\"Plodnice, Valtice Rendezvous 2010.\" width=\"365\" height=\"320\" class=\"skip-lazy fg-image\" data-src-fg=\"https:\/\/rumex.mendelu.cz\/atlasposkozenidrevin\/wp-content\/uploads\/cache\/2025\/02\/Ganoderma_lucidum-3\/1187218609.jpg\" src=\"data:image\/svg+xml,%3Csvg%20xmlns%3D%22http%3A%2F%2Fwww.w3.org%2F2000%2Fsvg%22%20width%3D%22365%22%20height%3D%22320%22%20viewBox%3D%220%200%20365%20320%22%3E%3C%2Fsvg%3E\" loading=\"eager\"><\/span><span class=\"fg-image-overlay\"><\/span><\/a><figcaption class=\"fg-caption\"><div class=\"fg-caption-inner\"><div class=\"fg-caption-desc\">Plodnice, Valtice Rendezvous 2010.<\/div><\/div><\/figcaption><\/figure><div class=\"fg-loader\"><\/div><\/div><\/div>\n","protected":false},"excerpt":{"rendered":"<p>Ganoderma lucidum (Curtis) P. Karst. HOSTITELSK\u00c9 D\u0158EVINY: dub (Quercus), habr (Carpinus), dal\u0161\u00ed listn\u00e1\u010de. SYMPTOMY: nar\u016fstaj\u00edc\u00ed [&hellip;]<\/p>\n","protected":false},"author":2,"featured_media":0,"parent":0,"menu_order":0,"comment_status":"closed","ping_status":"closed","template":"template-full-width.php","meta":{"footnotes":""},"class_list":["post-648","page","type-page","status-publish","hentry"],"_links":{"self":[{"href":"https:\/\/rumex.mendelu.cz\/atlasposkozenidrevin\/index.php\/wp-json\/wp\/v2\/pages\/648","targetHints":{"allow":["GET"]}}],"collection":[{"href":"https:\/\/rumex.mendelu.cz\/atlasposkozenidrevin\/index.php\/wp-json\/wp\/v2\/pages"}],"about":[{"href":"https:\/\/rumex.mendelu.cz\/atlasposkozenidrevin\/index.php\/wp-json\/wp\/v2\/types\/page"}],"author":[{"embeddable":true,"href":"https:\/\/rumex.mendelu.cz\/atlasposkozenidrevin\/index.php\/wp-json\/wp\/v2\/users\/2"}],"replies":[{"embeddable":true,"href":"https:\/\/rumex.mendelu.cz\/atlasposkozenidrevin\/index.php\/wp-json\/wp\/v2\/comments?post=648"}],"version-history":[{"count":9,"href":"https:\/\/rumex.mendelu.cz\/atlasposkozenidrevin\/index.php\/wp-json\/wp\/v2\/pages\/648\/revisions"}],"predecessor-version":[{"id":4901,"href":"https:\/\/rumex.mendelu.cz\/atlasposkozenidrevin\/index.php\/wp-json\/wp\/v2\/pages\/648\/revisions\/4901"}],"wp:attachment":[{"href":"https:\/\/rumex.mendelu.cz\/atlasposkozenidrevin\/index.php\/wp-json\/wp\/v2\/media?parent=648"}],"curies":[{"name":"wp","href":"https:\/\/api.w.org\/{rel}","templated":true}]}}