{"id":641,"date":"2019-08-19T14:41:52","date_gmt":"2019-08-19T12:41:52","guid":{"rendered":"http:\/\/rumex.mendelu.cz\/atlasposkozenidrevin\/?page_id=641"},"modified":"2024-11-06T13:31:41","modified_gmt":"2024-11-06T12:31:41","slug":"dubkatec-smrkovy","status":"publish","type":"page","link":"https:\/\/rumex.mendelu.cz\/atlasposkozenidrevin\/index.php\/dubkatec-smrkovy\/","title":{"rendered":"\u010fubkatec smrkov\u00fd"},"content":{"rendered":"\n<p style=\"text-align:left\" class=\"has-medium-font-size\"><strong><em>Onnia circinata <\/em>(Fr.) P. Karst. <\/strong><\/p>\n\n\n\n<p><strong>HOSTITELSK\u00c9 D\u0158EVINY: <\/strong>jehli\u010dnany, hlavn\u011b smrk ztepil\u00fd (<em>Picea<\/em> abies).<\/p>\n\n\n\n<p><strong>SYMPTOMY:<\/strong> na k\u016f\u0159e smrku v\u00fdrony prysky\u0159ice rozlit\u00e9 ve tvaru troj\u00faheln\u00edku, co\u017e je nad m\u00edstem pr\u016fniku infekce do d\u0159eviny, d\u00e1le nar\u016fst\u00e1n\u00ed jednolet\u00fdch plodnic, ale ne pravideln\u011b ka\u017ed\u00fdm rokem.<\/p>\n\n\n\n<p><strong>PLODNICE: <\/strong>jednolet\u00e9, nar\u016fstaj\u00ed od konce VII. \u2013 IX. na ko\u0159enov\u00fdch n\u00e1b\u011bz\u00edch a b\u00e1zi kmene, povrch sametov\u011b p\u00fd\u0159it\u00fd a\u017e \u0161edohn\u011bd\u00fd, vyzr\u00e1l\u00e9 rezavohn\u011bd\u00e9, du\u017enina je tvo\u0159ena dv\u011bma vrstvami rourek, horn\u00ed \u017eluto rezav\u00e1, spodn\u00ed tmav\u011b rezav\u00e1, m\u00edrn\u011b von\u00ed an\u00fdzem, nemaj\u00ed dlouhou \u017eivotnost, jsou velmi rychle roze\u017e\u00edr\u00e1ny hmyzem, rozpadaj\u00ed se. <\/p>\n\n\n\n<p><\/p>\n\n\n<style type=\"text\/css\">\n#foogallery-gallery-3170 .fg-image { width: 365px; }\n#foogallery-gallery-3170 { --fg-gutter: 10px; }<\/style>\n\t\t\t<div class=\"foogallery foogallery-container foogallery-default foogallery-lightbox-none fg-left fg-default fg-ready fg-light fg-border-thin fg-shadow-outline fg-loading-default fg-loaded-fade-in fg-caption-always fg-hover-fade fg-hover-zoom\" id=\"foogallery-gallery-3170\" data-foogallery=\"{&quot;item&quot;:{&quot;showCaptionTitle&quot;:false,&quot;showCaptionDescription&quot;:true},&quot;lazy&quot;:true}\" style=\"--fg-title-line-clamp: 0; --fg-description-line-clamp: 0;\" >\n\t<div class=\"fg-item fg-type-image fg-idle\"><figure class=\"fg-item-inner\"><a href=\"https:\/\/rumex.mendelu.cz\/atlasposkozenidrevin\/wp-content\/uploads\/2020\/02\/P4274357.jpg\" data-caption-title=\"Plodnice \u010fubkatce, \u0160LP ML K\u0159tiny 2007.\" data-caption-desc=\"Plodnice \u010fubkatce, \u0160LP ML K\u0159tiny 2007.\" data-attachment-id=\"2408\" data-type=\"image\" class=\"fg-thumb\"><span class=\"fg-image-wrap\"><img fetchpriority=\"high\" decoding=\"async\" title=\"Plodnice \u010fubkatce, \u0160LP ML K\u0159tiny 2007.\" width=\"365\" height=\"320\" class=\"skip-lazy fg-image\" data-src-fg=\"https:\/\/rumex.mendelu.cz\/atlasposkozenidrevin\/wp-content\/uploads\/cache\/2020\/02\/P4274357\/2031796722.jpg\" src=\"data:image\/svg+xml,%3Csvg%20xmlns%3D%22http%3A%2F%2Fwww.w3.org%2F2000%2Fsvg%22%20width%3D%22365%22%20height%3D%22320%22%20viewBox%3D%220%200%20365%20320%22%3E%3C%2Fsvg%3E\" loading=\"eager\"><\/span><span class=\"fg-image-overlay\"><\/span><\/a><figcaption class=\"fg-caption\"><div class=\"fg-caption-inner\"><div class=\"fg-caption-desc\">Plodnice \u010fubkatce, \u0160LP ML K\u0159tiny 2007.<\/div><\/div><\/figcaption><\/figure><div class=\"fg-loader\"><\/div><\/div><div class=\"fg-item fg-type-image fg-idle\"><figure class=\"fg-item-inner\"><a href=\"https:\/\/rumex.mendelu.cz\/atlasposkozenidrevin\/wp-content\/uploads\/2020\/02\/PA01348601102010_41.jpg\" data-caption-title=\"Plodnice \u010fubkatce, \u0160LP ML K\u0159tiny 2010.\" data-caption-desc=\"Plodnice \u010fubkatce, \u0160LP ML K\u0159tiny 2010.\" data-attachment-id=\"2410\" data-type=\"image\" class=\"fg-thumb\"><span class=\"fg-image-wrap\"><img decoding=\"async\" title=\"Plodnice \u010fubkatce, \u0160LP ML K\u0159tiny 2010.\" width=\"365\" height=\"320\" class=\"skip-lazy fg-image\" data-src-fg=\"https:\/\/rumex.mendelu.cz\/atlasposkozenidrevin\/wp-content\/uploads\/cache\/2020\/02\/PA01348601102010_41\/4275340190.jpg\" src=\"data:image\/svg+xml,%3Csvg%20xmlns%3D%22http%3A%2F%2Fwww.w3.org%2F2000%2Fsvg%22%20width%3D%22365%22%20height%3D%22320%22%20viewBox%3D%220%200%20365%20320%22%3E%3C%2Fsvg%3E\" loading=\"eager\"><\/span><span class=\"fg-image-overlay\"><\/span><\/a><figcaption class=\"fg-caption\"><div class=\"fg-caption-inner\"><div class=\"fg-caption-desc\">Plodnice \u010fubkatce, \u0160LP ML K\u0159tiny 2010.<\/div><\/div><\/figcaption><\/figure><div class=\"fg-loader\"><\/div><\/div><div class=\"fg-item fg-type-image fg-idle\"><figure class=\"fg-item-inner\"><a href=\"https:\/\/rumex.mendelu.cz\/atlasposkozenidrevin\/wp-content\/uploads\/2025\/02\/PA093658.jpg\" data-caption-title=\"Plodnice na smrku, Arboretum K\u0159tiny 2005.\" data-caption-desc=\"Plodnice na smrku, Arboretum K\u0159tiny 2005.\" data-attachment-id=\"4851\" data-type=\"image\" class=\"fg-thumb\"><span class=\"fg-image-wrap\"><img decoding=\"async\" title=\"Plodnice na smrku, Arboretum K\u0159tiny 2005.\" width=\"365\" height=\"320\" class=\"skip-lazy fg-image\" data-src-fg=\"https:\/\/rumex.mendelu.cz\/atlasposkozenidrevin\/wp-content\/uploads\/cache\/2025\/02\/PA093658\/191758449.jpg\" src=\"data:image\/svg+xml,%3Csvg%20xmlns%3D%22http%3A%2F%2Fwww.w3.org%2F2000%2Fsvg%22%20width%3D%22365%22%20height%3D%22320%22%20viewBox%3D%220%200%20365%20320%22%3E%3C%2Fsvg%3E\" loading=\"eager\"><\/span><span class=\"fg-image-overlay\"><\/span><\/a><figcaption class=\"fg-caption\"><div class=\"fg-caption-inner\"><div class=\"fg-caption-desc\">Plodnice na smrku, Arboretum K\u0159tiny 2005.<\/div><\/div><\/figcaption><\/figure><div class=\"fg-loader\"><\/div><\/div><\/div>\n\n\n\n<p><\/p>\n\n\n\n<p><strong>HNILOBA: <\/strong>b\u00edl\u00e1 \u2013 vo\u0161tinov\u00e1.<\/p>\n\n\n\n<p><strong>V\u00ddZNAM A OCHRANA: <\/strong>vyskytuje se pod\u00e9l cest, odvozn\u00edch linek, tam, kde jsou po\u0161kozeny mechanicky ko\u0159enov\u00e9 n\u00e1b\u011bhy d\u0159evin a ko\u0159eny, infekce se \u0161\u00ed\u0159\u00ed tak\u00e9 sr\u016fstem p\u0159es ko\u0159enov\u00e9 syst\u00e9my strom\u016f, hroz\u00ed vysok\u00e9 riziko vyvracen\u00ed d\u0159evin a zlom\u016f v pa\u0159ezov\u00e9 \u010d\u00e1sti.  <\/p>\n\n\n\n<p><\/p>\n\n\n<style type=\"text\/css\">\n#foogallery-gallery-3171 .fg-image { width: 365px; }\n#foogallery-gallery-3171 { --fg-gutter: 10px; }<\/style>\n\t\t\t<div class=\"foogallery foogallery-container foogallery-default foogallery-lightbox-none fg-left fg-default fg-ready fg-light fg-border-thin fg-shadow-outline fg-loading-default fg-loaded-fade-in fg-caption-always fg-hover-fade fg-hover-zoom\" id=\"foogallery-gallery-3171\" data-foogallery=\"{&quot;item&quot;:{&quot;showCaptionTitle&quot;:false,&quot;showCaptionDescription&quot;:true},&quot;lazy&quot;:true}\" style=\"--fg-title-line-clamp: 0; --fg-description-line-clamp: 0;\" >\n\t<div class=\"fg-item fg-type-image fg-idle\"><figure class=\"fg-item-inner\"><a href=\"https:\/\/rumex.mendelu.cz\/atlasposkozenidrevin\/wp-content\/uploads\/2020\/02\/PB26187926112009_53.jpg\" data-caption-title=\"Detail vo\u0161tinov\u00e9 hniloby,  \u0160LP ML K\u0159tiny 2009.\" data-caption-desc=\"Detail vo\u0161tinov\u00e9 hniloby,  \u0160LP ML K\u0159tiny 2009.\" data-attachment-id=\"2413\" data-type=\"image\" class=\"fg-thumb\"><span class=\"fg-image-wrap\"><img decoding=\"async\" title=\"Detail vo\u0161tinov\u00e9 hniloby,  \u0160LP ML K\u0159tiny 2009.\" width=\"365\" height=\"320\" class=\"skip-lazy fg-image\" data-src-fg=\"https:\/\/rumex.mendelu.cz\/atlasposkozenidrevin\/wp-content\/uploads\/cache\/2020\/02\/PB26187926112009_53\/4284179259.jpg\" src=\"data:image\/svg+xml,%3Csvg%20xmlns%3D%22http%3A%2F%2Fwww.w3.org%2F2000%2Fsvg%22%20width%3D%22365%22%20height%3D%22320%22%20viewBox%3D%220%200%20365%20320%22%3E%3C%2Fsvg%3E\" loading=\"eager\"><\/span><span class=\"fg-image-overlay\"><\/span><\/a><figcaption class=\"fg-caption\"><div class=\"fg-caption-inner\"><div class=\"fg-caption-desc\">Detail vo\u0161tinov\u00e9 hniloby,  \u0160LP ML K\u0159tiny 2009.<\/div><\/div><\/figcaption><\/figure><div class=\"fg-loader\"><\/div><\/div><div class=\"fg-item fg-type-image fg-idle\"><figure class=\"fg-item-inner\"><a href=\"https:\/\/rumex.mendelu.cz\/atlasposkozenidrevin\/wp-content\/uploads\/2025\/02\/P610285810062010_65.jpg\" data-caption-title=\"Vo\u0161tinov\u00e1 hniloba \u010fubkatce, Arboretum K\u0159tiny 2005.\" data-caption-desc=\"Vo\u0161tinov\u00e1 hniloba \u010fubkatce, Arboretum K\u0159tiny 2005.\" data-attachment-id=\"4850\" data-type=\"image\" class=\"fg-thumb\"><span class=\"fg-image-wrap\"><img decoding=\"async\" title=\"Vo\u0161tinov\u00e1 hniloba \u010fubkatce, Arboretum K\u0159tiny 2005.\" width=\"365\" height=\"320\" class=\"skip-lazy fg-image\" data-src-fg=\"https:\/\/rumex.mendelu.cz\/atlasposkozenidrevin\/wp-content\/uploads\/cache\/2025\/02\/P610285810062010_65\/3009853781.jpg\" src=\"data:image\/svg+xml,%3Csvg%20xmlns%3D%22http%3A%2F%2Fwww.w3.org%2F2000%2Fsvg%22%20width%3D%22365%22%20height%3D%22320%22%20viewBox%3D%220%200%20365%20320%22%3E%3C%2Fsvg%3E\" loading=\"eager\"><\/span><span class=\"fg-image-overlay\"><\/span><\/a><figcaption class=\"fg-caption\"><div class=\"fg-caption-inner\"><div class=\"fg-caption-desc\">Vo\u0161tinov\u00e1 hniloba \u010fubkatce, Arboretum K\u0159tiny 2005.<\/div><\/div><\/figcaption><\/figure><div class=\"fg-loader\"><\/div><\/div><div class=\"fg-item fg-type-image fg-idle\"><figure class=\"fg-item-inner\"><a href=\"https:\/\/rumex.mendelu.cz\/atlasposkozenidrevin\/wp-content\/uploads\/2025\/02\/P4274353-\u2013-kopie.jpg\" data-caption-title=\"Plodnice na smrku, Arboretum K\u0159tiny 2005.\" data-caption-desc=\"Plodnice na smrku, Arboretum K\u0159tiny 2005.\" data-attachment-id=\"4849\" data-type=\"image\" class=\"fg-thumb\"><span class=\"fg-image-wrap\"><img decoding=\"async\" title=\"Plodnice na smrku, Arboretum K\u0159tiny 2005.\" width=\"365\" height=\"320\" class=\"skip-lazy fg-image\" data-src-fg=\"https:\/\/rumex.mendelu.cz\/atlasposkozenidrevin\/wp-content\/uploads\/cache\/2025\/02\/P4274353-\u2013-kopie\/741788357.jpg\" src=\"data:image\/svg+xml,%3Csvg%20xmlns%3D%22http%3A%2F%2Fwww.w3.org%2F2000%2Fsvg%22%20width%3D%22365%22%20height%3D%22320%22%20viewBox%3D%220%200%20365%20320%22%3E%3C%2Fsvg%3E\" loading=\"eager\"><\/span><span class=\"fg-image-overlay\"><\/span><\/a><figcaption class=\"fg-caption\"><div class=\"fg-caption-inner\"><div class=\"fg-caption-desc\">Plodnice na smrku, Arboretum K\u0159tiny 2005.<\/div><\/div><\/figcaption><\/figure><div class=\"fg-loader\"><\/div><\/div><\/div>\n\n\nThe gallery was not found!","protected":false},"excerpt":{"rendered":"<p>Onnia circinata (Fr.) P. Karst. HOSTITELSK\u00c9 D\u0158EVINY: jehli\u010dnany, hlavn\u011b smrk ztepil\u00fd (Picea abies). SYMPTOMY: na [&hellip;]<\/p>\n","protected":false},"author":2,"featured_media":0,"parent":0,"menu_order":0,"comment_status":"closed","ping_status":"closed","template":"template-full-width.php","meta":{"footnotes":""},"class_list":["post-641","page","type-page","status-publish","hentry"],"_links":{"self":[{"href":"https:\/\/rumex.mendelu.cz\/atlasposkozenidrevin\/index.php\/wp-json\/wp\/v2\/pages\/641","targetHints":{"allow":["GET"]}}],"collection":[{"href":"https:\/\/rumex.mendelu.cz\/atlasposkozenidrevin\/index.php\/wp-json\/wp\/v2\/pages"}],"about":[{"href":"https:\/\/rumex.mendelu.cz\/atlasposkozenidrevin\/index.php\/wp-json\/wp\/v2\/types\/page"}],"author":[{"embeddable":true,"href":"https:\/\/rumex.mendelu.cz\/atlasposkozenidrevin\/index.php\/wp-json\/wp\/v2\/users\/2"}],"replies":[{"embeddable":true,"href":"https:\/\/rumex.mendelu.cz\/atlasposkozenidrevin\/index.php\/wp-json\/wp\/v2\/comments?post=641"}],"version-history":[{"count":6,"href":"https:\/\/rumex.mendelu.cz\/atlasposkozenidrevin\/index.php\/wp-json\/wp\/v2\/pages\/641\/revisions"}],"predecessor-version":[{"id":4262,"href":"https:\/\/rumex.mendelu.cz\/atlasposkozenidrevin\/index.php\/wp-json\/wp\/v2\/pages\/641\/revisions\/4262"}],"wp:attachment":[{"href":"https:\/\/rumex.mendelu.cz\/atlasposkozenidrevin\/index.php\/wp-json\/wp\/v2\/media?parent=641"}],"curies":[{"name":"wp","href":"https:\/\/api.w.org\/{rel}","templated":true}]}}