{"id":637,"date":"2019-08-19T14:36:40","date_gmt":"2019-08-19T12:36:40","guid":{"rendered":"http:\/\/rumex.mendelu.cz\/atlasposkozenidrevin\/?page_id=637"},"modified":"2024-11-06T13:33:56","modified_gmt":"2024-11-06T12:33:56","slug":"kotrc-kaderavy","status":"publish","type":"page","link":"https:\/\/rumex.mendelu.cz\/atlasposkozenidrevin\/index.php\/kotrc-kaderavy\/","title":{"rendered":"kotr\u010d kade\u0159av\u00fd"},"content":{"rendered":"\n<p style=\"text-align:left\" class=\"has-medium-font-size\"><em><strong>Sparassis crispa<\/strong><\/em><strong> (Wulfen) Fr. <\/strong><\/p>\n\n\n\n<p><strong>HOSTITELSK\u00c9 D\u0158EVINY:<\/strong> nejv\u00edce<em> <\/em>borovice (<em>Pinus <\/em>spp.),<em> <\/em>m\u00e9n\u011b<em> <\/em>\u010dasto<em>  <\/em>smrky (<em>Picea <\/em>spp.), mod\u0159\u00edny (<em>Larix <\/em>spp.),<em> <\/em>douglasky (<em>Pseudotsuga<\/em> spp.).<\/p>\n\n\n\n<p><strong>SYMPTOMY: <\/strong>plodnice na b\u00e1zi kmene.<\/p>\n\n\n\n<p><strong>PLODNICE:<\/strong> jednolet\u00e9, nar\u016fstaj\u00ed v VII. \u2013 VIII. na b\u00e1zi kmene anebo na povrchu hrabanky nad infikovan\u00fdmi ko\u0159eny, maj\u00ed kulovit\u00fd tvar, jsou mnohon\u00e1sobn\u011b se v\u011btv\u00edc\u00ed, b\u00edlo\u017elut\u00e9, l\u00edstkovit\u00e9, b\u00edl\u00e9 nebo smetanov\u011b b\u00edl\u00e9 barvy, t\u0159e\u0148 je siln\u00fd, ko\u0159enuj\u00edc\u00ed, jsou velmi n\u00e1padn\u00e9, jedl\u00e9.<\/p>\n\n\n\n<p><\/p>\n\n\n<style type=\"text\/css\">\n#foogallery-gallery-3168 .fg-image { width: 365px; }\n#foogallery-gallery-3168 { --fg-gutter: 10px; }<\/style>\n\t\t\t<div class=\"foogallery foogallery-container foogallery-default foogallery-lightbox-none fg-left fg-default fg-ready fg-light fg-border-thin fg-shadow-outline fg-loading-default fg-loaded-fade-in fg-caption-always fg-hover-fade fg-hover-zoom\" id=\"foogallery-gallery-3168\" data-foogallery=\"{&quot;item&quot;:{&quot;showCaptionTitle&quot;:false,&quot;showCaptionDescription&quot;:true},&quot;lazy&quot;:true}\" style=\"--fg-title-line-clamp: 0; --fg-description-line-clamp: 0;\" >\n\t<div class=\"fg-item fg-type-image fg-idle\"><figure class=\"fg-item-inner\"><a href=\"https:\/\/rumex.mendelu.cz\/atlasposkozenidrevin\/wp-content\/uploads\/2020\/02\/sparasis_crispa2.jpg\" data-caption-title=\"Plodnice kotr\u010de, K\u0159i\u017e\u00e1nky 2006.\" data-caption-desc=\"Plodnice kotr\u010de, K\u0159i\u017e\u00e1nky 2006.\" data-attachment-id=\"2405\" data-type=\"image\" class=\"fg-thumb\"><span class=\"fg-image-wrap\"><img fetchpriority=\"high\" decoding=\"async\" title=\"Plodnice kotr\u010de, K\u0159i\u017e\u00e1nky 2006.\" width=\"365\" height=\"320\" class=\"skip-lazy fg-image\" data-src-fg=\"https:\/\/rumex.mendelu.cz\/atlasposkozenidrevin\/wp-content\/uploads\/cache\/2020\/02\/sparasis_crispa2\/1073008806.jpg\" src=\"data:image\/svg+xml,%3Csvg%20xmlns%3D%22http%3A%2F%2Fwww.w3.org%2F2000%2Fsvg%22%20width%3D%22365%22%20height%3D%22320%22%20viewBox%3D%220%200%20365%20320%22%3E%3C%2Fsvg%3E\" loading=\"eager\"><\/span><span class=\"fg-image-overlay\"><\/span><\/a><figcaption class=\"fg-caption\"><div class=\"fg-caption-inner\"><div class=\"fg-caption-desc\">Plodnice kotr\u010de, K\u0159i\u017e\u00e1nky 2006.<\/div><\/div><\/figcaption><\/figure><div class=\"fg-loader\"><\/div><\/div><div class=\"fg-item fg-type-image fg-idle\"><figure class=\"fg-item-inner\"><a href=\"https:\/\/rumex.mendelu.cz\/atlasposkozenidrevin\/wp-content\/uploads\/2020\/02\/Sparasis-crispa-2.jpg\" data-caption-title=\"Mlad\u00e1 plodnice pod smrkem, \u0160LP ML K\u0159tiny 2009.\" data-caption-desc=\"Mlad\u00e1 plodnice pod smrkem, \u0160LP ML K\u0159tiny 2009.\" data-attachment-id=\"2404\" data-type=\"image\" class=\"fg-thumb\"><span class=\"fg-image-wrap\"><img decoding=\"async\" title=\"Mlad\u00e1 plodnice pod smrkem, \u0160LP ML K\u0159tiny 2009.\" width=\"365\" height=\"320\" class=\"skip-lazy fg-image\" data-src-fg=\"https:\/\/rumex.mendelu.cz\/atlasposkozenidrevin\/wp-content\/uploads\/cache\/2020\/02\/Sparasis-crispa-2\/495832088.jpg\" src=\"data:image\/svg+xml,%3Csvg%20xmlns%3D%22http%3A%2F%2Fwww.w3.org%2F2000%2Fsvg%22%20width%3D%22365%22%20height%3D%22320%22%20viewBox%3D%220%200%20365%20320%22%3E%3C%2Fsvg%3E\" loading=\"eager\"><\/span><span class=\"fg-image-overlay\"><\/span><\/a><figcaption class=\"fg-caption\"><div class=\"fg-caption-inner\"><div class=\"fg-caption-desc\">Mlad\u00e1 plodnice pod smrkem, \u0160LP ML K\u0159tiny 2009.<\/div><\/div><\/figcaption><\/figure><div class=\"fg-loader\"><\/div><\/div><div class=\"fg-item fg-type-image fg-idle\"><figure class=\"fg-item-inner\"><a href=\"https:\/\/rumex.mendelu.cz\/atlasposkozenidrevin\/wp-content\/uploads\/2020\/02\/PA194445.jpg\" data-caption-title=\"Plodnice kotr\u010de na b\u00e1zi borovice, PR Coufav\u00e1 2019.\" data-caption-desc=\"Plodnice kotr\u010de na b\u00e1zi borovice, PR Coufav\u00e1 2019.\" data-attachment-id=\"2403\" data-type=\"image\" class=\"fg-thumb\"><span class=\"fg-image-wrap\"><img decoding=\"async\" title=\"Plodnice kotr\u010de na b\u00e1zi borovice, PR Coufav\u00e1 2019.\" width=\"365\" height=\"320\" class=\"skip-lazy fg-image\" data-src-fg=\"https:\/\/rumex.mendelu.cz\/atlasposkozenidrevin\/wp-content\/uploads\/cache\/2020\/02\/PA194445\/2534700013.jpg\" src=\"data:image\/svg+xml,%3Csvg%20xmlns%3D%22http%3A%2F%2Fwww.w3.org%2F2000%2Fsvg%22%20width%3D%22365%22%20height%3D%22320%22%20viewBox%3D%220%200%20365%20320%22%3E%3C%2Fsvg%3E\" loading=\"eager\"><\/span><span class=\"fg-image-overlay\"><\/span><\/a><figcaption class=\"fg-caption\"><div class=\"fg-caption-inner\"><div class=\"fg-caption-desc\">Plodnice kotr\u010de na b\u00e1zi borovice, PR Coufav\u00e1 2019.<\/div><\/div><\/figcaption><\/figure><div class=\"fg-loader\"><\/div><\/div><\/div>\n\n\n\n<p><\/p>\n\n\n\n<p><strong>HNILOBA:<\/strong> hn\u011bd\u00e1, \u0161\u00ed\u0159\u00ed se j\u00e1drov\u00fdm d\u0159evem a\u017e do v\u00fd\u0161ky 3 m, m\u00e1 kostkovit\u00fd  rozpad, obsahuje v trhlin\u00e1ch b\u00edl\u00e9 mycelium.<\/p>\n\n\n\n<p><strong>V\u00ddZNAM A OCHRANA:<\/strong> vyskytuje se u p\u0159est\u00e1rl\u00fdch d\u0159evin, m\u016f\u017ee b\u00fdt zn\u00e1mkou naru\u0161en\u00ed stability stromu, vyr\u016fst\u00e1 i u pa\u0159ez\u016f. <\/p>\n","protected":false},"excerpt":{"rendered":"<p>Sparassis crispa (Wulfen) Fr. HOSTITELSK\u00c9 D\u0158EVINY: nejv\u00edce borovice (Pinus spp.), m\u00e9n\u011b \u010dasto smrky (Picea spp.), [&hellip;]<\/p>\n","protected":false},"author":2,"featured_media":0,"parent":0,"menu_order":0,"comment_status":"closed","ping_status":"closed","template":"template-full-width.php","meta":{"footnotes":""},"class_list":["post-637","page","type-page","status-publish","hentry"],"_links":{"self":[{"href":"https:\/\/rumex.mendelu.cz\/atlasposkozenidrevin\/index.php\/wp-json\/wp\/v2\/pages\/637","targetHints":{"allow":["GET"]}}],"collection":[{"href":"https:\/\/rumex.mendelu.cz\/atlasposkozenidrevin\/index.php\/wp-json\/wp\/v2\/pages"}],"about":[{"href":"https:\/\/rumex.mendelu.cz\/atlasposkozenidrevin\/index.php\/wp-json\/wp\/v2\/types\/page"}],"author":[{"embeddable":true,"href":"https:\/\/rumex.mendelu.cz\/atlasposkozenidrevin\/index.php\/wp-json\/wp\/v2\/users\/2"}],"replies":[{"embeddable":true,"href":"https:\/\/rumex.mendelu.cz\/atlasposkozenidrevin\/index.php\/wp-json\/wp\/v2\/comments?post=637"}],"version-history":[{"count":4,"href":"https:\/\/rumex.mendelu.cz\/atlasposkozenidrevin\/index.php\/wp-json\/wp\/v2\/pages\/637\/revisions"}],"predecessor-version":[{"id":3169,"href":"https:\/\/rumex.mendelu.cz\/atlasposkozenidrevin\/index.php\/wp-json\/wp\/v2\/pages\/637\/revisions\/3169"}],"wp:attachment":[{"href":"https:\/\/rumex.mendelu.cz\/atlasposkozenidrevin\/index.php\/wp-json\/wp\/v2\/media?parent=637"}],"curies":[{"name":"wp","href":"https:\/\/api.w.org\/{rel}","templated":true}]}}