{"id":623,"date":"2019-08-19T14:24:47","date_gmt":"2019-08-19T12:24:47","guid":{"rendered":"http:\/\/rumex.mendelu.cz\/atlasposkozenidrevin\/?page_id=623"},"modified":"2024-11-06T13:24:26","modified_gmt":"2024-11-06T12:24:26","slug":"belochoros-horky","status":"publish","type":"page","link":"https:\/\/rumex.mendelu.cz\/atlasposkozenidrevin\/index.php\/belochoros-horky\/","title":{"rendered":"b\u011blochoro\u0161 ho\u0159k\u00fd"},"content":{"rendered":"\n<p style=\"text-align:left\" class=\"has-medium-font-size\"><strong><em>Postia stiptica<\/em><\/strong><strong> (Pers.) J\u00fclich <\/strong><\/p>\n\n\n\n<p class=\"has-normal-font-size\"><strong>SYNONYMUM: <\/strong><em><strong>Oligoporus stipticus<\/strong><\/em><strong> (Pers.) Gilb. &amp; Ryvarden<\/strong><\/p>\n\n\n\n<p><strong>HOSTITELSK\u00c9 D\u0158EVINY:<\/strong> jehli\u010dnany, nej\u010dast\u011bji smrky (<em>Picea <\/em>spp.)<em>, <\/em>m\u00e9n\u011b<em> <\/em>borovice (<em>Pinus <\/em>spp.)<em> <\/em>a<em> <\/em>jedle (<em>Abies <\/em>spp.).<\/p>\n\n\n\n<p><strong>SYMPTOMY:<\/strong> n\u00e1padn\u00e9 b\u00edl\u00e9 plodnice na b\u00e1zi kmene a ko\u0159enov\u00fdch n\u00e1b\u011bz\u00edch, \u010dasto nar\u016fstaj\u00ed i na&nbsp;pa\u0159ezech.&nbsp;<\/p>\n\n\n\n<p><strong>PLODNICE:<\/strong> nar\u016fstaj\u00ed v VII. \u2013 XI., jsou sn\u011bhob\u00edl\u00e9, jemn\u011b plstnat\u00e9, polokulovit\u00e9 nebo v\u011bj\u00ed\u0159ovit\u00e9, z\u00fa\u017eenou b\u00e1z\u00ed p\u0159irostl\u00e9, v ml\u00e1d\u00ed ron\u00edc\u00ed kapky, povrch pozd\u011bji olysal\u00fd, okraj klobouku je ostr\u00fd, tenk\u00fd, po vyschnut\u00ed plodnice podvinut\u00fd,\u00a0du\u017enina m\u011bkk\u00e1, ho\u0159k\u00e9 chuti.<\/p>\n\n\n\n<p><\/p>\n\n\n<style type=\"text\/css\">\n#foogallery-gallery-3161 .fg-image { width: 560px; }\n#foogallery-gallery-3161 { --fg-gutter: 10px; }<\/style>\n\t\t\t<div class=\"foogallery foogallery-container foogallery-default foogallery-lightbox-none fg-left fg-default fg-ready fg-light fg-border-thin fg-shadow-outline fg-loading-default fg-loaded-fade-in fg-caption-always fg-hover-fade fg-hover-zoom\" id=\"foogallery-gallery-3161\" data-foogallery=\"{&quot;item&quot;:{&quot;showCaptionTitle&quot;:false,&quot;showCaptionDescription&quot;:true},&quot;lazy&quot;:true}\" style=\"--fg-title-line-clamp: 0; --fg-description-line-clamp: 0;\" >\n\t<div class=\"fg-item fg-type-image fg-idle\"><figure class=\"fg-item-inner\"><a href=\"https:\/\/rumex.mendelu.cz\/atlasposkozenidrevin\/wp-content\/uploads\/2025\/02\/postia_stiptica5.jpg\" data-caption-title=\"Plodnice na smrku, \u0160LP ML K\u0159tiny 2005.\" data-caption-desc=\"Plodnice na smrku, \u0160LP ML K\u0159tiny 2005.\" data-attachment-id=\"4842\" data-type=\"image\" class=\"fg-thumb\"><span class=\"fg-image-wrap\"><img fetchpriority=\"high\" decoding=\"async\" title=\"Plodnice na smrku, \u0160LP ML K\u0159tiny 2005.\" width=\"560\" height=\"430\" class=\"skip-lazy fg-image\" data-src-fg=\"https:\/\/rumex.mendelu.cz\/atlasposkozenidrevin\/wp-content\/uploads\/cache\/2025\/02\/postia_stiptica5\/2382260907.jpg\" src=\"data:image\/svg+xml,%3Csvg%20xmlns%3D%22http%3A%2F%2Fwww.w3.org%2F2000%2Fsvg%22%20width%3D%22560%22%20height%3D%22430%22%20viewBox%3D%220%200%20560%20430%22%3E%3C%2Fsvg%3E\" loading=\"eager\"><\/span><span class=\"fg-image-overlay\"><\/span><\/a><figcaption class=\"fg-caption\"><div class=\"fg-caption-inner\"><div class=\"fg-caption-desc\">Plodnice na smrku, \u0160LP ML K\u0159tiny 2005.<\/div><\/div><\/figcaption><\/figure><div class=\"fg-loader\"><\/div><\/div><div class=\"fg-item fg-type-image fg-idle\"><figure class=\"fg-item-inner\"><a href=\"https:\/\/rumex.mendelu.cz\/atlasposkozenidrevin\/wp-content\/uploads\/2025\/02\/postia_stiptica2.jpg\" data-caption-title=\"Plodnice na smrku, \u0160LP ML K\u0159tiny 2005.\" data-caption-desc=\"Plodnice na smrku, \u0160LP ML K\u0159tiny 2005.\" data-attachment-id=\"4841\" data-type=\"image\" class=\"fg-thumb\"><span class=\"fg-image-wrap\"><img decoding=\"async\" title=\"Plodnice na smrku, \u0160LP ML K\u0159tiny 2005.\" width=\"560\" height=\"430\" class=\"skip-lazy fg-image\" data-src-fg=\"https:\/\/rumex.mendelu.cz\/atlasposkozenidrevin\/wp-content\/uploads\/cache\/2025\/02\/postia_stiptica2\/1114108028.jpg\" src=\"data:image\/svg+xml,%3Csvg%20xmlns%3D%22http%3A%2F%2Fwww.w3.org%2F2000%2Fsvg%22%20width%3D%22560%22%20height%3D%22430%22%20viewBox%3D%220%200%20560%20430%22%3E%3C%2Fsvg%3E\" loading=\"eager\"><\/span><span class=\"fg-image-overlay\"><\/span><\/a><figcaption class=\"fg-caption\"><div class=\"fg-caption-inner\"><div class=\"fg-caption-desc\">Plodnice na smrku, \u0160LP ML K\u0159tiny 2005.<\/div><\/div><\/figcaption><\/figure><div class=\"fg-loader\"><\/div><\/div><\/div>\n\n\n\n<p><\/p>\n\n\n\n<p><strong>HNILOBA:<\/strong> hn\u011bd\u00e1, v&nbsp;posledn\u00ed f\u00e1zi hranolovit\u00fd rozklad, v&nbsp;trhlin\u00e1ch jsou p\u0159\u00edtomny jemn\u00e9 blanky ml\u00e9\u010dn\u011b b\u00edl\u00e9ho podhoub\u00ed.<\/p>\n\n\n\n<p><strong>V\u00ddZNAM A OCHRANA:<\/strong> stromy jsou infikov\u00e1ny p\u0159es m\u00edsta mechanick\u00e9ho poran\u011bn\u00ed, hniloba zp\u016fsobuje l\u00e1m\u00e1n\u00ed d\u0159evin v pa\u0159ezov\u00e9 \u010d\u00e1sti, vyskytuje se  i na pa\u0159ezech d\u0159evin.<\/p>\n\n\n\n<p><strong>MO\u017dNOST Z\u00c1M\u011aNY:&nbsp;<\/strong> plstnate\u010dek seversk\u00fd (<em>Climacocystis borealis<\/em>), kter\u00fd tvo\u0159\u00ed v\u00edce plodnic, kter\u00e9 jsou m\u00edrn\u011b na\u017eloutl\u00e9 a nejsou ho\u0159k\u00e9.<\/p>\n","protected":false},"excerpt":{"rendered":"<p>Postia stiptica (Pers.) J\u00fclich SYNONYMUM: Oligoporus stipticus (Pers.) Gilb. &amp; Ryvarden HOSTITELSK\u00c9 D\u0158EVINY: jehli\u010dnany, nej\u010dast\u011bji [&hellip;]<\/p>\n","protected":false},"author":2,"featured_media":0,"parent":0,"menu_order":0,"comment_status":"closed","ping_status":"closed","template":"template-full-width.php","meta":{"footnotes":""},"class_list":["post-623","page","type-page","status-publish","hentry"],"_links":{"self":[{"href":"https:\/\/rumex.mendelu.cz\/atlasposkozenidrevin\/index.php\/wp-json\/wp\/v2\/pages\/623","targetHints":{"allow":["GET"]}}],"collection":[{"href":"https:\/\/rumex.mendelu.cz\/atlasposkozenidrevin\/index.php\/wp-json\/wp\/v2\/pages"}],"about":[{"href":"https:\/\/rumex.mendelu.cz\/atlasposkozenidrevin\/index.php\/wp-json\/wp\/v2\/types\/page"}],"author":[{"embeddable":true,"href":"https:\/\/rumex.mendelu.cz\/atlasposkozenidrevin\/index.php\/wp-json\/wp\/v2\/users\/2"}],"replies":[{"embeddable":true,"href":"https:\/\/rumex.mendelu.cz\/atlasposkozenidrevin\/index.php\/wp-json\/wp\/v2\/comments?post=623"}],"version-history":[{"count":6,"href":"https:\/\/rumex.mendelu.cz\/atlasposkozenidrevin\/index.php\/wp-json\/wp\/v2\/pages\/623\/revisions"}],"predecessor-version":[{"id":4843,"href":"https:\/\/rumex.mendelu.cz\/atlasposkozenidrevin\/index.php\/wp-json\/wp\/v2\/pages\/623\/revisions\/4843"}],"wp:attachment":[{"href":"https:\/\/rumex.mendelu.cz\/atlasposkozenidrevin\/index.php\/wp-json\/wp\/v2\/media?parent=623"}],"curies":[{"name":"wp","href":"https:\/\/api.w.org\/{rel}","templated":true}]}}