{"id":616,"date":"2019-08-19T14:18:30","date_gmt":"2019-08-19T12:18:30","guid":{"rendered":"http:\/\/rumex.mendelu.cz\/atlasposkozenidrevin\/?page_id=616"},"modified":"2025-02-04T11:57:29","modified_gmt":"2025-02-04T10:57:29","slug":"hnedak-schweinitzuv","status":"publish","type":"page","link":"https:\/\/rumex.mendelu.cz\/atlasposkozenidrevin\/index.php\/hnedak-schweinitzuv\/","title":{"rendered":"hn\u011bd\u00e1k Schweinitz\u016fv"},"content":{"rendered":"\n<p class=\"has-text-align-left has-medium-font-size\"><strong><em>Phaeolus schweinitzii <\/em>(Fr.) Pat. <\/strong><\/p>\n\n\n\n<p><strong>HOSTITELSK\u00c9 D\u0158EVINY:<\/strong> jehli\u010dnany \u2013 borovice (<em>Pinus <\/em>spp.), mod\u0159\u00edny (<em>Larix <\/em>spp. ), smrky (<em>Picea <\/em>spp.),<em> <\/em>douglaska (<em>Pseudotsuga<\/em>).<\/p>\n\n\n\n<p><strong>SYMPTOMY:<\/strong> plodnice ochotn\u011b nar\u016fstaj\u00ed na b\u00e1zi kmene, mezi ko\u0159enov\u00fdmi n\u00e1b\u011bhy i na hrabance pod stromy, typick\u00e1 je roz\u0161\u00ed\u0159en\u00e1 b\u00e1ze kmene. <\/p>\n\n\n\n<p><strong>PLODNICE: <\/strong>jednolet\u00e9, nar\u016fstaj\u00ed v pol. VI. \u2013 VIII. a i pozd\u011bji, klobouk kruhovit\u00fd a\u017e polokruhovit\u00fd nepravideln\u011b hrbolat\u00fd, m\u00e1 trycht\u00fd\u0159ovit\u00fd tvar, je  pokryt\u00fd jemnou plst\u00ed, mlad\u00e9 plodnice maj\u00ed r\u016fstovou z\u00f3nu \u017elutou, \u017eluto rezavou a\u017e oran\u017eov\u011b rezavou, st\u0159ed plodnic je tmav\u011b hn\u011bd\u00fd, star\u00e9 jsou tmav\u011b hn\u011bd\u00e9 cel\u00e9, polorozpadl\u00e9 zbytky plodnic jsou nal\u00e9z\u00e1ny pod stromy i v n\u00e1sleduj\u00edc\u00edm roce.<\/p>\n\n\n\n<p><\/p>\n\n\n<style type=\"text\/css\">\n#foogallery-gallery-3156 .fg-image { width: 365px; }\n#foogallery-gallery-3156 { --fg-gutter: 10px; }<\/style>\n\t\t\t<div class=\"foogallery foogallery-container foogallery-default foogallery-lightbox-none fg-left fg-default fg-ready fg-light fg-border-thin fg-shadow-outline fg-loading-default fg-loaded-fade-in fg-caption-always fg-hover-fade fg-hover-zoom\" id=\"foogallery-gallery-3156\" data-foogallery=\"{&quot;item&quot;:{&quot;showCaptionTitle&quot;:false,&quot;showCaptionDescription&quot;:true},&quot;lazy&quot;:true}\" style=\"--fg-title-line-clamp: 0; --fg-description-line-clamp: 0;\" >\n\t<div class=\"fg-item fg-type-image fg-idle\"><figure class=\"fg-item-inner\"><a href=\"https:\/\/rumex.mendelu.cz\/atlasposkozenidrevin\/wp-content\/uploads\/2020\/02\/P9233797.jpg\" data-caption-title=\"Plodnice hn\u011bd\u00e1ku na smrku, \u0160LP ML K\u0159tiny 2011.\" data-caption-desc=\"Plodnice hn\u011bd\u00e1ku na smrku, \u0160LP ML K\u0159tiny 2011.\" data-attachment-id=\"2397\" data-type=\"image\" class=\"fg-thumb\"><span class=\"fg-image-wrap\"><img fetchpriority=\"high\" decoding=\"async\" title=\"Plodnice hn\u011bd\u00e1ku na smrku, \u0160LP ML K\u0159tiny 2011.\" width=\"365\" height=\"320\" class=\"skip-lazy fg-image\" data-src-fg=\"https:\/\/rumex.mendelu.cz\/atlasposkozenidrevin\/wp-content\/uploads\/cache\/2020\/02\/P9233797\/3069092091.jpg\" src=\"data:image\/svg+xml,%3Csvg%20xmlns%3D%22http%3A%2F%2Fwww.w3.org%2F2000%2Fsvg%22%20width%3D%22365%22%20height%3D%22320%22%20viewBox%3D%220%200%20365%20320%22%3E%3C%2Fsvg%3E\" loading=\"eager\"><\/span><span class=\"fg-image-overlay\"><\/span><\/a><figcaption class=\"fg-caption\"><div class=\"fg-caption-inner\"><div class=\"fg-caption-desc\">Plodnice hn\u011bd\u00e1ku na smrku, \u0160LP ML K\u0159tiny 2011.<\/div><\/div><\/figcaption><\/figure><div class=\"fg-loader\"><\/div><\/div><div class=\"fg-item fg-type-image fg-idle\"><figure class=\"fg-item-inner\"><a href=\"https:\/\/rumex.mendelu.cz\/atlasposkozenidrevin\/wp-content\/uploads\/2020\/02\/P4256359.jpg\" data-caption-title=\"Lo\u0148sk\u00e1 plodnice hn\u011bd\u00e1ku na smrku, \u0160LP ML K\u0159tiny 2012.\" data-caption-desc=\"Lo\u0148sk\u00e1 plodnice hn\u011bd\u00e1ku na smrku, \u0160LP ML K\u0159tiny 2012.\" data-attachment-id=\"2396\" data-type=\"image\" class=\"fg-thumb\"><span class=\"fg-image-wrap\"><img decoding=\"async\" title=\"Lo\u0148sk\u00e1 plodnice hn\u011bd\u00e1ku na smrku, \u0160LP ML K\u0159tiny 2012.\" width=\"365\" height=\"320\" class=\"skip-lazy fg-image\" data-src-fg=\"https:\/\/rumex.mendelu.cz\/atlasposkozenidrevin\/wp-content\/uploads\/cache\/2020\/02\/P4256359\/1060120579.jpg\" src=\"data:image\/svg+xml,%3Csvg%20xmlns%3D%22http%3A%2F%2Fwww.w3.org%2F2000%2Fsvg%22%20width%3D%22365%22%20height%3D%22320%22%20viewBox%3D%220%200%20365%20320%22%3E%3C%2Fsvg%3E\" loading=\"eager\"><\/span><span class=\"fg-image-overlay\"><\/span><\/a><figcaption class=\"fg-caption\"><div class=\"fg-caption-inner\"><div class=\"fg-caption-desc\">Lo\u0148sk\u00e1 plodnice hn\u011bd\u00e1ku na smrku, \u0160LP ML K\u0159tiny 2012.<\/div><\/div><\/figcaption><\/figure><div class=\"fg-loader\"><\/div><\/div><div class=\"fg-item fg-type-image fg-idle\"><figure class=\"fg-item-inner\"><a href=\"https:\/\/rumex.mendelu.cz\/atlasposkozenidrevin\/wp-content\/uploads\/2025\/02\/Phaeolus-schweinitzii.jpg\" data-caption-title=\"Plodnice pod borovic\u00ed, Arboretum \u0158\u00edcmanice 2004.\" data-caption-desc=\"Plodnice pod borovic\u00ed, Arboretum \u0158\u00edcmanice 2004.\" data-attachment-id=\"4833\" data-type=\"image\" class=\"fg-thumb\"><span class=\"fg-image-wrap\"><img decoding=\"async\" title=\"Plodnice pod borovic\u00ed, Arboretum \u0158\u00edcmanice 2004.\" width=\"365\" height=\"320\" class=\"skip-lazy fg-image\" data-src-fg=\"https:\/\/rumex.mendelu.cz\/atlasposkozenidrevin\/wp-content\/uploads\/cache\/2025\/02\/Phaeolus-schweinitzii\/1196315804.jpg\" src=\"data:image\/svg+xml,%3Csvg%20xmlns%3D%22http%3A%2F%2Fwww.w3.org%2F2000%2Fsvg%22%20width%3D%22365%22%20height%3D%22320%22%20viewBox%3D%220%200%20365%20320%22%3E%3C%2Fsvg%3E\" loading=\"eager\"><\/span><span class=\"fg-image-overlay\"><\/span><\/a><figcaption class=\"fg-caption\"><div class=\"fg-caption-inner\"><div class=\"fg-caption-desc\">Plodnice pod borovic\u00ed, Arboretum \u0158\u00edcmanice 2004.<\/div><\/div><\/figcaption><\/figure><div class=\"fg-loader\"><\/div><\/div><\/div>\n\n\n<style type=\"text\/css\">\n#foogallery-gallery-4835 .fg-image { width: 365px; }\n#foogallery-gallery-4835 { --fg-gutter: 10px; }<\/style>\n\t\t\t<div class=\"foogallery foogallery-container foogallery-default foogallery-lightbox-foogallery fg-center fg-default fg-ready fg-light fg-border-thin fg-shadow-outline fg-loading-default fg-loaded-fade-in fg-caption-always fg-hover-fade fg-hover-zoom\" id=\"foogallery-gallery-4835\" data-foogallery=\"{&quot;item&quot;:{&quot;showCaptionTitle&quot;:false,&quot;showCaptionDescription&quot;:true},&quot;lazy&quot;:true}\" data-foogallery-lightbox=\"{&quot;thumbs&quot;:&quot;bottom&quot;,&quot;thumbsCaptions&quot;:false,&quot;thumbsBestFit&quot;:false,&quot;thumbsSmall&quot;:false,&quot;thumbsCaptionsAlign&quot;:&quot;default&quot;,&quot;info&quot;:&quot;bottom&quot;,&quot;infoVisible&quot;:true,&quot;infoOverlay&quot;:true,&quot;infoAlign&quot;:&quot;default&quot;,&quot;transition&quot;:&quot;fade&quot;,&quot;hoverButtons&quot;:false,&quot;fitMedia&quot;:false,&quot;noScrollbars&quot;:true,&quot;preserveButtonSpace&quot;:true,&quot;buttons&quot;:{&quot;fullscreen&quot;:true,&quot;info&quot;:true,&quot;thumbs&quot;:false},&quot;video&quot;:{&quot;autoPlay&quot;:true}}\" style=\"--fg-title-line-clamp: 0; --fg-description-line-clamp: 0;\" >\n\t<div class=\"fg-item fg-type-image fg-idle\"><figure class=\"fg-item-inner\"><a href=\"https:\/\/rumex.mendelu.cz\/atlasposkozenidrevin\/wp-content\/uploads\/2025\/02\/IMG_5018-scaled.jpg\" data-caption-title=\"Mlad\u00e1 plodnice na hrabance, \u0160LP ML K\u0159tiny 2023.\" data-caption-desc=\"Mlad\u00e1 plodnice na hrabance, \u0160LP ML K\u0159tiny 2023.\" data-attachment-id=\"4838\" data-type=\"image\" class=\"fg-thumb\"><span class=\"fg-image-wrap\"><img decoding=\"async\" title=\"Mlad\u00e1 plodnice na hrabance, \u0160LP ML K\u0159tiny 2023.\" width=\"365\" height=\"320\" class=\"skip-lazy fg-image\" data-src-fg=\"https:\/\/rumex.mendelu.cz\/atlasposkozenidrevin\/wp-content\/uploads\/cache\/2025\/02\/IMG_5018-scaled\/476202713.jpg\" src=\"data:image\/svg+xml,%3Csvg%20xmlns%3D%22http%3A%2F%2Fwww.w3.org%2F2000%2Fsvg%22%20width%3D%22365%22%20height%3D%22320%22%20viewBox%3D%220%200%20365%20320%22%3E%3C%2Fsvg%3E\" loading=\"eager\"><\/span><span class=\"fg-image-overlay\"><\/span><\/a><figcaption class=\"fg-caption\"><div class=\"fg-caption-inner\"><div class=\"fg-caption-desc\">Mlad\u00e1 plodnice na hrabance, \u0160LP ML K\u0159tiny 2023.<\/div><\/div><\/figcaption><\/figure><div class=\"fg-loader\"><\/div><\/div><div class=\"fg-item fg-type-image fg-idle\"><figure class=\"fg-item-inner\"><a href=\"https:\/\/rumex.mendelu.cz\/atlasposkozenidrevin\/wp-content\/uploads\/2025\/02\/IMG_1827-scaled.jpg\" data-caption-title=\"Plodnice na pa\u0159ezu smrku, K\u0159i\u017e\u00e1nky 2021.\" data-caption-desc=\"Plodnice na pa\u0159ezu smrku, K\u0159i\u017e\u00e1nky 2021.\" data-attachment-id=\"4837\" data-type=\"image\" class=\"fg-thumb\"><span class=\"fg-image-wrap\"><img decoding=\"async\" title=\"Plodnice na pa\u0159ezu smrku, K\u0159i\u017e\u00e1nky 2021.\" width=\"365\" height=\"320\" class=\"skip-lazy fg-image\" data-src-fg=\"https:\/\/rumex.mendelu.cz\/atlasposkozenidrevin\/wp-content\/uploads\/cache\/2025\/02\/IMG_1827-scaled\/1181816820.jpg\" src=\"data:image\/svg+xml,%3Csvg%20xmlns%3D%22http%3A%2F%2Fwww.w3.org%2F2000%2Fsvg%22%20width%3D%22365%22%20height%3D%22320%22%20viewBox%3D%220%200%20365%20320%22%3E%3C%2Fsvg%3E\" loading=\"eager\"><\/span><span class=\"fg-image-overlay\"><\/span><\/a><figcaption class=\"fg-caption\"><div class=\"fg-caption-inner\"><div class=\"fg-caption-desc\">Plodnice na pa\u0159ezu smrku, K\u0159i\u017e\u00e1nky 2021.<\/div><\/div><\/figcaption><\/figure><div class=\"fg-loader\"><\/div><\/div><div class=\"fg-item fg-type-image fg-idle\"><figure class=\"fg-item-inner\"><a href=\"https:\/\/rumex.mendelu.cz\/atlasposkozenidrevin\/wp-content\/uploads\/2025\/02\/P8105122.jpg\" data-caption-title=\"Plodnice na b\u00e1zi smrku, Arboretum \u0158\u00edcmanice 2010.\" data-caption-desc=\"Plodnice na b\u00e1zi smrku, Arboretum \u0158\u00edcmanice 2010.\" data-attachment-id=\"4832\" data-type=\"image\" class=\"fg-thumb\"><span class=\"fg-image-wrap\"><img decoding=\"async\" title=\"Plodnice na b\u00e1zi smrku, Arboretum \u0158\u00edcmanice 2010.\" width=\"365\" height=\"320\" class=\"skip-lazy fg-image\" data-src-fg=\"https:\/\/rumex.mendelu.cz\/atlasposkozenidrevin\/wp-content\/uploads\/cache\/2025\/02\/P8105122\/1142413072.jpg\" src=\"data:image\/svg+xml,%3Csvg%20xmlns%3D%22http%3A%2F%2Fwww.w3.org%2F2000%2Fsvg%22%20width%3D%22365%22%20height%3D%22320%22%20viewBox%3D%220%200%20365%20320%22%3E%3C%2Fsvg%3E\" loading=\"eager\"><\/span><span class=\"fg-image-overlay\"><\/span><\/a><figcaption class=\"fg-caption\"><div class=\"fg-caption-inner\"><div class=\"fg-caption-desc\">Plodnice na b\u00e1zi smrku, Arboretum \u0158\u00edcmanice 2010.<\/div><\/div><\/figcaption><\/figure><div class=\"fg-loader\"><\/div><\/div><\/div>\n\n\n\n<p><\/p>\n\n\n\n<p><strong>HNILOBA:<\/strong> hn\u011bd\u00e1, \u0161\u00ed\u0159\u00ed se od ko\u0159en\u016f do kmene a d\u00e1le vyzr\u00e1l\u00fdm d\u0159evem a\u017e do v\u00fd\u0161ky 8 \u201312 m, v\u011bt\u0161inou bez vn\u011bj\u0161\u00edch p\u0159\u00edznak\u016f, tlej\u00edc\u00ed d\u0159evo se barv\u00ed zpo\u010d\u00e1tku okrov\u011b, d\u00e1 se r\u00fdpat nehtem, pozd\u011bji se tvo\u0159\u00ed&nbsp;pod\u00e9ln\u00e9 a p\u0159\u00ed\u010dn\u00e9 trhlinky, obsahuj\u00edc\u00ed b\u00edl\u00e9 blanky podhoub\u00ed, v posledn\u00ed f\u00e1zi je tmav\u011b \u010dervenohn\u011bd\u00e9, hranolovit\u011b se rozpad\u00e1, pokud je hniloba such\u00e1, je velmi lehk\u00e1 a drt\u00ed se v jemn\u00fd pr\u00e1\u0161ek.<\/p>\n\n\n\n<p><strong>V\u00ddZNAM A OCHRANA:<\/strong> hniloba naru\u0161uje stabilitu d\u0159evin, doch\u00e1z\u00ed k v\u00fdvrat\u016fm v pa\u0159ezov\u00e9 \u010d\u00e1sti, tam, kde se pravideln\u011b objevuj\u00ed plodnice je t\u0159eba po\u010d\u00edtat s pokro\u010dilou hnilobou, velmi \u010dast\u00fd je i v parkov\u00fdch \u00faprav\u00e1ch. <\/p>\n\n\n\n<p><\/p>\n\n\n<style type=\"text\/css\">\n#foogallery-gallery-3158 .fg-image { width: 365px; }\n#foogallery-gallery-3158 { --fg-gutter: 10px; }<\/style>\n\t\t\t<div class=\"foogallery foogallery-container foogallery-default foogallery-lightbox-none fg-left fg-default fg-ready fg-light fg-border-thin fg-shadow-outline fg-loading-default fg-loaded-fade-in fg-caption-always fg-hover-fade fg-hover-zoom\" id=\"foogallery-gallery-3158\" data-foogallery=\"{&quot;item&quot;:{&quot;showCaptionTitle&quot;:false,&quot;showCaptionDescription&quot;:true},&quot;lazy&quot;:true}\" style=\"--fg-title-line-clamp: 0; --fg-description-line-clamp: 0;\" >\n\t<div class=\"fg-item fg-type-image fg-idle\"><figure class=\"fg-item-inner\"><a href=\"https:\/\/rumex.mendelu.cz\/atlasposkozenidrevin\/wp-content\/uploads\/2020\/02\/P4256394.jpg\" data-caption-title=\"Zlom smrku s hnilobou, \u0160LP ML K\u0159tiny 2012.\" data-caption-desc=\"Zlom smrku s hnilobou, \u0160LP ML K\u0159tiny 2012.\" data-attachment-id=\"2392\" data-type=\"image\" class=\"fg-thumb\"><span class=\"fg-image-wrap\"><img decoding=\"async\" title=\"Zlom smrku s hnilobou, \u0160LP ML K\u0159tiny 2012.\" width=\"365\" height=\"320\" class=\"skip-lazy fg-image\" data-src-fg=\"https:\/\/rumex.mendelu.cz\/atlasposkozenidrevin\/wp-content\/uploads\/cache\/2020\/02\/P4256394\/619936956.jpg\" src=\"data:image\/svg+xml,%3Csvg%20xmlns%3D%22http%3A%2F%2Fwww.w3.org%2F2000%2Fsvg%22%20width%3D%22365%22%20height%3D%22320%22%20viewBox%3D%220%200%20365%20320%22%3E%3C%2Fsvg%3E\" loading=\"eager\"><\/span><span class=\"fg-image-overlay\"><\/span><\/a><figcaption class=\"fg-caption\"><div class=\"fg-caption-inner\"><div class=\"fg-caption-desc\">Zlom smrku s hnilobou, \u0160LP ML K\u0159tiny 2012.<\/div><\/div><\/figcaption><\/figure><div class=\"fg-loader\"><\/div><\/div><div class=\"fg-item fg-type-image fg-idle\"><figure class=\"fg-item-inner\"><a href=\"https:\/\/rumex.mendelu.cz\/atlasposkozenidrevin\/wp-content\/uploads\/2020\/02\/P9119378.jpg\" data-caption-title=\"Zlom smrku s hnilobou, \u0160LP ML K\u0159tiny 2013.\" data-caption-desc=\"Zlom smrku s hnilobou, \u0160LP ML K\u0159tiny 2013.\" data-attachment-id=\"2394\" data-type=\"image\" class=\"fg-thumb\"><span class=\"fg-image-wrap\"><img decoding=\"async\" title=\"Zlom smrku s hnilobou, \u0160LP ML K\u0159tiny 2013.\" width=\"365\" height=\"320\" class=\"skip-lazy fg-image\" data-src-fg=\"https:\/\/rumex.mendelu.cz\/atlasposkozenidrevin\/wp-content\/uploads\/cache\/2020\/02\/P9119378\/645449410.jpg\" src=\"data:image\/svg+xml,%3Csvg%20xmlns%3D%22http%3A%2F%2Fwww.w3.org%2F2000%2Fsvg%22%20width%3D%22365%22%20height%3D%22320%22%20viewBox%3D%220%200%20365%20320%22%3E%3C%2Fsvg%3E\" loading=\"eager\"><\/span><span class=\"fg-image-overlay\"><\/span><\/a><figcaption class=\"fg-caption\"><div class=\"fg-caption-inner\"><div class=\"fg-caption-desc\">Zlom smrku s hnilobou, \u0160LP ML K\u0159tiny 2013.<\/div><\/div><\/figcaption><\/figure><div class=\"fg-loader\"><\/div><\/div><div class=\"fg-item fg-type-image fg-idle\"><figure class=\"fg-item-inner\"><a href=\"https:\/\/rumex.mendelu.cz\/atlasposkozenidrevin\/wp-content\/uploads\/2025\/02\/P8105204.jpg\" data-caption-title=\"Plodnice na b\u00e1zi smrku, \u0160LP ML K\u0159tiny 2005.\" data-caption-desc=\"Plodnice na b\u00e1zi smrku, \u0160LP ML K\u0159tiny 2005.\" data-attachment-id=\"4829\" data-type=\"image\" class=\"fg-thumb\"><span class=\"fg-image-wrap\"><img decoding=\"async\" title=\"Plodnice na b\u00e1zi smrku, \u0160LP ML K\u0159tiny 2005.\" width=\"365\" height=\"320\" class=\"skip-lazy fg-image\" data-src-fg=\"https:\/\/rumex.mendelu.cz\/atlasposkozenidrevin\/wp-content\/uploads\/cache\/2025\/02\/P8105204\/669050291.jpg\" src=\"data:image\/svg+xml,%3Csvg%20xmlns%3D%22http%3A%2F%2Fwww.w3.org%2F2000%2Fsvg%22%20width%3D%22365%22%20height%3D%22320%22%20viewBox%3D%220%200%20365%20320%22%3E%3C%2Fsvg%3E\" loading=\"eager\"><\/span><span class=\"fg-image-overlay\"><\/span><\/a><figcaption class=\"fg-caption\"><div class=\"fg-caption-inner\"><div class=\"fg-caption-desc\">Plodnice na b\u00e1zi smrku, \u0160LP ML K\u0159tiny 2005.<\/div><\/div><\/figcaption><\/figure><div class=\"fg-loader\"><\/div><\/div><\/div>\n","protected":false},"excerpt":{"rendered":"<p>Phaeolus schweinitzii (Fr.) Pat. HOSTITELSK\u00c9 D\u0158EVINY: jehli\u010dnany \u2013 borovice (Pinus spp.), mod\u0159\u00edny (Larix spp. ), [&hellip;]<\/p>\n","protected":false},"author":2,"featured_media":0,"parent":0,"menu_order":0,"comment_status":"closed","ping_status":"closed","template":"template-full-width.php","meta":{"footnotes":""},"class_list":["post-616","page","type-page","status-publish","hentry"],"_links":{"self":[{"href":"https:\/\/rumex.mendelu.cz\/atlasposkozenidrevin\/index.php\/wp-json\/wp\/v2\/pages\/616","targetHints":{"allow":["GET"]}}],"collection":[{"href":"https:\/\/rumex.mendelu.cz\/atlasposkozenidrevin\/index.php\/wp-json\/wp\/v2\/pages"}],"about":[{"href":"https:\/\/rumex.mendelu.cz\/atlasposkozenidrevin\/index.php\/wp-json\/wp\/v2\/types\/page"}],"author":[{"embeddable":true,"href":"https:\/\/rumex.mendelu.cz\/atlasposkozenidrevin\/index.php\/wp-json\/wp\/v2\/users\/2"}],"replies":[{"embeddable":true,"href":"https:\/\/rumex.mendelu.cz\/atlasposkozenidrevin\/index.php\/wp-json\/wp\/v2\/comments?post=616"}],"version-history":[{"count":8,"href":"https:\/\/rumex.mendelu.cz\/atlasposkozenidrevin\/index.php\/wp-json\/wp\/v2\/pages\/616\/revisions"}],"predecessor-version":[{"id":4840,"href":"https:\/\/rumex.mendelu.cz\/atlasposkozenidrevin\/index.php\/wp-json\/wp\/v2\/pages\/616\/revisions\/4840"}],"wp:attachment":[{"href":"https:\/\/rumex.mendelu.cz\/atlasposkozenidrevin\/index.php\/wp-json\/wp\/v2\/media?parent=616"}],"curies":[{"name":"wp","href":"https:\/\/api.w.org\/{rel}","templated":true}]}}