{"id":566,"date":"2019-08-19T11:28:42","date_gmt":"2019-08-19T09:28:42","guid":{"rendered":"http:\/\/rumex.mendelu.cz\/atlasposkozenidrevin\/?page_id=566"},"modified":"2025-02-10T14:55:41","modified_gmt":"2025-02-10T13:55:41","slug":"supinovka-slizka","status":"publish","type":"page","link":"https:\/\/rumex.mendelu.cz\/atlasposkozenidrevin\/index.php\/supinovka-slizka\/","title":{"rendered":"\u0161upinovka slizk\u00e1"},"content":{"rendered":"\n<p class=\"has-text-align-left has-medium-font-size\"><strong><em>Pholiota adiposa<\/em><\/strong><strong>&nbsp;(Batsch) P. Kumm.<\/strong>&nbsp;<strong>\u2013&nbsp;\u0161upinovka slizk\u00e1<\/strong><\/p>\n\n\n\n<p><strong>HOSTITELSK\u00c9 D\u0158EVINY:<\/strong>&nbsp;buk (<em>Fagus <\/em>spp.), habr (<em>Carpinus <\/em>spp.), b\u0159\u00edza (<em>Betula <\/em>spp.)&nbsp;a dal\u0161\u00ed listn\u00e1\u010de.<\/p>\n\n\n\n<p><strong>SYMPTOMY:<\/strong>&nbsp;plodnice nar\u016fstaj\u00edc\u00ed v&nbsp;trsech na kmeni a v\u011btv\u00edch v&nbsp;obdob\u00ed z\u00e1\u0159\u00ed a\u017e listopadu.<\/p>\n\n\n\n<p><strong>PLODNICE:&nbsp;<\/strong>jednolet\u00e9, kloboukat\u00e9, zlatav\u011b \u017elut\u00e9 a\u017e \u017elutooran\u017eov\u00e9, za sucha leskl\u00e9 a za vlhka slizk\u00e9 klobouky, na povrchu nar\u016fstaj\u00ed hn\u011bd\u00e9 drobn\u00e9 \u0161upiny, lupeny a v\u00fdtrusn\u00fd prach hn\u011bd\u00fd. <\/p>\n\n\n\n<p><strong>HNILOBA:<\/strong>&nbsp;b\u00edl\u00e1.<\/p>\n\n\n\n<p><\/p>\n\n\n<style type=\"text\/css\">\n#foogallery-gallery-2961 .fg-image { width: 560px; }\n#foogallery-gallery-2961 { --fg-gutter: 10px; }<\/style>\n\t\t\t<div class=\"foogallery foogallery-container foogallery-default foogallery-lightbox-none fg-left fg-default fg-ready fg-light fg-border-thin fg-shadow-outline fg-loading-default fg-loaded-fade-in fg-caption-always fg-hover-fade fg-hover-zoom\" id=\"foogallery-gallery-2961\" data-foogallery=\"{&quot;item&quot;:{&quot;showCaptionTitle&quot;:false,&quot;showCaptionDescription&quot;:true},&quot;lazy&quot;:true}\" style=\"--fg-title-line-clamp: 0; --fg-description-line-clamp: 0;\" >\n\t<div class=\"fg-item fg-type-image fg-idle\"><figure class=\"fg-item-inner\"><a href=\"https:\/\/rumex.mendelu.cz\/atlasposkozenidrevin\/wp-content\/uploads\/2020\/02\/PA01357201102010_127-1.jpg\" data-caption-title=\"Plodnice na buku, Arboretum K\u0159tiny 2004.\" data-caption-desc=\"Plodnice na buku, Arboretum K\u0159tiny 2004.\" data-attachment-id=\"5129\" data-type=\"image\" class=\"fg-thumb\"><span class=\"fg-image-wrap\"><img fetchpriority=\"high\" decoding=\"async\" title=\"Plodnice na buku, Arboretum K\u0159tiny 2004.\" width=\"560\" height=\"430\" class=\"skip-lazy fg-image\" data-src-fg=\"https:\/\/rumex.mendelu.cz\/atlasposkozenidrevin\/wp-content\/uploads\/cache\/2020\/02\/PA01357201102010_127-1\/3074045854.jpg\" src=\"data:image\/svg+xml,%3Csvg%20xmlns%3D%22http%3A%2F%2Fwww.w3.org%2F2000%2Fsvg%22%20width%3D%22560%22%20height%3D%22430%22%20viewBox%3D%220%200%20560%20430%22%3E%3C%2Fsvg%3E\" loading=\"eager\"><\/span><span class=\"fg-image-overlay\"><\/span><\/a><figcaption class=\"fg-caption\"><div class=\"fg-caption-inner\"><div class=\"fg-caption-desc\">Plodnice na buku, Arboretum K\u0159tiny 2004.<\/div><\/div><\/figcaption><\/figure><div class=\"fg-loader\"><\/div><\/div><div class=\"fg-item fg-type-image fg-idle\"><figure class=\"fg-item-inner\"><a href=\"https:\/\/rumex.mendelu.cz\/atlasposkozenidrevin\/wp-content\/uploads\/2020\/02\/PB102981.jpg\" data-caption-title=\"Star\u00e9 plodnice na buku, PR Rakovec, \u0160LP ML K\u0159tiny 2010.\" data-caption-desc=\"Star\u00e9 plodnice na buku, PR Rakovec, \u0160LP ML K\u0159tiny 2010.\" data-attachment-id=\"5130\" data-type=\"image\" class=\"fg-thumb\"><span class=\"fg-image-wrap\"><img decoding=\"async\" title=\"Star\u00e9 plodnice na buku, PR Rakovec, \u0160LP ML K\u0159tiny 2010.\" width=\"560\" height=\"430\" class=\"skip-lazy fg-image\" data-src-fg=\"https:\/\/rumex.mendelu.cz\/atlasposkozenidrevin\/wp-content\/uploads\/cache\/2020\/02\/PB102981\/907514108.jpg\" src=\"data:image\/svg+xml,%3Csvg%20xmlns%3D%22http%3A%2F%2Fwww.w3.org%2F2000%2Fsvg%22%20width%3D%22560%22%20height%3D%22430%22%20viewBox%3D%220%200%20560%20430%22%3E%3C%2Fsvg%3E\" loading=\"eager\"><\/span><span class=\"fg-image-overlay\"><\/span><\/a><figcaption class=\"fg-caption\"><div class=\"fg-caption-inner\"><div class=\"fg-caption-desc\">Star\u00e9 plodnice na buku, PR Rakovec, \u0160LP ML K\u0159tiny 2010.<\/div><\/div><\/figcaption><\/figure><div class=\"fg-loader\"><\/div><\/div><\/div>\n\n\n\n<p><\/p>\n\n\n\n<p><strong>V\u00ddZNAM A OCHRANA:<\/strong>&nbsp;hniloba v&nbsp;m\u00edst\u011b nar\u016fst\u00e1n\u00ed plodnic, pokud jsou na b\u00e1zi d\u0159evin, m\u016f\u017ee doj\u00edt k&nbsp;v\u00fdvrat\u016fm, pokud je hniloba v&nbsp;kmeni hroz\u00ed jeho rozlomen\u00ed.<\/p>\n\n\n\n<p>&nbsp;<strong>MO\u017dNOST Z\u00c1M\u011aNY:<\/strong>&nbsp;s ostatn\u00edmi druhy \u0161upinovek.<\/p>\n\n\n\n<p><\/p>\n\n\n<style type=\"text\/css\">\n#foogallery-gallery-5132 .fg-image { width: 560px; }\n#foogallery-gallery-5132 { --fg-gutter: 10px; }<\/style>\n\t\t\t<div class=\"foogallery foogallery-container foogallery-default foogallery-lightbox-foogallery fg-left fg-default fg-ready fg-light fg-border-thin fg-shadow-outline fg-loading-default fg-loaded-fade-in fg-caption-always fg-hover-fade fg-hover-zoom\" id=\"foogallery-gallery-5132\" data-foogallery=\"{&quot;item&quot;:{&quot;showCaptionTitle&quot;:false,&quot;showCaptionDescription&quot;:true},&quot;lazy&quot;:true}\" data-foogallery-lightbox=\"{&quot;thumbs&quot;:&quot;bottom&quot;,&quot;thumbsCaptions&quot;:false,&quot;thumbsBestFit&quot;:false,&quot;thumbsSmall&quot;:false,&quot;thumbsCaptionsAlign&quot;:&quot;default&quot;,&quot;info&quot;:&quot;bottom&quot;,&quot;infoVisible&quot;:true,&quot;infoOverlay&quot;:true,&quot;infoAlign&quot;:&quot;default&quot;,&quot;transition&quot;:&quot;fade&quot;,&quot;hoverButtons&quot;:false,&quot;fitMedia&quot;:false,&quot;noScrollbars&quot;:true,&quot;preserveButtonSpace&quot;:true,&quot;buttons&quot;:{&quot;fullscreen&quot;:true,&quot;info&quot;:true,&quot;thumbs&quot;:false},&quot;video&quot;:{&quot;autoPlay&quot;:true}}\" style=\"--fg-title-line-clamp: 0; --fg-description-line-clamp: 0;\" >\n\t<div class=\"fg-item fg-type-image fg-idle\"><figure class=\"fg-item-inner\"><a href=\"https:\/\/rumex.mendelu.cz\/atlasposkozenidrevin\/wp-content\/uploads\/2020\/02\/PA215778.jpg\" data-caption-title=\"Detail povrchu klobouku, Arboretum K\u0159tiny 2005.\" data-caption-desc=\"Detail povrchu klobouku, Arboretum K\u0159tiny 2005.\" data-attachment-id=\"5127\" data-type=\"image\" class=\"fg-thumb\"><span class=\"fg-image-wrap\"><img decoding=\"async\" title=\"Detail povrchu klobouku, Arboretum K\u0159tiny 2005.\" width=\"560\" height=\"430\" class=\"skip-lazy fg-image\" data-src-fg=\"https:\/\/rumex.mendelu.cz\/atlasposkozenidrevin\/wp-content\/uploads\/cache\/2020\/02\/PA215778\/3497049085.jpg\" src=\"data:image\/svg+xml,%3Csvg%20xmlns%3D%22http%3A%2F%2Fwww.w3.org%2F2000%2Fsvg%22%20width%3D%22560%22%20height%3D%22430%22%20viewBox%3D%220%200%20560%20430%22%3E%3C%2Fsvg%3E\" loading=\"eager\"><\/span><span class=\"fg-image-overlay\"><\/span><\/a><figcaption class=\"fg-caption\"><div class=\"fg-caption-inner\"><div class=\"fg-caption-desc\">Detail povrchu klobouku, Arboretum K\u0159tiny 2005.<\/div><\/div><\/figcaption><\/figure><div class=\"fg-loader\"><\/div><\/div><div class=\"fg-item fg-type-image fg-idle\"><figure class=\"fg-item-inner\"><a href=\"https:\/\/rumex.mendelu.cz\/atlasposkozenidrevin\/wp-content\/uploads\/2020\/02\/luzanky-6.jpg\" data-caption-title=\"Detail plodnic, Brno Lu\u017e\u00e1nky park 2003.\" data-caption-desc=\"Detail plodnic, Brno Lu\u017e\u00e1nky park 2003.\" data-attachment-id=\"5124\" data-type=\"image\" class=\"fg-thumb\"><span class=\"fg-image-wrap\"><img decoding=\"async\" title=\"Detail plodnic, Brno Lu\u017e\u00e1nky park 2003.\" width=\"560\" height=\"430\" class=\"skip-lazy fg-image\" data-src-fg=\"https:\/\/rumex.mendelu.cz\/atlasposkozenidrevin\/wp-content\/uploads\/cache\/2020\/02\/luzanky-6\/675299429.jpg\" src=\"data:image\/svg+xml,%3Csvg%20xmlns%3D%22http%3A%2F%2Fwww.w3.org%2F2000%2Fsvg%22%20width%3D%22560%22%20height%3D%22430%22%20viewBox%3D%220%200%20560%20430%22%3E%3C%2Fsvg%3E\" loading=\"eager\"><\/span><span class=\"fg-image-overlay\"><\/span><\/a><figcaption class=\"fg-caption\"><div class=\"fg-caption-inner\"><div class=\"fg-caption-desc\">Detail plodnic, Brno Lu\u017e\u00e1nky park 2003.<\/div><\/div><\/figcaption><\/figure><div class=\"fg-loader\"><\/div><\/div><\/div>\n","protected":false},"excerpt":{"rendered":"<p>Pholiota adiposa&nbsp;(Batsch) P. Kumm.&nbsp;\u2013&nbsp;\u0161upinovka slizk\u00e1 HOSTITELSK\u00c9 D\u0158EVINY:&nbsp;buk (Fagus spp.), habr (Carpinus spp.), b\u0159\u00edza (Betula spp.)&nbsp;a [&hellip;]<\/p>\n","protected":false},"author":2,"featured_media":0,"parent":0,"menu_order":0,"comment_status":"closed","ping_status":"closed","template":"template-full-width.php","meta":{"footnotes":""},"class_list":["post-566","page","type-page","status-publish","hentry"],"_links":{"self":[{"href":"https:\/\/rumex.mendelu.cz\/atlasposkozenidrevin\/index.php\/wp-json\/wp\/v2\/pages\/566","targetHints":{"allow":["GET"]}}],"collection":[{"href":"https:\/\/rumex.mendelu.cz\/atlasposkozenidrevin\/index.php\/wp-json\/wp\/v2\/pages"}],"about":[{"href":"https:\/\/rumex.mendelu.cz\/atlasposkozenidrevin\/index.php\/wp-json\/wp\/v2\/types\/page"}],"author":[{"embeddable":true,"href":"https:\/\/rumex.mendelu.cz\/atlasposkozenidrevin\/index.php\/wp-json\/wp\/v2\/users\/2"}],"replies":[{"embeddable":true,"href":"https:\/\/rumex.mendelu.cz\/atlasposkozenidrevin\/index.php\/wp-json\/wp\/v2\/comments?post=566"}],"version-history":[{"count":5,"href":"https:\/\/rumex.mendelu.cz\/atlasposkozenidrevin\/index.php\/wp-json\/wp\/v2\/pages\/566\/revisions"}],"predecessor-version":[{"id":5135,"href":"https:\/\/rumex.mendelu.cz\/atlasposkozenidrevin\/index.php\/wp-json\/wp\/v2\/pages\/566\/revisions\/5135"}],"wp:attachment":[{"href":"https:\/\/rumex.mendelu.cz\/atlasposkozenidrevin\/index.php\/wp-json\/wp\/v2\/media?parent=566"}],"curies":[{"name":"wp","href":"https:\/\/api.w.org\/{rel}","templated":true}]}}