{"id":563,"date":"2019-08-19T11:27:12","date_gmt":"2019-08-19T09:27:12","guid":{"rendered":"http:\/\/rumex.mendelu.cz\/atlasposkozenidrevin\/?page_id=563"},"modified":"2024-11-06T13:31:18","modified_gmt":"2024-11-06T12:31:18","slug":"supinovka-zhoubna","status":"publish","type":"page","link":"https:\/\/rumex.mendelu.cz\/atlasposkozenidrevin\/index.php\/supinovka-zhoubna\/","title":{"rendered":"\u0161upinovka zhoubn\u00e1"},"content":{"rendered":"\n<p style=\"text-align:left\" class=\"has-medium-font-size\"><strong><em>Pholiota destruens<\/em><\/strong><strong><em> <\/em><\/strong><strong>(Brond.) Gillet <\/strong><\/p>\n\n\n\n<p><strong>SYNONYMUM: <em>Hemipholiota populnea <\/em>(Pers.) Bon<\/strong> <\/p>\n\n\n\n<p><strong>HOSTITELSK\u00c9 D\u0158EVINY:<\/strong><em> <\/em>topoly (<em>Populus <\/em>spp.), v\u00fdjime\u010dn\u011b<em> <\/em>ol\u0161e (<em>Alnus <\/em>spp.).<\/p>\n\n\n\n<p><strong>SYMPTOMY:<\/strong> plodnice nar\u016fstaj\u00edc\u00ed v&nbsp;trsech na kmeni a v\u011btv\u00edch v&nbsp;obdob\u00ed \u0159\u00edjna a\u017e listopadu, \u010dasto na \u0159ezn\u00fdch ploch\u00e1ch, \u010dasto nar\u016fstaj\u00ed i na odum\u0159el\u00e9m a dlouhodob\u011b skladovan\u00e9m d\u0159ev\u011b.<\/p>\n\n\n\n<p><strong>PLODNICE: <\/strong>jednolet\u00e9, kloboukat\u00e9, tuh\u00e9, b\u00edlo\u0161ed\u00e9 a\u017e \u0161ed\u00e9, maj\u00ed velk\u00e9 \u0161upiny na povrchu klobouku, t\u0159e\u0148 b\u011blav\u00fd, lupeny nahn\u011bdl\u00e9, v\u00fdtrusn\u00fd prach hn\u011bd\u00fd.<\/p>\n\n\n\n<p> <strong>HNILOBA:<\/strong> b\u00edl\u00e1, rozvinut\u00e1 v&nbsp;cel\u00e9m kmeni.<\/p>\n\n\n\n<p><strong>V\u00ddZNAM A OCHRANA:<\/strong>&nbsp;hniloba pronik\u00e1 cel\u00fdm kmenem, \u010dasto hroz\u00ed rozlomen\u00ed, do d\u0159evin vnik\u00e1 \u0159ezn\u00fdmi plochami po \u0159ezu a poran\u011bn\u00edm.<\/p>\n\n\n\n<p><strong>MO\u017dNOST Z\u00c1M\u011aNY:<\/strong> s ostatn\u00edmi druhy \u0161upinovek. <\/p>\n\n\nThe gallery was not found!","protected":false},"excerpt":{"rendered":"<p>Pholiota destruens (Brond.) Gillet SYNONYMUM: Hemipholiota populnea (Pers.) Bon HOSTITELSK\u00c9 D\u0158EVINY: topoly (Populus spp.), v\u00fdjime\u010dn\u011b [&hellip;]<\/p>\n","protected":false},"author":2,"featured_media":0,"parent":0,"menu_order":0,"comment_status":"closed","ping_status":"closed","template":"template-full-width.php","meta":{"footnotes":""},"class_list":["post-563","page","type-page","status-publish","hentry"],"_links":{"self":[{"href":"https:\/\/rumex.mendelu.cz\/atlasposkozenidrevin\/index.php\/wp-json\/wp\/v2\/pages\/563","targetHints":{"allow":["GET"]}}],"collection":[{"href":"https:\/\/rumex.mendelu.cz\/atlasposkozenidrevin\/index.php\/wp-json\/wp\/v2\/pages"}],"about":[{"href":"https:\/\/rumex.mendelu.cz\/atlasposkozenidrevin\/index.php\/wp-json\/wp\/v2\/types\/page"}],"author":[{"embeddable":true,"href":"https:\/\/rumex.mendelu.cz\/atlasposkozenidrevin\/index.php\/wp-json\/wp\/v2\/users\/2"}],"replies":[{"embeddable":true,"href":"https:\/\/rumex.mendelu.cz\/atlasposkozenidrevin\/index.php\/wp-json\/wp\/v2\/comments?post=563"}],"version-history":[{"count":3,"href":"https:\/\/rumex.mendelu.cz\/atlasposkozenidrevin\/index.php\/wp-json\/wp\/v2\/pages\/563\/revisions"}],"predecessor-version":[{"id":3469,"href":"https:\/\/rumex.mendelu.cz\/atlasposkozenidrevin\/index.php\/wp-json\/wp\/v2\/pages\/563\/revisions\/3469"}],"wp:attachment":[{"href":"https:\/\/rumex.mendelu.cz\/atlasposkozenidrevin\/index.php\/wp-json\/wp\/v2\/media?parent=563"}],"curies":[{"name":"wp","href":"https:\/\/api.w.org\/{rel}","templated":true}]}}