{"id":560,"date":"2019-08-19T11:19:13","date_gmt":"2019-08-19T09:19:13","guid":{"rendered":"http:\/\/rumex.mendelu.cz\/atlasposkozenidrevin\/?page_id=560"},"modified":"2024-11-06T13:33:15","modified_gmt":"2024-11-06T12:33:15","slug":"supinovka-zlatozavojna","status":"publish","type":"page","link":"https:\/\/rumex.mendelu.cz\/atlasposkozenidrevin\/index.php\/supinovka-zlatozavojna\/","title":{"rendered":"\u0161upinovka zlatoz\u00e1vojn\u00e1"},"content":{"rendered":"\n<p style=\"text-align:center\" class=\"has-medium-font-size\"><strong><em>Pholiota aurivella <\/em><\/strong><strong>&nbsp;(Batsch) P. Kumm.<\/strong> <strong>\u2013<\/strong><strong> \u0161upinovka\nzlatoz\u00e1vojn\u00e1<\/strong><\/p>\n\n\n\n<p><strong>HOSTITELSK\u00c9 D\u0158EVINY:<\/strong> <em>Salix <\/em><br><strong>SYMPTOMY:<\/strong> plodnice nar\u016fstaj\u00edc\u00ed v&nbsp;trsech na kmeni a v\u011btv\u00edch v&nbsp;obdob\u00ed srpna a\u017e listopadu, mohou nar\u016fstat i na \u0159ezn\u00fdch ploch\u00e1ch<br><strong>PLODNICE: <\/strong>jednolet\u00e9, n\u00e1padn\u00e9, kloboukat\u00e9, zlatav\u011b \u017elut\u00e9 a\u017e \u017elutooran\u017eov\u00e9, na povrchu nar\u016fstaj\u00ed hn\u011bd\u00e9 \u0161upiny, lupeny a v\u00fdtrusn\u00fd prach hn\u011bd\u00fd <br><strong>HNILOBA:<\/strong> b\u00edl\u00e1 <br><strong>V\u00ddZNAM A OCHRANA:<\/strong>&nbsp;hniloba je intenzivn\u00ed v&nbsp;m\u00edst\u011b nar\u016fst\u00e1n\u00ed plodnic, hroz\u00ed rozlomen\u00ed kostern\u00edch v\u011btv\u00ed<br><strong>MO\u017dNOST Z\u00c1M\u011aNY:<\/strong> s ostatn\u00edmi druhy \u0161upinovek<\/p>\n\n\n\n<div class=\"wp-block-image\"><figure class=\"aligncenter is-resized\"><img loading=\"lazy\" decoding=\"async\" src=\"http:\/\/rumex.mendelu.cz\/atlasposkozenidrevin\/wp-content\/uploads\/2019\/08\/\u0161zav.jpg\" alt=\"\" class=\"wp-image-860\" width=\"400\" height=\"300\"\/><figcaption>Plodnice na vrb\u011b,\nLednice park 2008.<\/figcaption><\/figure><\/div>\n","protected":false},"excerpt":{"rendered":"<p>Pholiota aurivella &nbsp;(Batsch) P. Kumm. \u2013 \u0161upinovka zlatoz\u00e1vojn\u00e1 HOSTITELSK\u00c9 D\u0158EVINY: Salix SYMPTOMY: plodnice nar\u016fstaj\u00edc\u00ed v&nbsp;trsech [&hellip;]<\/p>\n","protected":false},"author":2,"featured_media":0,"parent":0,"menu_order":0,"comment_status":"closed","ping_status":"closed","template":"","meta":{"footnotes":""},"class_list":["post-560","page","type-page","status-publish","hentry"],"_links":{"self":[{"href":"https:\/\/rumex.mendelu.cz\/atlasposkozenidrevin\/index.php\/wp-json\/wp\/v2\/pages\/560","targetHints":{"allow":["GET"]}}],"collection":[{"href":"https:\/\/rumex.mendelu.cz\/atlasposkozenidrevin\/index.php\/wp-json\/wp\/v2\/pages"}],"about":[{"href":"https:\/\/rumex.mendelu.cz\/atlasposkozenidrevin\/index.php\/wp-json\/wp\/v2\/types\/page"}],"author":[{"embeddable":true,"href":"https:\/\/rumex.mendelu.cz\/atlasposkozenidrevin\/index.php\/wp-json\/wp\/v2\/users\/2"}],"replies":[{"embeddable":true,"href":"https:\/\/rumex.mendelu.cz\/atlasposkozenidrevin\/index.php\/wp-json\/wp\/v2\/comments?post=560"}],"version-history":[{"count":1,"href":"https:\/\/rumex.mendelu.cz\/atlasposkozenidrevin\/index.php\/wp-json\/wp\/v2\/pages\/560\/revisions"}],"predecessor-version":[{"id":4313,"href":"https:\/\/rumex.mendelu.cz\/atlasposkozenidrevin\/index.php\/wp-json\/wp\/v2\/pages\/560\/revisions\/4313"}],"wp:attachment":[{"href":"https:\/\/rumex.mendelu.cz\/atlasposkozenidrevin\/index.php\/wp-json\/wp\/v2\/media?parent=560"}],"curies":[{"name":"wp","href":"https:\/\/api.w.org\/{rel}","templated":true}]}}