{"id":541,"date":"2019-08-19T11:05:25","date_gmt":"2019-08-19T09:05:25","guid":{"rendered":"http:\/\/rumex.mendelu.cz\/atlasposkozenidrevin\/?page_id=541"},"modified":"2025-02-10T14:02:24","modified_gmt":"2025-02-10T13:02:24","slug":"rez-borova","status":"publish","type":"page","link":"https:\/\/rumex.mendelu.cz\/atlasposkozenidrevin\/index.php\/rez-borova\/","title":{"rendered":"rez borov\u00e1"},"content":{"rendered":"\n<p class=\"has-text-align-left has-medium-font-size\"><em><strong>Cronartium flaccidum <\/strong><\/em><strong>(Alb. &amp; Schwein.) G. Winte <\/strong><\/p>\n\n\n\n<p><strong>SYNONYMUM: <em>Cronartium&nbsp; asclepiadeum <\/em>(Willd.) Fr.<\/strong><\/p>\n\n\n\n<p><strong>HOSTITELSK\u00c9 D\u0158EVINY: <\/strong>borovice s dv\u011bma jehlicemi ve svaze\u010dku, borovice lesn\u00ed (<em>Pinus sylvestris<\/em>), b. \u010dern\u00e1 (<em>P. nigra<\/em>), b. kle\u010d (<em>P. mugo<\/em>).<\/p>\n\n\n\n<p><strong>SYMPTOMY A BIONOMIE:<\/strong> dvoubytn\u00e1&nbsp; (heteroecick\u00e1) rez \u2013 mezihostitel\u00e9 jsou byliny jako nap\u0159.: ho\u0159ce (<em>Gentiana<\/em> spp.), pivo\u0148ky (<em>Paeonia<\/em> spp.) a tolita l\u00e9ka\u0159sk\u00e1 (<em>Vincetoxicum hirundinaria<\/em>). V dubnu a\u017e \u010dervnu na k\u016f\u0159e kmene a v\u011btv\u00ed vyr\u016fstaj\u00ed oran\u017eov\u011b\u017elut\u00e9 plodnice aecie, kter\u00e9 jsou doprov\u00e1zeny&nbsp;prosmolen\u00edm k\u016fry a jej\u00edm prask\u00e1n\u00edm, p\u0159i siln\u00e9 n\u00e1kaze odum\u00edraj\u00ed jednotliv\u00e9 v\u011btve, ale zpravidla se tak d\u011bje a\u017e po n\u011bkolika letech od vzniku infekce. Na listech mezihostitel\u016f se v letn\u00edm obdob\u00ed tvo\u0159\u00ed uredia a pozd\u011bji telia, uvoln\u011bn\u00e9 teliospory infikuj\u00ed zp\u011btn\u011b borovice.<\/p>\n\n\n\n<p><\/p>\n\n\n<style type=\"text\/css\">\n#foogallery-gallery-3465 .fg-image { width: 365px; }\n#foogallery-gallery-3465 { --fg-gutter: 10px; }<\/style>\n\t\t\t<div class=\"foogallery foogallery-container foogallery-default foogallery-lightbox-none fg-left fg-default fg-ready fg-light fg-border-thin fg-shadow-outline fg-loading-default fg-loaded-fade-in fg-caption-always fg-hover-fade fg-hover-zoom\" id=\"foogallery-gallery-3465\" data-foogallery=\"{&quot;item&quot;:{&quot;showCaptionTitle&quot;:false,&quot;showCaptionDescription&quot;:true},&quot;lazy&quot;:true}\" style=\"--fg-title-line-clamp: 0; --fg-description-line-clamp: 0;\" >\n\t<div class=\"fg-item fg-type-image fg-idle\"><figure class=\"fg-item-inner\"><a href=\"https:\/\/rumex.mendelu.cz\/atlasposkozenidrevin\/wp-content\/uploads\/2020\/03\/Pinus-strobus-3.jpg\" data-caption-title=\"Symptomy prosych\u00e1n\u00ed jehli\u010d\u00ed a v\u011btv\u00ed, Brno, Mendelu BZA 2004.\" data-caption-desc=\"Symptomy prosych\u00e1n\u00ed jehli\u010d\u00ed a v\u011btv\u00ed, Brno, Mendelu BZA 2004.\" data-attachment-id=\"5109\" data-type=\"image\" class=\"fg-thumb\"><span class=\"fg-image-wrap\"><img fetchpriority=\"high\" decoding=\"async\" title=\"Symptomy prosych\u00e1n\u00ed jehli\u010d\u00ed a v\u011btv\u00ed, Brno, Mendelu BZA 2004.\" width=\"365\" height=\"320\" class=\"skip-lazy fg-image\" data-src-fg=\"https:\/\/rumex.mendelu.cz\/atlasposkozenidrevin\/wp-content\/uploads\/cache\/2020\/03\/Pinus-strobus-3\/2964287053.jpg\" src=\"data:image\/svg+xml,%3Csvg%20xmlns%3D%22http%3A%2F%2Fwww.w3.org%2F2000%2Fsvg%22%20width%3D%22365%22%20height%3D%22320%22%20viewBox%3D%220%200%20365%20320%22%3E%3C%2Fsvg%3E\" loading=\"eager\"><\/span><span class=\"fg-image-overlay\"><\/span><\/a><figcaption class=\"fg-caption\"><div class=\"fg-caption-inner\"><div class=\"fg-caption-desc\">Symptomy prosych\u00e1n\u00ed jehli\u010d\u00ed a v\u011btv\u00ed, Brno, Mendelu BZA 2004.<\/div><\/div><\/figcaption><\/figure><div class=\"fg-loader\"><\/div><\/div><div class=\"fg-item fg-type-image fg-idle\"><figure class=\"fg-item-inner\"><a href=\"https:\/\/rumex.mendelu.cz\/atlasposkozenidrevin\/wp-content\/uploads\/2020\/03\/P610293510062010_142.jpg\" data-caption-title=\"Detail ron\u011bn\u00ed prysky\u0159ice na kmenu, Arboretum K\u0159tiny 2004.\" data-caption-desc=\"Detail ron\u011bn\u00ed prysky\u0159ice na kmenu, Arboretum K\u0159tiny 2004.\" data-attachment-id=\"5107\" data-type=\"image\" class=\"fg-thumb\"><span class=\"fg-image-wrap\"><img decoding=\"async\" title=\"Detail ron\u011bn\u00ed prysky\u0159ice na kmenu, Arboretum K\u0159tiny 2004.\" width=\"365\" height=\"320\" class=\"skip-lazy fg-image\" data-src-fg=\"https:\/\/rumex.mendelu.cz\/atlasposkozenidrevin\/wp-content\/uploads\/cache\/2020\/03\/P610293510062010_142\/117607145.jpg\" src=\"data:image\/svg+xml,%3Csvg%20xmlns%3D%22http%3A%2F%2Fwww.w3.org%2F2000%2Fsvg%22%20width%3D%22365%22%20height%3D%22320%22%20viewBox%3D%220%200%20365%20320%22%3E%3C%2Fsvg%3E\" loading=\"eager\"><\/span><span class=\"fg-image-overlay\"><\/span><\/a><figcaption class=\"fg-caption\"><div class=\"fg-caption-inner\"><div class=\"fg-caption-desc\">Detail ron\u011bn\u00ed prysky\u0159ice na kmenu, Arboretum K\u0159tiny 2004.<\/div><\/div><\/figcaption><\/figure><div class=\"fg-loader\"><\/div><\/div><div class=\"fg-item fg-type-image fg-idle\"><figure class=\"fg-item-inner\"><a href=\"https:\/\/rumex.mendelu.cz\/atlasposkozenidrevin\/wp-content\/uploads\/2020\/03\/Cronartium-asclepiadeum-pinus-banksiana.jpg\" data-caption-title=\"Detail ron\u011bn\u00ed prysky\u0159ice na kmenu, Arboretum K\u0159tiny 2004.\" data-caption-desc=\"Detail ron\u011bn\u00ed prysky\u0159ice na kmenu, Arboretum K\u0159tiny 2004.\" data-attachment-id=\"5104\" data-type=\"image\" class=\"fg-thumb\"><span class=\"fg-image-wrap\"><img decoding=\"async\" title=\"Detail ron\u011bn\u00ed prysky\u0159ice na kmenu, Arboretum K\u0159tiny 2004.\" width=\"365\" height=\"320\" class=\"skip-lazy fg-image\" data-src-fg=\"https:\/\/rumex.mendelu.cz\/atlasposkozenidrevin\/wp-content\/uploads\/cache\/2020\/03\/Cronartium-asclepiadeum-pinus-banksiana\/1093651132.jpg\" src=\"data:image\/svg+xml,%3Csvg%20xmlns%3D%22http%3A%2F%2Fwww.w3.org%2F2000%2Fsvg%22%20width%3D%22365%22%20height%3D%22320%22%20viewBox%3D%220%200%20365%20320%22%3E%3C%2Fsvg%3E\" loading=\"eager\"><\/span><span class=\"fg-image-overlay\"><\/span><\/a><figcaption class=\"fg-caption\"><div class=\"fg-caption-inner\"><div class=\"fg-caption-desc\">Detail ron\u011bn\u00ed prysky\u0159ice na kmenu, Arboretum K\u0159tiny 2004.<\/div><\/div><\/figcaption><\/figure><div class=\"fg-loader\"><\/div><\/div><\/div>\n\n\n\n<p><\/p>\n\n\n\n<p><strong>V\u00ddZNAM A OCHRANA: <\/strong>ovlivn\u011bn\u00ed v\u00fdskytu je velmi obt\u00ed\u017en\u00e9, spo\u010d\u00edv\u00e1 v dostate\u010dn\u00e9 vzd\u00e1lenosti obou hostitel\u016f navz\u00e1jem, co\u017e je&nbsp; prakticky nemo\u017en\u00e9.  Napaden\u00e9 borovice v\u011bt\u0161inou postupn\u011b prosychaj\u00ed, po\u0161kozen\u00e9  v\u011btve se odstra\u0148uj\u00ed, ale po ur\u010dit\u00e9 dob\u011b p\u016fsoben\u00ed patogenu doch\u00e1z\u00ed k z\u00e1niku d\u0159evin.<\/p>\n\n\n\n<p><\/p>\n\n\n<style type=\"text\/css\">\n#foogallery-gallery-5110 .fg-image { width: 365px; }\n#foogallery-gallery-5110 { --fg-gutter: 10px; }<\/style>\n\t\t\t<div class=\"foogallery foogallery-container foogallery-default foogallery-lightbox-foogallery fg-left fg-default fg-ready fg-light fg-border-thin fg-shadow-outline fg-loading-default fg-loaded-fade-in fg-caption-always fg-hover-fade fg-hover-zoom\" id=\"foogallery-gallery-5110\" data-foogallery=\"{&quot;item&quot;:{&quot;showCaptionTitle&quot;:false,&quot;showCaptionDescription&quot;:true},&quot;lazy&quot;:true}\" data-foogallery-lightbox=\"{&quot;thumbs&quot;:&quot;bottom&quot;,&quot;thumbsCaptions&quot;:false,&quot;thumbsBestFit&quot;:false,&quot;thumbsSmall&quot;:false,&quot;thumbsCaptionsAlign&quot;:&quot;default&quot;,&quot;info&quot;:&quot;bottom&quot;,&quot;infoVisible&quot;:true,&quot;infoOverlay&quot;:true,&quot;infoAlign&quot;:&quot;default&quot;,&quot;transition&quot;:&quot;fade&quot;,&quot;hoverButtons&quot;:false,&quot;fitMedia&quot;:false,&quot;noScrollbars&quot;:true,&quot;preserveButtonSpace&quot;:true,&quot;buttons&quot;:{&quot;fullscreen&quot;:true,&quot;info&quot;:true,&quot;thumbs&quot;:false},&quot;video&quot;:{&quot;autoPlay&quot;:true}}\" style=\"--fg-title-line-clamp: 0; --fg-description-line-clamp: 0;\" >\n\t<div class=\"fg-item fg-type-image fg-idle\"><figure class=\"fg-item-inner\"><a href=\"https:\/\/rumex.mendelu.cz\/atlasposkozenidrevin\/wp-content\/uploads\/2020\/03\/P923080123092009_113.jpg\" data-caption-title=\"Detail ron\u011bn\u00ed prysky\u0159ice na kmenu, Arboretum K\u0159tiny 2004.\" data-caption-desc=\"Detail ron\u011bn\u00ed prysky\u0159ice na kmenu, Arboretum K\u0159tiny 2004.\" data-attachment-id=\"5108\" data-type=\"image\" class=\"fg-thumb\"><span class=\"fg-image-wrap\"><img decoding=\"async\" title=\"Detail ron\u011bn\u00ed prysky\u0159ice na kmenu, Arboretum K\u0159tiny 2004.\" width=\"365\" height=\"320\" class=\"skip-lazy fg-image\" data-src-fg=\"https:\/\/rumex.mendelu.cz\/atlasposkozenidrevin\/wp-content\/uploads\/cache\/2020\/03\/P923080123092009_113\/295233547.jpg\" src=\"data:image\/svg+xml,%3Csvg%20xmlns%3D%22http%3A%2F%2Fwww.w3.org%2F2000%2Fsvg%22%20width%3D%22365%22%20height%3D%22320%22%20viewBox%3D%220%200%20365%20320%22%3E%3C%2Fsvg%3E\" loading=\"eager\"><\/span><span class=\"fg-image-overlay\"><\/span><\/a><figcaption class=\"fg-caption\"><div class=\"fg-caption-inner\"><div class=\"fg-caption-desc\">Detail ron\u011bn\u00ed prysky\u0159ice na kmenu, Arboretum K\u0159tiny 2004.<\/div><\/div><\/figcaption><\/figure><div class=\"fg-loader\"><\/div><\/div><div class=\"fg-item fg-type-image fg-idle\"><figure class=\"fg-item-inner\"><a href=\"https:\/\/rumex.mendelu.cz\/atlasposkozenidrevin\/wp-content\/uploads\/2020\/03\/Cronartium-asclepiadeum.jpg\" data-caption-title=\"Detail ron\u011bn\u00ed prysky\u0159ice na kmenu, Arboretum K\u0159tiny 2004.\" data-caption-desc=\"Detail ron\u011bn\u00ed prysky\u0159ice na kmenu, Arboretum K\u0159tiny 2004.\" data-attachment-id=\"5106\" data-type=\"image\" class=\"fg-thumb\"><span class=\"fg-image-wrap\"><img decoding=\"async\" title=\"Detail ron\u011bn\u00ed prysky\u0159ice na kmenu, Arboretum K\u0159tiny 2004.\" width=\"365\" height=\"320\" class=\"skip-lazy fg-image\" data-src-fg=\"https:\/\/rumex.mendelu.cz\/atlasposkozenidrevin\/wp-content\/uploads\/cache\/2020\/03\/Cronartium-asclepiadeum\/2788570898.jpg\" src=\"data:image\/svg+xml,%3Csvg%20xmlns%3D%22http%3A%2F%2Fwww.w3.org%2F2000%2Fsvg%22%20width%3D%22365%22%20height%3D%22320%22%20viewBox%3D%220%200%20365%20320%22%3E%3C%2Fsvg%3E\" loading=\"eager\"><\/span><span class=\"fg-image-overlay\"><\/span><\/a><figcaption class=\"fg-caption\"><div class=\"fg-caption-inner\"><div class=\"fg-caption-desc\">Detail ron\u011bn\u00ed prysky\u0159ice na kmenu, Arboretum K\u0159tiny 2004.<\/div><\/div><\/figcaption><\/figure><div class=\"fg-loader\"><\/div><\/div><div class=\"fg-item fg-type-image fg-idle\"><figure class=\"fg-item-inner\"><a href=\"https:\/\/rumex.mendelu.cz\/atlasposkozenidrevin\/wp-content\/uploads\/2020\/03\/P610293510062010_142.jpg\" data-caption-title=\"Detail ron\u011bn\u00ed prysky\u0159ice na kmenu, Arboretum K\u0159tiny 2004.\" data-caption-desc=\"Detail ron\u011bn\u00ed prysky\u0159ice na kmenu, Arboretum K\u0159tiny 2004.\" data-attachment-id=\"5107\" data-type=\"image\" class=\"fg-thumb\"><span class=\"fg-image-wrap\"><img decoding=\"async\" title=\"Detail ron\u011bn\u00ed prysky\u0159ice na kmenu, Arboretum K\u0159tiny 2004.\" width=\"365\" height=\"320\" class=\"skip-lazy fg-image\" data-src-fg=\"https:\/\/rumex.mendelu.cz\/atlasposkozenidrevin\/wp-content\/uploads\/cache\/2020\/03\/P610293510062010_142\/2512305049.jpg\" src=\"data:image\/svg+xml,%3Csvg%20xmlns%3D%22http%3A%2F%2Fwww.w3.org%2F2000%2Fsvg%22%20width%3D%22365%22%20height%3D%22320%22%20viewBox%3D%220%200%20365%20320%22%3E%3C%2Fsvg%3E\" loading=\"eager\"><\/span><span class=\"fg-image-overlay\"><\/span><\/a><figcaption class=\"fg-caption\"><div class=\"fg-caption-inner\"><div class=\"fg-caption-desc\">Detail ron\u011bn\u00ed prysky\u0159ice na kmenu, Arboretum K\u0159tiny 2004.<\/div><\/div><\/figcaption><\/figure><div class=\"fg-loader\"><\/div><\/div><\/div>\n\n\n\n<p><\/p>\n\n\n<style type=\"text\/css\">\n#foogallery-gallery-3466 .fg-image { width: 560px; }\n#foogallery-gallery-3466 { --fg-gutter: 10px; }<\/style>\n\t\t\t<div class=\"foogallery foogallery-container foogallery-default foogallery-lightbox-none fg-left fg-default fg-ready fg-light fg-border-thin fg-shadow-outline fg-loading-default fg-loaded-fade-in fg-caption-always fg-hover-fade fg-hover-zoom\" id=\"foogallery-gallery-3466\" data-foogallery=\"{&quot;item&quot;:{&quot;showCaptionTitle&quot;:false,&quot;showCaptionDescription&quot;:true},&quot;lazy&quot;:true}\" style=\"--fg-title-line-clamp: 0; --fg-description-line-clamp: 0;\" >\n\t<div class=\"fg-item fg-type-image fg-idle\"><figure class=\"fg-item-inner\"><a href=\"https:\/\/rumex.mendelu.cz\/atlasposkozenidrevin\/wp-content\/uploads\/2020\/02\/P915067015092009_43.jpg\" data-caption-title=\"Symptomy na listech pivo\u0148ky, Brno 2009.\" data-caption-desc=\"Symptomy na listech pivo\u0148ky, Brno 2009.\" data-attachment-id=\"2297\" data-type=\"image\" class=\"fg-thumb\"><span class=\"fg-image-wrap\"><img decoding=\"async\" title=\"Symptomy na listech pivo\u0148ky, Brno 2009.\" width=\"560\" height=\"430\" class=\"skip-lazy fg-image\" data-src-fg=\"https:\/\/rumex.mendelu.cz\/atlasposkozenidrevin\/wp-content\/uploads\/cache\/2020\/02\/P915067015092009_43\/3169067860.jpg\" src=\"data:image\/svg+xml,%3Csvg%20xmlns%3D%22http%3A%2F%2Fwww.w3.org%2F2000%2Fsvg%22%20width%3D%22560%22%20height%3D%22430%22%20viewBox%3D%220%200%20560%20430%22%3E%3C%2Fsvg%3E\" loading=\"eager\"><\/span><span class=\"fg-image-overlay\"><\/span><\/a><figcaption class=\"fg-caption\"><div class=\"fg-caption-inner\"><div class=\"fg-caption-desc\">Symptomy na listech pivo\u0148ky, Brno 2009.<\/div><\/div><\/figcaption><\/figure><div class=\"fg-loader\"><\/div><\/div><div class=\"fg-item fg-type-image fg-idle\"><figure class=\"fg-item-inner\"><a href=\"https:\/\/rumex.mendelu.cz\/atlasposkozenidrevin\/wp-content\/uploads\/2020\/02\/P915067315092009_46.jpg\" data-caption-title=\"Symptomy telia na rubu list\u016f pivo\u0148ky, Brno 2009.\" data-caption-desc=\"Symptomy telia na rubu list\u016f pivo\u0148ky, Brno 2009.\" data-attachment-id=\"2298\" data-type=\"image\" class=\"fg-thumb\"><span class=\"fg-image-wrap\"><img decoding=\"async\" title=\"Symptomy telia na rubu list\u016f pivo\u0148ky, Brno 2009.\" width=\"560\" height=\"430\" class=\"skip-lazy fg-image\" data-src-fg=\"https:\/\/rumex.mendelu.cz\/atlasposkozenidrevin\/wp-content\/uploads\/cache\/2020\/02\/P915067315092009_46\/390078711.jpg\" src=\"data:image\/svg+xml,%3Csvg%20xmlns%3D%22http%3A%2F%2Fwww.w3.org%2F2000%2Fsvg%22%20width%3D%22560%22%20height%3D%22430%22%20viewBox%3D%220%200%20560%20430%22%3E%3C%2Fsvg%3E\" loading=\"eager\"><\/span><span class=\"fg-image-overlay\"><\/span><\/a><figcaption class=\"fg-caption\"><div class=\"fg-caption-inner\"><div class=\"fg-caption-desc\">Symptomy telia na rubu list\u016f pivo\u0148ky, Brno 2009.<\/div><\/div><\/figcaption><\/figure><div class=\"fg-loader\"><\/div><\/div><\/div>\n","protected":false},"excerpt":{"rendered":"<p>Cronartium flaccidum (Alb. &amp; Schwein.) G. Winte SYNONYMUM: Cronartium&nbsp; asclepiadeum (Willd.) Fr. HOSTITELSK\u00c9 D\u0158EVINY: borovice [&hellip;]<\/p>\n","protected":false},"author":2,"featured_media":0,"parent":0,"menu_order":0,"comment_status":"closed","ping_status":"closed","template":"template-full-width.php","meta":{"footnotes":""},"class_list":["post-541","page","type-page","status-publish","hentry"],"_links":{"self":[{"href":"https:\/\/rumex.mendelu.cz\/atlasposkozenidrevin\/index.php\/wp-json\/wp\/v2\/pages\/541","targetHints":{"allow":["GET"]}}],"collection":[{"href":"https:\/\/rumex.mendelu.cz\/atlasposkozenidrevin\/index.php\/wp-json\/wp\/v2\/pages"}],"about":[{"href":"https:\/\/rumex.mendelu.cz\/atlasposkozenidrevin\/index.php\/wp-json\/wp\/v2\/types\/page"}],"author":[{"embeddable":true,"href":"https:\/\/rumex.mendelu.cz\/atlasposkozenidrevin\/index.php\/wp-json\/wp\/v2\/users\/2"}],"replies":[{"embeddable":true,"href":"https:\/\/rumex.mendelu.cz\/atlasposkozenidrevin\/index.php\/wp-json\/wp\/v2\/comments?post=541"}],"version-history":[{"count":7,"href":"https:\/\/rumex.mendelu.cz\/atlasposkozenidrevin\/index.php\/wp-json\/wp\/v2\/pages\/541\/revisions"}],"predecessor-version":[{"id":5113,"href":"https:\/\/rumex.mendelu.cz\/atlasposkozenidrevin\/index.php\/wp-json\/wp\/v2\/pages\/541\/revisions\/5113"}],"wp:attachment":[{"href":"https:\/\/rumex.mendelu.cz\/atlasposkozenidrevin\/index.php\/wp-json\/wp\/v2\/media?parent=541"}],"curies":[{"name":"wp","href":"https:\/\/api.w.org\/{rel}","templated":true}]}}