{"id":507,"date":"2019-08-19T10:26:46","date_gmt":"2019-08-19T08:26:46","guid":{"rendered":"http:\/\/rumex.mendelu.cz\/atlasposkozenidrevin\/?page_id=507"},"modified":"2024-11-06T13:33:58","modified_gmt":"2024-11-06T12:33:58","slug":"klanilistka-obecna","status":"publish","type":"page","link":"https:\/\/rumex.mendelu.cz\/atlasposkozenidrevin\/index.php\/klanilistka-obecna\/","title":{"rendered":"klanol\u00edstka obecn\u00e1"},"content":{"rendered":"\n<p style=\"text-align:left\" class=\"has-medium-font-size\"><strong><em>Schizophyllum commune<\/em> Fr.<\/strong><\/p>\n\n\n\n<p><strong>HOSTITELSK\u00c9 D\u0158EVINY:<\/strong> listn\u00e1\u010de a jehli\u010dnany.<\/p>\n\n\n\n<p><strong>SYMPTOMY:<\/strong> drobn\u00e9 typick\u00e9 plodnice.<\/p>\n\n\n\n<p><strong>PLODNICE:<\/strong> jednolet\u00e9, ale vytrv\u00e1vaj\u00ed na podkladu i p\u0159es zimu, jsou drobn\u00e9 (1 a\u017e 3 cm v pr\u016fm\u011bru), st\u0159echovit\u011b uspo\u0159\u00e1dan\u00e9, v\u011bj\u00ed\u0159ovit\u00e9 a\u017e \u0161keblovit\u00e9, bokem nebo svrchn\u00ed stranou p\u0159irostl\u00e9, podvinut\u00e9. Na povrchu chlupat\u00e9, b\u011blav\u00e9 a\u017e \u0161edob\u00edl\u00e9, lupeny \u0159\u00eddk\u00e9, na ost\u0159\u00ed po d\u00e9lce roz\u010d\u00edsnut\u00e9, nafialov\u011bl\u00e9 a\u017e \u0161ed\u00e9.<\/p>\n\n\n<style type=\"text\/css\">\n#foogallery-gallery-3452 .fg-image { width: 365px; }\n#foogallery-gallery-3452 { --fg-gutter: 10px; }<\/style>\n\t\t\t<div class=\"foogallery foogallery-container foogallery-default foogallery-lightbox-none fg-left fg-default fg-ready fg-light fg-border-thin fg-shadow-outline fg-loading-default fg-loaded-fade-in fg-caption-always fg-hover-fade fg-hover-zoom\" id=\"foogallery-gallery-3452\" data-foogallery=\"{&quot;item&quot;:{&quot;showCaptionTitle&quot;:false,&quot;showCaptionDescription&quot;:true},&quot;lazy&quot;:true}\" style=\"--fg-title-line-clamp: 0; --fg-description-line-clamp: 0;\" >\n\t<div class=\"fg-item fg-type-image fg-idle\"><figure class=\"fg-item-inner\"><a href=\"https:\/\/rumex.mendelu.cz\/atlasposkozenidrevin\/wp-content\/uploads\/2020\/02\/P4049923.jpg\" data-caption-title=\"Plodnice na buku, \u0160LP ML K\u0159tiny 2018.\" data-caption-desc=\"Plodnice na buku, \u0160LP ML K\u0159tiny 2018.\" data-attachment-id=\"2270\" data-type=\"image\" class=\"fg-thumb\"><span class=\"fg-image-wrap\"><img fetchpriority=\"high\" decoding=\"async\" title=\"Plodnice na buku, \u0160LP ML K\u0159tiny 2018.\" width=\"365\" height=\"320\" class=\"skip-lazy fg-image\" data-src-fg=\"https:\/\/rumex.mendelu.cz\/atlasposkozenidrevin\/wp-content\/uploads\/cache\/2020\/02\/P4049923\/3313652050.jpg\" src=\"data:image\/svg+xml,%3Csvg%20xmlns%3D%22http%3A%2F%2Fwww.w3.org%2F2000%2Fsvg%22%20width%3D%22365%22%20height%3D%22320%22%20viewBox%3D%220%200%20365%20320%22%3E%3C%2Fsvg%3E\" loading=\"eager\"><\/span><span class=\"fg-image-overlay\"><\/span><\/a><figcaption class=\"fg-caption\"><div class=\"fg-caption-inner\"><div class=\"fg-caption-desc\">Plodnice na buku, \u0160LP ML K\u0159tiny 2018.<\/div><\/div><\/figcaption><\/figure><div class=\"fg-loader\"><\/div><\/div><div class=\"fg-item fg-type-image fg-idle\"><figure class=\"fg-item-inner\"><a href=\"https:\/\/rumex.mendelu.cz\/atlasposkozenidrevin\/wp-content\/uploads\/2020\/03\/Schyzophyllum-commune-II.jpg\" data-caption-title=\"Plodnice na pa\u0159ezu, \u0160umbera \u0160LP ML K\u0159tiny 2003.\" data-caption-desc=\"Plodnice na pa\u0159ezu, \u0160umbera \u0160LP ML K\u0159tiny 2003.\" data-attachment-id=\"5084\" data-type=\"image\" class=\"fg-thumb\"><span class=\"fg-image-wrap\"><img decoding=\"async\" title=\"Plodnice na pa\u0159ezu, \u0160umbera \u0160LP ML K\u0159tiny 2003.\" width=\"365\" height=\"320\" class=\"skip-lazy fg-image\" data-src-fg=\"https:\/\/rumex.mendelu.cz\/atlasposkozenidrevin\/wp-content\/uploads\/cache\/2020\/03\/Schyzophyllum-commune-II\/4058352273.jpg\" src=\"data:image\/svg+xml,%3Csvg%20xmlns%3D%22http%3A%2F%2Fwww.w3.org%2F2000%2Fsvg%22%20width%3D%22365%22%20height%3D%22320%22%20viewBox%3D%220%200%20365%20320%22%3E%3C%2Fsvg%3E\" loading=\"eager\"><\/span><span class=\"fg-image-overlay\"><\/span><\/a><figcaption class=\"fg-caption\"><div class=\"fg-caption-inner\"><div class=\"fg-caption-desc\">Plodnice na pa\u0159ezu, \u0160umbera \u0160LP ML K\u0159tiny 2003.<\/div><\/div><\/figcaption><\/figure><div class=\"fg-loader\"><\/div><\/div><div class=\"fg-item fg-type-image fg-idle\"><figure class=\"fg-item-inner\"><a href=\"https:\/\/rumex.mendelu.cz\/atlasposkozenidrevin\/wp-content\/uploads\/2020\/03\/IMG_7988-scaled.jpg\" data-caption-title=\"Plodnice na buku, Arboretum K\u0159tiny 2010.\" data-caption-desc=\"Plodnice na buku, Arboretum K\u0159tiny 2010.\" data-attachment-id=\"5080\" data-type=\"image\" class=\"fg-thumb\"><span class=\"fg-image-wrap\"><img decoding=\"async\" title=\"Plodnice na buku, Arboretum K\u0159tiny 2010.\" width=\"365\" height=\"320\" class=\"skip-lazy fg-image\" data-src-fg=\"https:\/\/rumex.mendelu.cz\/atlasposkozenidrevin\/wp-content\/uploads\/cache\/2020\/03\/IMG_7988-scaled\/3970141125.jpg\" src=\"data:image\/svg+xml,%3Csvg%20xmlns%3D%22http%3A%2F%2Fwww.w3.org%2F2000%2Fsvg%22%20width%3D%22365%22%20height%3D%22320%22%20viewBox%3D%220%200%20365%20320%22%3E%3C%2Fsvg%3E\" loading=\"eager\"><\/span><span class=\"fg-image-overlay\"><\/span><\/a><figcaption class=\"fg-caption\"><div class=\"fg-caption-inner\"><div class=\"fg-caption-desc\">Plodnice na buku, Arboretum K\u0159tiny 2010.<\/div><\/div><\/figcaption><\/figure><div class=\"fg-loader\"><\/div><\/div><\/div>\n\n\n\n<p><\/p>\n\n\n\n<p><strong>HNILOBA:<\/strong> b\u00edl\u00e1, rychle pronikaj\u00edc\u00ed do b\u011blov\u00e9ho d\u0159eva.<\/p>\n\n\n\n<p><strong>V\u00ddZNAM A OCHRANA: <\/strong>velice \u010dast\u00e1, na \u017eiv\u00e9m i odum\u0159el\u00e9m d\u0159ev\u011b, na kmenech i v\u011btv\u00edch, pa\u0159ezech, na rozkl\u00e1daj\u00edc\u00edm se d\u0159ev\u011b, ochrana u \u017eiv\u00fdch strom\u016f spo\u010d\u00edv\u00e1 v&nbsp;zamezen\u00ed poran\u011bn\u00ed.<\/p>\n\n\n\n<p><strong>MO\u017dNOST Z\u00c1M\u011aNY:<\/strong> podle roz\u010d\u00edsnut\u00fdch lupen\u016f v hymeniu je nezam\u011bniteln\u00e1. <\/p>\n\n\n<style type=\"text\/css\">\n#foogallery-gallery-3453 .fg-image { width: 560px; }\n#foogallery-gallery-3453 { --fg-gutter: 10px; }<\/style>\n\t\t\t<div class=\"foogallery foogallery-container foogallery-default foogallery-lightbox-none fg-left fg-default fg-ready fg-light fg-border-thin fg-shadow-outline fg-loading-default fg-loaded-fade-in fg-caption-always fg-hover-fade fg-hover-zoom\" id=\"foogallery-gallery-3453\" data-foogallery=\"{&quot;item&quot;:{&quot;showCaptionTitle&quot;:false,&quot;showCaptionDescription&quot;:true},&quot;lazy&quot;:true}\" style=\"--fg-title-line-clamp: 0; --fg-description-line-clamp: 0;\" >\n\t<div class=\"fg-item fg-type-image fg-idle\"><figure class=\"fg-item-inner\"><a href=\"https:\/\/rumex.mendelu.cz\/atlasposkozenidrevin\/wp-content\/uploads\/2020\/03\/Schizophyllum-commune.jpg\" data-caption-title=\"Detail hymenia, Arboretum K\u0159tiny 2005.\" data-caption-desc=\"Detail hymenia, Arboretum K\u0159tiny 2005.\" data-attachment-id=\"5083\" data-type=\"image\" class=\"fg-thumb\"><span class=\"fg-image-wrap\"><img decoding=\"async\" title=\"Detail hymenia, Arboretum K\u0159tiny 2005.\" width=\"560\" height=\"430\" class=\"skip-lazy fg-image\" data-src-fg=\"https:\/\/rumex.mendelu.cz\/atlasposkozenidrevin\/wp-content\/uploads\/cache\/2020\/03\/Schizophyllum-commune\/3599396138.jpg\" src=\"data:image\/svg+xml,%3Csvg%20xmlns%3D%22http%3A%2F%2Fwww.w3.org%2F2000%2Fsvg%22%20width%3D%22560%22%20height%3D%22430%22%20viewBox%3D%220%200%20560%20430%22%3E%3C%2Fsvg%3E\" loading=\"eager\"><\/span><span class=\"fg-image-overlay\"><\/span><\/a><figcaption class=\"fg-caption\"><div class=\"fg-caption-inner\"><div class=\"fg-caption-desc\">Detail hymenia, Arboretum K\u0159tiny 2005.<\/div><\/div><\/figcaption><\/figure><div class=\"fg-loader\"><\/div><\/div><div class=\"fg-item fg-type-image fg-idle\"><figure class=\"fg-item-inner\"><a href=\"https:\/\/rumex.mendelu.cz\/atlasposkozenidrevin\/wp-content\/uploads\/2020\/03\/IMG_7989-scaled.jpg\" data-caption-title=\"Detail plodnic na kmenu buku, Arboretum K\u0159tiny 2010.\" data-caption-desc=\"Detail plodnic na kmenu buku, Arboretum K\u0159tiny 2010.\" data-attachment-id=\"5081\" data-type=\"image\" class=\"fg-thumb\"><span class=\"fg-image-wrap\"><img decoding=\"async\" title=\"Detail plodnic na kmenu buku, Arboretum K\u0159tiny 2010.\" width=\"560\" height=\"430\" class=\"skip-lazy fg-image\" data-src-fg=\"https:\/\/rumex.mendelu.cz\/atlasposkozenidrevin\/wp-content\/uploads\/cache\/2020\/03\/IMG_7989-scaled\/1551694708.jpg\" src=\"data:image\/svg+xml,%3Csvg%20xmlns%3D%22http%3A%2F%2Fwww.w3.org%2F2000%2Fsvg%22%20width%3D%22560%22%20height%3D%22430%22%20viewBox%3D%220%200%20560%20430%22%3E%3C%2Fsvg%3E\" loading=\"eager\"><\/span><span class=\"fg-image-overlay\"><\/span><\/a><figcaption class=\"fg-caption\"><div class=\"fg-caption-inner\"><div class=\"fg-caption-desc\">Detail plodnic na kmenu buku, Arboretum K\u0159tiny 2010.<\/div><\/div><\/figcaption><\/figure><div class=\"fg-loader\"><\/div><\/div><\/div>\n","protected":false},"excerpt":{"rendered":"<p>Schizophyllum commune Fr. HOSTITELSK\u00c9 D\u0158EVINY: listn\u00e1\u010de a jehli\u010dnany. SYMPTOMY: drobn\u00e9 typick\u00e9 plodnice. PLODNICE: jednolet\u00e9, ale [&hellip;]<\/p>\n","protected":false},"author":2,"featured_media":0,"parent":0,"menu_order":0,"comment_status":"closed","ping_status":"closed","template":"template-full-width.php","meta":{"footnotes":""},"class_list":["post-507","page","type-page","status-publish","hentry"],"_links":{"self":[{"href":"https:\/\/rumex.mendelu.cz\/atlasposkozenidrevin\/index.php\/wp-json\/wp\/v2\/pages\/507","targetHints":{"allow":["GET"]}}],"collection":[{"href":"https:\/\/rumex.mendelu.cz\/atlasposkozenidrevin\/index.php\/wp-json\/wp\/v2\/pages"}],"about":[{"href":"https:\/\/rumex.mendelu.cz\/atlasposkozenidrevin\/index.php\/wp-json\/wp\/v2\/types\/page"}],"author":[{"embeddable":true,"href":"https:\/\/rumex.mendelu.cz\/atlasposkozenidrevin\/index.php\/wp-json\/wp\/v2\/users\/2"}],"replies":[{"embeddable":true,"href":"https:\/\/rumex.mendelu.cz\/atlasposkozenidrevin\/index.php\/wp-json\/wp\/v2\/comments?post=507"}],"version-history":[{"count":4,"href":"https:\/\/rumex.mendelu.cz\/atlasposkozenidrevin\/index.php\/wp-json\/wp\/v2\/pages\/507\/revisions"}],"predecessor-version":[{"id":3455,"href":"https:\/\/rumex.mendelu.cz\/atlasposkozenidrevin\/index.php\/wp-json\/wp\/v2\/pages\/507\/revisions\/3455"}],"wp:attachment":[{"href":"https:\/\/rumex.mendelu.cz\/atlasposkozenidrevin\/index.php\/wp-json\/wp\/v2\/media?parent=507"}],"curies":[{"name":"wp","href":"https:\/\/api.w.org\/{rel}","templated":true}]}}