{"id":501,"date":"2019-08-19T10:11:50","date_gmt":"2019-08-19T08:11:50","guid":{"rendered":"http:\/\/rumex.mendelu.cz\/atlasposkozenidrevin\/?page_id=501"},"modified":"2024-11-06T13:33:29","modified_gmt":"2024-11-06T12:33:29","slug":"sitkovec-nacervenaly","status":"publish","type":"page","link":"https:\/\/rumex.mendelu.cz\/atlasposkozenidrevin\/index.php\/sitkovec-nacervenaly\/","title":{"rendered":"s\u00ed\u0165kovec na\u010dervenal\u00fd"},"content":{"rendered":"\n<p style=\"text-align:left\" class=\"has-medium-font-size\"><strong><em>Daedaleopsis confragosa<\/em> (Bolton) J. Schr\u00f6t. <\/strong><\/p>\n\n\n\n<p><strong>SYNONYMUM:&nbsp;<\/strong><em><strong>Trametes confragosa <\/strong><\/em><strong>(Bolton) J\u00f8rst. <\/strong><\/p>\n\n\n\n<p><strong>HOSTITELSK\u00c9 D\u0158EVINY:<\/strong> listn\u00e1\u010de, \u010dasto vrba (<em>Salix<\/em> spp.), l\u00edska (<em>Corylus<\/em> spp.), jasan (<em>Fraxinus<\/em> spp.) a dal\u0161\u00ed.<\/p>\n\n\n\n<p><strong>SYMPTOMY:<\/strong> tvorba plodnic na kmeni a v\u011btv\u00edch.<\/p>\n\n\n\n<p><strong>PLODNICE: <\/strong>jednolet\u00e9, ale vytrv\u00e1vaj\u00ed na podkladu i p\u0159es zimu, polokruhovit\u00e9, bokem p\u0159irostl\u00e9, slab\u00e9 km\u00ednky a v\u011btve jakoby obr\u016fstaj\u00ed. Okraj ostr\u00fd, plo\u0161e vyklenut\u00fd, lys\u00fd nebo jemn\u011b vr\u00e1s\u010dit\u00fd, sv\u011btle a\u017e tmav\u011b okrov\u00fd nebo \u0161edohn\u011bd\u00fd, du\u017enina korkovit\u00e1, nahn\u011bdl\u00e1, rourky jsou jemn\u011b labyrintick\u00e9 a\u017e lupenit\u00e9. Otla\u010den\u00edm \u017eiv\u00e9 rourky \u010dervenaj\u00ed.<\/p>\n\n\n\n<p><strong>HNILOBA:<\/strong> b\u00edl\u00e1, velmi rychle se \u0161\u00ed\u0159\u00edc\u00ed.<\/p>\n\n\n\n<p><strong>V\u00ddZNAM A OCHRANA:<\/strong> roz\u0161\u00ed\u0159en\u00fd, na \u017eiv\u00e9m i mrtv\u00e9m d\u0159ev\u011b, \u010dasto i na odum\u00edraj\u00edc\u00edch v\u011btv\u00edch.<\/p>\n\n\n\n<p><strong>MO\u017dNOST Z\u00c1M\u011aNY:<\/strong> b\u0159ezovn\u00edk obecn\u00fd (<em>Lenzites betulina<\/em>), rostouc\u00ed v\u011bt\u0161inou na b\u0159\u00edz\u00e1ch (<em>Betula <\/em>spp.)<em>, <\/em>buk (<em>Fagus<\/em> spp.), m\u00e1 ten\u010d\u00ed a jemn\u011bj\u0161\u00ed plodnice. <\/p>\n\n\n<style type=\"text\/css\">\n#foogallery-gallery-3450 .fg-image { width: 365px; }\n#foogallery-gallery-3450 { --fg-gutter: 10px; }<\/style>\n\t\t\t<div class=\"foogallery foogallery-container foogallery-default foogallery-lightbox-none fg-left fg-default fg-ready fg-light fg-border-thin fg-shadow-outline fg-loading-default fg-loaded-fade-in fg-caption-always fg-hover-fade fg-hover-zoom\" id=\"foogallery-gallery-3450\" data-foogallery=\"{&quot;item&quot;:{&quot;showCaptionTitle&quot;:false,&quot;showCaptionDescription&quot;:true},&quot;lazy&quot;:true}\" style=\"--fg-title-line-clamp: 0; --fg-description-line-clamp: 0;\" >\n\t<div class=\"fg-item fg-type-image fg-idle\"><figure class=\"fg-item-inner\"><a href=\"https:\/\/rumex.mendelu.cz\/atlasposkozenidrevin\/wp-content\/uploads\/2020\/02\/PA084349.jpg\" data-caption-title=\"Plodnice na vrb\u011b, \u0160LP ML K\u0159rtiny 2019.\" data-caption-desc=\"Plodnice na vrb\u011b, \u0160LP ML K\u0159rtiny 2019.\" data-attachment-id=\"2263\" data-type=\"image\" class=\"fg-thumb\"><span class=\"fg-image-wrap\"><img fetchpriority=\"high\" decoding=\"async\" title=\"Plodnice na vrb\u011b, \u0160LP ML K\u0159rtiny 2019.\" width=\"365\" height=\"320\" class=\"skip-lazy fg-image\" data-src-fg=\"https:\/\/rumex.mendelu.cz\/atlasposkozenidrevin\/wp-content\/uploads\/cache\/2020\/02\/PA084349\/318998462.jpg\" src=\"data:image\/svg+xml,%3Csvg%20xmlns%3D%22http%3A%2F%2Fwww.w3.org%2F2000%2Fsvg%22%20width%3D%22365%22%20height%3D%22320%22%20viewBox%3D%220%200%20365%20320%22%3E%3C%2Fsvg%3E\" loading=\"eager\"><\/span><span class=\"fg-image-overlay\"><\/span><\/a><figcaption class=\"fg-caption\"><div class=\"fg-caption-inner\"><div class=\"fg-caption-desc\">Plodnice na vrb\u011b, \u0160LP ML K\u0159rtiny 2019.<\/div><\/div><\/figcaption><\/figure><div class=\"fg-loader\"><\/div><\/div><div class=\"fg-item fg-type-image fg-idle\"><figure class=\"fg-item-inner\"><a href=\"https:\/\/rumex.mendelu.cz\/atlasposkozenidrevin\/wp-content\/uploads\/2020\/02\/P4248211.jpg\" data-caption-title=\"Plodnice na vrb\u011b, \u0160LP ML K\u0159rtiny 2018.\" data-caption-desc=\"Plodnice na vrb\u011b, \u0160LP ML K\u0159rtiny 2018.\" data-attachment-id=\"2266\" data-type=\"image\" class=\"fg-thumb\"><span class=\"fg-image-wrap\"><img decoding=\"async\" title=\"Plodnice na vrb\u011b, \u0160LP ML K\u0159rtiny 2018.\" width=\"365\" height=\"320\" class=\"skip-lazy fg-image\" data-src-fg=\"https:\/\/rumex.mendelu.cz\/atlasposkozenidrevin\/wp-content\/uploads\/cache\/2020\/02\/P4248211\/2369221175.jpg\" src=\"data:image\/svg+xml,%3Csvg%20xmlns%3D%22http%3A%2F%2Fwww.w3.org%2F2000%2Fsvg%22%20width%3D%22365%22%20height%3D%22320%22%20viewBox%3D%220%200%20365%20320%22%3E%3C%2Fsvg%3E\" loading=\"eager\"><\/span><span class=\"fg-image-overlay\"><\/span><\/a><figcaption class=\"fg-caption\"><div class=\"fg-caption-inner\"><div class=\"fg-caption-desc\">Plodnice na vrb\u011b, \u0160LP ML K\u0159rtiny 2018.<\/div><\/div><\/figcaption><\/figure><div class=\"fg-loader\"><\/div><\/div><div class=\"fg-item fg-type-image fg-idle\"><figure class=\"fg-item-inner\"><a href=\"https:\/\/rumex.mendelu.cz\/atlasposkozenidrevin\/wp-content\/uploads\/2020\/02\/P9156261.jpg\" data-caption-title=\"Plodnice na vrb\u011b, \u0160LP ML K\u0159tiny 2016.\" data-caption-desc=\"Plodnice na vrb\u011b, \u0160LP ML K\u0159tiny 2016.\" data-attachment-id=\"2262\" data-type=\"image\" class=\"fg-thumb\"><span class=\"fg-image-wrap\"><img decoding=\"async\" title=\"Plodnice na vrb\u011b, \u0160LP ML K\u0159tiny 2016.\" width=\"365\" height=\"320\" class=\"skip-lazy fg-image\" data-src-fg=\"https:\/\/rumex.mendelu.cz\/atlasposkozenidrevin\/wp-content\/uploads\/cache\/2020\/02\/P9156261\/2578096951.jpg\" src=\"data:image\/svg+xml,%3Csvg%20xmlns%3D%22http%3A%2F%2Fwww.w3.org%2F2000%2Fsvg%22%20width%3D%22365%22%20height%3D%22320%22%20viewBox%3D%220%200%20365%20320%22%3E%3C%2Fsvg%3E\" loading=\"eager\"><\/span><span class=\"fg-image-overlay\"><\/span><\/a><figcaption class=\"fg-caption\"><div class=\"fg-caption-inner\"><div class=\"fg-caption-desc\">Plodnice na vrb\u011b, \u0160LP ML K\u0159tiny 2016.<\/div><\/div><\/figcaption><\/figure><div class=\"fg-loader\"><\/div><\/div><\/div>\n","protected":false},"excerpt":{"rendered":"<p>Daedaleopsis confragosa (Bolton) J. Schr\u00f6t. SYNONYMUM:&nbsp;Trametes confragosa (Bolton) J\u00f8rst. HOSTITELSK\u00c9 D\u0158EVINY: listn\u00e1\u010de, \u010dasto vrba (Salix [&hellip;]<\/p>\n","protected":false},"author":2,"featured_media":0,"parent":0,"menu_order":0,"comment_status":"closed","ping_status":"closed","template":"template-full-width.php","meta":{"footnotes":""},"class_list":["post-501","page","type-page","status-publish","hentry"],"_links":{"self":[{"href":"https:\/\/rumex.mendelu.cz\/atlasposkozenidrevin\/index.php\/wp-json\/wp\/v2\/pages\/501","targetHints":{"allow":["GET"]}}],"collection":[{"href":"https:\/\/rumex.mendelu.cz\/atlasposkozenidrevin\/index.php\/wp-json\/wp\/v2\/pages"}],"about":[{"href":"https:\/\/rumex.mendelu.cz\/atlasposkozenidrevin\/index.php\/wp-json\/wp\/v2\/types\/page"}],"author":[{"embeddable":true,"href":"https:\/\/rumex.mendelu.cz\/atlasposkozenidrevin\/index.php\/wp-json\/wp\/v2\/users\/2"}],"replies":[{"embeddable":true,"href":"https:\/\/rumex.mendelu.cz\/atlasposkozenidrevin\/index.php\/wp-json\/wp\/v2\/comments?post=501"}],"version-history":[{"count":3,"href":"https:\/\/rumex.mendelu.cz\/atlasposkozenidrevin\/index.php\/wp-json\/wp\/v2\/pages\/501\/revisions"}],"predecessor-version":[{"id":3451,"href":"https:\/\/rumex.mendelu.cz\/atlasposkozenidrevin\/index.php\/wp-json\/wp\/v2\/pages\/501\/revisions\/3451"}],"wp:attachment":[{"href":"https:\/\/rumex.mendelu.cz\/atlasposkozenidrevin\/index.php\/wp-json\/wp\/v2\/media?parent=501"}],"curies":[{"name":"wp","href":"https:\/\/api.w.org\/{rel}","templated":true}]}}