{"id":493,"date":"2019-08-19T10:07:57","date_gmt":"2019-08-19T08:07:57","guid":{"rendered":"http:\/\/rumex.mendelu.cz\/atlasposkozenidrevin\/?page_id=493"},"modified":"2024-11-06T13:33:29","modified_gmt":"2024-11-06T12:33:29","slug":"sitkovec-dubovy","status":"publish","type":"page","link":"https:\/\/rumex.mendelu.cz\/atlasposkozenidrevin\/index.php\/sitkovec-dubovy\/","title":{"rendered":"s\u00ed\u0165kovec dubov\u00fd"},"content":{"rendered":"\n<p style=\"text-align:left\" class=\"has-medium-font-size\"><em><strong>Daedalea quercina<\/strong><\/em><strong> (L.) Pers. <\/strong><\/p>\n\n\n\n<p><strong>HOSTITELSK\u00c9 D\u0158EVINY:<\/strong> dub (<em>Quercus<\/em> spp.), v\u00fdjime\u010dn\u011b na jin\u00fdch listn\u00e1\u010d\u00edch.<\/p>\n\n\n\n<p><strong>SYMPTOMY: <\/strong>p\u0159\u00edtomnost plodnic.<\/p>\n\n\n\n<p><strong>PLODNICE:<\/strong> v\u00edcelet\u00e9, tuh\u00e9, korkovit\u00e9 konzistence, polokruhovit\u00e9 a\u017e kopytovit\u00e9, bokem p\u0159irostl\u00e9, okraj ostr\u00fd, jednotliv\u011b nebo st\u0159echovit\u011b nad sebou, povrch hrbolat\u00fd, barva \u0161edohn\u011bd\u00e1 a\u017e okrov\u011bhn\u011bd\u00e1, du\u017enina hou\u017eevnat\u00e1, korkovit\u00e9 struktury, rourky vysok\u00e9, tlustost\u011bnn\u00e9, labyrintick\u00e9.<\/p>\n\n\n<style type=\"text\/css\">\n#foogallery-gallery-3447 .fg-image { width: 365px; }\n#foogallery-gallery-3447 { --fg-gutter: 10px; }<\/style>\n\t\t\t<div class=\"foogallery foogallery-container foogallery-default foogallery-lightbox-none fg-left fg-default fg-ready fg-light fg-border-thin fg-shadow-outline fg-loading-default fg-loaded-fade-in fg-caption-always fg-hover-fade fg-hover-zoom\" id=\"foogallery-gallery-3447\" data-foogallery=\"{&quot;item&quot;:{&quot;showCaptionTitle&quot;:false,&quot;showCaptionDescription&quot;:true},&quot;lazy&quot;:true}\" style=\"--fg-title-line-clamp: 0; --fg-description-line-clamp: 0;\" >\n\t<div class=\"fg-item fg-type-image fg-idle\"><figure class=\"fg-item-inner\"><a href=\"https:\/\/rumex.mendelu.cz\/atlasposkozenidrevin\/wp-content\/uploads\/2020\/03\/IMG_4556.jpg\" data-caption-title=\"Plodnice na pa\u0159ezu dubu, \u0160LP ML K\u0159tiny 2006.\" data-caption-desc=\"Plodnice na pa\u0159ezu dubu, \u0160LP ML K\u0159tiny 2006.\" data-attachment-id=\"5079\" data-type=\"image\" class=\"fg-thumb\"><span class=\"fg-image-wrap\"><img fetchpriority=\"high\" decoding=\"async\" title=\"Plodnice na pa\u0159ezu dubu, \u0160LP ML K\u0159tiny 2006.\" width=\"365\" height=\"320\" class=\"skip-lazy fg-image\" data-src-fg=\"https:\/\/rumex.mendelu.cz\/atlasposkozenidrevin\/wp-content\/uploads\/cache\/2020\/03\/IMG_4556\/949027852.jpg\" src=\"data:image\/svg+xml,%3Csvg%20xmlns%3D%22http%3A%2F%2Fwww.w3.org%2F2000%2Fsvg%22%20width%3D%22365%22%20height%3D%22320%22%20viewBox%3D%220%200%20365%20320%22%3E%3C%2Fsvg%3E\" loading=\"eager\"><\/span><span class=\"fg-image-overlay\"><\/span><\/a><figcaption class=\"fg-caption\"><div class=\"fg-caption-inner\"><div class=\"fg-caption-desc\">Plodnice na pa\u0159ezu dubu, \u0160LP ML K\u0159tiny 2006.<\/div><\/div><\/figcaption><\/figure><div class=\"fg-loader\"><\/div><\/div><div class=\"fg-item fg-type-image fg-idle\"><figure class=\"fg-item-inner\"><a href=\"https:\/\/rumex.mendelu.cz\/atlasposkozenidrevin\/wp-content\/uploads\/2020\/03\/IMG_4549.jpg\" data-caption-title=\"Detail labyrintick\u00fdch li\u0161t v hym\u00e9niu, \u0160LP ML K\u0159tiny 2006.\" data-caption-desc=\"Detail labyrintick\u00fdch li\u0161t v hym\u00e9niu, \u0160LP ML K\u0159tiny 2006.\" data-attachment-id=\"5078\" data-type=\"image\" class=\"fg-thumb\"><span class=\"fg-image-wrap\"><img decoding=\"async\" title=\"Detail labyrintick\u00fdch li\u0161t v hym\u00e9niu, \u0160LP ML K\u0159tiny 2006.\" width=\"365\" height=\"320\" class=\"skip-lazy fg-image\" data-src-fg=\"https:\/\/rumex.mendelu.cz\/atlasposkozenidrevin\/wp-content\/uploads\/cache\/2020\/03\/IMG_4549\/2899423934.jpg\" src=\"data:image\/svg+xml,%3Csvg%20xmlns%3D%22http%3A%2F%2Fwww.w3.org%2F2000%2Fsvg%22%20width%3D%22365%22%20height%3D%22320%22%20viewBox%3D%220%200%20365%20320%22%3E%3C%2Fsvg%3E\" loading=\"eager\"><\/span><span class=\"fg-image-overlay\"><\/span><\/a><figcaption class=\"fg-caption\"><div class=\"fg-caption-inner\"><div class=\"fg-caption-desc\">Detail labyrintick\u00fdch li\u0161t v hym\u00e9niu, \u0160LP ML K\u0159tiny 2006.<\/div><\/div><\/figcaption><\/figure><div class=\"fg-loader\"><\/div><\/div><div class=\"fg-item fg-type-image fg-idle\"><figure class=\"fg-item-inner\"><a href=\"https:\/\/rumex.mendelu.cz\/atlasposkozenidrevin\/wp-content\/uploads\/2020\/03\/daedalea_quercina22.jpg\" data-caption-title=\"Plodnice na dubov\u00e9m d\u0159ev\u011b, Arboretum K\u0159tiny 2004.\" data-caption-desc=\"Plodnice na dubov\u00e9m d\u0159ev\u011b, Arboretum K\u0159tiny 2004.\" data-attachment-id=\"5076\" data-type=\"image\" class=\"fg-thumb\"><span class=\"fg-image-wrap\"><img decoding=\"async\" title=\"Plodnice na dubov\u00e9m d\u0159ev\u011b, Arboretum K\u0159tiny 2004.\" width=\"365\" height=\"320\" class=\"skip-lazy fg-image\" data-src-fg=\"https:\/\/rumex.mendelu.cz\/atlasposkozenidrevin\/wp-content\/uploads\/cache\/2020\/03\/daedalea_quercina22\/3422227544.jpg\" src=\"data:image\/svg+xml,%3Csvg%20xmlns%3D%22http%3A%2F%2Fwww.w3.org%2F2000%2Fsvg%22%20width%3D%22365%22%20height%3D%22320%22%20viewBox%3D%220%200%20365%20320%22%3E%3C%2Fsvg%3E\" loading=\"eager\"><\/span><span class=\"fg-image-overlay\"><\/span><\/a><figcaption class=\"fg-caption\"><div class=\"fg-caption-inner\"><div class=\"fg-caption-desc\">Plodnice na dubov\u00e9m d\u0159ev\u011b, Arboretum K\u0159tiny 2004.<\/div><\/div><\/figcaption><\/figure><div class=\"fg-loader\"><\/div><\/div><\/div>\n\n\n\n<p><\/p>\n\n\n\n<p><strong>HNILOBA:<\/strong> hn\u011bd\u00e1, v trhlin\u00e1ch siln\u00e9 pl\u00e1ty b\u00edl\u00e9ho mycelia. <\/p>\n\n\n\n<p><strong>V\u00ddZNAM A OCHRANA:<\/strong> plodnice na \u017eiv\u00e9m a hlavn\u011b mrtv\u00e9m d\u0159ev\u011b, \u010dasto na dlouhodob\u011b opracovan\u00e9m d\u0159ev\u011b, nar\u016fst\u00e1 na d\u0159ev\u011b ve vlhk\u00fdch podm\u00ednk\u00e1ch, nar\u016fst\u00e1 i na impregnovan\u00fdch&nbsp; k\u016flech a pra\u017ec\u00edch.<\/p>\n\n\n\n<p><strong>MO\u017dNOST Z\u00c1M\u011aNY:<\/strong> lupen\u00edk b\u0159ezov\u00fd (<em>Lenzites betulina<\/em>) m\u00e1 drobn\u011bj\u0161\u00ed, ten\u010d\u00ed plodnice, s\u00edtkovec na\u010dervenal\u00fd (<em>Daedalopsis confragosa<\/em>) m\u00e1 jednolet\u00e9 plodnice, jemn\u011bj\u0161\u00ed labyrintick\u00e9 li\u0161ty.<\/p>\n\n\n<style type=\"text\/css\">\n#foogallery-gallery-3448 .fg-image { width: 560px; }\n#foogallery-gallery-3448 { --fg-gutter: 10px; }<\/style>\n\t\t\t<div class=\"foogallery foogallery-container foogallery-default foogallery-lightbox-none fg-left fg-default fg-ready fg-light fg-border-thin fg-shadow-outline fg-loading-default fg-loaded-fade-in fg-caption-always fg-hover-fade fg-hover-zoom\" id=\"foogallery-gallery-3448\" data-foogallery=\"{&quot;item&quot;:{&quot;showCaptionTitle&quot;:false,&quot;showCaptionDescription&quot;:true},&quot;lazy&quot;:true}\" style=\"--fg-title-line-clamp: 0; --fg-description-line-clamp: 0;\" >\n\t<div class=\"fg-item fg-type-image fg-idle\"><figure class=\"fg-item-inner\"><a href=\"https:\/\/rumex.mendelu.cz\/atlasposkozenidrevin\/wp-content\/uploads\/2020\/03\/daedalea_quercina24.jpg\" data-caption-title=\"Detail labyrintick\u00fdch li\u0161t v hym\u00e9niu, \u0160LP ML K\u0159tiny 2006.\" data-caption-desc=\"Detail labyrintick\u00fdch li\u0161t v hym\u00e9niu, \u0160LP ML K\u0159tiny 2006.\" data-attachment-id=\"5077\" data-type=\"image\" class=\"fg-thumb\"><span class=\"fg-image-wrap\"><img decoding=\"async\" title=\"Detail labyrintick\u00fdch li\u0161t v hym\u00e9niu, \u0160LP ML K\u0159tiny 2006.\" width=\"560\" height=\"430\" class=\"skip-lazy fg-image\" data-src-fg=\"https:\/\/rumex.mendelu.cz\/atlasposkozenidrevin\/wp-content\/uploads\/cache\/2020\/03\/daedalea_quercina24\/3327930271.jpg\" src=\"data:image\/svg+xml,%3Csvg%20xmlns%3D%22http%3A%2F%2Fwww.w3.org%2F2000%2Fsvg%22%20width%3D%22560%22%20height%3D%22430%22%20viewBox%3D%220%200%20560%20430%22%3E%3C%2Fsvg%3E\" loading=\"eager\"><\/span><span class=\"fg-image-overlay\"><\/span><\/a><figcaption class=\"fg-caption\"><div class=\"fg-caption-inner\"><div class=\"fg-caption-desc\">Detail labyrintick\u00fdch li\u0161t v hym\u00e9niu, \u0160LP ML K\u0159tiny 2006.<\/div><\/div><\/figcaption><\/figure><div class=\"fg-loader\"><\/div><\/div><div class=\"fg-item fg-type-image fg-idle\"><figure class=\"fg-item-inner\"><a href=\"https:\/\/rumex.mendelu.cz\/atlasposkozenidrevin\/wp-content\/uploads\/2020\/03\/daedalea_quercina10.jpg\" data-caption-title=\"Plodnice na dubov\u00e9m d\u0159ev\u011b, Lednice park 2003.\" data-caption-desc=\"Plodnice na dubov\u00e9m d\u0159ev\u011b, Lednice park 2003.\" data-attachment-id=\"5075\" data-type=\"image\" class=\"fg-thumb\"><span class=\"fg-image-wrap\"><img decoding=\"async\" title=\"Plodnice na dubov\u00e9m d\u0159ev\u011b, Lednice park 2003.\" width=\"560\" height=\"430\" class=\"skip-lazy fg-image\" data-src-fg=\"https:\/\/rumex.mendelu.cz\/atlasposkozenidrevin\/wp-content\/uploads\/cache\/2020\/03\/daedalea_quercina10\/263473809.jpg\" src=\"data:image\/svg+xml,%3Csvg%20xmlns%3D%22http%3A%2F%2Fwww.w3.org%2F2000%2Fsvg%22%20width%3D%22560%22%20height%3D%22430%22%20viewBox%3D%220%200%20560%20430%22%3E%3C%2Fsvg%3E\" loading=\"eager\"><\/span><span class=\"fg-image-overlay\"><\/span><\/a><figcaption class=\"fg-caption\"><div class=\"fg-caption-inner\"><div class=\"fg-caption-desc\">Plodnice na dubov\u00e9m d\u0159ev\u011b, Lednice park 2003.<\/div><\/div><\/figcaption><\/figure><div class=\"fg-loader\"><\/div><\/div><\/div>\n","protected":false},"excerpt":{"rendered":"<p>Daedalea quercina (L.) Pers. HOSTITELSK\u00c9 D\u0158EVINY: dub (Quercus spp.), v\u00fdjime\u010dn\u011b na jin\u00fdch listn\u00e1\u010d\u00edch. SYMPTOMY: p\u0159\u00edtomnost [&hellip;]<\/p>\n","protected":false},"author":2,"featured_media":0,"parent":0,"menu_order":0,"comment_status":"closed","ping_status":"closed","template":"template-full-width.php","meta":{"footnotes":""},"class_list":["post-493","page","type-page","status-publish","hentry"],"_links":{"self":[{"href":"https:\/\/rumex.mendelu.cz\/atlasposkozenidrevin\/index.php\/wp-json\/wp\/v2\/pages\/493","targetHints":{"allow":["GET"]}}],"collection":[{"href":"https:\/\/rumex.mendelu.cz\/atlasposkozenidrevin\/index.php\/wp-json\/wp\/v2\/pages"}],"about":[{"href":"https:\/\/rumex.mendelu.cz\/atlasposkozenidrevin\/index.php\/wp-json\/wp\/v2\/types\/page"}],"author":[{"embeddable":true,"href":"https:\/\/rumex.mendelu.cz\/atlasposkozenidrevin\/index.php\/wp-json\/wp\/v2\/users\/2"}],"replies":[{"embeddable":true,"href":"https:\/\/rumex.mendelu.cz\/atlasposkozenidrevin\/index.php\/wp-json\/wp\/v2\/comments?post=493"}],"version-history":[{"count":3,"href":"https:\/\/rumex.mendelu.cz\/atlasposkozenidrevin\/index.php\/wp-json\/wp\/v2\/pages\/493\/revisions"}],"predecessor-version":[{"id":3449,"href":"https:\/\/rumex.mendelu.cz\/atlasposkozenidrevin\/index.php\/wp-json\/wp\/v2\/pages\/493\/revisions\/3449"}],"wp:attachment":[{"href":"https:\/\/rumex.mendelu.cz\/atlasposkozenidrevin\/index.php\/wp-json\/wp\/v2\/media?parent=493"}],"curies":[{"name":"wp","href":"https:\/\/api.w.org\/{rel}","templated":true}]}}