{"id":486,"date":"2019-08-19T10:00:40","date_gmt":"2019-08-19T08:00:40","guid":{"rendered":"http:\/\/rumex.mendelu.cz\/atlasposkozenidrevin\/?page_id=486"},"modified":"2025-02-07T13:23:36","modified_gmt":"2025-02-07T12:23:36","slug":"outkovka-pestra","status":"publish","type":"page","link":"https:\/\/rumex.mendelu.cz\/atlasposkozenidrevin\/index.php\/outkovka-pestra\/","title":{"rendered":"outkovka pestr\u00e1"},"content":{"rendered":"\n<p class=\"has-text-align-left has-medium-font-size\"><em><strong>Trametes versicolor<\/strong><\/em><strong> (L.) Lloyd <\/strong><\/p>\n\n\n\n<p><strong>HOSTITELSK\u00c9 D\u0158EVINY: <\/strong>v\u011bt\u0161ina listn\u00e1\u010d\u016f, ojedin\u011ble i u jehli\u010dnan\u016f.<\/p>\n\n\n\n<p><strong>SYMPTOMY:<\/strong> p\u0159\u00edtomnost barevn\u011b velmi v\u00fdrazn\u00fdch plodnic.<\/p>\n\n\n\n<p><strong>PLODNICE:<\/strong> jednolet\u00e9, kloboukat\u00e9, st\u0159echovit\u011b uspo\u0159\u00e1dan\u00e9, n\u011bkdy i polorozlit\u00e9, tenk\u00e9, \u010dasto ve velk\u00e9m mno\u017estv\u00ed, plstnat\u00e9, barevn\u011b velmi variabiln\u00ed, od \u0161ed\u011b okrov\u011b hn\u011bd\u00e9, p\u0159es \u010dervenav\u011b, hn\u011bd\u011b, modrav\u011b nebo \u010dern\u011b p\u00e1sovan\u00e9ho zbarven\u00ed, kter\u00e9 vytv\u00e1\u0159\u00ed koncentrick\u00e9 barevn\u00e9 kruhy na povrchu, du\u017enina b\u00edl\u00e1, rourky b\u00edl\u00e9, kruhovit\u00e9, drobn\u00e9. Star\u00e9 plodnice vytrv\u00e1vaj\u00ed, ale ztr\u00e1c\u00ed p\u016fvodn\u00ed barvu. <\/p>\n\n\n<style type=\"text\/css\">\n#foogallery-gallery-3444 .fg-image { width: 365px; }\n#foogallery-gallery-3444 { --fg-gutter: 10px; }<\/style>\n\t\t\t<div class=\"foogallery foogallery-container foogallery-default foogallery-lightbox-none fg-left fg-default fg-ready fg-light fg-border-thin fg-shadow-outline fg-loading-default fg-loaded-fade-in fg-caption-always fg-hover-fade fg-hover-zoom\" id=\"foogallery-gallery-3444\" data-foogallery=\"{&quot;item&quot;:{&quot;showCaptionTitle&quot;:false,&quot;showCaptionDescription&quot;:true},&quot;lazy&quot;:true}\" style=\"--fg-title-line-clamp: 0; --fg-description-line-clamp: 0;\" >\n\t<div class=\"fg-item fg-type-image fg-idle\"><figure class=\"fg-item-inner\"><a href=\"https:\/\/rumex.mendelu.cz\/atlasposkozenidrevin\/wp-content\/uploads\/2020\/03\/Trametes_versicolor-4.jpg\" data-caption-title=\"Plodnice na pa\u0159ezu buku, \u0160LP ML K\u0159tiny 2004.\" data-caption-desc=\"Plodnice na pa\u0159ezu buku, \u0160LP ML K\u0159tiny 2004.\" data-attachment-id=\"5066\" data-type=\"image\" class=\"fg-thumb\"><span class=\"fg-image-wrap\"><img fetchpriority=\"high\" decoding=\"async\" title=\"Plodnice na pa\u0159ezu buku, \u0160LP ML K\u0159tiny 2004.\" width=\"365\" height=\"320\" class=\"skip-lazy fg-image\" data-src-fg=\"https:\/\/rumex.mendelu.cz\/atlasposkozenidrevin\/wp-content\/uploads\/cache\/2020\/03\/Trametes_versicolor-4\/4047932509.jpg\" src=\"data:image\/svg+xml,%3Csvg%20xmlns%3D%22http%3A%2F%2Fwww.w3.org%2F2000%2Fsvg%22%20width%3D%22365%22%20height%3D%22320%22%20viewBox%3D%220%200%20365%20320%22%3E%3C%2Fsvg%3E\" loading=\"eager\"><\/span><span class=\"fg-image-overlay\"><\/span><\/a><figcaption class=\"fg-caption\"><div class=\"fg-caption-inner\"><div class=\"fg-caption-desc\">Plodnice na pa\u0159ezu buku, \u0160LP ML K\u0159tiny 2004.<\/div><\/div><\/figcaption><\/figure><div class=\"fg-loader\"><\/div><\/div><div class=\"fg-item fg-type-image fg-idle\"><figure class=\"fg-item-inner\"><a href=\"https:\/\/rumex.mendelu.cz\/atlasposkozenidrevin\/wp-content\/uploads\/2020\/03\/Trametes_versicolor.jpg\" data-caption-title=\"Outkovkou porostl\u00fd pa\u0159ez buku, \u0160LP ML K\u0159tiny 2005.\" data-caption-desc=\"Outkovkou porostl\u00fd pa\u0159ez buku, \u0160LP ML K\u0159tiny 2005.\" data-attachment-id=\"5068\" data-type=\"image\" class=\"fg-thumb\"><span class=\"fg-image-wrap\"><img decoding=\"async\" title=\"Outkovkou porostl\u00fd pa\u0159ez buku, \u0160LP ML K\u0159tiny 2005.\" width=\"365\" height=\"320\" class=\"skip-lazy fg-image\" data-src-fg=\"https:\/\/rumex.mendelu.cz\/atlasposkozenidrevin\/wp-content\/uploads\/cache\/2020\/03\/Trametes_versicolor\/3855309237.jpg\" src=\"data:image\/svg+xml,%3Csvg%20xmlns%3D%22http%3A%2F%2Fwww.w3.org%2F2000%2Fsvg%22%20width%3D%22365%22%20height%3D%22320%22%20viewBox%3D%220%200%20365%20320%22%3E%3C%2Fsvg%3E\" loading=\"eager\"><\/span><span class=\"fg-image-overlay\"><\/span><\/a><figcaption class=\"fg-caption\"><div class=\"fg-caption-inner\"><div class=\"fg-caption-desc\">Outkovkou porostl\u00fd pa\u0159ez buku, \u0160LP ML K\u0159tiny 2005.<\/div><\/div><\/figcaption><\/figure><div class=\"fg-loader\"><\/div><\/div><div class=\"fg-item fg-type-image fg-idle\"><figure class=\"fg-item-inner\"><a href=\"https:\/\/rumex.mendelu.cz\/atlasposkozenidrevin\/wp-content\/uploads\/2025\/02\/PA289863.jpg\" data-caption-title=\"Kmen buku porostl\u00fd outkovkou, \u0160LP ML K\u0159tiny 2010.\" data-caption-desc=\"Kmen buku porostl\u00fd outkovkou, \u0160LP ML K\u0159tiny 2010.\" data-attachment-id=\"5072\" data-type=\"image\" class=\"fg-thumb\"><span class=\"fg-image-wrap\"><img decoding=\"async\" title=\"Kmen buku porostl\u00fd outkovkou, \u0160LP ML K\u0159tiny 2010.\" width=\"365\" height=\"320\" class=\"skip-lazy fg-image\" data-src-fg=\"https:\/\/rumex.mendelu.cz\/atlasposkozenidrevin\/wp-content\/uploads\/cache\/2025\/02\/PA289863\/4233776441.jpg\" src=\"data:image\/svg+xml,%3Csvg%20xmlns%3D%22http%3A%2F%2Fwww.w3.org%2F2000%2Fsvg%22%20width%3D%22365%22%20height%3D%22320%22%20viewBox%3D%220%200%20365%20320%22%3E%3C%2Fsvg%3E\" loading=\"eager\"><\/span><span class=\"fg-image-overlay\"><\/span><\/a><figcaption class=\"fg-caption\"><div class=\"fg-caption-inner\"><div class=\"fg-caption-desc\">Kmen buku porostl\u00fd outkovkou, \u0160LP ML K\u0159tiny 2010.<\/div><\/div><\/figcaption><\/figure><div class=\"fg-loader\"><\/div><\/div><\/div>\n\n\n\n<p><\/p>\n\n\n\n<p><strong>HNILOBA:<\/strong> b\u00edl\u00e1.<\/p>\n\n\n\n<p><strong>V\u00ddZNAM A OCHRANA:<\/strong> nar\u016fst\u00e1 b\u011bhem cel\u00e9ho roku, na \u017eiv\u00e9m i na odum\u0159el\u00e9m d\u0159ev\u011b, ochrana spo\u010d\u00edv\u00e1 v zamezen\u00ed poran\u011bn\u00ed, je typick\u00fdm ranov\u00fdm parazitem, ale pod\u00edl\u00ed se v\u00fdznamn\u011b na rozkladu mrtv\u00e9ho d\u0159eva.<\/p>\n\n\n\n<p><strong>MO\u017dNOST Z\u00c1M\u011aNY:<\/strong> s jin\u00fdmi druhy outkovek, odli\u0161uj\u00ed se od sebe navz\u00e1jem  podle barvy klobouku a hlavn\u011b podle velikosti a tvaru rourek. <\/p>\n\n\n\n<p><\/p>\n\n\n<style type=\"text\/css\">\n#foogallery-gallery-5069 .fg-image { width: 560px; }\n#foogallery-gallery-5069 { --fg-gutter: 10px; }<\/style>\n\t\t\t<div class=\"foogallery foogallery-container foogallery-default foogallery-lightbox-foogallery fg-left fg-default fg-ready fg-light fg-border-thin fg-shadow-outline fg-loading-default fg-loaded-fade-in fg-caption-hover fg-hover-fade fg-hover-zoom\" id=\"foogallery-gallery-5069\" data-foogallery=\"{&quot;item&quot;:{&quot;showCaptionTitle&quot;:false,&quot;showCaptionDescription&quot;:true},&quot;lazy&quot;:true}\" data-foogallery-lightbox=\"{&quot;thumbs&quot;:&quot;bottom&quot;,&quot;thumbsCaptions&quot;:false,&quot;thumbsBestFit&quot;:false,&quot;thumbsSmall&quot;:false,&quot;thumbsCaptionsAlign&quot;:&quot;default&quot;,&quot;info&quot;:&quot;bottom&quot;,&quot;infoVisible&quot;:true,&quot;infoOverlay&quot;:true,&quot;infoAlign&quot;:&quot;default&quot;,&quot;transition&quot;:&quot;fade&quot;,&quot;hoverButtons&quot;:false,&quot;fitMedia&quot;:false,&quot;noScrollbars&quot;:true,&quot;preserveButtonSpace&quot;:true,&quot;buttons&quot;:{&quot;fullscreen&quot;:true,&quot;info&quot;:true,&quot;thumbs&quot;:false},&quot;video&quot;:{&quot;autoPlay&quot;:true}}\" style=\"--fg-title-line-clamp: 0; --fg-description-line-clamp: 0;\" >\n\t<div class=\"fg-item fg-type-image fg-idle\"><figure class=\"fg-item-inner\"><a href=\"https:\/\/rumex.mendelu.cz\/atlasposkozenidrevin\/wp-content\/uploads\/2020\/03\/Italie_2009-5_outlovka-pestra.jpg\" data-caption-title=\"Plodnice na pa\u0159ezu b\u0159\u00edzy, \u0160LP ML K\u0159tiny 2005.\" data-caption-desc=\"Plodnice na pa\u0159ezu b\u0159\u00edzy, \u0160LP ML K\u0159tiny 2005.\" data-attachment-id=\"5065\" data-type=\"image\" class=\"fg-thumb\"><span class=\"fg-image-wrap\"><img decoding=\"async\" title=\"Plodnice na pa\u0159ezu b\u0159\u00edzy, \u0160LP ML K\u0159tiny 2005.\" width=\"560\" height=\"430\" class=\"skip-lazy fg-image\" data-src-fg=\"https:\/\/rumex.mendelu.cz\/atlasposkozenidrevin\/wp-content\/uploads\/cache\/2020\/03\/Italie_2009-5_outlovka-pestra\/3906481433.jpg\" src=\"data:image\/svg+xml,%3Csvg%20xmlns%3D%22http%3A%2F%2Fwww.w3.org%2F2000%2Fsvg%22%20width%3D%22560%22%20height%3D%22430%22%20viewBox%3D%220%200%20560%20430%22%3E%3C%2Fsvg%3E\" loading=\"eager\"><\/span><span class=\"fg-image-overlay\"><\/span><\/a><figcaption class=\"fg-caption\"><div class=\"fg-caption-inner\"><div class=\"fg-caption-desc\">Plodnice na pa\u0159ezu b\u0159\u00edzy, \u0160LP ML K\u0159tiny 2005.<\/div><\/div><\/figcaption><\/figure><div class=\"fg-loader\"><\/div><\/div><div class=\"fg-item fg-type-image fg-idle\"><figure class=\"fg-item-inner\"><a href=\"https:\/\/rumex.mendelu.cz\/atlasposkozenidrevin\/wp-content\/uploads\/2020\/03\/Trametes_versicolor-aa-1.jpg\" data-caption-title=\"Detail rourek v hymeniu, \u0160LP ML K\u0159tiny 2005.\" data-caption-desc=\"Detail rourek v hymeniu, \u0160LP ML K\u0159tiny 2005.\" data-attachment-id=\"5067\" data-type=\"image\" class=\"fg-thumb\"><span class=\"fg-image-wrap\"><img decoding=\"async\" title=\"Detail rourek v hymeniu, \u0160LP ML K\u0159tiny 2005.\" width=\"560\" height=\"430\" class=\"skip-lazy fg-image\" data-src-fg=\"https:\/\/rumex.mendelu.cz\/atlasposkozenidrevin\/wp-content\/uploads\/cache\/2020\/03\/Trametes_versicolor-aa-1\/2853211370.jpg\" src=\"data:image\/svg+xml,%3Csvg%20xmlns%3D%22http%3A%2F%2Fwww.w3.org%2F2000%2Fsvg%22%20width%3D%22560%22%20height%3D%22430%22%20viewBox%3D%220%200%20560%20430%22%3E%3C%2Fsvg%3E\" loading=\"eager\"><\/span><span class=\"fg-image-overlay\"><\/span><\/a><figcaption class=\"fg-caption\"><div class=\"fg-caption-inner\"><div class=\"fg-caption-desc\">Detail rourek v hymeniu, \u0160LP ML K\u0159tiny 2005.<\/div><\/div><\/figcaption><\/figure><div class=\"fg-loader\"><\/div><\/div><\/div>\n","protected":false},"excerpt":{"rendered":"<p>Trametes versicolor (L.) Lloyd HOSTITELSK\u00c9 D\u0158EVINY: v\u011bt\u0161ina listn\u00e1\u010d\u016f, ojedin\u011ble i u jehli\u010dnan\u016f. SYMPTOMY: p\u0159\u00edtomnost barevn\u011b [&hellip;]<\/p>\n","protected":false},"author":2,"featured_media":0,"parent":0,"menu_order":0,"comment_status":"closed","ping_status":"closed","template":"template-full-width.php","meta":{"footnotes":""},"class_list":["post-486","page","type-page","status-publish","hentry"],"_links":{"self":[{"href":"https:\/\/rumex.mendelu.cz\/atlasposkozenidrevin\/index.php\/wp-json\/wp\/v2\/pages\/486","targetHints":{"allow":["GET"]}}],"collection":[{"href":"https:\/\/rumex.mendelu.cz\/atlasposkozenidrevin\/index.php\/wp-json\/wp\/v2\/pages"}],"about":[{"href":"https:\/\/rumex.mendelu.cz\/atlasposkozenidrevin\/index.php\/wp-json\/wp\/v2\/types\/page"}],"author":[{"embeddable":true,"href":"https:\/\/rumex.mendelu.cz\/atlasposkozenidrevin\/index.php\/wp-json\/wp\/v2\/users\/2"}],"replies":[{"embeddable":true,"href":"https:\/\/rumex.mendelu.cz\/atlasposkozenidrevin\/index.php\/wp-json\/wp\/v2\/comments?post=486"}],"version-history":[{"count":5,"href":"https:\/\/rumex.mendelu.cz\/atlasposkozenidrevin\/index.php\/wp-json\/wp\/v2\/pages\/486\/revisions"}],"predecessor-version":[{"id":5073,"href":"https:\/\/rumex.mendelu.cz\/atlasposkozenidrevin\/index.php\/wp-json\/wp\/v2\/pages\/486\/revisions\/5073"}],"wp:attachment":[{"href":"https:\/\/rumex.mendelu.cz\/atlasposkozenidrevin\/index.php\/wp-json\/wp\/v2\/media?parent=486"}],"curies":[{"name":"wp","href":"https:\/\/api.w.org\/{rel}","templated":true}]}}