{"id":479,"date":"2019-08-19T09:53:37","date_gmt":"2019-08-19T07:53:37","guid":{"rendered":"http:\/\/rumex.mendelu.cz\/atlasposkozenidrevin\/?page_id=479"},"modified":"2024-11-06T13:35:47","modified_gmt":"2024-11-06T12:35:47","slug":"outkovka-vonna","status":"publish","type":"page","link":"https:\/\/rumex.mendelu.cz\/atlasposkozenidrevin\/index.php\/outkovka-vonna\/","title":{"rendered":"outkovka vonn\u00e1"},"content":{"rendered":"\n<p style=\"text-align:left\" class=\"has-medium-font-size\"><em><strong>Trametes suaveolens<\/strong><\/em><strong> (L.) Fr. <\/strong><\/p>\n\n\n\n<p><strong>HOSTITELSK\u00c9 D\u0158EVINY:<\/strong> vrby (<em>Salix<\/em> spp.).<\/p>\n\n\n\n<p><strong>SYMPTOMY:<\/strong> b\u00edl\u00e9 jednolet\u00e9 plodnice na kmeni.<\/p>\n\n\n\n<p><strong>PLODNICE:<\/strong> jednolet\u00e9, polokruhovit\u00e9 a\u017e konzolovit\u00e9, bokem p\u0159irostl\u00e9, plstnat\u00e9, nerovn\u00e9, se silnou du\u017eninou, b\u00edl\u00e9 a\u017e m\u00edrn\u011b na\u0161edl\u00e9, v\u00fdrazn\u00e1 an\u00fdzov\u00e1 v\u016fn\u011b v&nbsp;dob\u011b r\u016fstu, nar\u016fstaj\u00ed na podzim a vydr\u017e\u00ed v\u011bt\u0161inou p\u0159es zimu.<\/p>\n\n\n\n<p><strong>HNILOBA:<\/strong> b\u00edl\u00e1.<\/p>\n\n\n\n<p><strong>V\u00ddZNAM A OCHRANA:<\/strong> \u010dast\u00e1 na se\u0159ez\u00e1van\u00fdch stromech, i na mrtv\u00e9m d\u0159ev\u011b.<\/p>\n\n\n<style type=\"text\/css\">\n#foogallery-gallery-3442 .fg-image { width: 365px; }\n#foogallery-gallery-3442 { --fg-gutter: 10px; }<\/style>\n\t\t\t<div class=\"foogallery foogallery-container foogallery-default foogallery-lightbox-none fg-left fg-default fg-ready fg-light fg-border-thin fg-shadow-outline fg-loading-default fg-loaded-fade-in fg-caption-always fg-hover-fade fg-hover-zoom\" id=\"foogallery-gallery-3442\" data-foogallery=\"{&quot;item&quot;:{&quot;showCaptionTitle&quot;:false,&quot;showCaptionDescription&quot;:true},&quot;lazy&quot;:true}\" style=\"--fg-title-line-clamp: 0; --fg-description-line-clamp: 0;\" >\n\t<div class=\"fg-item fg-type-image fg-idle\"><figure class=\"fg-item-inner\"><a href=\"https:\/\/rumex.mendelu.cz\/atlasposkozenidrevin\/wp-content\/uploads\/2020\/03\/Trametes-suaveolens-5.jpg\" data-caption-title=\"Plodnice na vrb\u011b, Mendelu Brno, BZA 2006.\" data-caption-desc=\"Plodnice na vrb\u011b, Mendelu Brno, BZA 2006.\" data-attachment-id=\"5063\" data-type=\"image\" class=\"fg-thumb\"><span class=\"fg-image-wrap\"><img fetchpriority=\"high\" decoding=\"async\" title=\"Plodnice na vrb\u011b, Mendelu Brno, BZA 2006.\" width=\"365\" height=\"320\" class=\"skip-lazy fg-image\" data-src-fg=\"https:\/\/rumex.mendelu.cz\/atlasposkozenidrevin\/wp-content\/uploads\/cache\/2020\/03\/Trametes-suaveolens-5\/2096052267.jpg\" src=\"data:image\/svg+xml,%3Csvg%20xmlns%3D%22http%3A%2F%2Fwww.w3.org%2F2000%2Fsvg%22%20width%3D%22365%22%20height%3D%22320%22%20viewBox%3D%220%200%20365%20320%22%3E%3C%2Fsvg%3E\" loading=\"eager\"><\/span><span class=\"fg-image-overlay\"><\/span><\/a><figcaption class=\"fg-caption\"><div class=\"fg-caption-inner\"><div class=\"fg-caption-desc\">Plodnice na vrb\u011b, Mendelu Brno, BZA 2006.<\/div><\/div><\/figcaption><\/figure><div class=\"fg-loader\"><\/div><\/div><div class=\"fg-item fg-type-image fg-idle\"><figure class=\"fg-item-inner\"><a href=\"https:\/\/rumex.mendelu.cz\/atlasposkozenidrevin\/wp-content\/uploads\/2020\/03\/Trametes-suaveolens-1.jpg\" data-caption-title=\"Plodnice na vrb\u011b, Mendelu Brno, BZA 2008.\" data-caption-desc=\"Plodnice na vrb\u011b, Mendelu Brno, BZA 2008.\" data-attachment-id=\"5061\" data-type=\"image\" class=\"fg-thumb\"><span class=\"fg-image-wrap\"><img decoding=\"async\" title=\"Plodnice na vrb\u011b, Mendelu Brno, BZA 2008.\" width=\"365\" height=\"320\" class=\"skip-lazy fg-image\" data-src-fg=\"https:\/\/rumex.mendelu.cz\/atlasposkozenidrevin\/wp-content\/uploads\/cache\/2020\/03\/Trametes-suaveolens-1\/3421995291.jpg\" src=\"data:image\/svg+xml,%3Csvg%20xmlns%3D%22http%3A%2F%2Fwww.w3.org%2F2000%2Fsvg%22%20width%3D%22365%22%20height%3D%22320%22%20viewBox%3D%220%200%20365%20320%22%3E%3C%2Fsvg%3E\" loading=\"eager\"><\/span><span class=\"fg-image-overlay\"><\/span><\/a><figcaption class=\"fg-caption\"><div class=\"fg-caption-inner\"><div class=\"fg-caption-desc\">Plodnice na vrb\u011b, Mendelu Brno, BZA 2008.<\/div><\/div><\/figcaption><\/figure><div class=\"fg-loader\"><\/div><\/div><div class=\"fg-item fg-type-image fg-idle\"><figure class=\"fg-item-inner\"><a href=\"https:\/\/rumex.mendelu.cz\/atlasposkozenidrevin\/wp-content\/uploads\/2020\/03\/Trametes-suaveolens-2.jpg\" data-caption-title=\"Plodnice na vrb\u011b, Mendelu Brno, BZA 2008.\" data-caption-desc=\"Plodnice na vrb\u011b, Mendelu Brno, BZA 2008.\" data-attachment-id=\"5062\" data-type=\"image\" class=\"fg-thumb\"><span class=\"fg-image-wrap\"><img decoding=\"async\" title=\"Plodnice na vrb\u011b, Mendelu Brno, BZA 2008.\" width=\"365\" height=\"320\" class=\"skip-lazy fg-image\" data-src-fg=\"https:\/\/rumex.mendelu.cz\/atlasposkozenidrevin\/wp-content\/uploads\/cache\/2020\/03\/Trametes-suaveolens-2\/1870883543.jpg\" src=\"data:image\/svg+xml,%3Csvg%20xmlns%3D%22http%3A%2F%2Fwww.w3.org%2F2000%2Fsvg%22%20width%3D%22365%22%20height%3D%22320%22%20viewBox%3D%220%200%20365%20320%22%3E%3C%2Fsvg%3E\" loading=\"eager\"><\/span><span class=\"fg-image-overlay\"><\/span><\/a><figcaption class=\"fg-caption\"><div class=\"fg-caption-inner\"><div class=\"fg-caption-desc\">Plodnice na vrb\u011b, Mendelu Brno, BZA 2008.<\/div><\/div><\/figcaption><\/figure><div class=\"fg-loader\"><\/div><\/div><\/div>\n","protected":false},"excerpt":{"rendered":"<p>Trametes suaveolens (L.) Fr. HOSTITELSK\u00c9 D\u0158EVINY: vrby (Salix spp.). SYMPTOMY: b\u00edl\u00e9 jednolet\u00e9 plodnice na kmeni. [&hellip;]<\/p>\n","protected":false},"author":2,"featured_media":0,"parent":0,"menu_order":0,"comment_status":"closed","ping_status":"closed","template":"template-full-width.php","meta":{"footnotes":""},"class_list":["post-479","page","type-page","status-publish","hentry"],"_links":{"self":[{"href":"https:\/\/rumex.mendelu.cz\/atlasposkozenidrevin\/index.php\/wp-json\/wp\/v2\/pages\/479","targetHints":{"allow":["GET"]}}],"collection":[{"href":"https:\/\/rumex.mendelu.cz\/atlasposkozenidrevin\/index.php\/wp-json\/wp\/v2\/pages"}],"about":[{"href":"https:\/\/rumex.mendelu.cz\/atlasposkozenidrevin\/index.php\/wp-json\/wp\/v2\/types\/page"}],"author":[{"embeddable":true,"href":"https:\/\/rumex.mendelu.cz\/atlasposkozenidrevin\/index.php\/wp-json\/wp\/v2\/users\/2"}],"replies":[{"embeddable":true,"href":"https:\/\/rumex.mendelu.cz\/atlasposkozenidrevin\/index.php\/wp-json\/wp\/v2\/comments?post=479"}],"version-history":[{"count":5,"href":"https:\/\/rumex.mendelu.cz\/atlasposkozenidrevin\/index.php\/wp-json\/wp\/v2\/pages\/479\/revisions"}],"predecessor-version":[{"id":3597,"href":"https:\/\/rumex.mendelu.cz\/atlasposkozenidrevin\/index.php\/wp-json\/wp\/v2\/pages\/479\/revisions\/3597"}],"wp:attachment":[{"href":"https:\/\/rumex.mendelu.cz\/atlasposkozenidrevin\/index.php\/wp-json\/wp\/v2\/media?parent=479"}],"curies":[{"name":"wp","href":"https:\/\/api.w.org\/{rel}","templated":true}]}}