{"id":467,"date":"2019-08-16T13:44:54","date_gmt":"2019-08-16T11:44:54","guid":{"rendered":"http:\/\/rumex.mendelu.cz\/atlasposkozenidrevin\/?page_id=467"},"modified":"2025-02-07T13:05:35","modified_gmt":"2025-02-07T12:05:35","slug":"brezovnik-obecny","status":"publish","type":"page","link":"https:\/\/rumex.mendelu.cz\/atlasposkozenidrevin\/index.php\/brezovnik-obecny\/","title":{"rendered":"b\u0159ezovn\u00edk obecn\u00fd"},"content":{"rendered":"\n<p class=\"has-text-align-left has-medium-font-size\"><em><strong>Piptoporus betulinus <\/strong><\/em><strong>(Bull.) P. Karst. <\/strong><\/p>\n\n\n\n<p><strong>HOSTITELSK\u00c9 D\u0158EVINY:<\/strong> b\u0159\u00edza (<em>Betula<\/em> spp.).<\/p>\n\n\n\n<p><strong>SYMPTOMY:<\/strong> tvorba typick\u00fdch plodnic, v\u011bt\u0161inou ve v\u011bt\u0161\u00edm po\u010dtu, jejich v\u00fdskyt je \u010dasto doprov\u00e1zen zlomy v\u011btv\u00ed s hn\u011bd\u00fdm kostkovit\u00fdm rozkladem.<\/p>\n\n\n\n<p><strong>PLODNICE:<\/strong> jednolet\u00e9, klobouk plo\u0161e kopytovit\u00fd a\u017e v\u011bj\u00ed\u0159ovit\u00fd, se \u0161irok\u00fdm podvinut\u00fdm okrajem, p\u0159isedl\u00fd nebo p\u0159irostl\u00fd t\u0159e\u0148ovit\u011b z\u00fa\u017een\u00fdm bokem, polokulovit\u00fd a\u017e vyklenut\u00fd, s v\u00fdrazn\u00fdm valem na okraji, hladk\u00fd, b\u011blav\u00fd a\u017e \u0161edav\u00fd, mlad\u00e9 plodnice boulovit\u00e9, m\u011bkk\u00e9, b\u00edl\u00e1 du\u017enina, postupn\u011b tvrdnouc\u00ed, star\u00e9 vyschl\u00e9 plodnice jsou velice lehk\u00e9.<\/p>\n\n\n<style type=\"text\/css\">\n#foogallery-gallery-3439 .fg-image { width: 365px; }\n#foogallery-gallery-3439 { --fg-gutter: 10px; }<\/style>\n\t\t\t<div class=\"foogallery foogallery-container foogallery-default foogallery-lightbox-none fg-left fg-default fg-ready fg-light fg-border-thin fg-shadow-outline fg-loading-default fg-loaded-fade-in fg-caption-always fg-hover-fade fg-hover-zoom\" id=\"foogallery-gallery-3439\" data-foogallery=\"{&quot;item&quot;:{&quot;showCaptionTitle&quot;:false,&quot;showCaptionDescription&quot;:true},&quot;lazy&quot;:true}\" style=\"--fg-title-line-clamp: 0; --fg-description-line-clamp: 0;\" >\n\t<div class=\"fg-item fg-type-image fg-idle\"><figure class=\"fg-item-inner\"><a href=\"https:\/\/rumex.mendelu.cz\/atlasposkozenidrevin\/wp-content\/uploads\/2020\/03\/piptoporus_betulinus11.jpg\" data-caption-title=\"Plodnice na b\u0159\u00edze, Arboretum K\u0159tiny 2008.\" data-caption-desc=\"Plodnice na b\u0159\u00edze, Arboretum K\u0159tiny 2008.\" data-attachment-id=\"5057\" data-type=\"image\" class=\"fg-thumb\"><span class=\"fg-image-wrap\"><img fetchpriority=\"high\" decoding=\"async\" title=\"Plodnice na b\u0159\u00edze, Arboretum K\u0159tiny 2008.\" width=\"365\" height=\"320\" class=\"skip-lazy fg-image\" data-src-fg=\"https:\/\/rumex.mendelu.cz\/atlasposkozenidrevin\/wp-content\/uploads\/cache\/2020\/03\/piptoporus_betulinus11\/1907028662.jpg\" src=\"data:image\/svg+xml,%3Csvg%20xmlns%3D%22http%3A%2F%2Fwww.w3.org%2F2000%2Fsvg%22%20width%3D%22365%22%20height%3D%22320%22%20viewBox%3D%220%200%20365%20320%22%3E%3C%2Fsvg%3E\" loading=\"eager\"><\/span><span class=\"fg-image-overlay\"><\/span><\/a><figcaption class=\"fg-caption\"><div class=\"fg-caption-inner\"><div class=\"fg-caption-desc\">Plodnice na b\u0159\u00edze, Arboretum K\u0159tiny 2008.<\/div><\/div><\/figcaption><\/figure><div class=\"fg-loader\"><\/div><\/div><div class=\"fg-item fg-type-image fg-idle\"><figure class=\"fg-item-inner\"><a href=\"https:\/\/rumex.mendelu.cz\/atlasposkozenidrevin\/wp-content\/uploads\/2020\/03\/P8105183.jpg\" data-caption-title=\"Plodnice na b\u0159\u00edze, Arboretum K\u0159tiny 2008.\" data-caption-desc=\"Plodnice na b\u0159\u00edze, Arboretum K\u0159tiny 2008.\" data-attachment-id=\"5051\" data-type=\"image\" class=\"fg-thumb\"><span class=\"fg-image-wrap\"><img decoding=\"async\" title=\"Plodnice na b\u0159\u00edze, Arboretum K\u0159tiny 2008.\" width=\"365\" height=\"320\" class=\"skip-lazy fg-image\" data-src-fg=\"https:\/\/rumex.mendelu.cz\/atlasposkozenidrevin\/wp-content\/uploads\/cache\/2020\/03\/P8105183\/1705533313.jpg\" src=\"data:image\/svg+xml,%3Csvg%20xmlns%3D%22http%3A%2F%2Fwww.w3.org%2F2000%2Fsvg%22%20width%3D%22365%22%20height%3D%22320%22%20viewBox%3D%220%200%20365%20320%22%3E%3C%2Fsvg%3E\" loading=\"eager\"><\/span><span class=\"fg-image-overlay\"><\/span><\/a><figcaption class=\"fg-caption\"><div class=\"fg-caption-inner\"><div class=\"fg-caption-desc\">Plodnice na b\u0159\u00edze, Arboretum K\u0159tiny 2008.<\/div><\/div><\/figcaption><\/figure><div class=\"fg-loader\"><\/div><\/div><div class=\"fg-item fg-type-image fg-idle\"><figure class=\"fg-item-inner\"><a href=\"https:\/\/rumex.mendelu.cz\/atlasposkozenidrevin\/wp-content\/uploads\/2020\/03\/P923082023092009_132.jpg\" data-caption-title=\"Detail plodnice, Arboretum K\u0159tiny 2008.\" data-caption-desc=\"Detail plodnice, Arboretum K\u0159tiny 2008.\" data-attachment-id=\"5052\" data-type=\"image\" class=\"fg-thumb\"><span class=\"fg-image-wrap\"><img decoding=\"async\" title=\"Detail plodnice, Arboretum K\u0159tiny 2008.\" width=\"365\" height=\"320\" class=\"skip-lazy fg-image\" data-src-fg=\"https:\/\/rumex.mendelu.cz\/atlasposkozenidrevin\/wp-content\/uploads\/cache\/2020\/03\/P923082023092009_132\/2178323607.jpg\" src=\"data:image\/svg+xml,%3Csvg%20xmlns%3D%22http%3A%2F%2Fwww.w3.org%2F2000%2Fsvg%22%20width%3D%22365%22%20height%3D%22320%22%20viewBox%3D%220%200%20365%20320%22%3E%3C%2Fsvg%3E\" loading=\"eager\"><\/span><span class=\"fg-image-overlay\"><\/span><\/a><figcaption class=\"fg-caption\"><div class=\"fg-caption-inner\"><div class=\"fg-caption-desc\">Detail plodnice, Arboretum K\u0159tiny 2008.<\/div><\/div><\/figcaption><\/figure><div class=\"fg-loader\"><\/div><\/div><\/div>\n\n\n\n<p><\/p>\n\n\n<style type=\"text\/css\">\n#foogallery-gallery-3440 .fg-image { width: 365px; }\n#foogallery-gallery-3440 { --fg-gutter: 10px; }<\/style>\n\t\t\t<div class=\"foogallery foogallery-container foogallery-default foogallery-lightbox-none fg-left fg-default fg-ready fg-light fg-border-thin fg-shadow-outline fg-loading-default fg-loaded-fade-in fg-caption-always fg-hover-fade fg-hover-zoom\" id=\"foogallery-gallery-3440\" data-foogallery=\"{&quot;item&quot;:{&quot;showCaptionTitle&quot;:false,&quot;showCaptionDescription&quot;:true},&quot;lazy&quot;:true}\" style=\"--fg-title-line-clamp: 0; --fg-description-line-clamp: 0;\" >\n\t<div class=\"fg-item fg-type-image fg-idle\"><figure class=\"fg-item-inner\"><a href=\"https:\/\/rumex.mendelu.cz\/atlasposkozenidrevin\/wp-content\/uploads\/2020\/03\/P923082123092009_133.jpg\" data-caption-title=\"Plodnice b\u0159ezovn\u00edku, Brno 2008.\" data-caption-desc=\"Plodnice b\u0159ezovn\u00edku, Brno 2008.\" data-attachment-id=\"3596\" data-type=\"image\" class=\"fg-thumb\"><span class=\"fg-image-wrap\"><img decoding=\"async\" title=\"Plodnice b\u0159ezovn\u00edku, Brno 2008.\" width=\"365\" height=\"320\" class=\"skip-lazy fg-image\" data-src-fg=\"https:\/\/rumex.mendelu.cz\/atlasposkozenidrevin\/wp-content\/uploads\/cache\/2020\/03\/P923082123092009_133\/3953295827.jpg\" src=\"data:image\/svg+xml,%3Csvg%20xmlns%3D%22http%3A%2F%2Fwww.w3.org%2F2000%2Fsvg%22%20width%3D%22365%22%20height%3D%22320%22%20viewBox%3D%220%200%20365%20320%22%3E%3C%2Fsvg%3E\" loading=\"eager\"><\/span><span class=\"fg-image-overlay\"><\/span><\/a><figcaption class=\"fg-caption\"><div class=\"fg-caption-inner\"><div class=\"fg-caption-desc\">Plodnice b\u0159ezovn\u00edku, Brno 2008.<\/div><\/div><\/figcaption><\/figure><div class=\"fg-loader\"><\/div><\/div><div class=\"fg-item fg-type-image fg-idle\"><figure class=\"fg-item-inner\"><a href=\"https:\/\/rumex.mendelu.cz\/atlasposkozenidrevin\/wp-content\/uploads\/2020\/03\/PB26205526112009_229.jpg\" data-caption-title=\"Plodnice na b\u0159\u00edze, Arboretum K\u0159tiny 2008.\" data-caption-desc=\"Plodnice na b\u0159\u00edze, Arboretum K\u0159tiny 2008.\" data-attachment-id=\"5054\" data-type=\"image\" class=\"fg-thumb\"><span class=\"fg-image-wrap\"><img decoding=\"async\" title=\"Plodnice na b\u0159\u00edze, Arboretum K\u0159tiny 2008.\" width=\"365\" height=\"320\" class=\"skip-lazy fg-image\" data-src-fg=\"https:\/\/rumex.mendelu.cz\/atlasposkozenidrevin\/wp-content\/uploads\/cache\/2020\/03\/PB26205526112009_229\/985040138.jpg\" src=\"data:image\/svg+xml,%3Csvg%20xmlns%3D%22http%3A%2F%2Fwww.w3.org%2F2000%2Fsvg%22%20width%3D%22365%22%20height%3D%22320%22%20viewBox%3D%220%200%20365%20320%22%3E%3C%2Fsvg%3E\" loading=\"eager\"><\/span><span class=\"fg-image-overlay\"><\/span><\/a><figcaption class=\"fg-caption\"><div class=\"fg-caption-inner\"><div class=\"fg-caption-desc\">Plodnice na b\u0159\u00edze, Arboretum K\u0159tiny 2008.<\/div><\/div><\/figcaption><\/figure><div class=\"fg-loader\"><\/div><\/div><div class=\"fg-item fg-type-image fg-idle\"><figure class=\"fg-item-inner\"><a href=\"https:\/\/rumex.mendelu.cz\/atlasposkozenidrevin\/wp-content\/uploads\/2020\/03\/Piptoporus-betulinus_brezovnik-brezovy-1-scaled.jpg\" data-caption-title=\"Plodnice na b\u0159\u00edze, \u0160LP K\u0159tiny 2007.\" data-caption-desc=\"Plodnice na b\u0159\u00edze, \u0160LP K\u0159tiny 2007.\" data-attachment-id=\"5055\" data-type=\"image\" class=\"fg-thumb\"><span class=\"fg-image-wrap\"><img decoding=\"async\" title=\"Plodnice na b\u0159\u00edze, \u0160LP K\u0159tiny 2007.\" width=\"365\" height=\"320\" class=\"skip-lazy fg-image\" data-src-fg=\"https:\/\/rumex.mendelu.cz\/atlasposkozenidrevin\/wp-content\/uploads\/cache\/2020\/03\/Piptoporus-betulinus_brezovnik-brezovy-1-scaled\/3449377215.jpg\" src=\"data:image\/svg+xml,%3Csvg%20xmlns%3D%22http%3A%2F%2Fwww.w3.org%2F2000%2Fsvg%22%20width%3D%22365%22%20height%3D%22320%22%20viewBox%3D%220%200%20365%20320%22%3E%3C%2Fsvg%3E\" loading=\"eager\"><\/span><span class=\"fg-image-overlay\"><\/span><\/a><figcaption class=\"fg-caption\"><div class=\"fg-caption-inner\"><div class=\"fg-caption-desc\">Plodnice na b\u0159\u00edze, \u0160LP K\u0159tiny 2007.<\/div><\/div><\/figcaption><\/figure><div class=\"fg-loader\"><\/div><\/div><\/div>\n\n\n\n<p><\/p>\n\n\n\n<p><strong>HNILOBA:<\/strong> hn\u011bd\u00e1, velmi rychl\u00e1, typick\u00fd kostkovit\u00fd rozklad, stromy se \u010dasto rozlamuj\u00ed.<\/p>\n\n\n\n<p><strong>V\u00ddZNAM A OCHRANA:<\/strong> napaden\u00e9 stromy velice rychle odum\u00edraj\u00ed, v\u011btve se l\u00e1mou, kmeny rozpadaj\u00ed, p\u0159i v\u00fdskytu je z hlediska bezpe\u010dnosti nutn\u00e9 okam\u017eit\u00e9 odstran\u011bn\u00ed d\u0159evin.<\/p>\n\n\n\n<p><\/p>\n\n\n<style type=\"text\/css\">\n#foogallery-gallery-5058 .fg-image { width: 365px; }\n#foogallery-gallery-5058 { --fg-gutter: 10px; }<\/style>\n\t\t\t<div class=\"foogallery foogallery-container foogallery-default foogallery-lightbox-foogallery fg-left fg-default fg-ready fg-light fg-border-thin fg-shadow-outline fg-loading-default fg-loaded-fade-in fg-caption-always fg-hover-fade fg-hover-zoom\" id=\"foogallery-gallery-5058\" data-foogallery=\"{&quot;item&quot;:{&quot;showCaptionTitle&quot;:false,&quot;showCaptionDescription&quot;:true},&quot;lazy&quot;:true}\" data-foogallery-lightbox=\"{&quot;thumbs&quot;:&quot;bottom&quot;,&quot;thumbsCaptions&quot;:false,&quot;thumbsBestFit&quot;:false,&quot;thumbsSmall&quot;:false,&quot;thumbsCaptionsAlign&quot;:&quot;default&quot;,&quot;info&quot;:&quot;bottom&quot;,&quot;infoVisible&quot;:true,&quot;infoOverlay&quot;:true,&quot;infoAlign&quot;:&quot;default&quot;,&quot;transition&quot;:&quot;fade&quot;,&quot;hoverButtons&quot;:false,&quot;fitMedia&quot;:false,&quot;noScrollbars&quot;:true,&quot;preserveButtonSpace&quot;:true,&quot;buttons&quot;:{&quot;fullscreen&quot;:true,&quot;info&quot;:true,&quot;thumbs&quot;:false},&quot;video&quot;:{&quot;autoPlay&quot;:true}}\" style=\"--fg-title-line-clamp: 0; --fg-description-line-clamp: 0;\" >\n\t<div class=\"fg-item fg-type-image fg-idle\"><figure class=\"fg-item-inner\"><a href=\"https:\/\/rumex.mendelu.cz\/atlasposkozenidrevin\/wp-content\/uploads\/2020\/03\/piptoporus_betulinus6.jpg\" data-caption-title=\"Plodnice na b\u0159\u00edze, Arboretum K\u0159tiny 2008.\" data-caption-desc=\"Plodnice na b\u0159\u00edze, Arboretum K\u0159tiny 2008.\" data-attachment-id=\"5056\" data-type=\"image\" class=\"fg-thumb\"><span class=\"fg-image-wrap\"><img decoding=\"async\" title=\"Plodnice na b\u0159\u00edze, Arboretum K\u0159tiny 2008.\" width=\"365\" height=\"320\" class=\"skip-lazy fg-image\" data-src-fg=\"https:\/\/rumex.mendelu.cz\/atlasposkozenidrevin\/wp-content\/uploads\/cache\/2020\/03\/piptoporus_betulinus6\/2988936416.jpg\" src=\"data:image\/svg+xml,%3Csvg%20xmlns%3D%22http%3A%2F%2Fwww.w3.org%2F2000%2Fsvg%22%20width%3D%22365%22%20height%3D%22320%22%20viewBox%3D%220%200%20365%20320%22%3E%3C%2Fsvg%3E\" loading=\"eager\"><\/span><span class=\"fg-image-overlay\"><\/span><\/a><figcaption class=\"fg-caption\"><div class=\"fg-caption-inner\"><div class=\"fg-caption-desc\">Plodnice na b\u0159\u00edze, Arboretum K\u0159tiny 2008.<\/div><\/div><\/figcaption><\/figure><div class=\"fg-loader\"><\/div><\/div><div class=\"fg-item fg-type-image fg-idle\"><figure class=\"fg-item-inner\"><a href=\"https:\/\/rumex.mendelu.cz\/atlasposkozenidrevin\/wp-content\/uploads\/2020\/03\/PB26205526112009_229.jpg\" data-caption-title=\"Plodnice na b\u0159\u00edze, Arboretum K\u0159tiny 2008.\" data-caption-desc=\"Plodnice na b\u0159\u00edze, Arboretum K\u0159tiny 2008.\" data-attachment-id=\"5054\" data-type=\"image\" class=\"fg-thumb\"><span class=\"fg-image-wrap\"><img decoding=\"async\" title=\"Plodnice na b\u0159\u00edze, Arboretum K\u0159tiny 2008.\" width=\"365\" height=\"320\" class=\"skip-lazy fg-image\" data-src-fg=\"https:\/\/rumex.mendelu.cz\/atlasposkozenidrevin\/wp-content\/uploads\/cache\/2020\/03\/PB26205526112009_229\/2624317960.jpg\" src=\"data:image\/svg+xml,%3Csvg%20xmlns%3D%22http%3A%2F%2Fwww.w3.org%2F2000%2Fsvg%22%20width%3D%22365%22%20height%3D%22320%22%20viewBox%3D%220%200%20365%20320%22%3E%3C%2Fsvg%3E\" loading=\"eager\"><\/span><span class=\"fg-image-overlay\"><\/span><\/a><figcaption class=\"fg-caption\"><div class=\"fg-caption-inner\"><div class=\"fg-caption-desc\">Plodnice na b\u0159\u00edze, Arboretum K\u0159tiny 2008.<\/div><\/div><\/figcaption><\/figure><div class=\"fg-loader\"><\/div><\/div><div class=\"fg-item fg-type-image fg-idle\"><figure class=\"fg-item-inner\"><a href=\"https:\/\/rumex.mendelu.cz\/atlasposkozenidrevin\/wp-content\/uploads\/2020\/03\/hniloba-brezovniku.jpg\" data-caption-title=\"Hn\u011bd\u00e1 hniloba b\u0159ezovn\u00edku, Arboretum K\u0159tiny 2008.\" data-caption-desc=\"Hn\u011bd\u00e1 hniloba b\u0159ezovn\u00edku, Arboretum K\u0159tiny 2008.\" data-attachment-id=\"5050\" data-type=\"image\" class=\"fg-thumb\"><span class=\"fg-image-wrap\"><img decoding=\"async\" title=\"Hn\u011bd\u00e1 hniloba b\u0159ezovn\u00edku, Arboretum K\u0159tiny 2008.\" width=\"365\" height=\"320\" class=\"skip-lazy fg-image\" data-src-fg=\"https:\/\/rumex.mendelu.cz\/atlasposkozenidrevin\/wp-content\/uploads\/cache\/2020\/03\/hniloba-brezovniku\/459119035.jpg\" src=\"data:image\/svg+xml,%3Csvg%20xmlns%3D%22http%3A%2F%2Fwww.w3.org%2F2000%2Fsvg%22%20width%3D%22365%22%20height%3D%22320%22%20viewBox%3D%220%200%20365%20320%22%3E%3C%2Fsvg%3E\" loading=\"eager\"><\/span><span class=\"fg-image-overlay\"><\/span><\/a><figcaption class=\"fg-caption\"><div class=\"fg-caption-inner\"><div class=\"fg-caption-desc\">Hn\u011bd\u00e1 hniloba b\u0159ezovn\u00edku, Arboretum K\u0159tiny 2008.<\/div><\/div><\/figcaption><\/figure><div class=\"fg-loader\"><\/div><\/div><\/div>\n","protected":false},"excerpt":{"rendered":"<p>Piptoporus betulinus (Bull.) P. Karst. HOSTITELSK\u00c9 D\u0158EVINY: b\u0159\u00edza (Betula spp.). SYMPTOMY: tvorba typick\u00fdch plodnic, v\u011bt\u0161inou [&hellip;]<\/p>\n","protected":false},"author":2,"featured_media":0,"parent":0,"menu_order":0,"comment_status":"closed","ping_status":"closed","template":"template-full-width.php","meta":{"footnotes":""},"class_list":["post-467","page","type-page","status-publish","hentry"],"_links":{"self":[{"href":"https:\/\/rumex.mendelu.cz\/atlasposkozenidrevin\/index.php\/wp-json\/wp\/v2\/pages\/467","targetHints":{"allow":["GET"]}}],"collection":[{"href":"https:\/\/rumex.mendelu.cz\/atlasposkozenidrevin\/index.php\/wp-json\/wp\/v2\/pages"}],"about":[{"href":"https:\/\/rumex.mendelu.cz\/atlasposkozenidrevin\/index.php\/wp-json\/wp\/v2\/types\/page"}],"author":[{"embeddable":true,"href":"https:\/\/rumex.mendelu.cz\/atlasposkozenidrevin\/index.php\/wp-json\/wp\/v2\/users\/2"}],"replies":[{"embeddable":true,"href":"https:\/\/rumex.mendelu.cz\/atlasposkozenidrevin\/index.php\/wp-json\/wp\/v2\/comments?post=467"}],"version-history":[{"count":7,"href":"https:\/\/rumex.mendelu.cz\/atlasposkozenidrevin\/index.php\/wp-json\/wp\/v2\/pages\/467\/revisions"}],"predecessor-version":[{"id":5060,"href":"https:\/\/rumex.mendelu.cz\/atlasposkozenidrevin\/index.php\/wp-json\/wp\/v2\/pages\/467\/revisions\/5060"}],"wp:attachment":[{"href":"https:\/\/rumex.mendelu.cz\/atlasposkozenidrevin\/index.php\/wp-json\/wp\/v2\/media?parent=467"}],"curies":[{"name":"wp","href":"https:\/\/api.w.org\/{rel}","templated":true}]}}