{"id":428,"date":"2019-08-16T12:59:44","date_gmt":"2019-08-16T10:59:44","guid":{"rendered":"http:\/\/rumex.mendelu.cz\/atlasposkozenidrevin\/?page_id=428"},"modified":"2024-11-06T13:33:29","modified_gmt":"2024-11-06T12:33:29","slug":"sirovec-zlutooranzovy","status":"publish","type":"page","link":"https:\/\/rumex.mendelu.cz\/atlasposkozenidrevin\/index.php\/sirovec-zlutooranzovy\/","title":{"rendered":"s\u00edrovec \u017elutooran\u017eov\u00fd"},"content":{"rendered":"\n<p style=\"text-align:left\" class=\"has-medium-font-size\"><strong><em>Laetiporus sulphureus<\/em><\/strong><strong> (Bull.) Murrill <\/strong><\/p>\n\n\n\n<p><strong>HOSTITELSK\u00c9 D\u0158EVINY:<\/strong> listn\u00e1\u010de, hlavn\u011b vrba (<em>Salix <\/em>spp.), dub (<em>Quercus<\/em> spp.), javor (<em>Acer<\/em> spp.)  ale i<em> <\/em>ovocn\u00e9 d\u0159eviny t\u0159e\u0161n\u011b, \u0161vestky, jablon\u011b&#8230;.<\/p>\n\n\n\n<p><strong>SYMPTOMY:<\/strong> barvou n\u00e1padn\u00e9 a typick\u00e9 plodnice na kmeni, nar\u016fstaj\u00edc\u00ed v\u011bt\u0161inou v m\u00edst\u011b, kde pronikala infekce, r\u00e1ny po odlomen\u00fdch v\u011btv\u00edch, trhliny.<\/p>\n\n\n\n<p><strong>PLODNICE:<\/strong> jednolet\u00e9, zpo\u010d\u00e1tku citr\u00f3nov\u011b \u017elut\u011b zbarven\u00e9 podu\u0161ky, postupn\u011b se formuj\u00ed do lupenit\u00fdch plodnic, bokem p\u0159irostl\u00fdch k podkladu, okraj lupen\u016f je zvln\u011bn\u00fd, barva je n\u00e1padn\u011b \u017elut\u00e1 a\u017e \u017elutooran\u017eov\u00e1, du\u017enina v ml\u00e1d\u00ed \u0161\u0165avnat\u00e1, rourky okrouhl\u00e9 a\u017e labyrintick\u00e9, v p\u0159\u00edzniv\u00fdch podm\u00ednk\u00e1ch m\u016f\u017ee vytv\u00e1\u0159et trsovit\u00e9 plodnice a\u017e o plo\u0161e jednoho metru, mlad\u00e9 plodnice jsou jedl\u00e9, star\u0161\u00ed nep\u0159\u00edjemn\u011b p\u00e1chnou, postupn\u011b ztr\u00e1cej\u00ed typickou barvu, blednou, jsou napad\u00e1ny hmyzem.  <\/p>\n\n\n<style type=\"text\/css\">\n#foogallery-gallery-3421 .fg-image { width: 365px; }\n#foogallery-gallery-3421 { --fg-gutter: 10px; }<\/style>\n\t\t\t<div class=\"foogallery foogallery-container foogallery-default foogallery-lightbox-none fg-left fg-default fg-ready fg-light fg-border-thin fg-shadow-outline fg-loading-default fg-loaded-fade-in fg-caption-always fg-hover-fade fg-hover-zoom\" id=\"foogallery-gallery-3421\" data-foogallery=\"{&quot;item&quot;:{&quot;showCaptionTitle&quot;:false,&quot;showCaptionDescription&quot;:true},&quot;lazy&quot;:true}\" style=\"--fg-title-line-clamp: 0; --fg-description-line-clamp: 0;\" >\n\t<div class=\"fg-item fg-type-image fg-idle\"><figure class=\"fg-item-inner\"><a href=\"https:\/\/rumex.mendelu.cz\/atlasposkozenidrevin\/wp-content\/uploads\/2020\/03\/DSCN5082.jpg\" data-caption-title=\"Plodnice na dubu, Brno 2006.\" data-caption-desc=\"Plodnice na dubu, Brno 2006.\" data-attachment-id=\"5025\" data-type=\"image\" class=\"fg-thumb\"><span class=\"fg-image-wrap\"><img fetchpriority=\"high\" decoding=\"async\" title=\"Plodnice na dubu, Brno 2006.\" width=\"365\" height=\"320\" class=\"skip-lazy fg-image\" data-src-fg=\"https:\/\/rumex.mendelu.cz\/atlasposkozenidrevin\/wp-content\/uploads\/cache\/2020\/03\/DSCN5082\/713947065.jpg\" src=\"data:image\/svg+xml,%3Csvg%20xmlns%3D%22http%3A%2F%2Fwww.w3.org%2F2000%2Fsvg%22%20width%3D%22365%22%20height%3D%22320%22%20viewBox%3D%220%200%20365%20320%22%3E%3C%2Fsvg%3E\" loading=\"eager\"><\/span><span class=\"fg-image-overlay\"><\/span><\/a><figcaption class=\"fg-caption\"><div class=\"fg-caption-inner\"><div class=\"fg-caption-desc\">Plodnice na dubu, Brno 2006.<\/div><\/div><\/figcaption><\/figure><div class=\"fg-loader\"><\/div><\/div><div class=\"fg-item fg-type-image fg-idle\"><figure class=\"fg-item-inner\"><a href=\"https:\/\/rumex.mendelu.cz\/atlasposkozenidrevin\/wp-content\/uploads\/2020\/03\/robinia_brno_2010.jpg\" data-caption-title=\"Plodnice na ak\u00e1tu, Brno 2012.\" data-caption-desc=\"Plodnice na ak\u00e1tu, Brno 2012.\" data-attachment-id=\"5034\" data-type=\"image\" class=\"fg-thumb\"><span class=\"fg-image-wrap\"><img decoding=\"async\" title=\"Plodnice na ak\u00e1tu, Brno 2012.\" width=\"365\" height=\"320\" class=\"skip-lazy fg-image\" data-src-fg=\"https:\/\/rumex.mendelu.cz\/atlasposkozenidrevin\/wp-content\/uploads\/cache\/2020\/03\/robinia_brno_2010\/1264222543.jpg\" src=\"data:image\/svg+xml,%3Csvg%20xmlns%3D%22http%3A%2F%2Fwww.w3.org%2F2000%2Fsvg%22%20width%3D%22365%22%20height%3D%22320%22%20viewBox%3D%220%200%20365%20320%22%3E%3C%2Fsvg%3E\" loading=\"eager\"><\/span><span class=\"fg-image-overlay\"><\/span><\/a><figcaption class=\"fg-caption\"><div class=\"fg-caption-inner\"><div class=\"fg-caption-desc\">Plodnice na ak\u00e1tu, Brno 2012.<\/div><\/div><\/figcaption><\/figure><div class=\"fg-loader\"><\/div><\/div><div class=\"fg-item fg-type-image fg-idle\"><figure class=\"fg-item-inner\"><a href=\"https:\/\/rumex.mendelu.cz\/atlasposkozenidrevin\/wp-content\/uploads\/2020\/03\/robinia_brno_2010_.jpg\" data-caption-title=\"Mlad\u00e1 plodnice s\u00edrovce, Lednice park 2006.\" data-caption-desc=\"Mlad\u00e1 plodnice s\u00edrovce, Lednice park 2006.\" data-attachment-id=\"5035\" data-type=\"image\" class=\"fg-thumb\"><span class=\"fg-image-wrap\"><img decoding=\"async\" title=\"Mlad\u00e1 plodnice s\u00edrovce, Lednice park 2006.\" width=\"365\" height=\"320\" class=\"skip-lazy fg-image\" data-src-fg=\"https:\/\/rumex.mendelu.cz\/atlasposkozenidrevin\/wp-content\/uploads\/cache\/2020\/03\/robinia_brno_2010_\/3318697643.jpg\" src=\"data:image\/svg+xml,%3Csvg%20xmlns%3D%22http%3A%2F%2Fwww.w3.org%2F2000%2Fsvg%22%20width%3D%22365%22%20height%3D%22320%22%20viewBox%3D%220%200%20365%20320%22%3E%3C%2Fsvg%3E\" loading=\"eager\"><\/span><span class=\"fg-image-overlay\"><\/span><\/a><figcaption class=\"fg-caption\"><div class=\"fg-caption-inner\"><div class=\"fg-caption-desc\">Mlad\u00e1 plodnice s\u00edrovce, Lednice park 2006.<\/div><\/div><\/figcaption><\/figure><div class=\"fg-loader\"><\/div><\/div><\/div>\n\n\n\n<p><\/p>\n\n\n\n<p><strong>HNILOBA:<\/strong> hn\u011bd\u00e1, typick\u00fd je kostkovit\u00fd a\u017e drobiv\u00fd rozklad, p\u0159\u00edtomno je b\u011blav\u00e9 syrocium, \u010dasto je hn\u011bd\u00e1 hniloba viditeln\u00e1 v m\u00edst\u011b po ulomen\u00fdch v\u011btv\u00edch a v dutin\u00e1ch kmene.<\/p>\n\n\n\n<p><strong>V\u00ddZNAM A OCHRANA: <\/strong>napaden\u00e9 kmeny a v\u011btve vy\u017eaduj\u00ed okam\u017eitou sanaci, hniloba je rychle pronikaj\u00edc\u00ed do b\u011bli, statick\u00e1 pevnost d\u0159evin je velmi naru\u0161ena, je pom\u011brn\u011b roz\u0161\u00ed\u0159en\u00fd. Je to i obl\u00edben\u00e1 jedl\u00e1 houba, lze ji r\u016fzn\u011b upravovat, obl\u00edben\u00fd je sma\u017een\u00fd jako \u0159\u00edzek.<\/p>\n\n\n\n<p><\/p>\n\n\n<style type=\"text\/css\">\n#foogallery-gallery-3423 .fg-image { width: 365px; }\n#foogallery-gallery-3423 { --fg-gutter: 10px; }<\/style>\n\t\t\t<div class=\"foogallery foogallery-container foogallery-default foogallery-lightbox-none fg-left fg-default fg-ready fg-light fg-border-thin fg-shadow-outline fg-loading-default fg-loaded-fade-in fg-caption-always fg-hover-fade fg-hover-zoom\" id=\"foogallery-gallery-3423\" data-foogallery=\"{&quot;item&quot;:{&quot;showCaptionTitle&quot;:false,&quot;showCaptionDescription&quot;:true},&quot;lazy&quot;:true}\" style=\"--fg-title-line-clamp: 0; --fg-description-line-clamp: 0;\" >\n\t<div class=\"fg-item fg-type-image fg-idle\"><figure class=\"fg-item-inner\"><a href=\"https:\/\/rumex.mendelu.cz\/atlasposkozenidrevin\/wp-content\/uploads\/2020\/03\/laetiporus_sulphureus_plodnice38.jpg\" data-caption-title=\"Nar\u016fstaj\u00edc\u00ed plodnice na ak\u00e1tu, Brno 2004.\" data-caption-desc=\"Nar\u016fstaj\u00edc\u00ed plodnice na ak\u00e1tu, Brno 2004.\" data-attachment-id=\"5030\" data-type=\"image\" class=\"fg-thumb\"><span class=\"fg-image-wrap\"><img decoding=\"async\" title=\"Nar\u016fstaj\u00edc\u00ed plodnice na ak\u00e1tu, Brno 2004.\" width=\"365\" height=\"320\" class=\"skip-lazy fg-image\" data-src-fg=\"https:\/\/rumex.mendelu.cz\/atlasposkozenidrevin\/wp-content\/uploads\/cache\/2020\/03\/laetiporus_sulphureus_plodnice38\/2716904211.jpg\" src=\"data:image\/svg+xml,%3Csvg%20xmlns%3D%22http%3A%2F%2Fwww.w3.org%2F2000%2Fsvg%22%20width%3D%22365%22%20height%3D%22320%22%20viewBox%3D%220%200%20365%20320%22%3E%3C%2Fsvg%3E\" loading=\"eager\"><\/span><span class=\"fg-image-overlay\"><\/span><\/a><figcaption class=\"fg-caption\"><div class=\"fg-caption-inner\"><div class=\"fg-caption-desc\">Nar\u016fstaj\u00edc\u00ed plodnice na ak\u00e1tu, Brno 2004.<\/div><\/div><\/figcaption><\/figure><div class=\"fg-loader\"><\/div><\/div><div class=\"fg-item fg-type-image fg-idle\"><figure class=\"fg-item-inner\"><a href=\"https:\/\/rumex.mendelu.cz\/atlasposkozenidrevin\/wp-content\/uploads\/2020\/03\/laetiporus_sulphureus_plodnice30.jpg\" data-caption-title=\"Star\u0161\u00ed plodnice na ak\u00e1tu, Brno 2004.\" data-caption-desc=\"Star\u0161\u00ed plodnice na ak\u00e1tu, Brno 2004.\" data-attachment-id=\"5029\" data-type=\"image\" class=\"fg-thumb\"><span class=\"fg-image-wrap\"><img decoding=\"async\" title=\"Star\u0161\u00ed plodnice na ak\u00e1tu, Brno 2004.\" width=\"365\" height=\"320\" class=\"skip-lazy fg-image\" data-src-fg=\"https:\/\/rumex.mendelu.cz\/atlasposkozenidrevin\/wp-content\/uploads\/cache\/2020\/03\/laetiporus_sulphureus_plodnice30\/2829928139.jpg\" src=\"data:image\/svg+xml,%3Csvg%20xmlns%3D%22http%3A%2F%2Fwww.w3.org%2F2000%2Fsvg%22%20width%3D%22365%22%20height%3D%22320%22%20viewBox%3D%220%200%20365%20320%22%3E%3C%2Fsvg%3E\" loading=\"eager\"><\/span><span class=\"fg-image-overlay\"><\/span><\/a><figcaption class=\"fg-caption\"><div class=\"fg-caption-inner\"><div class=\"fg-caption-desc\">Star\u0161\u00ed plodnice na ak\u00e1tu, Brno 2004.<\/div><\/div><\/figcaption><\/figure><div class=\"fg-loader\"><\/div><\/div><div class=\"fg-item fg-type-image fg-idle\"><figure class=\"fg-item-inner\"><a href=\"https:\/\/rumex.mendelu.cz\/atlasposkozenidrevin\/wp-content\/uploads\/2020\/03\/DSCN5085.jpg\" data-caption-title=\"Detail hymenia plodnice, Brno 2006.\" data-caption-desc=\"Detail hymenia plodnice, Brno 2006.\" data-attachment-id=\"5026\" data-type=\"image\" class=\"fg-thumb\"><span class=\"fg-image-wrap\"><img decoding=\"async\" title=\"Detail hymenia plodnice, Brno 2006.\" width=\"365\" height=\"320\" class=\"skip-lazy fg-image\" data-src-fg=\"https:\/\/rumex.mendelu.cz\/atlasposkozenidrevin\/wp-content\/uploads\/cache\/2020\/03\/DSCN5085\/734062451.jpg\" src=\"data:image\/svg+xml,%3Csvg%20xmlns%3D%22http%3A%2F%2Fwww.w3.org%2F2000%2Fsvg%22%20width%3D%22365%22%20height%3D%22320%22%20viewBox%3D%220%200%20365%20320%22%3E%3C%2Fsvg%3E\" loading=\"eager\"><\/span><span class=\"fg-image-overlay\"><\/span><\/a><figcaption class=\"fg-caption\"><div class=\"fg-caption-inner\"><div class=\"fg-caption-desc\">Detail hymenia plodnice, Brno 2006.<\/div><\/div><\/figcaption><\/figure><div class=\"fg-loader\"><\/div><\/div><\/div>\n\n\n<style type=\"text\/css\">\n#foogallery-gallery-3424 .fg-image { width: 365px; }\n#foogallery-gallery-3424 { --fg-gutter: 10px; }<\/style>\n\t\t\t<div class=\"foogallery foogallery-container foogallery-default foogallery-lightbox-none fg-left fg-default fg-ready fg-light fg-border-thin fg-shadow-outline fg-loading-default fg-loaded-fade-in fg-caption-always fg-hover-fade fg-hover-zoom\" id=\"foogallery-gallery-3424\" data-foogallery=\"{&quot;item&quot;:{&quot;showCaptionTitle&quot;:false,&quot;showCaptionDescription&quot;:true},&quot;lazy&quot;:true}\" style=\"--fg-title-line-clamp: 0; --fg-description-line-clamp: 0;\" >\n\t<div class=\"fg-item fg-type-image fg-idle\"><figure class=\"fg-item-inner\"><a href=\"https:\/\/rumex.mendelu.cz\/atlasposkozenidrevin\/wp-content\/uploads\/2020\/03\/laetiporus_sulphureus_plodnice40.jpg\" data-caption-title=\"Star\u00e1 plodnice na topolu, Mendelu Brno, BZA 2006.\" data-caption-desc=\"Star\u00e1 plodnice na topolu, Mendelu Brno, BZA 2006.\" data-attachment-id=\"5031\" data-type=\"image\" class=\"fg-thumb\"><span class=\"fg-image-wrap\"><img decoding=\"async\" title=\"Star\u00e1 plodnice na topolu, Mendelu Brno, BZA 2006.\" width=\"365\" height=\"320\" class=\"skip-lazy fg-image\" data-src-fg=\"https:\/\/rumex.mendelu.cz\/atlasposkozenidrevin\/wp-content\/uploads\/cache\/2020\/03\/laetiporus_sulphureus_plodnice40\/2487555077.jpg\" src=\"data:image\/svg+xml,%3Csvg%20xmlns%3D%22http%3A%2F%2Fwww.w3.org%2F2000%2Fsvg%22%20width%3D%22365%22%20height%3D%22320%22%20viewBox%3D%220%200%20365%20320%22%3E%3C%2Fsvg%3E\" loading=\"eager\"><\/span><span class=\"fg-image-overlay\"><\/span><\/a><figcaption class=\"fg-caption\"><div class=\"fg-caption-inner\"><div class=\"fg-caption-desc\">Star\u00e1 plodnice na topolu, Mendelu Brno, BZA 2006.<\/div><\/div><\/figcaption><\/figure><div class=\"fg-loader\"><\/div><\/div><div class=\"fg-item fg-type-image fg-idle\"><figure class=\"fg-item-inner\"><a href=\"https:\/\/rumex.mendelu.cz\/atlasposkozenidrevin\/wp-content\/uploads\/2020\/03\/laetiporus_sulphureus_plodnice5.jpg\" data-caption-title=\"Star\u0161\u00ed plodnice na vrb\u011b, Lednice park 2004.\" data-caption-desc=\"Star\u0161\u00ed plodnice na vrb\u011b, Lednice park 2004.\" data-attachment-id=\"5028\" data-type=\"image\" class=\"fg-thumb\"><span class=\"fg-image-wrap\"><img decoding=\"async\" title=\"Star\u0161\u00ed plodnice na vrb\u011b, Lednice park 2004.\" width=\"365\" height=\"320\" class=\"skip-lazy fg-image\" data-src-fg=\"https:\/\/rumex.mendelu.cz\/atlasposkozenidrevin\/wp-content\/uploads\/cache\/2020\/03\/laetiporus_sulphureus_plodnice5\/1881441908.jpg\" src=\"data:image\/svg+xml,%3Csvg%20xmlns%3D%22http%3A%2F%2Fwww.w3.org%2F2000%2Fsvg%22%20width%3D%22365%22%20height%3D%22320%22%20viewBox%3D%220%200%20365%20320%22%3E%3C%2Fsvg%3E\" loading=\"eager\"><\/span><span class=\"fg-image-overlay\"><\/span><\/a><figcaption class=\"fg-caption\"><div class=\"fg-caption-inner\"><div class=\"fg-caption-desc\">Star\u0161\u00ed plodnice na vrb\u011b, Lednice park 2004.<\/div><\/div><\/figcaption><\/figure><div class=\"fg-loader\"><\/div><\/div><div class=\"fg-item fg-type-image fg-idle\"><figure class=\"fg-item-inner\"><a href=\"https:\/\/rumex.mendelu.cz\/atlasposkozenidrevin\/wp-content\/uploads\/2020\/03\/laetiporus_sulphureus_hniloba1.jpg\" data-caption-title=\"Hn\u011bd\u00e1 kostkovit\u00e1 hniloba s\u00edrovce, T\u0159ebo\u0148 2016.\" data-caption-desc=\"Hn\u011bd\u00e1 kostkovit\u00e1 hniloba s\u00edrovce, T\u0159ebo\u0148 2016.\" data-attachment-id=\"5027\" data-type=\"image\" class=\"fg-thumb\"><span class=\"fg-image-wrap\"><img decoding=\"async\" title=\"Hn\u011bd\u00e1 kostkovit\u00e1 hniloba s\u00edrovce, T\u0159ebo\u0148 2016.\" width=\"365\" height=\"320\" class=\"skip-lazy fg-image\" data-src-fg=\"https:\/\/rumex.mendelu.cz\/atlasposkozenidrevin\/wp-content\/uploads\/cache\/2020\/03\/laetiporus_sulphureus_hniloba1\/786704343.jpg\" src=\"data:image\/svg+xml,%3Csvg%20xmlns%3D%22http%3A%2F%2Fwww.w3.org%2F2000%2Fsvg%22%20width%3D%22365%22%20height%3D%22320%22%20viewBox%3D%220%200%20365%20320%22%3E%3C%2Fsvg%3E\" loading=\"eager\"><\/span><span class=\"fg-image-overlay\"><\/span><\/a><figcaption class=\"fg-caption\"><div class=\"fg-caption-inner\"><div class=\"fg-caption-desc\">Hn\u011bd\u00e1 kostkovit\u00e1 hniloba s\u00edrovce, T\u0159ebo\u0148 2016.<\/div><\/div><\/figcaption><\/figure><div class=\"fg-loader\"><\/div><\/div><\/div>\n","protected":false},"excerpt":{"rendered":"<p>Laetiporus sulphureus (Bull.) Murrill HOSTITELSK\u00c9 D\u0158EVINY: listn\u00e1\u010de, hlavn\u011b vrba (Salix spp.), dub (Quercus spp.), javor [&hellip;]<\/p>\n","protected":false},"author":2,"featured_media":0,"parent":0,"menu_order":0,"comment_status":"closed","ping_status":"closed","template":"template-full-width.php","meta":{"footnotes":""},"class_list":["post-428","page","type-page","status-publish","hentry"],"_links":{"self":[{"href":"https:\/\/rumex.mendelu.cz\/atlasposkozenidrevin\/index.php\/wp-json\/wp\/v2\/pages\/428","targetHints":{"allow":["GET"]}}],"collection":[{"href":"https:\/\/rumex.mendelu.cz\/atlasposkozenidrevin\/index.php\/wp-json\/wp\/v2\/pages"}],"about":[{"href":"https:\/\/rumex.mendelu.cz\/atlasposkozenidrevin\/index.php\/wp-json\/wp\/v2\/types\/page"}],"author":[{"embeddable":true,"href":"https:\/\/rumex.mendelu.cz\/atlasposkozenidrevin\/index.php\/wp-json\/wp\/v2\/users\/2"}],"replies":[{"embeddable":true,"href":"https:\/\/rumex.mendelu.cz\/atlasposkozenidrevin\/index.php\/wp-json\/wp\/v2\/comments?post=428"}],"version-history":[{"count":5,"href":"https:\/\/rumex.mendelu.cz\/atlasposkozenidrevin\/index.php\/wp-json\/wp\/v2\/pages\/428\/revisions"}],"predecessor-version":[{"id":3426,"href":"https:\/\/rumex.mendelu.cz\/atlasposkozenidrevin\/index.php\/wp-json\/wp\/v2\/pages\/428\/revisions\/3426"}],"wp:attachment":[{"href":"https:\/\/rumex.mendelu.cz\/atlasposkozenidrevin\/index.php\/wp-json\/wp\/v2\/media?parent=428"}],"curies":[{"name":"wp","href":"https:\/\/api.w.org\/{rel}","templated":true}]}}