{"id":423,"date":"2019-08-16T12:40:57","date_gmt":"2019-08-16T10:40:57","guid":{"rendered":"http:\/\/rumex.mendelu.cz\/atlasposkozenidrevin\/?page_id=423"},"modified":"2025-02-06T10:52:32","modified_gmt":"2025-02-06T09:52:32","slug":"rezavec-pokozkovy","status":"publish","type":"page","link":"https:\/\/rumex.mendelu.cz\/atlasposkozenidrevin\/index.php\/rezavec-pokozkovy\/","title":{"rendered":"rezavec poko\u017ekov\u00fd"},"content":{"rendered":"\n<p class=\"has-text-align-left has-medium-font-size\"><em><strong>Inonotus cuticularis <\/strong><\/em><strong>(Bull.) P. Karst. <\/strong><\/p>\n\n\n\n<p><strong>HOSTITELSK\u00c9 D\u0158EVINY:<\/strong> listn\u00e1\u010de, buk (<em>Fagus <\/em>spp.), javor (<em>Acer<\/em> spp.), l\u00edpa (<em>Tilia <\/em>spp.) &#8230;<\/p>\n\n\n\n<p><strong>SYMPTOMY:<\/strong> vyr\u016fstaj\u00edc\u00ed plodnice.<\/p>\n\n\n\n<p><strong>PLODNICE: <\/strong>jednolet\u00e9, bokem p\u0159irostl\u00e9, st\u0159echovit\u011b nad sebou, barvy okrov\u011bhn\u011bd\u00e9 a\u017e rezavohn\u011bd\u00e9, povrch je chlupat\u00fd, du\u017enina rezavohn\u011bd\u00e1, v dob\u011b sporulace se tvo\u0159\u00ed velk\u00e9 mno\u017estv\u00ed n\u00e1padn\u00e9ho rezav\u011bhn\u011bd\u00e9ho v\u00fdtrusn\u00e9ho prachu.<\/p>\n\n\n\n<p><strong>HNILOBA:<\/strong> b\u00edl\u00e1.<\/p>\n\n\n\n<p><strong>V\u00ddZNAM A OCHRANA:<\/strong> infekce vnik\u00e1 v m\u00edst\u011b poran\u011bn\u00ed, v tomto m\u00edst\u011b se v\u011bt\u0161inou tvo\u0159\u00ed plodnice a zde je tak\u00e9 nejv\u011bt\u0161\u00ed riziko zlomu d\u0159eviny. <\/p>\n\n\n\n<p><strong>MO\u017dNOSTI Z\u00c1M\u011aNY:<\/strong> velmi podobn\u00fd je rezavec \u0161t\u011btinat\u00fd (<em>Inonotus hispidus<\/em>) \u2013 m\u00e1 siln\u011bj\u0161\u00ed, statn\u011bj\u0161\u00ed plodnice, kter\u00e9 rostou jednotliv\u011b, je tak\u00e9 \u010dast\u011bj\u0161\u00ed.  R. poko\u017ekov\u00fd m\u00e1 v poko\u017ece klobouku kotvovit\u011b a\u017e strome\u010dkovit\u011b rozv\u011btven\u00e9 sety, kter\u00e9 jsou viditeln\u00e9 p\u0159i mikroskopick\u00e9m vy\u0161et\u0159en\u00ed.<\/p>\n\n\n<style type=\"text\/css\">\n#foogallery-gallery-3411 .fg-image { width: 365px; }\n#foogallery-gallery-3411 { --fg-gutter: 10px; }<\/style>\n\t\t\t<div class=\"foogallery foogallery-container foogallery-default foogallery-lightbox-none fg-left fg-default fg-ready fg-light fg-border-thin fg-shadow-outline fg-loading-default fg-loaded-fade-in fg-caption-always fg-hover-fade fg-hover-zoom\" id=\"foogallery-gallery-3411\" data-foogallery=\"{&quot;item&quot;:{&quot;showCaptionTitle&quot;:false,&quot;showCaptionDescription&quot;:true},&quot;lazy&quot;:true}\" style=\"--fg-title-line-clamp: 0; --fg-description-line-clamp: 0;\" >\n\t<div class=\"fg-item fg-type-image fg-idle\"><figure class=\"fg-item-inner\"><a href=\"https:\/\/rumex.mendelu.cz\/atlasposkozenidrevin\/wp-content\/uploads\/2020\/03\/PA105509-scaled.jpg\" data-caption-title=\"Plodnice na buku, \u0160LP ML K\u0159tiny 2016.\" data-caption-desc=\"Plodnice na buku, \u0160LP ML K\u0159tiny 2016.\" data-attachment-id=\"5014\" data-type=\"image\" class=\"fg-thumb\"><span class=\"fg-image-wrap\"><img fetchpriority=\"high\" decoding=\"async\" title=\"Plodnice na buku, \u0160LP ML K\u0159tiny 2016.\" width=\"365\" height=\"320\" class=\"skip-lazy fg-image\" data-src-fg=\"https:\/\/rumex.mendelu.cz\/atlasposkozenidrevin\/wp-content\/uploads\/cache\/2020\/03\/PA105509-scaled\/2049111896.jpg\" src=\"data:image\/svg+xml,%3Csvg%20xmlns%3D%22http%3A%2F%2Fwww.w3.org%2F2000%2Fsvg%22%20width%3D%22365%22%20height%3D%22320%22%20viewBox%3D%220%200%20365%20320%22%3E%3C%2Fsvg%3E\" loading=\"eager\"><\/span><span class=\"fg-image-overlay\"><\/span><\/a><figcaption class=\"fg-caption\"><div class=\"fg-caption-inner\"><div class=\"fg-caption-desc\">Plodnice na buku, \u0160LP ML K\u0159tiny 2016.<\/div><\/div><\/figcaption><\/figure><div class=\"fg-loader\"><\/div><\/div><div class=\"fg-item fg-type-image fg-idle\"><figure class=\"fg-item-inner\"><a href=\"https:\/\/rumex.mendelu.cz\/atlasposkozenidrevin\/wp-content\/uploads\/2020\/03\/Inonotus_cuticularis-2.jpg\" data-caption-title=\"Plodnice na kmeni dubu, Valtice Rendezvous 2018.\" data-caption-desc=\"Plodnice na kmeni dubu, Valtice Rendezvous 2018.\" data-attachment-id=\"5013\" data-type=\"image\" class=\"fg-thumb\"><span class=\"fg-image-wrap\"><img decoding=\"async\" title=\"Plodnice na kmeni dubu, Valtice Rendezvous 2018.\" width=\"365\" height=\"320\" class=\"skip-lazy fg-image\" data-src-fg=\"https:\/\/rumex.mendelu.cz\/atlasposkozenidrevin\/wp-content\/uploads\/cache\/2020\/03\/Inonotus_cuticularis-2\/2928963873.jpg\" src=\"data:image\/svg+xml,%3Csvg%20xmlns%3D%22http%3A%2F%2Fwww.w3.org%2F2000%2Fsvg%22%20width%3D%22365%22%20height%3D%22320%22%20viewBox%3D%220%200%20365%20320%22%3E%3C%2Fsvg%3E\" loading=\"eager\"><\/span><span class=\"fg-image-overlay\"><\/span><\/a><figcaption class=\"fg-caption\"><div class=\"fg-caption-inner\"><div class=\"fg-caption-desc\">Plodnice na kmeni dubu, Valtice Rendezvous 2018.<\/div><\/div><\/figcaption><\/figure><div class=\"fg-loader\"><\/div><\/div><div class=\"fg-item fg-type-image fg-idle\"><figure class=\"fg-item-inner\"><a href=\"https:\/\/rumex.mendelu.cz\/atlasposkozenidrevin\/wp-content\/uploads\/2020\/03\/Inonotus_cuticularis-1.jpg\" data-caption-title=\"Plodnice na kmeni dubu, Valtice Rendezvous 2018.\" data-caption-desc=\"Plodnice na kmeni dubu, Valtice Rendezvous 2018.\" data-attachment-id=\"5012\" data-type=\"image\" class=\"fg-thumb\"><span class=\"fg-image-wrap\"><img decoding=\"async\" title=\"Plodnice na kmeni dubu, Valtice Rendezvous 2018.\" width=\"365\" height=\"320\" class=\"skip-lazy fg-image\" data-src-fg=\"https:\/\/rumex.mendelu.cz\/atlasposkozenidrevin\/wp-content\/uploads\/cache\/2020\/03\/Inonotus_cuticularis-1\/4033005934.jpg\" src=\"data:image\/svg+xml,%3Csvg%20xmlns%3D%22http%3A%2F%2Fwww.w3.org%2F2000%2Fsvg%22%20width%3D%22365%22%20height%3D%22320%22%20viewBox%3D%220%200%20365%20320%22%3E%3C%2Fsvg%3E\" loading=\"eager\"><\/span><span class=\"fg-image-overlay\"><\/span><\/a><figcaption class=\"fg-caption\"><div class=\"fg-caption-inner\"><div class=\"fg-caption-desc\">Plodnice na kmeni dubu, Valtice Rendezvous 2018.<\/div><\/div><\/figcaption><\/figure><div class=\"fg-loader\"><\/div><\/div><\/div>\n","protected":false},"excerpt":{"rendered":"<p>Inonotus cuticularis (Bull.) P. Karst. HOSTITELSK\u00c9 D\u0158EVINY: listn\u00e1\u010de, buk (Fagus spp.), javor (Acer spp.), l\u00edpa [&hellip;]<\/p>\n","protected":false},"author":2,"featured_media":0,"parent":0,"menu_order":0,"comment_status":"closed","ping_status":"closed","template":"template-full-width.php","meta":{"footnotes":""},"class_list":["post-423","page","type-page","status-publish","hentry"],"_links":{"self":[{"href":"https:\/\/rumex.mendelu.cz\/atlasposkozenidrevin\/index.php\/wp-json\/wp\/v2\/pages\/423","targetHints":{"allow":["GET"]}}],"collection":[{"href":"https:\/\/rumex.mendelu.cz\/atlasposkozenidrevin\/index.php\/wp-json\/wp\/v2\/pages"}],"about":[{"href":"https:\/\/rumex.mendelu.cz\/atlasposkozenidrevin\/index.php\/wp-json\/wp\/v2\/types\/page"}],"author":[{"embeddable":true,"href":"https:\/\/rumex.mendelu.cz\/atlasposkozenidrevin\/index.php\/wp-json\/wp\/v2\/users\/2"}],"replies":[{"embeddable":true,"href":"https:\/\/rumex.mendelu.cz\/atlasposkozenidrevin\/index.php\/wp-json\/wp\/v2\/comments?post=423"}],"version-history":[{"count":5,"href":"https:\/\/rumex.mendelu.cz\/atlasposkozenidrevin\/index.php\/wp-json\/wp\/v2\/pages\/423\/revisions"}],"predecessor-version":[{"id":5016,"href":"https:\/\/rumex.mendelu.cz\/atlasposkozenidrevin\/index.php\/wp-json\/wp\/v2\/pages\/423\/revisions\/5016"}],"wp:attachment":[{"href":"https:\/\/rumex.mendelu.cz\/atlasposkozenidrevin\/index.php\/wp-json\/wp\/v2\/media?parent=423"}],"curies":[{"name":"wp","href":"https:\/\/api.w.org\/{rel}","templated":true}]}}