{"id":4180,"date":"2020-09-02T14:15:56","date_gmt":"2020-09-02T12:15:56","guid":{"rendered":"http:\/\/rumex.mendelu.cz\/atlasposkozenidrevin\/?page_id=4180"},"modified":"2020-09-08T09:53:04","modified_gmt":"2020-09-08T07:53:04","slug":"bakterie-2","status":"publish","type":"page","link":"https:\/\/rumex.mendelu.cz\/atlasposkozenidrevin\/index.php\/bakterie-2\/","title":{"rendered":"Bakterie"},"content":{"rendered":"\n<p class=\"has-background has-medium-font-size has-very-light-gray-background-color\"><strong><em>Xylella fastidiosa<\/em> (Wells et al.) \u00ad<\/strong>\u2013 <strong>K\u0160O a prioritn\u00ed pro EU <\/strong><\/p>\n\n\n\n<p>Hostitel\u00e9: 300 druh\u016f rostlin z r\u016fzn\u00fdch \u010deled\u00ed, z\u00a0d\u0159evin r\u00e9va vinn\u00e1 (<em>Vitis <\/em>spp.), citrusy (<em>Citrus <\/em>spp.), kumkv\u00e1ty (<em>Fortunella<\/em> spp.), olivovn\u00edky (<em>Olea<\/em> spp.), k\u00e1vovn\u00edky (<em>Coffea<\/em> spp.), slivon\u011b (<em>Prunus<\/em> spp.), t\u0159e\u0161e\u0148 obecn\u00e1 (<em>P. avium<\/em>), mandlo\u0148 obecn\u00e1 (<em>P. dulcis<\/em>), broskvo\u0148 obecn\u00e1 (<em>P. persica<\/em>), brusnice (<em>Vaccinium corymbosum<\/em>, <em>V. virgatum<\/em>), moru\u0161ovn\u00edky (<em>Morus<\/em> spp.), o\u0159echovec pekanov\u00fd (<em>Carya illinoinensis<\/em>), javory (<em>Acer<\/em> spp.), platany (<em>Platanus<\/em> spp.), jilmy (<em>Ulmus<\/em> spp.), duby (<em>Quercus <\/em>spp.), oleandr obecn\u00fd (<em>Nerium oleander<\/em>), v\u00edtod myrtolist\u00fd (<em>Polygala myrtifolia<\/em>) a dal\u0161\u00ed.<br>V\u00fdskyt: p\u016fvodn\u00ed v\u00fdskyt v Americe, sou\u010dasn\u00fd v\u00fdskyt v USA, Kanad\u011b, Mexiku, Argentin\u011b, Braz\u00edlii, Paraguayi, Venezuele, Portoriku a Kostarice, v Asii, v Evrop\u011b se \u0161\u00ed\u0159\u00ed v\u00a0It\u00e1lii, Francii, \u0160pan\u011blsku, N\u011bmecku a Portugalsku.<br>Symptomy: velmi variabiln\u00ed, souvis\u00ed s\u00a0hostitelem a kmenem bakterie, obecn\u011b v\u011bt\u0161inou usych\u00e1n\u00ed a sp\u00e1la list\u016f, vadnut\u00ed list\u016f, jejich zbarvov\u00e1n\u00ed do bronzova, r\u016fzn\u00e9 barevn\u00e9 diskolorace list\u016f, vadnut\u00ed a zakrslost rostlin, omezen\u00ed r\u016fstu a a\u017e odum\u00edr\u00e1n\u00ed rostlin. Podrobn\u011bji k symtom\u016fm a biologii <a href=\"http:\/\/eagri.cz\/public\/app\/srs_pub\/fytoportal\/public\/#rlp|kar|regkar|detail:076ce40c437581befd8e2e2c82dffc7f\">zde.<\/a> <br>Aktu\u00e1ln\u00ed informace: <a href=\"http:\/\/eagri.cz\/public\/web\/ukzuz\/portal\/skodlive-organismy\/xylella-fastidiosa\/\">EAGRI<\/a><\/p>\n","protected":false},"excerpt":{"rendered":"<p>Xylella fastidiosa (Wells et al.) \u00ad\u2013 K\u0160O a prioritn\u00ed pro EU Hostitel\u00e9: 300 druh\u016f rostlin [&hellip;]<\/p>\n","protected":false},"author":4,"featured_media":0,"parent":0,"menu_order":0,"comment_status":"closed","ping_status":"closed","template":"template-full-width.php","meta":{"footnotes":""},"class_list":["post-4180","page","type-page","status-publish","hentry"],"_links":{"self":[{"href":"https:\/\/rumex.mendelu.cz\/atlasposkozenidrevin\/index.php\/wp-json\/wp\/v2\/pages\/4180","targetHints":{"allow":["GET"]}}],"collection":[{"href":"https:\/\/rumex.mendelu.cz\/atlasposkozenidrevin\/index.php\/wp-json\/wp\/v2\/pages"}],"about":[{"href":"https:\/\/rumex.mendelu.cz\/atlasposkozenidrevin\/index.php\/wp-json\/wp\/v2\/types\/page"}],"author":[{"embeddable":true,"href":"https:\/\/rumex.mendelu.cz\/atlasposkozenidrevin\/index.php\/wp-json\/wp\/v2\/users\/4"}],"replies":[{"embeddable":true,"href":"https:\/\/rumex.mendelu.cz\/atlasposkozenidrevin\/index.php\/wp-json\/wp\/v2\/comments?post=4180"}],"version-history":[{"count":5,"href":"https:\/\/rumex.mendelu.cz\/atlasposkozenidrevin\/index.php\/wp-json\/wp\/v2\/pages\/4180\/revisions"}],"predecessor-version":[{"id":4231,"href":"https:\/\/rumex.mendelu.cz\/atlasposkozenidrevin\/index.php\/wp-json\/wp\/v2\/pages\/4180\/revisions\/4231"}],"wp:attachment":[{"href":"https:\/\/rumex.mendelu.cz\/atlasposkozenidrevin\/index.php\/wp-json\/wp\/v2\/media?parent=4180"}],"curies":[{"name":"wp","href":"https:\/\/api.w.org\/{rel}","templated":true}]}}