{"id":418,"date":"2019-08-16T12:30:56","date_gmt":"2019-08-16T10:30:56","guid":{"rendered":"http:\/\/rumex.mendelu.cz\/atlasposkozenidrevin\/?page_id=418"},"modified":"2025-02-06T10:37:51","modified_gmt":"2025-02-06T09:37:51","slug":"rezavec-stetinaty","status":"publish","type":"page","link":"https:\/\/rumex.mendelu.cz\/atlasposkozenidrevin\/index.php\/rezavec-stetinaty\/","title":{"rendered":"rezavec \u0161t\u011btinat\u00fd"},"content":{"rendered":"\n<p class=\"has-text-align-left has-medium-font-size\"><em><strong>Inonotus hispidus<\/strong><\/em><strong> (Bull.) P. Karst. <\/strong><\/p>\n\n\n\n<p><strong>HOSTITELSK\u00c9 D\u0158EVINY:<\/strong> listn\u00e1\u010de \u2013 jasan (<em>Fraxinus<\/em> spp.), javor (<em>Acer <\/em>spp.), je\u0159\u00e1b (<em>Sorbus<\/em> spp.), z ovocn\u00fdch d\u0159evin o\u0159e\u0161\u00e1k (<em>Juglans <\/em>spp.), jablo\u0148 (<em>Malus<\/em> spp.) a dal\u0161\u00ed.<\/p>\n\n\n\n<p><strong>SYMPTOMY: <\/strong>plodnice na kmeni.<\/p>\n\n\n\n<p><strong>PLODNICE: <\/strong>jednolet\u00e9, ale vytrv\u00e1vaj\u00ed do dal\u0161\u00edho roku anebo v zim\u011b opad\u00e1vaj\u00ed, tvar klobouku je polokruhovit\u00fd, bokem p\u0159irostl\u00fd, v ml\u00e1d\u00ed \u0161\u0165avnat\u00fd, vylu\u010duj\u00edc\u00ed kapky tekutiny, povrch \u0161t\u011btinat\u00fd a\u017e drsn\u00fd, rezavohn\u011bd\u00fd, ve st\u00e1\u0159\u00ed \u010dernohn\u011bd\u00fd, du\u017enina paprs\u010dit\u011b uspo\u0159\u00e1dan\u00e1, okrov\u011b hn\u011bd\u00e1, rourky rezavohn\u011bd\u00e9. Nar\u016fst\u00e1 jednotliv\u011b nebo ve skupin\u00e1ch, v\u011bt\u0161inou v korun\u011b na kmeni a na kostern\u00edch v\u011btv\u00edch.<\/p>\n\n\n<style type=\"text\/css\">\n#foogallery-gallery-3413 .fg-image { width: 365px; }\n#foogallery-gallery-3413 { --fg-gutter: 10px; }<\/style>\n\t\t\t<div class=\"foogallery foogallery-container foogallery-default foogallery-lightbox-none fg-left fg-default fg-ready fg-light fg-border-thin fg-shadow-outline fg-loading-default fg-loaded-fade-in fg-caption-always fg-hover-fade fg-hover-zoom\" id=\"foogallery-gallery-3413\" data-foogallery=\"{&quot;item&quot;:{&quot;showCaptionTitle&quot;:false,&quot;showCaptionDescription&quot;:true},&quot;lazy&quot;:true}\" style=\"--fg-title-line-clamp: 0; --fg-description-line-clamp: 0;\" >\n\t<div class=\"fg-item fg-type-image fg-idle\"><figure class=\"fg-item-inner\"><a href=\"https:\/\/rumex.mendelu.cz\/atlasposkozenidrevin\/wp-content\/uploads\/2020\/03\/IMG_3632-scaled.jpg\" data-caption-title=\"Plodnice na jabloni, Brno 2009.\" data-caption-desc=\"Plodnice na jabloni, Brno 2009.\" data-attachment-id=\"5006\" data-type=\"image\" class=\"fg-thumb\"><span class=\"fg-image-wrap\"><img fetchpriority=\"high\" decoding=\"async\" title=\"Plodnice na jabloni, Brno 2009.\" width=\"365\" height=\"320\" class=\"skip-lazy fg-image\" data-src-fg=\"https:\/\/rumex.mendelu.cz\/atlasposkozenidrevin\/wp-content\/uploads\/cache\/2020\/03\/IMG_3632-scaled\/1463138976.jpg\" src=\"data:image\/svg+xml,%3Csvg%20xmlns%3D%22http%3A%2F%2Fwww.w3.org%2F2000%2Fsvg%22%20width%3D%22365%22%20height%3D%22320%22%20viewBox%3D%220%200%20365%20320%22%3E%3C%2Fsvg%3E\" loading=\"eager\"><\/span><span class=\"fg-image-overlay\"><\/span><\/a><figcaption class=\"fg-caption\"><div class=\"fg-caption-inner\"><div class=\"fg-caption-desc\">Plodnice na jabloni, Brno 2009.<\/div><\/div><\/figcaption><\/figure><div class=\"fg-loader\"><\/div><\/div><div class=\"fg-item fg-type-image fg-idle\"><figure class=\"fg-item-inner\"><a href=\"https:\/\/rumex.mendelu.cz\/atlasposkozenidrevin\/wp-content\/uploads\/2020\/03\/IMG_3628-scaled.jpg\" data-caption-title=\"Plodnice na jabloni, Brno 2009.\" data-caption-desc=\"Plodnice na jabloni, Brno 2009.\" data-attachment-id=\"5005\" data-type=\"image\" class=\"fg-thumb\"><span class=\"fg-image-wrap\"><img decoding=\"async\" title=\"Plodnice na jabloni, Brno 2009.\" width=\"365\" height=\"320\" class=\"skip-lazy fg-image\" data-src-fg=\"https:\/\/rumex.mendelu.cz\/atlasposkozenidrevin\/wp-content\/uploads\/cache\/2020\/03\/IMG_3628-scaled\/2029659807.jpg\" src=\"data:image\/svg+xml,%3Csvg%20xmlns%3D%22http%3A%2F%2Fwww.w3.org%2F2000%2Fsvg%22%20width%3D%22365%22%20height%3D%22320%22%20viewBox%3D%220%200%20365%20320%22%3E%3C%2Fsvg%3E\" loading=\"eager\"><\/span><span class=\"fg-image-overlay\"><\/span><\/a><figcaption class=\"fg-caption\"><div class=\"fg-caption-inner\"><div class=\"fg-caption-desc\">Plodnice na jabloni, Brno 2009.<\/div><\/div><\/figcaption><\/figure><div class=\"fg-loader\"><\/div><\/div><div class=\"fg-item fg-type-image fg-idle\"><figure class=\"fg-item-inner\"><a href=\"https:\/\/rumex.mendelu.cz\/atlasposkozenidrevin\/wp-content\/uploads\/2020\/03\/inonotus_hispidus1.jpg\" data-caption-title=\"Plodnice na javoru, Brno 2006.\" data-caption-desc=\"Plodnice na javoru, Brno 2006.\" data-attachment-id=\"5003\" data-type=\"image\" class=\"fg-thumb\"><span class=\"fg-image-wrap\"><img decoding=\"async\" title=\"Plodnice na javoru, Brno 2006.\" width=\"365\" height=\"320\" class=\"skip-lazy fg-image\" data-src-fg=\"https:\/\/rumex.mendelu.cz\/atlasposkozenidrevin\/wp-content\/uploads\/cache\/2020\/03\/inonotus_hispidus1\/1265658152.jpg\" src=\"data:image\/svg+xml,%3Csvg%20xmlns%3D%22http%3A%2F%2Fwww.w3.org%2F2000%2Fsvg%22%20width%3D%22365%22%20height%3D%22320%22%20viewBox%3D%220%200%20365%20320%22%3E%3C%2Fsvg%3E\" loading=\"eager\"><\/span><span class=\"fg-image-overlay\"><\/span><\/a><figcaption class=\"fg-caption\"><div class=\"fg-caption-inner\"><div class=\"fg-caption-desc\">Plodnice na javoru, Brno 2006.<\/div><\/div><\/figcaption><\/figure><div class=\"fg-loader\"><\/div><\/div><\/div>\n\n\n\n<p><\/p>\n\n\n\n<p><strong>HNILOBA:<\/strong> b\u00edl\u00e1, pronik\u00e1 st\u0159edn\u00ed \u010d\u00e1st\u00ed kmene od m\u00edsta vzniku infekce.<\/p>\n\n\n\n<p><strong>V\u00ddZNAM A OCHRANA:<\/strong> u v\u011btv\u00ed hroz\u00ed zlomen\u00ed, p\u0159i dlouhodob\u00e9 infekci v\u011btve usychaj\u00ed a odum\u00edraj\u00ed.<\/p>\n\n\n\n<p><strong>MO\u017dNOST Z\u00c1M\u011aNY:<\/strong> rezavec poko\u017ekov\u00fd (<em>Inonotus cuticularis<\/em>) m\u00e1&nbsp; drobn\u011bj\u0161\u00ed, ten\u010d\u00ed a st\u0159echovit\u011b nad sebou uspo\u0159\u00e1dan\u00e9 plodnice.<\/p>\n\n\n<style type=\"text\/css\">\n#foogallery-gallery-5008 .fg-image { width: 560px; }\n#foogallery-gallery-5008 { --fg-gutter: 10px; }<\/style>\n\t\t\t<div class=\"foogallery foogallery-container foogallery-default foogallery-lightbox-foogallery fg-center fg-default fg-ready fg-light fg-border-thin fg-shadow-outline fg-loading-default fg-loaded-fade-in fg-caption-always fg-hover-fade fg-hover-zoom\" id=\"foogallery-gallery-5008\" data-foogallery=\"{&quot;item&quot;:{&quot;showCaptionTitle&quot;:false,&quot;showCaptionDescription&quot;:true},&quot;lazy&quot;:true}\" data-foogallery-lightbox=\"{&quot;thumbs&quot;:&quot;bottom&quot;,&quot;thumbsCaptions&quot;:false,&quot;thumbsBestFit&quot;:false,&quot;thumbsSmall&quot;:false,&quot;thumbsCaptionsAlign&quot;:&quot;default&quot;,&quot;info&quot;:&quot;bottom&quot;,&quot;infoVisible&quot;:true,&quot;infoOverlay&quot;:true,&quot;infoAlign&quot;:&quot;default&quot;,&quot;transition&quot;:&quot;fade&quot;,&quot;hoverButtons&quot;:false,&quot;fitMedia&quot;:false,&quot;noScrollbars&quot;:true,&quot;preserveButtonSpace&quot;:true,&quot;buttons&quot;:{&quot;fullscreen&quot;:true,&quot;info&quot;:true,&quot;thumbs&quot;:false},&quot;video&quot;:{&quot;autoPlay&quot;:true}}\" style=\"--fg-title-line-clamp: 0; --fg-description-line-clamp: 0;\" >\n\t<div class=\"fg-item fg-type-image fg-idle\"><figure class=\"fg-item-inner\"><a href=\"https:\/\/rumex.mendelu.cz\/atlasposkozenidrevin\/wp-content\/uploads\/2020\/03\/IMG_3644-scaled.jpg\" data-caption-title=\"Hniloba rezavce \u0161ikm\u00e9ho, Brno 2021.\" data-caption-desc=\"Hniloba rezavce \u0161ikm\u00e9ho, Brno 2021.\" data-attachment-id=\"5007\" data-type=\"image\" class=\"fg-thumb\"><span class=\"fg-image-wrap\"><img decoding=\"async\" title=\"Hniloba rezavce \u0161ikm\u00e9ho, Brno 2021.\" width=\"560\" height=\"430\" class=\"skip-lazy fg-image\" data-src-fg=\"https:\/\/rumex.mendelu.cz\/atlasposkozenidrevin\/wp-content\/uploads\/cache\/2020\/03\/IMG_3644-scaled\/2874266427.jpg\" src=\"data:image\/svg+xml,%3Csvg%20xmlns%3D%22http%3A%2F%2Fwww.w3.org%2F2000%2Fsvg%22%20width%3D%22560%22%20height%3D%22430%22%20viewBox%3D%220%200%20560%20430%22%3E%3C%2Fsvg%3E\" loading=\"eager\"><\/span><span class=\"fg-image-overlay\"><\/span><\/a><figcaption class=\"fg-caption\"><div class=\"fg-caption-inner\"><div class=\"fg-caption-desc\">Hniloba rezavce \u0161ikm\u00e9ho, Brno 2021.<\/div><\/div><\/figcaption><\/figure><div class=\"fg-loader\"><\/div><\/div><div class=\"fg-item fg-type-image fg-idle\"><figure class=\"fg-item-inner\"><a href=\"https:\/\/rumex.mendelu.cz\/atlasposkozenidrevin\/wp-content\/uploads\/2020\/03\/IMG_3619-scaled.jpg\" data-caption-title=\"Plodnice na o\u0159e\u0161\u00e1ku, Brno 2020.\" data-caption-desc=\"Plodnice na o\u0159e\u0161\u00e1ku, Brno 2020.\" data-attachment-id=\"5004\" data-type=\"image\" class=\"fg-thumb\"><span class=\"fg-image-wrap\"><img decoding=\"async\" title=\"Plodnice na o\u0159e\u0161\u00e1ku, Brno 2020.\" width=\"560\" height=\"430\" class=\"skip-lazy fg-image\" data-src-fg=\"https:\/\/rumex.mendelu.cz\/atlasposkozenidrevin\/wp-content\/uploads\/cache\/2020\/03\/IMG_3619-scaled\/3417181337.jpg\" src=\"data:image\/svg+xml,%3Csvg%20xmlns%3D%22http%3A%2F%2Fwww.w3.org%2F2000%2Fsvg%22%20width%3D%22560%22%20height%3D%22430%22%20viewBox%3D%220%200%20560%20430%22%3E%3C%2Fsvg%3E\" loading=\"eager\"><\/span><span class=\"fg-image-overlay\"><\/span><\/a><figcaption class=\"fg-caption\"><div class=\"fg-caption-inner\"><div class=\"fg-caption-desc\">Plodnice na o\u0159e\u0161\u00e1ku, Brno 2020.<\/div><\/div><\/figcaption><\/figure><div class=\"fg-loader\"><\/div><\/div><\/div>\n","protected":false},"excerpt":{"rendered":"<p>Inonotus hispidus (Bull.) P. Karst. HOSTITELSK\u00c9 D\u0158EVINY: listn\u00e1\u010de \u2013 jasan (Fraxinus spp.), javor (Acer spp.), [&hellip;]<\/p>\n","protected":false},"author":2,"featured_media":0,"parent":0,"menu_order":0,"comment_status":"closed","ping_status":"closed","template":"template-full-width.php","meta":{"footnotes":""},"class_list":["post-418","page","type-page","status-publish","hentry"],"_links":{"self":[{"href":"https:\/\/rumex.mendelu.cz\/atlasposkozenidrevin\/index.php\/wp-json\/wp\/v2\/pages\/418","targetHints":{"allow":["GET"]}}],"collection":[{"href":"https:\/\/rumex.mendelu.cz\/atlasposkozenidrevin\/index.php\/wp-json\/wp\/v2\/pages"}],"about":[{"href":"https:\/\/rumex.mendelu.cz\/atlasposkozenidrevin\/index.php\/wp-json\/wp\/v2\/types\/page"}],"author":[{"embeddable":true,"href":"https:\/\/rumex.mendelu.cz\/atlasposkozenidrevin\/index.php\/wp-json\/wp\/v2\/users\/2"}],"replies":[{"embeddable":true,"href":"https:\/\/rumex.mendelu.cz\/atlasposkozenidrevin\/index.php\/wp-json\/wp\/v2\/comments?post=418"}],"version-history":[{"count":5,"href":"https:\/\/rumex.mendelu.cz\/atlasposkozenidrevin\/index.php\/wp-json\/wp\/v2\/pages\/418\/revisions"}],"predecessor-version":[{"id":5011,"href":"https:\/\/rumex.mendelu.cz\/atlasposkozenidrevin\/index.php\/wp-json\/wp\/v2\/pages\/418\/revisions\/5011"}],"wp:attachment":[{"href":"https:\/\/rumex.mendelu.cz\/atlasposkozenidrevin\/index.php\/wp-json\/wp\/v2\/media?parent=418"}],"curies":[{"name":"wp","href":"https:\/\/api.w.org\/{rel}","templated":true}]}}