{"id":4175,"date":"2020-09-02T14:10:31","date_gmt":"2020-09-02T12:10:31","guid":{"rendered":"http:\/\/rumex.mendelu.cz\/atlasposkozenidrevin\/?page_id=4175"},"modified":"2020-09-08T10:07:19","modified_gmt":"2020-09-08T08:07:19","slug":"hlistice","status":"publish","type":"page","link":"https:\/\/rumex.mendelu.cz\/atlasposkozenidrevin\/index.php\/hlistice\/","title":{"rendered":"Hl\u00edstice"},"content":{"rendered":"\n<p class=\"has-background has-medium-font-size has-very-light-gray-background-color\"><strong><em>Bursaphelenchus xylophilus<\/em><\/strong> (Steiner et B\u00fchrer) Nickle et al. \u2013 <strong>h\u00e1\u010f\u00e1tko borov\u00e9, h\u00e1\u010f\u00e1tko borovicov\u00e9<\/strong> \u2013 <strong>K\u0160O a<\/strong> <strong>prioritn\u00ed pro EU<\/strong><\/p>\n\n\n\n<p>Hostitel\u00e9: borovice (<em>Pinus<\/em> spp.) \u2013 borovice \u010dern\u00e1 (<em>Pinus nigra<\/em>), b. hustokv\u011bt\u00e1 (<em>P. densiflora<\/em>), b. je\u017eat\u00e1 (<em>P. echinata<\/em>). b. Lambertova (<em>P. lambertiana<\/em>), b. lesn\u00ed (<em>P. sylvestris<\/em>), b. luchuensk\u00e1 (<em>P. luchuensis<\/em>), b. montereysk\u00e1 (<em>P. radiata<\/em>), b. p\u0159\u00edmo\u0159sk\u00e1 (<em>P. pinaster<\/em>) a b. Thunbergova (<em>P. thunbergii<\/em>). D\u00e1le cedry (<em>Cedrus<\/em> spp.), douglasky (<em>Pseudotsuga<\/em> spp.), jedle (<em>Abies<\/em> spp.), jedlovce (Tsuga spp.), mod\u0159\u00edny (<em>Larix <\/em>spp.) a smrky (<em>Picea<\/em> spp.).<br>V\u00fdskyt: p\u016fvodn\u00ed v\u00fdskyt  Sev. Amerika \u2013 USA a Kanada, odtud zavle\u010deno do Japonska a dal\u0161\u00edch \u010d\u00e1st\u00ed Asie.  V Evrop\u011b poprv\u00e9  v 1999  Portugalsku, 2008 ve \u0160pan\u011blsku. <br>Symptomy: vadnut\u00ed, \u017eloutnut\u00ed a\u017e hn\u011bdnut\u00ed jehlic v korun\u011b, jehlice neopad\u00e1vaj\u00ed a z\u016fst\u00e1vaj\u00ed viset na v\u011btvi\u010dk\u00e1ch, postupn\u011b z\u00a0jedn\u00e9 v\u011btve p\u0159ech\u00e1z\u00ed na celou korunu, ve d\u0159ev\u011b se objevuje nep\u0159irozen\u00e9 zabarven\u00ed \u2013 modr\u00e1n\u00edm, nap\u0159. po infekci houbami rodu <em>Ceratocystis<\/em>. Podez\u0159el\u00e9 d\u0159eviny je pot\u0159eba vy\u0161et\u0159it laboratorn\u011b, nap\u0159. porovn\u00e1n\u00edm zji\u0161t\u011bn\u00fdch morfometrick\u00fdch \u00fadaj\u016f se standardn\u00edmi hodnotami, vyu\u017e\u00edvaj\u00ed se tak\u00e9 techniky PCR (ITS-RFLP). Aktu\u00e1ln\u00ed informace k v\u00fdskytu <a href=\"http:\/\/eagri.cz\/public\/web\/ukzuz\/portal\/skodlive-organismy\/vnitrni-trh-eu\/fytosanitarni-opatreni\/narizeni-ukzuz-hadatko-borovicove.html\">zde.<\/a><br>V\u00cdCE K BIONOMII ZDE: <a href=\"http:\/\/eagri.cz\/public\/app\/srs_pub\/fytoportal\/public\/?key=%22c18ccd9cbe2ba381e37b810d0c919d0b%22#rlp|so|skudci|detail:c18ccd9cbe2ba381e37b810d0c919d0b|popis\">EAGRI<\/a><\/p>\n","protected":false},"excerpt":{"rendered":"<p>Bursaphelenchus xylophilus (Steiner et B\u00fchrer) Nickle et al. \u2013 h\u00e1\u010f\u00e1tko borov\u00e9, h\u00e1\u010f\u00e1tko borovicov\u00e9 \u2013 K\u0160O [&hellip;]<\/p>\n","protected":false},"author":4,"featured_media":0,"parent":0,"menu_order":0,"comment_status":"closed","ping_status":"closed","template":"template-full-width.php","meta":{"footnotes":""},"class_list":["post-4175","page","type-page","status-publish","hentry"],"_links":{"self":[{"href":"https:\/\/rumex.mendelu.cz\/atlasposkozenidrevin\/index.php\/wp-json\/wp\/v2\/pages\/4175","targetHints":{"allow":["GET"]}}],"collection":[{"href":"https:\/\/rumex.mendelu.cz\/atlasposkozenidrevin\/index.php\/wp-json\/wp\/v2\/pages"}],"about":[{"href":"https:\/\/rumex.mendelu.cz\/atlasposkozenidrevin\/index.php\/wp-json\/wp\/v2\/types\/page"}],"author":[{"embeddable":true,"href":"https:\/\/rumex.mendelu.cz\/atlasposkozenidrevin\/index.php\/wp-json\/wp\/v2\/users\/4"}],"replies":[{"embeddable":true,"href":"https:\/\/rumex.mendelu.cz\/atlasposkozenidrevin\/index.php\/wp-json\/wp\/v2\/comments?post=4175"}],"version-history":[{"count":5,"href":"https:\/\/rumex.mendelu.cz\/atlasposkozenidrevin\/index.php\/wp-json\/wp\/v2\/pages\/4175\/revisions"}],"predecessor-version":[{"id":4234,"href":"https:\/\/rumex.mendelu.cz\/atlasposkozenidrevin\/index.php\/wp-json\/wp\/v2\/pages\/4175\/revisions\/4234"}],"wp:attachment":[{"href":"https:\/\/rumex.mendelu.cz\/atlasposkozenidrevin\/index.php\/wp-json\/wp\/v2\/media?parent=4175"}],"curies":[{"name":"wp","href":"https:\/\/api.w.org\/{rel}","templated":true}]}}