{"id":4172,"date":"2020-09-02T14:00:41","date_gmt":"2020-09-02T12:00:41","guid":{"rendered":"http:\/\/rumex.mendelu.cz\/atlasposkozenidrevin\/?page_id=4172"},"modified":"2020-09-08T09:51:07","modified_gmt":"2020-09-08T07:51:07","slug":"paraziticke-rostliny-2","status":"publish","type":"page","link":"https:\/\/rumex.mendelu.cz\/atlasposkozenidrevin\/index.php\/paraziticke-rostliny-2\/","title":{"rendered":"Parazitick\u00e9 rostliny"},"content":{"rendered":"\n<p class=\"has-background has-medium-font-size has-very-light-gray-background-color\"><strong><em>Arceuthobium <\/em>spp.<\/strong> [1AREG], s v\u00fdjimkou: <em>Arceuthobium azoricum<\/em> Wiens &amp; Hawksworth [AREAZ], <em>Arceuthobium gambyi<\/em> Fridl a <em>Arceuthobium oxycedri<\/em> DC. M. Bieb. [AREOX]   <\/p>\n\n\n\n<p>Hostitel\u00e9: do rodu pat\u0159\u00ed asi 40 druh\u016f rostlin parazituj\u00edc\u00edch na jehli\u010dnanech jako jsou &nbsp;borovice (<em>Pinus<\/em> spp.), douglasky (<em>Pseudotsuga<\/em> spp.), jedle (<em>Abies <\/em>spp.), jedlovce (<em>Tsuga <\/em>spp.), mod\u0159\u00edny (<em>Larix<\/em> spp) a smrky (<em>Picea<\/em> spp.).<br>V\u00fdskyt: v\u011bt\u0161ina m\u00e1 p\u016fvodn\u00ed v\u00fdskyt v&nbsp;Severn\u00ed Americe a n\u011bkter\u00e9 i v&nbsp;Asii.<br>K&nbsp;jednotliv\u00fdm druh\u016fm podrobn\u011bji na <a href=\"https:\/\/gd.eppo.int\/taxon\/1AREG\">str\u00e1nk\u00e1ch EPPO.<\/a><br>Symptomy: jsou to parazitick\u00e9 rostliny, r\u016fzn\u011b zbarven\u00e9 od zelenav\u011b \u017elut\u00fdch po oran\u017eov\u00e9, \u010derven\u00e9 nebo \u010dern\u00e9, listy jsou vst\u0159\u00edcn\u00e9, redukovan\u00e9, \u0161upinovit\u00e9, srostl\u00e9 v p\u00e1rech a vytv\u00e1\u0159ej\u00edc\u00ed pochvy kolem km\u00ednk\u016f, plody jsou prodlou\u017een\u00e9, jednosemenn\u00e9, such\u00e9, zelen\u00e9 bobule, semena obvykle 1\u20135 mm dlouh\u00e1, vej\u010dit\u011b kopinat\u00e1, \u010dasto doch\u00e1z\u00ed &nbsp;k deformac\u00edm v\u011btv\u00ed a v\u011btvi\u010dek hostitelsk\u00fdch d\u0159evin, typick\u00e1 je tvorba&nbsp; \u010darov\u011bn\u00edk\u016f, stromy ch\u0159adnou, mohou odum\u00edrat.<br>V\u00cdCE ZDE: <a href=\"http:\/\/eagri.cz\/public\/app\/srs_pub\/fytoportal\/public\/?key=%22ccee617148eb7d1f082ab8ade663a24e%22#rlp|kar|regkar|detail:2dfd96d28aa2be8102a16e222d97b5f0\">EAGRI<\/a><\/p>\n","protected":false},"excerpt":{"rendered":"<p>Arceuthobium spp. [1AREG], s v\u00fdjimkou: Arceuthobium azoricum Wiens &amp; Hawksworth [AREAZ], Arceuthobium gambyi Fridl a [&hellip;]<\/p>\n","protected":false},"author":4,"featured_media":0,"parent":0,"menu_order":0,"comment_status":"closed","ping_status":"closed","template":"template-full-width.php","meta":{"footnotes":""},"class_list":["post-4172","page","type-page","status-publish","hentry"],"_links":{"self":[{"href":"https:\/\/rumex.mendelu.cz\/atlasposkozenidrevin\/index.php\/wp-json\/wp\/v2\/pages\/4172","targetHints":{"allow":["GET"]}}],"collection":[{"href":"https:\/\/rumex.mendelu.cz\/atlasposkozenidrevin\/index.php\/wp-json\/wp\/v2\/pages"}],"about":[{"href":"https:\/\/rumex.mendelu.cz\/atlasposkozenidrevin\/index.php\/wp-json\/wp\/v2\/types\/page"}],"author":[{"embeddable":true,"href":"https:\/\/rumex.mendelu.cz\/atlasposkozenidrevin\/index.php\/wp-json\/wp\/v2\/users\/4"}],"replies":[{"embeddable":true,"href":"https:\/\/rumex.mendelu.cz\/atlasposkozenidrevin\/index.php\/wp-json\/wp\/v2\/comments?post=4172"}],"version-history":[{"count":4,"href":"https:\/\/rumex.mendelu.cz\/atlasposkozenidrevin\/index.php\/wp-json\/wp\/v2\/pages\/4172\/revisions"}],"predecessor-version":[{"id":4230,"href":"https:\/\/rumex.mendelu.cz\/atlasposkozenidrevin\/index.php\/wp-json\/wp\/v2\/pages\/4172\/revisions\/4230"}],"wp:attachment":[{"href":"https:\/\/rumex.mendelu.cz\/atlasposkozenidrevin\/index.php\/wp-json\/wp\/v2\/media?parent=4172"}],"curies":[{"name":"wp","href":"https:\/\/api.w.org\/{rel}","templated":true}]}}