{"id":4053,"date":"2020-07-15T13:21:21","date_gmt":"2020-07-15T11:21:21","guid":{"rendered":"http:\/\/rumex.mendelu.cz\/atlasposkozenidrevin\/?page_id=4053"},"modified":"2020-09-08T10:10:19","modified_gmt":"2020-09-08T08:10:19","slug":"fytosanitarni-rizika-cr","status":"publish","type":"page","link":"https:\/\/rumex.mendelu.cz\/atlasposkozenidrevin\/index.php\/fytosanitarni-rizika-cr\/","title":{"rendered":"FYTOSANIT\u00c1RN\u00cd RIZIKA"},"content":{"rendered":"\n<p>Na \u00fazem\u00ed \u010cesk\u00e9 republiky je \u0159ada \u0161kodliv\u00fdch organism\u016f (\u0160O) regulov\u00e1na fytosanit\u00e1rn\u00edmi p\u0159edpisy EU a v&nbsp;n\u00e1vaznosti i fytosanit\u00e1rn\u00edmi p\u0159edpisy \u010cR. N\u011bkter\u00e9 tyto \u0160O se na na\u0161em \u00fazem\u00ed vyskytuj\u00ed a jejich p\u0159\u00edtomnost je pravideln\u011b monitorov\u00e1na a n\u011bkter\u00e9 naopak potvrzeny nejsou, ale jsou pro na\u0161e \u00fazem\u00ed rizikov\u00e9 a jejich &nbsp;zavle\u010den\u00ed by mohlo v\u00e9st k&nbsp;v\u00fdrazn\u00fdm materi\u00e1ln\u00edm \u0161kod\u00e1m. Za kompletn\u00ed v\u00fdkon \u00fa\u0159edn\u00ed ochrany proti zavl\u00e9k\u00e1n\u00ed a roz\u0161i\u0159ov\u00e1n\u00ed t\u011bchto organism\u016f na \u00fazem\u00ed \u010cR zodpov\u00edd\u00e1 \u00dast\u0159edn\u00ed kontroln\u00ed a zku\u0161ebn\u00ed \u00fastav zem\u011bd\u011blsk\u00fd (\u00daKZ\u00daZ). <\/p>\n\n\n\n<p>Dnem 15. 1. 2020 nabyl \u00fa\u010dinnosti <a href=\"https:\/\/www.zakonyprolidi.cz\/cs\/2019-369\">z\u00e1kon \u010d.&nbsp;369\/2019 Sb.<\/a>, kter\u00fdm se m\u011bn\u00ed <a href=\"https:\/\/www.zakonyprolidi.cz\/cs\/2004-326\">z\u00e1kon \u010d.&nbsp;326\/2004 Sb., o rostlinol\u00e9ka\u0159sk\u00e9 p\u00e9\u010di a o zm\u011bn\u011b n\u011bkter\u00fdch souvisej\u00edc\u00edch z\u00e1kon\u016f<\/a>. V souvislosti s na\u0159\u00edzen\u00edm Evropsk\u00e9ho parlamentu a Rady (EU) <a href=\"https:\/\/eur-lex.europa.eu\/legal-content\/CS\/TXT\/?uri=CELEX%3A32016R2031\">2016\/2031, o ochrann\u00fdch opat\u0159en\u00edch proti \u0161kodliv\u00fdm organism\u016fm rostlin<\/a> a dal\u0161\u00edmi p\u0159edpisy, kter\u00e9 jsou p\u0159\u00edmo platn\u00e9 ve v\u0161ech \u010dlensk\u00fdch st\u00e1tech EU, doch\u00e1z\u00ed v z\u00e1kon\u011b o rostlinol\u00e9ka\u0159sk\u00e9 p\u00e9\u010di k podstatn\u00fdm zm\u011bn\u00e1m v oblasti regulace \u0161k\u016fdc\u016f a chorob rostlin.  <\/p>\n\n\n\n<p>Na n\u00e1rodn\u00ed \u00farovni je tato problematika d\u00e1le upravov\u00e1na prov\u00e1d\u011bc\u00edmi vyhl\u00e1\u0161kami. A v&nbsp;p\u0159\u00edpad\u011b karant\u00e9nn\u00edch, ale dosud neregulovan\u00fdch \u0161kodliv\u00fdch organism\u016f, kter\u00e9 p\u0159edstavuj\u00ed vysok\u00e9 fytosanit\u00e1rn\u00ed riziko, jsou vyd\u00e1v\u00e1na mimo\u0159\u00e1dn\u00e1 opat\u0159en\u00ed EU proti jejich zavl\u00e9k\u00e1n\u00ed a roz\u0161i\u0159ov\u00e1n\u00ed. V&nbsp;\u010cR jsou v&nbsp;tomto sm\u011bru vyhla\u0161ov\u00e1na Na\u0159\u00edzen\u00ed \u00daKZ\u00daZ.  Podrobn\u011bj\u0161\u00ed  informace najdete <a href=\"http:\/\/eagri.cz\/public\/web\/ukzuz\/portal\/skodlive-organismy\/vnitrni-trh-eu\/fytosanitarni-opatreni\/\">zde<\/a>.<\/p>\n\n\n\n<p>Na n\u011bkter\u00e9 rizikov\u00e9 \u0160O se vztahuje tzv. ohla\u0161ovac\u00ed povinnost, co\u017e ukl\u00e1d\u00e1 fyzick\u00fdm osob\u00e1m v\u0161eobecnou povinnost ohl\u00e1sit podez\u0159en\u00ed na v\u00fdskyt&nbsp; \u0160O podl\u00e9haj\u00edc\u00ed mimo\u0159\u00e1dn\u00fdm opat\u0159en\u00edm EU, resp. na\u0159\u00edzen\u00edm \u00daKZ\u00daZ. Ozn\u00e1men\u00ed se pod\u00e1v\u00e1 na \u00daKZ\u00daZ, a to na p\u0159\u00edmo Sekci osiv, sadby a&nbsp;zdrav\u00ed rostlin. P\u0159i zji\u0161t\u011bn\u00ed v\u00fdskytu na\u0159izuje \u00daKZ\u00daZ v&nbsp;p\u0159\u00edpadech pot\u0159eby mimo\u0159\u00e1dn\u00e1 rostlinol\u00e9ka\u0159sk\u00e1 opat\u0159en\u00ed, kter\u00e1 maj\u00ed za c\u00edl eradikovat v\u00fdskyt a zabr\u00e1nit \u0161\u00ed\u0159en\u00ed organismu. <\/p>\n\n\n\n<p><\/p>\n\n\n\n<blockquote class=\"wp-block-quote is-layout-flow wp-block-quote-is-layout-flow\"><p>V&nbsp;sou\u010dasn\u00e9 dob\u011b dle platn\u00e9 legislativy jsou \u0161kodliv\u00e9 organismy (d\u0159\u00edve karant\u00e9nn\u00ed \u0161kodliv\u00e9 organismy) nov\u011b p\u0159e\u0159azeny do \u010dty\u0159 n\u00e1sleduj\u00edc\u00edch kategori\u00ed:<\/p><\/blockquote>\n\n\n\n<blockquote class=\"wp-block-quote is-layout-flow wp-block-quote-is-layout-flow\"><p><strong>1. KARANT\u00c9NN\u00cd \u0160KODLIV\u00c9 ORGANISMY PRO EU (K\u0160O EU)<\/strong> \u2013 jsou zastoupeny jednak v \u010c\u00e1sti A: \u0160kodliv\u00e9 organismy, jejich\u017e v\u00fdskyt nen\u00ed na \u00fazem\u00ed Unie zn\u00e1m a d\u00e1le v \u010c\u00e1sti B: \u0160kodliv\u00e9 organismy, jejich\u017e v\u00fdskyt je na \u00fazem\u00ed Unie zn\u00e1m.  V\u00edce v <a href=\"http:\/\/eagri.cz\/public\/web\/file\/640565\/_02_Priloha_II.pdf\">P\u0159\u00edloze II.<\/a> <\/p><\/blockquote>\n\n\n\n<blockquote class=\"wp-block-quote is-layout-flow wp-block-quote-is-layout-flow\"><p><strong>2<\/strong>. <strong>PRIORITN\u00cd \u0160KODLIV\u00c9 ORGANISMY<\/strong> \u2013 jsou K\u0160O pro Unii, o nich\u017e nen\u00ed zn\u00e1mo, \u017ee by se na \u00fazem\u00ed Unie vyskytovaly, nebo je o nich zn\u00e1mo, \u017ee se vyskytuj\u00ed bu\u010f na omezen\u00e9 \u010d\u00e1sti tohoto \u00fazem\u00ed, nebo ve vz\u00e1cn\u00fdch, nepravideln\u00fdch, izolovan\u00fdch a \u0159\u00eddk\u00fdch p\u0159\u00edpadech v\u00fdskytu na tomto \u00fazem\u00ed, d\u00e1le jejich potenci\u00e1ln\u00ed hospod\u00e1\u0159sk\u00fd, environment\u00e1ln\u00ed \u010di soci\u00e1ln\u00ed dopad je pro \u00fazem\u00ed Unie mimo\u0159\u00e1dn\u011b z\u00e1va\u017en\u00fd a jsou uvedeny na seznamu prioritn\u00edch \u0161kodliv\u00fdch organism\u016f.  Podrobn\u011bji v <a href=\"https:\/\/eur-lex.europa.eu\/legal-content\/CS\/TXT\/?qid=1572553072383&amp;uri=CELEX:32019R1702\">Na\u0159\u00edzen\u00ed komise v p\u0159enesen\u00e9 pravomoci (EU) 2019\/1702.<\/a><\/p><\/blockquote>\n\n\n\n<blockquote class=\"wp-block-quote is-layout-flow wp-block-quote-is-layout-flow\"><p><strong>3. <\/strong> <strong>KARANT\u00c9NN\u00cd \u0160KODLIV\u00c9 ORGANISMY PRO CHR\u00c1N\u011aN\u00c9 Z\u00d3NY (K\u0160O CHZ)<\/strong> \u2013 kde jsou uvedeny &nbsp;chr\u00e1n\u011bn\u00e9 z\u00f3ny a p\u0159\u00edslu\u0161n\u00e9 K\u0160O pro uveden\u00e9 chr\u00e1n\u011bn\u00e9 z\u00f3ny.  V\u00edce v  <a href=\"http:\/\/eagri.cz\/public\/web\/file\/640560\/_03_Priloha_III.pdf\">P\u0159\u00edloze III.<\/a><\/p><\/blockquote>\n\n\n\n<blockquote class=\"wp-block-quote is-layout-flow wp-block-quote-is-layout-flow\"><p><strong>4. REGULOVAN\u00c9 <\/strong> <strong>NEKARANT\u00c9NN\u00cd \u0160KODLIV\u00c9 ORGANISMY<\/strong> <strong>PRO EU (RN\u0160O)<\/strong> \u2013 jsou organismy uveden\u00e9 v Seznamu regulovan\u00fdch nekarant\u00e9nn\u00edch \u0161kodliv\u00fdch organism\u016f pro Unii (RN\u0160O) a ur\u010dit\u00fdch rostlin k p\u011bstov\u00e1n\u00ed s kategoriemi a prahov\u00fdmi hodnotami. V\u00edce v <a href=\"http:\/\/eagri.cz\/public\/web\/file\/640570\/_04_Priloha_IV.pdf\">P\u0159\u00edloze IV.<\/a><\/p><\/blockquote>\n\n\n\n<p>D\u00e1le jsou uveden\u00e9 informace k jednotliv\u00fdm karant\u00e9nn\u00edm \u0161kodliv\u00fdm organism\u016fm. Nen\u00ed zde zachov\u00e1no rozd\u011blen\u00ed dle v\u00fd\u0161e uveden\u00e9 priority, ale z d\u016fvod\u016f snaz\u0161\u00edho dohled\u00e1n\u00ed jsme zvolili rozd\u011blen\u00ed do jednotliv\u00fdch taxonomick\u00fdch skupin tak, jak je i u ostatn\u00edch organism\u016f uveden\u00fdch v Atlase po\u0161kozen\u00ed d\u0159evin.  V\u011bt\u0161ina \u0161kodliv\u00fdch organism\u016f nem\u00e1 \u010desk\u00fd n\u00e1zev, ale spolu s v\u011bdeck\u00fdmi n\u00e1zvy jsou zde v hranat\u00e9 z\u00e1vorce uv\u00e1d\u011bn\u00e9 tzv. EPPO k\u00f3dy. Toto je k\u00f3dov\u00e9 ozna\u010den\u00ed pro rostliny a patogeny, kter\u00e9 v\u00a0mezin\u00e1rodn\u00edm m\u011b\u0159\u00edtku nahrazuje v\u011bdeck\u00e9 latinsk\u00e9 n\u00e1zvy, ty se \u010dasto m\u011bn\u00ed a k\u00f3dy tak p\u0159i z\u00edsk\u00e1v\u00e1n\u00ed informac\u00ed nahrazuj\u00ed m\u011bn\u00edc\u00ed se v\u011bdeck\u00e9 n\u00e1zvy. U jednotliv\u00fdch \u0161kodliv\u00fdch organism\u016f nem\u00e1me vlastn\u00ed zku\u0161enost a ani fotodokumentaci, proto zde vyu\u017e\u00edv\u00e1me odkazy na odborn\u00e9 specializovan\u00e9 webov\u00e9 str\u00e1nky. <\/p>\n\n\n\n<style id=\"bwg-style-0\">    #bwg_container1_0 #bwg_container2_0 .bwg-container-0.bwg-standard-thumbnails {      width: 1306px;              justify-content: center;        margin:0 auto !important;              background-color: rgba(255, 255, 255, 0.00);            padding-left: 4px;      padding-top: 4px;      max-width: 100%;            }        #bwg_container1_0 #bwg_container2_0 .bwg-container-0.bwg-standard-thumbnails .bwg-item {    justify-content: flex-start;      max-width: 217px;          }    #bwg_container1_0 #bwg_container2_0 .bwg-container-0.bwg-standard-thumbnails .bwg-item a {       margin-right: 4px;       margin-bottom: 4px;    }    #bwg_container1_0 #bwg_container2_0 .bwg-container-0.bwg-standard-thumbnails .bwg-item0 {      padding: 0px;            background-color:rgba(0,0,0, 0.30);      border: 0px none #CCCCCC;      opacity: 1.00;      border-radius: 0;      box-shadow: ;    }    #bwg_container1_0 #bwg_container2_0 .bwg-container-0.bwg-standard-thumbnails .bwg-item1 img {      max-height: none;      max-width: none;      padding: 0 !important;    }         @media only screen and (min-width: 480px) {\t\t#bwg_container1_0 #bwg_container2_0 .bwg-container-0.bwg-standard-thumbnails .bwg-item1 img {\t\t\t-webkit-transition: all .3s; transition: all .3s;\t\t}\t\t#bwg_container1_0 #bwg_container2_0 .bwg-container-0.bwg-standard-thumbnails .bwg-item1 img:hover {\t\t\t-ms-transform: scale(1.08);\t\t\t-webkit-transform: scale(1.08);\t\t\ttransform: scale(1.08);\t\t}\t\t      }\t    #bwg_container1_0 #bwg_container2_0 .bwg-container-0.bwg-standard-thumbnails .bwg-item1 {      padding-top: 73.732718894009%;    }        #bwg_container1_0 #bwg_container2_0 .bwg-container-0.bwg-standard-thumbnails .bwg-title2,    #bwg_container1_0 #bwg_container2_0 .bwg-container-0.bwg-standard-thumbnails .bwg-ecommerce2 {      color: #323A45;      font-family: Ubuntu;      font-size: 16px;      font-weight: bold;      padding: 2px;      text-shadow: ;      max-height: 100%;    }    #bwg_container1_0 #bwg_container2_0 .bwg-container-0.bwg-standard-thumbnails .bwg-thumb-description span {    color: #323A45;    font-family: Ubuntu;    font-size: 12px;    max-height: 100%;    word-wrap: break-word;    }    #bwg_container1_0 #bwg_container2_0 .bwg-container-0.bwg-standard-thumbnails .bwg-play-icon2 {      font-size: 32px;    }    #bwg_container1_0 #bwg_container2_0 .bwg-container-0.bwg-standard-thumbnails .bwg-ecommerce2 {      font-size: 19.2px;      color: #323A45;    }    <\/style>    <div id=\"bwg_container1_0\"         class=\"bwg_container bwg_thumbnail bwg_thumbnails \"         data-right-click-protection=\"0\"         data-bwg=\"0\"         data-scroll=\"0\"         data-gallery-type=\"thumbnails\"         data-gallery-view-type=\"thumbnails\"         data-current-url=\"\/atlasposkozenidrevin\/index.php\/wp-json\/wp\/v2\/pages\/4053\"         data-lightbox-url=\"https:\/\/rumex.mendelu.cz\/atlasposkozenidrevin\/wp-admin\/admin-ajax.php?action=GalleryBox&#038;current_view=0&#038;gallery_id=26&#038;tag=0&#038;theme_id=1&#038;shortcode_id=55&#038;sort_by=order&#038;order_by=asc&#038;current_url=%2Fatlasposkozenidrevin%2Findex.php%2Fwp-json%2Fwp%2Fv2%2Fpages%2F4053\"         data-gallery-id=\"26\"         data-popup-width=\"800\"         data-popup-height=\"500\"         data-is-album=\"gallery\"         data-buttons-position=\"bottom\">      <div id=\"bwg_container2_0\">             <div id=\"ajax_loading_0\" class=\"bwg_loading_div_1\">      <div class=\"bwg_loading_div_2\">        <div class=\"bwg_loading_div_3\">          <div id=\"loading_div_0\" class=\"bwg_spider_ajax_loading\">          <\/div>        <\/div>      <\/div>    <\/div>            <form id=\"gal_front_form_0\"              class=\"bwg-hidden\"              method=\"post\"              action=\"#\"              data-current=\"0\"              data-shortcode-id=\"55\"              data-gallery-type=\"thumbnails\"              data-gallery-id=\"26\"              data-tag=\"0\"              data-album-id=\"0\"              data-theme-id=\"1\"              data-ajax-url=\"https:\/\/rumex.mendelu.cz\/atlasposkozenidrevin\/wp-admin\/admin-ajax.php?action=bwg_frontend_data\">          <div id=\"bwg_container3_0\" class=\"bwg-background bwg-background-0\">                <div data-max-count=\"6\"         data-thumbnail-width=\"217\"         data-bwg=\"0\"         data-gallery-id=\"26\"         data-lightbox-url=\"https:\/\/rumex.mendelu.cz\/atlasposkozenidrevin\/wp-admin\/admin-ajax.php?action=GalleryBox&amp;current_view=0&amp;gallery_id=26&amp;tag=0&amp;theme_id=1&amp;shortcode_id=55&amp;sort_by=order&amp;order_by=asc&amp;current_url=%2Fatlasposkozenidrevin%2Findex.php%2Fwp-json%2Fwp%2Fv2%2Fpages%2F4053\"         id=\"bwg_thumbnails_0\"         class=\"bwg-container-0 bwg-thumbnails bwg-standard-thumbnails bwg-container bwg-border-box\">            <div class=\"bwg-item\">        <a class=\"bwg-a \"  href=\"https:\/\/rumex.mendelu.cz\/atlasposkozenidrevin\/index.php\/hmyz-a-roztoci\/\" target=\"\" data-elementor-open-lightbox=\"no\">                <div class=\"bwg-item0 \">          <div class=\"bwg-item1 \">            <div class=\"bwg-item2\">              <img decoding=\"async\" class=\"skip-lazy bwg_standart_thumb_img_0 \"                   data-id=\"260\"                   data-width=\"335\"                   data-height=\"247\"                   data-src=\"https:\/\/rumex.mendelu.cz\/atlasposkozenidrevin\/wp-content\/uploads\/photo-gallery\/imported_from_media_libray\/thumb\/hmyz_rozto\u010di.jpg?bwg=1599041704\"                   src=\"https:\/\/rumex.mendelu.cz\/atlasposkozenidrevin\/wp-content\/uploads\/photo-gallery\/imported_from_media_libray\/thumb\/hmyz_rozto\u010di.jpg?bwg=1599041704\"                   alt=\"hmyz_rozto\u010di\"                   title=\"hmyz_rozto\u010di\" \/>            <\/div>            <div class=\"\">                                                      <\/div>          <\/div>        <\/div>                        <\/a>              <\/div>            <div class=\"bwg-item\">        <a class=\"bwg-a \"  href=\"https:\/\/rumex.mendelu.cz\/atlasposkozenidrevin\/index.php\/bakterie-2\/\" target=\"\" data-elementor-open-lightbox=\"no\">                <div class=\"bwg-item0 \">          <div class=\"bwg-item1 \">            <div class=\"bwg-item2\">              <img decoding=\"async\" class=\"skip-lazy bwg_standart_thumb_img_0 \"                   data-id=\"259\"                   data-width=\"335\"                   data-height=\"247\"                   data-src=\"https:\/\/rumex.mendelu.cz\/atlasposkozenidrevin\/wp-content\/uploads\/photo-gallery\/imported_from_media_libray\/thumb\/bakterie.jpg?bwg=1599041704\"                   src=\"https:\/\/rumex.mendelu.cz\/atlasposkozenidrevin\/wp-content\/uploads\/photo-gallery\/imported_from_media_libray\/thumb\/bakterie.jpg?bwg=1599041704\"                   alt=\"bakterie\"                   title=\"bakterie\" \/>            <\/div>            <div class=\"\">                                                      <\/div>          <\/div>        <\/div>                        <\/a>              <\/div>            <div class=\"bwg-item\">        <a class=\"bwg-a \"  href=\"https:\/\/rumex.mendelu.cz\/atlasposkozenidrevin\/index.php\/hlistice\/\" target=\"\" data-elementor-open-lightbox=\"no\">                <div class=\"bwg-item0 \">          <div class=\"bwg-item1 \">            <div class=\"bwg-item2\">              <img decoding=\"async\" class=\"skip-lazy bwg_standart_thumb_img_0 \"                   data-id=\"258\"                   data-width=\"335\"                   data-height=\"247\"                   data-src=\"https:\/\/rumex.mendelu.cz\/atlasposkozenidrevin\/wp-content\/uploads\/photo-gallery\/imported_from_media_libray\/thumb\/hlisticei.jpg?bwg=1599041704\"                   src=\"https:\/\/rumex.mendelu.cz\/atlasposkozenidrevin\/wp-content\/uploads\/photo-gallery\/imported_from_media_libray\/thumb\/hlisticei.jpg?bwg=1599041704\"                   alt=\"hlisticei\"                   title=\"hlisticei\" \/>            <\/div>            <div class=\"\">                                                      <\/div>          <\/div>        <\/div>                        <\/a>              <\/div>            <div class=\"bwg-item\">        <a class=\"bwg-a \"  href=\"https:\/\/rumex.mendelu.cz\/atlasposkozenidrevin\/index.php\/paraziticke-rostliny-2\/\" target=\"\" data-elementor-open-lightbox=\"no\">                <div class=\"bwg-item0 \">          <div class=\"bwg-item1 \">            <div class=\"bwg-item2\">              <img decoding=\"async\" class=\"skip-lazy bwg_standart_thumb_img_0 \"                   data-id=\"257\"                   data-width=\"335\"                   data-height=\"247\"                   data-src=\"https:\/\/rumex.mendelu.cz\/atlasposkozenidrevin\/wp-content\/uploads\/photo-gallery\/imported_from_media_libray\/thumb\/paraziticke.jpg?bwg=1599041704\"                   src=\"https:\/\/rumex.mendelu.cz\/atlasposkozenidrevin\/wp-content\/uploads\/photo-gallery\/imported_from_media_libray\/thumb\/paraziticke.jpg?bwg=1599041704\"                   alt=\"paraziticke\"                   title=\"paraziticke\" \/>            <\/div>            <div class=\"\">                                                      <\/div>          <\/div>        <\/div>                        <\/a>              <\/div>            <div class=\"bwg-item\">        <a class=\"bwg-a \"  href=\"https:\/\/rumex.mendelu.cz\/atlasposkozenidrevin\/index.php\/viry-viroidy-a-fytoplazmy\/\" target=\"\" data-elementor-open-lightbox=\"no\">                <div class=\"bwg-item0 \">          <div class=\"bwg-item1 \">            <div class=\"bwg-item2\">              <img decoding=\"async\" class=\"skip-lazy bwg_standart_thumb_img_0 \"                   data-id=\"256\"                   data-width=\"335\"                   data-height=\"247\"                   data-src=\"https:\/\/rumex.mendelu.cz\/atlasposkozenidrevin\/wp-content\/uploads\/photo-gallery\/imported_from_media_libray\/thumb\/viry-a_spol.jpg?bwg=1599041704\"                   src=\"https:\/\/rumex.mendelu.cz\/atlasposkozenidrevin\/wp-content\/uploads\/photo-gallery\/imported_from_media_libray\/thumb\/viry-a_spol.jpg?bwg=1599041704\"                   alt=\"viry-a_spol\"                   title=\"viry-a_spol\" \/>            <\/div>            <div class=\"\">                                                      <\/div>          <\/div>        <\/div>                        <\/a>              <\/div>            <div class=\"bwg-item\">        <a class=\"bwg-a \"  href=\"https:\/\/rumex.mendelu.cz\/atlasposkozenidrevin\/index.php\/houby-a-rasovky\/\" target=\"\" data-elementor-open-lightbox=\"no\">                <div class=\"bwg-item0 \">          <div class=\"bwg-item1 \">            <div class=\"bwg-item2\">              <img decoding=\"async\" class=\"skip-lazy bwg_standart_thumb_img_0 \"                   data-id=\"255\"                   data-width=\"335\"                   data-height=\"247\"                   data-src=\"https:\/\/rumex.mendelu.cz\/atlasposkozenidrevin\/wp-content\/uploads\/photo-gallery\/imported_from_media_libray\/thumb\/houby_a_rasovky.jpg?bwg=1599041704\"                   src=\"https:\/\/rumex.mendelu.cz\/atlasposkozenidrevin\/wp-content\/uploads\/photo-gallery\/imported_from_media_libray\/thumb\/houby_a_rasovky.jpg?bwg=1599041704\"                   alt=\"houby_a_rasovky\"                   title=\"houby_a_rasovky\" \/>            <\/div>            <div class=\"\">                                                      <\/div>          <\/div>        <\/div>                        <\/a>              <\/div>          <\/div>    <style>      \/*pagination styles*\/      #bwg_container1_0 #bwg_container2_0 .tablenav-pages_0 {\t\t\t\ttext-align: center;\t\t\t\tfont-size: 12px;\t\t\t\tfont-family: Ubuntu;\t\t\t\tfont-weight: bold;\t\t\t\tcolor: #666666;\t\t\t\tmargin: 6px 0 4px;\t\t\t\tdisplay: block;      }      @media only screen and (max-width : 320px) {      #bwg_container1_0 #bwg_container2_0 .displaying-num_0 {     \t display: none;      }      }      #bwg_container1_0 #bwg_container2_0 .displaying-num_0 {\t\t\t\tfont-size: 12px;\t\t\t\tfont-family: Ubuntu;\t\t\t\tfont-weight: bold;\t\t\t\tcolor: #666666;\t\t\t\tmargin-right: 10px;\t\t\t\tvertical-align: middle;      }      #bwg_container1_0 #bwg_container2_0 .paging-input_0 {\t\t\t\tfont-size: 12px;\t\t\t\tfont-family: Ubuntu;\t\t\t\tfont-weight: bold;\t\t\t\tcolor: #666666;\t\t\t\tvertical-align: middle;      }      #bwg_container1_0 #bwg_container2_0 .tablenav-pages_0 a.disabled,      #bwg_container1_0 #bwg_container2_0 .tablenav-pages_0 a.disabled:hover,      #bwg_container1_0 #bwg_container2_0 .tablenav-pages_0 a.disabled:focus,\t\t\t#bwg_container1_0 #bwg_container2_0 .tablenav-pages_0 input.bwg_current_page {\t\t\t\tcursor: default;\t\t\t\tcolor: rgba(102, 102, 102, 0.5);      }      #bwg_container1_0 #bwg_container2_0 .tablenav-pages_0 a,      #bwg_container1_0 #bwg_container2_0 .tablenav-pages_0 input.bwg_current_page {\t\t\t\tcursor: pointer;\t\t\t\ttext-align: center;\t\t\t\tfont-size: 12px;\t\t\t\tfont-family: Ubuntu;\t\t\t\tfont-weight: bold;\t\t\t\tcolor: #666666;\t\t\t\ttext-decoration: none;\t\t\t\tpadding: 3px 6px;\t\t\t\tmargin: 0;\t\t\t\tborder-radius: 0;\t\t\t\tborder-style: solid;\t\t\t\tborder-width: 1px;\t\t\t\tborder-color: #E3E3E3;\t\t\t\t\t\t\t\tbackground-color: rgba(255, 255, 255, 1.00);\t\t\t\tbox-shadow: 0;\t\t\t\ttransition: all 0.3s ease 0s;-webkit-transition: all 0.3s ease 0s;      }      <\/style>      <span class=\"bwg_nav_cont_0\">              <div class=\"tablenav-pages_0\">                  <\/div>                <input type=\"hidden\" id=\"page_number_0\" name=\"page_number_0\" value=\"1\" \/>      <script type=\"text\/javascript\">        if( jQuery('.bwg_nav_cont_0').length > 1 ) {          jQuery('.bwg_nav_cont_0').first().remove()        }        function spider_page_0(cur, x, y, load_more) {          if (typeof load_more == \"undefined\") {            var load_more = false;          }          if (jQuery(cur).hasClass('disabled')) {            return false;          }          var items_county_0 = 1;          switch (y) {            case 1:              if (x >= items_county_0) {                document.getElementById('page_number_0').value = items_county_0;              }              else {                document.getElementById('page_number_0').value = x + 1;              }              break;            case 2:              document.getElementById('page_number_0').value = items_county_0;              break;            case -1:              if (x == 1) {                document.getElementById('page_number_0').value = 1;              }              else {                document.getElementById('page_number_0').value = x - 1;              }              break;            case -2:              document.getElementById('page_number_0').value = 1;              break;\t\t\t\t\t\tcase 0:              document.getElementById('page_number_0').value = x;              break;            default:              document.getElementById('page_number_0').value = 1;          }          bwg_ajax('gal_front_form_0', '0', 'bwg_thumbnails_0', '0', '', 'gallery', 0, '', '', load_more, '', 1);        }                    jQuery('.first-page-0').on('click', function () {              spider_page_0(this, 1, -2, 'numeric');              return false;            });            jQuery('.prev-page-0').on('click', function () {              spider_page_0(this, 1, -1, 'numeric');              return false;            });            jQuery('.next-page-0').on('click', function () {              spider_page_0(this, 1, 1, 'numeric');              return false;            });            jQuery('.last-page-0').on('click', function () {              spider_page_0(this, 1, 2, 'numeric');              return false;            });        \t\t\t\t\/* Change page on input enter. *\/        function bwg_change_page_0( e, that ) {          if (  e.key == 'Enter' ) {            var to_page = parseInt(jQuery(that).val());            var pages_count = jQuery(that).parents(\".pagination-links\").data(\"pages-count\");            var current_url_param = jQuery(that).attr('data-url-info');            if (to_page > pages_count) {              to_page = 1;            }\t \t\t\t\t\t\t\t\t\t\t\t\tspider_page_0(this, to_page, 0, 'numeric');\t\t\t\t\t\t\treturn false;\t\t\t\t\t\t          }          return true;        }        jQuery('.bwg_load_btn_0').on('click', function () {            spider_page_0(this, 1, 1, true);            return false;        });      <\/script>      <\/span>                <\/div>        <\/form>              <\/div>    <\/div>    <script>      if (document.readyState === 'complete') {        if( typeof bwg_main_ready == 'function' ) {          if ( jQuery(\"#bwg_container1_0\").height() ) {            bwg_main_ready(jQuery(\"#bwg_container1_0\"));          }        }      } else {        document.addEventListener('DOMContentLoaded', function() {          if( typeof bwg_main_ready == 'function' ) {            if ( jQuery(\"#bwg_container1_0\").height() ) {             bwg_main_ready(jQuery(\"#bwg_container1_0\"));            }          }        });      }    <\/script>    \n\n\n\n<p> <\/p>\n","protected":false},"excerpt":{"rendered":"<p>Na \u00fazem\u00ed \u010cesk\u00e9 republiky je \u0159ada \u0161kodliv\u00fdch organism\u016f (\u0160O) regulov\u00e1na fytosanit\u00e1rn\u00edmi p\u0159edpisy EU a v&nbsp;n\u00e1vaznosti [&hellip;]<\/p>\n","protected":false},"author":3,"featured_media":0,"parent":0,"menu_order":0,"comment_status":"closed","ping_status":"closed","template":"template-full-width.php","meta":{"footnotes":""},"class_list":["post-4053","page","type-page","status-publish","hentry"],"_links":{"self":[{"href":"https:\/\/rumex.mendelu.cz\/atlasposkozenidrevin\/index.php\/wp-json\/wp\/v2\/pages\/4053","targetHints":{"allow":["GET"]}}],"collection":[{"href":"https:\/\/rumex.mendelu.cz\/atlasposkozenidrevin\/index.php\/wp-json\/wp\/v2\/pages"}],"about":[{"href":"https:\/\/rumex.mendelu.cz\/atlasposkozenidrevin\/index.php\/wp-json\/wp\/v2\/types\/page"}],"author":[{"embeddable":true,"href":"https:\/\/rumex.mendelu.cz\/atlasposkozenidrevin\/index.php\/wp-json\/wp\/v2\/users\/3"}],"replies":[{"embeddable":true,"href":"https:\/\/rumex.mendelu.cz\/atlasposkozenidrevin\/index.php\/wp-json\/wp\/v2\/comments?post=4053"}],"version-history":[{"count":30,"href":"https:\/\/rumex.mendelu.cz\/atlasposkozenidrevin\/index.php\/wp-json\/wp\/v2\/pages\/4053\/revisions"}],"predecessor-version":[{"id":4235,"href":"https:\/\/rumex.mendelu.cz\/atlasposkozenidrevin\/index.php\/wp-json\/wp\/v2\/pages\/4053\/revisions\/4235"}],"wp:attachment":[{"href":"https:\/\/rumex.mendelu.cz\/atlasposkozenidrevin\/index.php\/wp-json\/wp\/v2\/media?parent=4053"}],"curies":[{"name":"wp","href":"https:\/\/api.w.org\/{rel}","templated":true}]}}