{"id":403,"date":"2019-08-16T12:18:27","date_gmt":"2019-08-16T10:18:27","guid":{"rendered":"http:\/\/rumex.mendelu.cz\/atlasposkozenidrevin\/?page_id=403"},"modified":"2025-02-06T10:09:24","modified_gmt":"2025-02-06T09:09:24","slug":"rezatec-sikmy","status":"publish","type":"page","link":"https:\/\/rumex.mendelu.cz\/atlasposkozenidrevin\/index.php\/rezatec-sikmy\/","title":{"rendered":"rezavec \u0161ikm\u00fd"},"content":{"rendered":"\n<p class=\"has-text-align-left has-medium-font-size\"><em><strong>Inonotus obliquus<\/strong><\/em><strong> (Ach. ex Pers.) Pil\u00e1t <\/strong><\/p>\n\n\n\n<p><strong>HOSTITELSK\u00c9 D\u0158EVINY:<\/strong><em> <\/em>b\u0159\u00edza (<em>Betula<\/em> spp.), buk (<em>Fagus<\/em> spp.), ostatn\u00ed listn\u00e1\u010de v\u00fdjime\u010dn\u011b.<\/p>\n\n\n\n<p><strong>SYMPTOMY:<\/strong> imperfektn\u00ed plodnice na kmeni.<\/p>\n\n\n\n<p><strong>PLODNICE:<\/strong> vytrval\u00e9 imperfektn\u00ed plodnice, kulovit\u00e9, \u010dern\u011b zbarven\u00e9, s&nbsp;kosti\u010dkovit\u011b rozpraskan\u00fdm povrchem, kolem plodnice d\u0159evina vytv\u00e1\u0159\u00ed n\u00e1padn\u00e9 z\u00e1valy d\u0159eva, rourkat\u00e1 perfektn\u00ed plodnice se tvo\u0159\u00ed a\u017e na konci \u017eivotn\u00edho cyklu, a to kdy\u017e je kmen d\u0159eviny cel\u00fd vyhnil\u00fd, tvo\u0159\u00ed ji se\u0161ikmen\u00e9 rourky, siln\u00e9 do 2 cm, okrov\u011brezav\u011b a\u017e rezav\u011bhn\u011bd\u00e9 barvy, perfektn\u00ed plodnice sporuluje \u017elutozelen\u00fdm v\u00fdtrusn\u00fdm prachem a pak odum\u00edr\u00e1 i s cel\u00fdm hostitelem.<\/p>\n\n\n<style type=\"text\/css\">\n#foogallery-gallery-3407 .fg-image { width: 560px; }\n#foogallery-gallery-3407 { --fg-gutter: 10px; }<\/style>\n\t\t\t<div class=\"foogallery foogallery-container foogallery-default foogallery-lightbox-none fg-left fg-default fg-ready fg-light fg-border-thin fg-shadow-outline fg-loading-default fg-loaded-fade-in fg-caption-always fg-hover-fade fg-hover-zoom\" id=\"foogallery-gallery-3407\" data-foogallery=\"{&quot;item&quot;:{&quot;showCaptionTitle&quot;:false,&quot;showCaptionDescription&quot;:true},&quot;lazy&quot;:true}\" style=\"--fg-title-line-clamp: 0; --fg-description-line-clamp: 0;\" >\n\t<div class=\"fg-item fg-type-image fg-idle\"><figure class=\"fg-item-inner\"><a href=\"https:\/\/rumex.mendelu.cz\/atlasposkozenidrevin\/wp-content\/uploads\/2020\/02\/P5048714.jpg\" data-caption-title=\"Imperfektn\u00ed plodnice na b\u0159\u00edze, \u0160umburk 2017.\" data-caption-desc=\"Imperfektn\u00ed plodnice na b\u0159\u00edze, \u0160umburk 2017.\" data-attachment-id=\"1537\" data-type=\"image\" class=\"fg-thumb\"><span class=\"fg-image-wrap\"><img fetchpriority=\"high\" decoding=\"async\" title=\"Imperfektn\u00ed plodnice na b\u0159\u00edze, \u0160umburk 2017.\" width=\"560\" height=\"430\" class=\"skip-lazy fg-image\" data-src-fg=\"https:\/\/rumex.mendelu.cz\/atlasposkozenidrevin\/wp-content\/uploads\/cache\/2020\/02\/P5048714\/4212408648.jpg\" src=\"data:image\/svg+xml,%3Csvg%20xmlns%3D%22http%3A%2F%2Fwww.w3.org%2F2000%2Fsvg%22%20width%3D%22560%22%20height%3D%22430%22%20viewBox%3D%220%200%20560%20430%22%3E%3C%2Fsvg%3E\" loading=\"eager\"><\/span><span class=\"fg-image-overlay\"><\/span><\/a><figcaption class=\"fg-caption\"><div class=\"fg-caption-inner\"><div class=\"fg-caption-desc\">Imperfektn\u00ed plodnice na b\u0159\u00edze, \u0160umburk 2017.<\/div><\/div><\/figcaption><\/figure><div class=\"fg-loader\"><\/div><\/div><div class=\"fg-item fg-type-image fg-idle\"><figure class=\"fg-item-inner\"><a href=\"https:\/\/rumex.mendelu.cz\/atlasposkozenidrevin\/wp-content\/uploads\/2020\/03\/Inonotu-obliqus-betula-3.jpg\" data-caption-title=\"Imperfektn\u00ed plodnice na b\u0159\u00edze, Borov\u00e1 Lada, \u0160umava 2005.\" data-caption-desc=\"Imperfektn\u00ed plodnice na b\u0159\u00edze, Borov\u00e1 Lada, \u0160umava 2005.\" data-attachment-id=\"4988\" data-type=\"image\" class=\"fg-thumb\"><span class=\"fg-image-wrap\"><img decoding=\"async\" title=\"Imperfektn\u00ed plodnice na b\u0159\u00edze, Borov\u00e1 Lada, \u0160umava 2005.\" width=\"560\" height=\"430\" class=\"skip-lazy fg-image\" data-src-fg=\"https:\/\/rumex.mendelu.cz\/atlasposkozenidrevin\/wp-content\/uploads\/cache\/2020\/03\/Inonotu-obliqus-betula-3\/1948400903.jpg\" src=\"data:image\/svg+xml,%3Csvg%20xmlns%3D%22http%3A%2F%2Fwww.w3.org%2F2000%2Fsvg%22%20width%3D%22560%22%20height%3D%22430%22%20viewBox%3D%220%200%20560%20430%22%3E%3C%2Fsvg%3E\" loading=\"eager\"><\/span><span class=\"fg-image-overlay\"><\/span><\/a><figcaption class=\"fg-caption\"><div class=\"fg-caption-inner\"><div class=\"fg-caption-desc\">Imperfektn\u00ed plodnice na b\u0159\u00edze, Borov\u00e1 Lada, \u0160umava 2005.<\/div><\/div><\/figcaption><\/figure><div class=\"fg-loader\"><\/div><\/div><\/div>\n\n\n<style type=\"text\/css\">\n#foogallery-gallery-4990 .fg-image { width: 560px; }\n#foogallery-gallery-4990 { --fg-gutter: 10px; }<\/style>\n\t\t\t<div class=\"foogallery foogallery-container foogallery-default foogallery-lightbox-foogallery fg-center fg-default fg-ready fg-light fg-border-thin fg-shadow-outline fg-loading-default fg-loaded-fade-in fg-caption-always fg-hover-fade fg-hover-zoom\" id=\"foogallery-gallery-4990\" data-foogallery=\"{&quot;item&quot;:{&quot;showCaptionTitle&quot;:false,&quot;showCaptionDescription&quot;:true},&quot;lazy&quot;:true}\" data-foogallery-lightbox=\"{&quot;thumbs&quot;:&quot;bottom&quot;,&quot;thumbsCaptions&quot;:false,&quot;thumbsBestFit&quot;:false,&quot;thumbsSmall&quot;:false,&quot;thumbsCaptionsAlign&quot;:&quot;default&quot;,&quot;info&quot;:&quot;bottom&quot;,&quot;infoVisible&quot;:true,&quot;infoOverlay&quot;:true,&quot;infoAlign&quot;:&quot;default&quot;,&quot;transition&quot;:&quot;fade&quot;,&quot;hoverButtons&quot;:false,&quot;fitMedia&quot;:false,&quot;noScrollbars&quot;:true,&quot;preserveButtonSpace&quot;:true,&quot;buttons&quot;:{&quot;fullscreen&quot;:true,&quot;info&quot;:true,&quot;thumbs&quot;:false},&quot;video&quot;:{&quot;autoPlay&quot;:true}}\" style=\"--fg-title-line-clamp: 0; --fg-description-line-clamp: 0;\" >\n\t<div class=\"fg-item fg-type-image fg-idle\"><figure class=\"fg-item-inner\"><a href=\"https:\/\/rumex.mendelu.cz\/atlasposkozenidrevin\/wp-content\/uploads\/2020\/03\/Inonotu-obliqus-betula-2.jpg\" data-caption-title=\"Imperfektn\u00ed plodnice na b\u0159\u00edze, Borov\u00e1 Lada, \u0160umava 2005.\" data-caption-desc=\"Imperfektn\u00ed plodnice na b\u0159\u00edze, Borov\u00e1 Lada, \u0160umava 2005.\" data-attachment-id=\"4987\" data-type=\"image\" class=\"fg-thumb\"><span class=\"fg-image-wrap\"><img decoding=\"async\" title=\"Imperfektn\u00ed plodnice na b\u0159\u00edze, Borov\u00e1 Lada, \u0160umava 2005.\" width=\"560\" height=\"430\" class=\"skip-lazy fg-image\" data-src-fg=\"https:\/\/rumex.mendelu.cz\/atlasposkozenidrevin\/wp-content\/uploads\/cache\/2020\/03\/Inonotu-obliqus-betula-2\/1251296640.jpg\" src=\"data:image\/svg+xml,%3Csvg%20xmlns%3D%22http%3A%2F%2Fwww.w3.org%2F2000%2Fsvg%22%20width%3D%22560%22%20height%3D%22430%22%20viewBox%3D%220%200%20560%20430%22%3E%3C%2Fsvg%3E\" loading=\"eager\"><\/span><span class=\"fg-image-overlay\"><\/span><\/a><figcaption class=\"fg-caption\"><div class=\"fg-caption-inner\"><div class=\"fg-caption-desc\">Imperfektn\u00ed plodnice na b\u0159\u00edze, Borov\u00e1 Lada, \u0160umava 2005.<\/div><\/div><\/figcaption><\/figure><div class=\"fg-loader\"><\/div><\/div><div class=\"fg-item fg-type-image fg-idle\"><figure class=\"fg-item-inner\"><a href=\"https:\/\/rumex.mendelu.cz\/atlasposkozenidrevin\/wp-content\/uploads\/2020\/03\/Inonotu-obliqus-betula-1.jpg\" data-caption-title=\"Imperfektn\u00ed plodnice na b\u0159\u00edze, Borov\u00e1 Lada, \u0160umava 2005.\" data-caption-desc=\"Imperfektn\u00ed plodnice na b\u0159\u00edze, Borov\u00e1 Lada, \u0160umava 2005.\" data-attachment-id=\"4986\" data-type=\"image\" class=\"fg-thumb\"><span class=\"fg-image-wrap\"><img decoding=\"async\" title=\"Imperfektn\u00ed plodnice na b\u0159\u00edze, Borov\u00e1 Lada, \u0160umava 2005.\" width=\"560\" height=\"430\" class=\"skip-lazy fg-image\" data-src-fg=\"https:\/\/rumex.mendelu.cz\/atlasposkozenidrevin\/wp-content\/uploads\/cache\/2020\/03\/Inonotu-obliqus-betula-1\/2641809378.jpg\" src=\"data:image\/svg+xml,%3Csvg%20xmlns%3D%22http%3A%2F%2Fwww.w3.org%2F2000%2Fsvg%22%20width%3D%22560%22%20height%3D%22430%22%20viewBox%3D%220%200%20560%20430%22%3E%3C%2Fsvg%3E\" loading=\"eager\"><\/span><span class=\"fg-image-overlay\"><\/span><\/a><figcaption class=\"fg-caption\"><div class=\"fg-caption-inner\"><div class=\"fg-caption-desc\">Imperfektn\u00ed plodnice na b\u0159\u00edze, Borov\u00e1 Lada, \u0160umava 2005.<\/div><\/div><\/figcaption><\/figure><div class=\"fg-loader\"><\/div><\/div><\/div>\n\n\n\n<p><\/p>\n\n\n\n<p><strong>HNILOBA:<\/strong> b\u00edl\u00e1, \u0161\u00ed\u0159\u00ed se ve vnit\u0159n\u00ed \u010d\u00e1sti kmene od m\u00edsta vzniku infekce ob\u011bma sm\u011bry.<\/p>\n\n\n\n<p><strong>V\u00ddZNAM A OCHRANA:<\/strong> infekce vnik\u00e1 p\u0159es pah\u00fdly po odlomen\u00fdch v\u011btv\u00edch, mrazov\u00e9 trhliny, mechanick\u00e1 poran\u011bn\u00ed, druh m\u00e9n\u011b \u010dasto se vyskytuj\u00edc\u00ed. Imperfektn\u00ed plodnice se vyu\u017e\u00edvaj\u00ed v lidov\u00e9m l\u00e9\u010ditelstv\u00ed pod n\u00e1zvem &#8222;\u010d\u00e1ga&#8220;, v\u011bt\u0161inou zpracovan\u00e9 jako extrakty nebo n\u00e1levy p\u0159i podp\u016frn\u00e9 l\u00e9\u010db\u011b r\u016fzn\u00fdch onemocn\u011bn\u00ed. <\/p>\n\n\n<style type=\"text\/css\">\n#foogallery-gallery-3408 .fg-image { width: 560px; }\n#foogallery-gallery-3408 { --fg-gutter: 10px; }<\/style>\n\t\t\t<div class=\"foogallery foogallery-container foogallery-default foogallery-lightbox-none fg-left fg-default fg-ready fg-light fg-border-thin fg-shadow-outline fg-loading-default fg-loaded-fade-in fg-caption-always fg-hover-fade fg-hover-zoom\" id=\"foogallery-gallery-3408\" data-foogallery=\"{&quot;item&quot;:{&quot;showCaptionTitle&quot;:false,&quot;showCaptionDescription&quot;:true},&quot;lazy&quot;:true}\" style=\"--fg-title-line-clamp: 0; --fg-description-line-clamp: 0;\" >\n\t<\/div>\n","protected":false},"excerpt":{"rendered":"<p>Inonotus obliquus (Ach. ex Pers.) Pil\u00e1t HOSTITELSK\u00c9 D\u0158EVINY: b\u0159\u00edza (Betula spp.), buk (Fagus spp.), ostatn\u00ed [&hellip;]<\/p>\n","protected":false},"author":2,"featured_media":0,"parent":0,"menu_order":0,"comment_status":"closed","ping_status":"closed","template":"template-full-width.php","meta":{"footnotes":""},"class_list":["post-403","page","type-page","status-publish","hentry"],"_links":{"self":[{"href":"https:\/\/rumex.mendelu.cz\/atlasposkozenidrevin\/index.php\/wp-json\/wp\/v2\/pages\/403","targetHints":{"allow":["GET"]}}],"collection":[{"href":"https:\/\/rumex.mendelu.cz\/atlasposkozenidrevin\/index.php\/wp-json\/wp\/v2\/pages"}],"about":[{"href":"https:\/\/rumex.mendelu.cz\/atlasposkozenidrevin\/index.php\/wp-json\/wp\/v2\/types\/page"}],"author":[{"embeddable":true,"href":"https:\/\/rumex.mendelu.cz\/atlasposkozenidrevin\/index.php\/wp-json\/wp\/v2\/users\/2"}],"replies":[{"embeddable":true,"href":"https:\/\/rumex.mendelu.cz\/atlasposkozenidrevin\/index.php\/wp-json\/wp\/v2\/comments?post=403"}],"version-history":[{"count":8,"href":"https:\/\/rumex.mendelu.cz\/atlasposkozenidrevin\/index.php\/wp-json\/wp\/v2\/pages\/403\/revisions"}],"predecessor-version":[{"id":4992,"href":"https:\/\/rumex.mendelu.cz\/atlasposkozenidrevin\/index.php\/wp-json\/wp\/v2\/pages\/403\/revisions\/4992"}],"wp:attachment":[{"href":"https:\/\/rumex.mendelu.cz\/atlasposkozenidrevin\/index.php\/wp-json\/wp\/v2\/media?parent=403"}],"curies":[{"name":"wp","href":"https:\/\/api.w.org\/{rel}","templated":true}]}}