{"id":4020,"date":"2020-05-06T13:42:50","date_gmt":"2020-05-06T11:42:50","guid":{"rendered":"http:\/\/rumex.mendelu.cz\/atlasposkozenidrevin\/?page_id=4020"},"modified":"2020-05-06T14:44:52","modified_gmt":"2020-05-06T12:44:52","slug":"porustani-nadzemnich-casti-drevin-lisejnikem-a-rasou","status":"publish","type":"page","link":"https:\/\/rumex.mendelu.cz\/atlasposkozenidrevin\/index.php\/porustani-nadzemnich-casti-drevin-lisejnikem-a-rasou\/","title":{"rendered":"Por\u016fst\u00e1n\u00ed nadzemn\u00edch \u010d\u00e1st\u00ed d\u0159evin li\u0161ejn\u00edkem a \u0159asou"},"content":{"rendered":"\n<p>HOSTITELSK\u00c9 D\u0158EVINY: r\u016fzn\u00e9 druhy d\u0159evin.<\/p>\n\n\n\n<p>POPIS PO\u0160KOZEN\u00cd: na v\u011btvi\u010dk\u00e1ch, kostern\u00edch v\u011btv\u00edch a kmeni nar\u016fstaj\u00ed povlaky li\u0161ejn\u00edk\u016f nebo \u0159as. \u010casto jsou n\u00e1padn\u00e9 b\u011bhem zimy a v\u00a0p\u0159edja\u0159\u00ed, kdy jsou d\u0159eviny opadan\u00e9. B\u011bhem pln\u00e9 vegeta\u010dn\u00ed doby \u010dasto zanikaj\u00ed vlivem vy\u0161\u0161\u00edch teplot a intenzivn\u00ed slune\u010dn\u00ed aktivity. D\u0159evin\u00e1m ne\u0161kod\u00ed, jejich borka slou\u017e\u00ed pouze k\u00a0p\u0159ichycen\u00ed, nejsou na d\u0159eviny v\u00e1z\u00e1ny svou v\u00fd\u017eivou.<\/p>\n\n\n\n<p><\/p>\n\n\n<style type=\"text\/css\">\n#foogallery-gallery-4030 .fg-image { width: 365px; }\n#foogallery-gallery-4030 { --fg-gutter: 10px; }<\/style>\n\t\t\t<div class=\"foogallery foogallery-container foogallery-default foogallery-lightbox-none fg-left fg-default fg-ready fg-light fg-border-thin fg-shadow-outline fg-loading-default fg-loaded-fade-in fg-caption-always fg-hover-fade fg-hover-zoom\" id=\"foogallery-gallery-4030\" data-foogallery=\"{&quot;item&quot;:{&quot;showCaptionTitle&quot;:false,&quot;showCaptionDescription&quot;:true},&quot;lazy&quot;:true}\" style=\"--fg-title-line-clamp: 0; --fg-description-line-clamp: 0;\" >\n\t<div class=\"fg-item fg-type-image fg-idle\"><figure class=\"fg-item-inner\"><a href=\"https:\/\/rumex.mendelu.cz\/atlasposkozenidrevin\/wp-content\/uploads\/2020\/05\/P6235132.jpg\" data-caption-title=\"Li\u0161ejn\u00edk na jabloni, Brno 2012.\" data-caption-desc=\"Li\u0161ejn\u00edk na jabloni, Brno 2012.\" data-attachment-id=\"4023\" data-type=\"image\" class=\"fg-thumb\"><span class=\"fg-image-wrap\"><img fetchpriority=\"high\" decoding=\"async\" title=\"Li\u0161ejn\u00edk na jabloni, Brno 2012.\" width=\"365\" height=\"320\" class=\"skip-lazy fg-image\" data-src-fg=\"https:\/\/rumex.mendelu.cz\/atlasposkozenidrevin\/wp-content\/uploads\/cache\/2020\/05\/P6235132\/1558253254.jpg\" src=\"data:image\/svg+xml,%3Csvg%20xmlns%3D%22http%3A%2F%2Fwww.w3.org%2F2000%2Fsvg%22%20width%3D%22365%22%20height%3D%22320%22%20viewBox%3D%220%200%20365%20320%22%3E%3C%2Fsvg%3E\" loading=\"eager\"><\/span><span class=\"fg-image-overlay\"><\/span><\/a><figcaption class=\"fg-caption\"><div class=\"fg-caption-inner\"><div class=\"fg-caption-desc\">Li\u0161ejn\u00edk na jabloni, Brno 2012.<\/div><\/div><\/figcaption><\/figure><div class=\"fg-loader\"><\/div><\/div><div class=\"fg-item fg-type-image fg-idle\"><figure class=\"fg-item-inner\"><a href=\"https:\/\/rumex.mendelu.cz\/atlasposkozenidrevin\/wp-content\/uploads\/2020\/05\/P7020642.jpg\" data-caption-title=\"Li\u0161ejn\u00edk na v\u011btvi\u010dce jedle, \u0160LP ML K\u0159tiny 2012.\" data-caption-desc=\"Li\u0161ejn\u00edk na v\u011btvi\u010dce jedle, \u0160LP ML K\u0159tiny 2012.\" data-attachment-id=\"4025\" data-type=\"image\" class=\"fg-thumb\"><span class=\"fg-image-wrap\"><img decoding=\"async\" title=\"Li\u0161ejn\u00edk na v\u011btvi\u010dce jedle, \u0160LP ML K\u0159tiny 2012.\" width=\"365\" height=\"320\" class=\"skip-lazy fg-image\" data-src-fg=\"https:\/\/rumex.mendelu.cz\/atlasposkozenidrevin\/wp-content\/uploads\/cache\/2020\/05\/P7020642\/3402984425.jpg\" src=\"data:image\/svg+xml,%3Csvg%20xmlns%3D%22http%3A%2F%2Fwww.w3.org%2F2000%2Fsvg%22%20width%3D%22365%22%20height%3D%22320%22%20viewBox%3D%220%200%20365%20320%22%3E%3C%2Fsvg%3E\" loading=\"eager\"><\/span><span class=\"fg-image-overlay\"><\/span><\/a><figcaption class=\"fg-caption\"><div class=\"fg-caption-inner\"><div class=\"fg-caption-desc\">Li\u0161ejn\u00edk na v\u011btvi\u010dce jedle, \u0160LP ML K\u0159tiny 2012.<\/div><\/div><\/figcaption><\/figure><div class=\"fg-loader\"><\/div><\/div><div class=\"fg-item fg-type-image fg-idle\"><figure class=\"fg-item-inner\"><a href=\"https:\/\/rumex.mendelu.cz\/atlasposkozenidrevin\/wp-content\/uploads\/2020\/05\/P6235137.jpg\" data-caption-title=\"Li\u0161ejn\u00edk na jabloni, Brno 2012.\" data-caption-desc=\"Li\u0161ejn\u00edk na jabloni, Brno 2012.\" data-attachment-id=\"4024\" data-type=\"image\" class=\"fg-thumb\"><span class=\"fg-image-wrap\"><img decoding=\"async\" title=\"Li\u0161ejn\u00edk na jabloni, Brno 2012.\" width=\"365\" height=\"320\" class=\"skip-lazy fg-image\" data-src-fg=\"https:\/\/rumex.mendelu.cz\/atlasposkozenidrevin\/wp-content\/uploads\/cache\/2020\/05\/P6235137\/1228019568.jpg\" src=\"data:image\/svg+xml,%3Csvg%20xmlns%3D%22http%3A%2F%2Fwww.w3.org%2F2000%2Fsvg%22%20width%3D%22365%22%20height%3D%22320%22%20viewBox%3D%220%200%20365%20320%22%3E%3C%2Fsvg%3E\" loading=\"eager\"><\/span><span class=\"fg-image-overlay\"><\/span><\/a><figcaption class=\"fg-caption\"><div class=\"fg-caption-inner\"><div class=\"fg-caption-desc\">Li\u0161ejn\u00edk na jabloni, Brno 2012.<\/div><\/div><\/figcaption><\/figure><div class=\"fg-loader\"><\/div><\/div><\/div>\n\n\n\n<p><\/p>\n\n\n\n<p>V\u00ddSKYT: celoro\u010dn\u011b, ale n\u00e1padn\u011bj\u0161\u00ed v&nbsp;bezlist\u00e9m stavu d\u0159evin. \u010casto u d\u0159evin p\u0159est\u00e1rl\u00fdch, \u0159ezem neo\u0161et\u0159ovan\u00fdch, anebo ve vlhk\u00fdch, pro proud\u011bn\u00ed vzduchu uzav\u0159en\u00fdch poloh\u00e1ch.<\/p>\n\n\n\n<p>V\u00ddZNAM A OCHRANA: v\u00a0minulosti se doporu\u010doval post\u0159ik zelenou skalic\u00ed, kmeny se nat\u00edraly \u201ev\u00e1penn\u00fdm ml\u00e9kem\u201c, dnes se v\u00edce \u0159e\u0161\u00ed stanovi\u0161tn\u00ed podm\u00ednky, \u010dasto p\u0159\u00edtomnost t\u011bchto organism\u016f je i indik\u00e1torem zanedban\u00e9ho o\u0161et\u0159en\u00ed \u0159ezem. \u0158e\u0161en\u00ed je v\u017edy individu\u00e1ln\u00ed v\u00a0z\u00e1vislosti na hostitelsk\u00e9 d\u0159evin\u011b a mikroklimatick\u00fdch podm\u00ednk\u00e1ch lokality. <\/p>\n\n\n\n<p><\/p>\n\n\n<style type=\"text\/css\">\n#foogallery-gallery-4033 .fg-image { width: 560px; }\n#foogallery-gallery-4033 { --fg-gutter: 10px; }<\/style>\n\t\t\t<div class=\"foogallery foogallery-container foogallery-default foogallery-lightbox-none fg-left fg-default fg-ready fg-light fg-border-thin fg-shadow-outline fg-loading-default fg-loaded-fade-in fg-caption-always fg-hover-fade fg-hover-zoom\" id=\"foogallery-gallery-4033\" data-foogallery=\"{&quot;item&quot;:{&quot;showCaptionTitle&quot;:false,&quot;showCaptionDescription&quot;:true},&quot;lazy&quot;:true}\" style=\"--fg-title-line-clamp: 0; --fg-description-line-clamp: 0;\" >\n\t<div class=\"fg-item fg-type-image fg-idle\"><figure class=\"fg-item-inner\"><a href=\"https:\/\/rumex.mendelu.cz\/atlasposkozenidrevin\/wp-content\/uploads\/2020\/05\/Trentepohlia-abietina-1.jpg\" data-caption-title=\"Trentepohlia sp. \u0159asa na kmeni, \u00dadol\u00ed Oslavy 2014.\" data-caption-desc=\"Trentepohlia sp. \u0159asa na kmeni, \u00dadol\u00ed Oslavy 2014.\" data-attachment-id=\"4027\" data-type=\"image\" class=\"fg-thumb\"><span class=\"fg-image-wrap\"><img decoding=\"async\" title=\"Trentepohlia sp. \u0159asa na kmeni, \u00dadol\u00ed Oslavy 2014.\" width=\"560\" height=\"430\" class=\"skip-lazy fg-image\" data-src-fg=\"https:\/\/rumex.mendelu.cz\/atlasposkozenidrevin\/wp-content\/uploads\/cache\/2020\/05\/Trentepohlia-abietina-1\/508105097.jpg\" src=\"data:image\/svg+xml,%3Csvg%20xmlns%3D%22http%3A%2F%2Fwww.w3.org%2F2000%2Fsvg%22%20width%3D%22560%22%20height%3D%22430%22%20viewBox%3D%220%200%20560%20430%22%3E%3C%2Fsvg%3E\" loading=\"eager\"><\/span><span class=\"fg-image-overlay\"><\/span><\/a><figcaption class=\"fg-caption\"><div class=\"fg-caption-inner\"><div class=\"fg-caption-desc\">Trentepohlia sp. \u0159asa na kmeni, \u00dadol\u00ed Oslavy 2014.<\/div><\/div><\/figcaption><\/figure><div class=\"fg-loader\"><\/div><\/div><div class=\"fg-item fg-type-image fg-idle\"><figure class=\"fg-item-inner\"><a href=\"https:\/\/rumex.mendelu.cz\/atlasposkozenidrevin\/wp-content\/uploads\/2020\/05\/Trentepohlia-abietina.jpg\" data-caption-title=\"Trentepohlia sp. \u0159asa na kmeni, \u00dadol\u00ed Oslavy 2014.\" data-caption-desc=\"Trentepohlia sp. \u0159asa na kmeni, \u00dadol\u00ed Oslavy 2014.\" data-attachment-id=\"4028\" data-type=\"image\" class=\"fg-thumb\"><span class=\"fg-image-wrap\"><img decoding=\"async\" title=\"Trentepohlia sp. \u0159asa na kmeni, \u00dadol\u00ed Oslavy 2014.\" width=\"560\" height=\"430\" class=\"skip-lazy fg-image\" data-src-fg=\"https:\/\/rumex.mendelu.cz\/atlasposkozenidrevin\/wp-content\/uploads\/cache\/2020\/05\/Trentepohlia-abietina\/3374118209.jpg\" src=\"data:image\/svg+xml,%3Csvg%20xmlns%3D%22http%3A%2F%2Fwww.w3.org%2F2000%2Fsvg%22%20width%3D%22560%22%20height%3D%22430%22%20viewBox%3D%220%200%20560%20430%22%3E%3C%2Fsvg%3E\" loading=\"eager\"><\/span><span class=\"fg-image-overlay\"><\/span><\/a><figcaption class=\"fg-caption\"><div class=\"fg-caption-inner\"><div class=\"fg-caption-desc\">Trentepohlia sp. \u0159asa na kmeni, \u00dadol\u00ed Oslavy 2014.<\/div><\/div><\/figcaption><\/figure><div class=\"fg-loader\"><\/div><\/div><\/div>\n","protected":false},"excerpt":{"rendered":"<p>HOSTITELSK\u00c9 D\u0158EVINY: r\u016fzn\u00e9 druhy d\u0159evin. POPIS PO\u0160KOZEN\u00cd: na v\u011btvi\u010dk\u00e1ch, kostern\u00edch v\u011btv\u00edch a kmeni nar\u016fstaj\u00ed povlaky [&hellip;]<\/p>\n","protected":false},"author":3,"featured_media":0,"parent":0,"menu_order":0,"comment_status":"closed","ping_status":"closed","template":"template-full-width.php","meta":{"footnotes":""},"class_list":["post-4020","page","type-page","status-publish","hentry"],"_links":{"self":[{"href":"https:\/\/rumex.mendelu.cz\/atlasposkozenidrevin\/index.php\/wp-json\/wp\/v2\/pages\/4020","targetHints":{"allow":["GET"]}}],"collection":[{"href":"https:\/\/rumex.mendelu.cz\/atlasposkozenidrevin\/index.php\/wp-json\/wp\/v2\/pages"}],"about":[{"href":"https:\/\/rumex.mendelu.cz\/atlasposkozenidrevin\/index.php\/wp-json\/wp\/v2\/types\/page"}],"author":[{"embeddable":true,"href":"https:\/\/rumex.mendelu.cz\/atlasposkozenidrevin\/index.php\/wp-json\/wp\/v2\/users\/3"}],"replies":[{"embeddable":true,"href":"https:\/\/rumex.mendelu.cz\/atlasposkozenidrevin\/index.php\/wp-json\/wp\/v2\/comments?post=4020"}],"version-history":[{"count":6,"href":"https:\/\/rumex.mendelu.cz\/atlasposkozenidrevin\/index.php\/wp-json\/wp\/v2\/pages\/4020\/revisions"}],"predecessor-version":[{"id":4036,"href":"https:\/\/rumex.mendelu.cz\/atlasposkozenidrevin\/index.php\/wp-json\/wp\/v2\/pages\/4020\/revisions\/4036"}],"wp:attachment":[{"href":"https:\/\/rumex.mendelu.cz\/atlasposkozenidrevin\/index.php\/wp-json\/wp\/v2\/media?parent=4020"}],"curies":[{"name":"wp","href":"https:\/\/api.w.org\/{rel}","templated":true}]}}