{"id":4008,"date":"2020-05-06T13:12:14","date_gmt":"2020-05-06T11:12:14","guid":{"rendered":"http:\/\/rumex.mendelu.cz\/atlasposkozenidrevin\/?page_id=4008"},"modified":"2020-06-01T09:59:57","modified_gmt":"2020-06-01T07:59:57","slug":"poskozeni-baze-drevin-psi-moci","status":"publish","type":"page","link":"https:\/\/rumex.mendelu.cz\/atlasposkozenidrevin\/index.php\/poskozeni-baze-drevin-psi-moci\/","title":{"rendered":"Po\u0161kozen\u00ed b\u00e1ze d\u0159evin ps\u00ed mo\u010d\u00ed"},"content":{"rendered":"\n<p>PO\u0160KOZOVAN\u00c9 D\u0158EVINY: v\u011bt\u0161ina druh\u016f d\u0159evin.<\/p>\n\n\n\n<p>POPIS PO\u0160KOZEN\u00cd: baz\u00e1ln\u00ed \u010d\u00e1st kmene m\u00e1 \u0161edav\u00e9 zabarven\u00ed, v\u011bt\u0161inou do v\u00fd\u0161ky cca 40 a\u017e 50 cm, n\u011bkdy doch\u00e1z\u00ed i k prask\u00e1n\u00ed borky a\u017e k odum\u00edr\u00e1n\u00ed t\u011bchto exponovan\u00fdch \u010d\u00e1st\u00ed. Mlad\u00e9 d\u0159eviny mohou \u017eloutnout a usychat, star\u0161\u00ed tak rychle nereaguj\u00ed. Tr\u00e1va v&nbsp;okol\u00ed b\u00e1ze d\u0159evin je zcela sp\u00e1len\u00e1, neroste. Je to d\u016fsledek teritori\u00e1ln\u00edho chov\u00e1n\u00ed ps\u016f hlavn\u011b samc\u016f, kte\u0159\u00ed si tak zna\u010dkuj\u00ed sv\u00e1 \u00fazem\u00ed. Mo\u010d obsahuje vysoce koncentrovan\u00e9 soli a hlavn\u011b velk\u00e9 mno\u017estv\u00ed dus\u00edku. <\/p>\n\n\n\n<p>OCHRANA A PREVENCE: pou\u017e\u00edv\u00e1n\u00ed ochrann\u00fdch ohr\u00e1dek, foli\u00ed a mul\u010de, kter\u00fd se pravideln\u011b vym\u011b\u0148uje, objevuj\u00ed se i tzv. ps\u00ed piso\u00e1ry (dut\u00e1 trubka s\u00a0otvory a v\u00edkem, p\u0159es kterou se mo\u010d odvede do n\u00e1dr\u017eky, kde se bu\u010f vsakuje do spodn\u00edho profilu p\u016fdy anebo se odv\u00e1d\u00ed do kanalizace, jsou vyrobeny  z\u00a0r\u016fzn\u00fdch typ\u016f  materi\u00e1l\u016f).<\/p>\n\n\n<style type=\"text\/css\">\n#foogallery-gallery-4011 .fg-image { width: 365px; }\n#foogallery-gallery-4011 { --fg-gutter: 10px; }<\/style>\n\t\t\t<div class=\"foogallery foogallery-container foogallery-default foogallery-lightbox-none fg-left fg-default fg-ready fg-light fg-border-thin fg-shadow-outline fg-loading-default fg-loaded-fade-in fg-caption-always fg-hover-fade fg-hover-zoom\" id=\"foogallery-gallery-4011\" data-foogallery=\"{&quot;item&quot;:{&quot;showCaptionTitle&quot;:false,&quot;showCaptionDescription&quot;:true},&quot;lazy&quot;:true}\" style=\"--fg-title-line-clamp: 0; --fg-description-line-clamp: 0;\" >\n\t<div class=\"fg-item fg-type-image fg-idle\"><figure class=\"fg-item-inner\"><a href=\"https:\/\/rumex.mendelu.cz\/atlasposkozenidrevin\/wp-content\/uploads\/2020\/05\/P911052211092009_43-1.jpg\" data-caption-title=\"B\u00e1ze d\u0159eviny po\u0161kozen\u00e1 ps\u00ed mo\u010d\u00ed, Brno Lu\u017e\u00e1nky 2009.\" data-caption-desc=\"B\u00e1ze d\u0159eviny po\u0161kozen\u00e1 ps\u00ed mo\u010d\u00ed, Brno Lu\u017e\u00e1nky 2009.\" data-attachment-id=\"4017\" data-type=\"image\" class=\"fg-thumb\"><span class=\"fg-image-wrap\"><img fetchpriority=\"high\" decoding=\"async\" title=\"B\u00e1ze d\u0159eviny po\u0161kozen\u00e1 ps\u00ed mo\u010d\u00ed, Brno Lu\u017e\u00e1nky 2009.\" width=\"365\" height=\"320\" class=\"skip-lazy fg-image\" data-src-fg=\"https:\/\/rumex.mendelu.cz\/atlasposkozenidrevin\/wp-content\/uploads\/cache\/2020\/05\/P911052211092009_43-1\/3239809523.jpg\" src=\"data:image\/svg+xml,%3Csvg%20xmlns%3D%22http%3A%2F%2Fwww.w3.org%2F2000%2Fsvg%22%20width%3D%22365%22%20height%3D%22320%22%20viewBox%3D%220%200%20365%20320%22%3E%3C%2Fsvg%3E\" loading=\"eager\"><\/span><span class=\"fg-image-overlay\"><\/span><\/a><figcaption class=\"fg-caption\"><div class=\"fg-caption-inner\"><div class=\"fg-caption-desc\">B\u00e1ze d\u0159eviny po\u0161kozen\u00e1 ps\u00ed mo\u010d\u00ed, Brno Lu\u017e\u00e1nky 2009.<\/div><\/div><\/figcaption><\/figure><div class=\"fg-loader\"><\/div><\/div><div class=\"fg-item fg-type-image fg-idle\"><figure class=\"fg-item-inner\"><a href=\"https:\/\/rumex.mendelu.cz\/atlasposkozenidrevin\/wp-content\/uploads\/2020\/05\/P911052411092009_45.jpg\" data-caption-title=\"B\u00e1ze d\u0159eviny po\u0161kozen\u00e1 ps\u00ed mo\u010d\u00ed, Brno Lu\u017e\u00e1nky 2009.\" data-caption-desc=\"B\u00e1ze d\u0159eviny po\u0161kozen\u00e1 ps\u00ed mo\u010d\u00ed, Brno Lu\u017e\u00e1nky 2009.\" data-attachment-id=\"4013\" data-type=\"image\" class=\"fg-thumb\"><span class=\"fg-image-wrap\"><img decoding=\"async\" title=\"B\u00e1ze d\u0159eviny po\u0161kozen\u00e1 ps\u00ed mo\u010d\u00ed, Brno Lu\u017e\u00e1nky 2009.\" width=\"365\" height=\"320\" class=\"skip-lazy fg-image\" data-src-fg=\"https:\/\/rumex.mendelu.cz\/atlasposkozenidrevin\/wp-content\/uploads\/cache\/2020\/05\/P911052411092009_45\/3418692449.jpg\" src=\"data:image\/svg+xml,%3Csvg%20xmlns%3D%22http%3A%2F%2Fwww.w3.org%2F2000%2Fsvg%22%20width%3D%22365%22%20height%3D%22320%22%20viewBox%3D%220%200%20365%20320%22%3E%3C%2Fsvg%3E\" loading=\"eager\"><\/span><span class=\"fg-image-overlay\"><\/span><\/a><figcaption class=\"fg-caption\"><div class=\"fg-caption-inner\"><div class=\"fg-caption-desc\">B\u00e1ze d\u0159eviny po\u0161kozen\u00e1 ps\u00ed mo\u010d\u00ed, Brno Lu\u017e\u00e1nky 2009.<\/div><\/div><\/figcaption><\/figure><div class=\"fg-loader\"><\/div><\/div><div class=\"fg-item fg-type-image fg-idle\"><figure class=\"fg-item-inner\"><a href=\"https:\/\/rumex.mendelu.cz\/atlasposkozenidrevin\/wp-content\/uploads\/2020\/05\/IMG_1315-e1610115643521.jpg\" data-caption-title=\"Ps\u00ed piso\u00e1r, Brno Lu\u017e\u00e1nky park 2021.\" data-caption-desc=\"Ps\u00ed piso\u00e1r, Brno Lu\u017e\u00e1nky park 2021.\" data-attachment-id=\"4268\" data-type=\"image\" class=\"fg-thumb\"><span class=\"fg-image-wrap\"><img decoding=\"async\" title=\"Ps\u00ed piso\u00e1r, Brno Lu\u017e\u00e1nky park 2021.\" width=\"365\" height=\"320\" class=\"skip-lazy fg-image\" data-src-fg=\"https:\/\/rumex.mendelu.cz\/atlasposkozenidrevin\/wp-content\/uploads\/cache\/2020\/05\/IMG_1315-e1610115643521\/993760774.jpg\" src=\"data:image\/svg+xml,%3Csvg%20xmlns%3D%22http%3A%2F%2Fwww.w3.org%2F2000%2Fsvg%22%20width%3D%22365%22%20height%3D%22320%22%20viewBox%3D%220%200%20365%20320%22%3E%3C%2Fsvg%3E\" loading=\"eager\"><\/span><span class=\"fg-image-overlay\"><\/span><\/a><figcaption class=\"fg-caption\"><div class=\"fg-caption-inner\"><div class=\"fg-caption-desc\">Ps\u00ed piso\u00e1r, Brno Lu\u017e\u00e1nky park 2021.<\/div><\/div><\/figcaption><\/figure><div class=\"fg-loader\"><\/div><\/div><\/div>\n","protected":false},"excerpt":{"rendered":"<p>PO\u0160KOZOVAN\u00c9 D\u0158EVINY: v\u011bt\u0161ina druh\u016f d\u0159evin. POPIS PO\u0160KOZEN\u00cd: baz\u00e1ln\u00ed \u010d\u00e1st kmene m\u00e1 \u0161edav\u00e9 zabarven\u00ed, v\u011bt\u0161inou do [&hellip;]<\/p>\n","protected":false},"author":3,"featured_media":0,"parent":0,"menu_order":0,"comment_status":"closed","ping_status":"closed","template":"template-full-width.php","meta":{"footnotes":""},"class_list":["post-4008","page","type-page","status-publish","hentry"],"_links":{"self":[{"href":"https:\/\/rumex.mendelu.cz\/atlasposkozenidrevin\/index.php\/wp-json\/wp\/v2\/pages\/4008","targetHints":{"allow":["GET"]}}],"collection":[{"href":"https:\/\/rumex.mendelu.cz\/atlasposkozenidrevin\/index.php\/wp-json\/wp\/v2\/pages"}],"about":[{"href":"https:\/\/rumex.mendelu.cz\/atlasposkozenidrevin\/index.php\/wp-json\/wp\/v2\/types\/page"}],"author":[{"embeddable":true,"href":"https:\/\/rumex.mendelu.cz\/atlasposkozenidrevin\/index.php\/wp-json\/wp\/v2\/users\/3"}],"replies":[{"embeddable":true,"href":"https:\/\/rumex.mendelu.cz\/atlasposkozenidrevin\/index.php\/wp-json\/wp\/v2\/comments?post=4008"}],"version-history":[{"count":5,"href":"https:\/\/rumex.mendelu.cz\/atlasposkozenidrevin\/index.php\/wp-json\/wp\/v2\/pages\/4008\/revisions"}],"predecessor-version":[{"id":4049,"href":"https:\/\/rumex.mendelu.cz\/atlasposkozenidrevin\/index.php\/wp-json\/wp\/v2\/pages\/4008\/revisions\/4049"}],"wp:attachment":[{"href":"https:\/\/rumex.mendelu.cz\/atlasposkozenidrevin\/index.php\/wp-json\/wp\/v2\/media?parent=4008"}],"curies":[{"name":"wp","href":"https:\/\/api.w.org\/{rel}","templated":true}]}}