{"id":396,"date":"2019-08-16T12:04:08","date_gmt":"2019-08-16T10:04:08","guid":{"rendered":"http:\/\/rumex.mendelu.cz\/atlasposkozenidrevin\/?page_id=396"},"modified":"2025-02-06T09:59:05","modified_gmt":"2025-02-06T08:59:05","slug":"rezavec-lesknavy","status":"publish","type":"page","link":"https:\/\/rumex.mendelu.cz\/atlasposkozenidrevin\/index.php\/rezavec-lesknavy\/","title":{"rendered":"rezavec lesknav\u00fd"},"content":{"rendered":"\n<p class=\"has-text-align-left has-medium-font-size\"><em><strong>Inonotus radiatus <\/strong><\/em><strong>(Sowerby) P. Karst. <\/strong><\/p>\n\n\n\n<p><strong>HOSTITELSK\u00c9 D\u0158EVINY: <\/strong>hlavn\u011b ol\u0161e (<em>Alnus<\/em> spp.), ale i dal\u0161\u00ed listn\u00e1\u010de \u2013 habr (<em>Carpinus<\/em> spp.), l\u00edska (<em>Corylus<\/em> spp.) &#8230;<\/p>\n\n\n\n<p><strong>SYMPTOMY:<\/strong> tvorba plodnic na kmeni a siln\u011bj\u0161\u00edch v\u011btv\u00edch.<\/p>\n\n\n\n<p><strong>PLODNICE:<\/strong> jednolet\u00e9, drobn\u00e9, zpo\u010d\u00e1tku rozlit\u00e9, pozd\u011bji se formuj\u00ed do polokloboukat\u00fdch, bokem p\u0159irostl\u00fdch klobouk\u016f, st\u0159echovit\u011b uspo\u0159\u00e1dan\u00fdch nad sebou, jejich okraj je ostr\u00fd, mlad\u00e9 plodnice jsou \u017elutorezav\u00e9 a\u017e rezav\u011bhn\u011bd\u00e9, star\u0161\u00ed pak hn\u011bdorezav\u00e9 nebo \u010dervenohn\u011bd\u00e9, povrch zpo\u010d\u00e1tku plstnat\u00fd, pozd\u011bji olys\u00e1vaj\u00edc\u00ed, du\u017enina je paprs\u010dit\u00e1, rezav\u011bhn\u011bd\u00e1, rourky jsou st\u0159\u00edb\u0159it\u011b t\u0159pytiv\u00e9. Nar\u016fstaj\u00ed od srpna a\u017e do podzimu, p\u0159es zimu se rozpadaj\u00ed. Nenar\u016fstaj\u00ed ka\u017edou sezonu.<\/p>\n\n\n\n<p><strong>HNILOBA:<\/strong> b\u00edl\u00e1, rychle postupuje kmenem.<\/p>\n\n\n\n<p><strong>V\u00ddZNAM A OCHRANA:<\/strong> na \u017eiv\u00fdch i odum\u0159el\u00fdch d\u0159evin\u00e1ch, vzhledem k&nbsp;rychl\u00e9mu pronik\u00e1n\u00ed hniloby hroz\u00ed jejich rozlomen\u00ed, determinace je z\u00e1visl\u00e1 na nar\u016fst\u00e1n\u00ed plodnic. <\/p>\n\n\n\n<p><strong>MO\u017dNOST Z\u00c1M\u011aNY: <\/strong>s jin\u00fdmi druhy rezavc\u016f, determinace podle hostitele a mikroskopie (sety v hymeniu h\u00e1kovit\u011b prohnut\u00e9). <\/p>\n\n\n<style type=\"text\/css\">\n#foogallery-gallery-3405 .fg-image { width: 365px; }\n#foogallery-gallery-3405 { --fg-gutter: 10px; }<\/style>\n\t\t\t<div class=\"foogallery foogallery-container foogallery-default foogallery-lightbox-none fg-left fg-default fg-ready fg-light fg-border-thin fg-shadow-outline fg-loading-default fg-loaded-fade-in fg-caption-always fg-hover-fade fg-hover-zoom\" id=\"foogallery-gallery-3405\" data-foogallery=\"{&quot;item&quot;:{&quot;showCaptionTitle&quot;:false,&quot;showCaptionDescription&quot;:true},&quot;lazy&quot;:true}\" style=\"--fg-title-line-clamp: 0; --fg-description-line-clamp: 0;\" >\n\t<\/div>\n\n\n<style type=\"text\/css\">\n#foogallery-gallery-4984 .fg-image { width: 365px; }\n#foogallery-gallery-4984 { --fg-gutter: 10px; }<\/style>\n\t\t\t<div class=\"foogallery foogallery-container foogallery-default foogallery-lightbox-foogallery fg-center fg-default fg-ready fg-light fg-border-thin fg-shadow-outline fg-loading-default fg-loaded-fade-in fg-caption-always fg-hover-fade fg-hover-zoom\" id=\"foogallery-gallery-4984\" data-foogallery=\"{&quot;item&quot;:{&quot;showCaptionTitle&quot;:true,&quot;showCaptionDescription&quot;:false},&quot;lazy&quot;:true}\" data-foogallery-lightbox=\"{&quot;thumbs&quot;:&quot;bottom&quot;,&quot;thumbsCaptions&quot;:false,&quot;thumbsBestFit&quot;:false,&quot;thumbsSmall&quot;:false,&quot;thumbsCaptionsAlign&quot;:&quot;default&quot;,&quot;info&quot;:&quot;bottom&quot;,&quot;infoVisible&quot;:true,&quot;infoOverlay&quot;:true,&quot;infoAlign&quot;:&quot;default&quot;,&quot;transition&quot;:&quot;fade&quot;,&quot;hoverButtons&quot;:false,&quot;fitMedia&quot;:false,&quot;noScrollbars&quot;:true,&quot;preserveButtonSpace&quot;:true,&quot;buttons&quot;:{&quot;fullscreen&quot;:true,&quot;info&quot;:true,&quot;thumbs&quot;:false},&quot;video&quot;:{&quot;autoPlay&quot;:true}}\" style=\"--fg-title-line-clamp: 0; --fg-description-line-clamp: 0;\" >\n\t<div class=\"fg-item fg-type-image fg-idle\"><figure class=\"fg-item-inner\"><a href=\"https:\/\/rumex.mendelu.cz\/atlasposkozenidrevin\/wp-content\/uploads\/2020\/03\/P926090026092009_54.jpg\" data-caption-title=\"Plodnice na kmenu ol\u0161e, K\u0159i\u017e\u00e1nky 2022.\" data-attachment-id=\"4983\" data-type=\"image\" class=\"fg-thumb\"><span class=\"fg-image-wrap\"><img fetchpriority=\"high\" decoding=\"async\" title=\"Plodnice na kmenu ol\u0161e, K\u0159i\u017e\u00e1nky 2022.\" width=\"365\" height=\"320\" class=\"skip-lazy fg-image\" data-src-fg=\"https:\/\/rumex.mendelu.cz\/atlasposkozenidrevin\/wp-content\/uploads\/cache\/2020\/03\/P926090026092009_54\/2983239296.jpg\" src=\"data:image\/svg+xml,%3Csvg%20xmlns%3D%22http%3A%2F%2Fwww.w3.org%2F2000%2Fsvg%22%20width%3D%22365%22%20height%3D%22320%22%20viewBox%3D%220%200%20365%20320%22%3E%3C%2Fsvg%3E\" loading=\"eager\"><\/span><span class=\"fg-image-overlay\"><\/span><\/a><figcaption class=\"fg-caption\"><div class=\"fg-caption-inner\"><div class=\"fg-caption-title\">Plodnice na kmenu ol\u0161e, K\u0159i\u017e\u00e1nky 2022.<\/div><\/div><\/figcaption><\/figure><div class=\"fg-loader\"><\/div><\/div><div class=\"fg-item fg-type-image fg-idle\"><figure class=\"fg-item-inner\"><a href=\"https:\/\/rumex.mendelu.cz\/atlasposkozenidrevin\/wp-content\/uploads\/2020\/03\/P926089726092009_51.jpg\" data-caption-title=\"Plodnice na kmenu ol\u0161e, K\u0159i\u017e\u00e1nky 2022.\" data-attachment-id=\"4982\" data-type=\"image\" class=\"fg-thumb\"><span class=\"fg-image-wrap\"><img decoding=\"async\" title=\"Plodnice na kmenu ol\u0161e, K\u0159i\u017e\u00e1nky 2022.\" width=\"365\" height=\"320\" class=\"skip-lazy fg-image\" data-src-fg=\"https:\/\/rumex.mendelu.cz\/atlasposkozenidrevin\/wp-content\/uploads\/cache\/2020\/03\/P926089726092009_51\/63397245.jpg\" src=\"data:image\/svg+xml,%3Csvg%20xmlns%3D%22http%3A%2F%2Fwww.w3.org%2F2000%2Fsvg%22%20width%3D%22365%22%20height%3D%22320%22%20viewBox%3D%220%200%20365%20320%22%3E%3C%2Fsvg%3E\" loading=\"eager\"><\/span><span class=\"fg-image-overlay\"><\/span><\/a><figcaption class=\"fg-caption\"><div class=\"fg-caption-inner\"><div class=\"fg-caption-title\">Plodnice na kmenu ol\u0161e, K\u0159i\u017e\u00e1nky 2022.<\/div><\/div><\/figcaption><\/figure><div class=\"fg-loader\"><\/div><\/div><div class=\"fg-item fg-type-image fg-idle\"><figure class=\"fg-item-inner\"><a href=\"https:\/\/rumex.mendelu.cz\/atlasposkozenidrevin\/wp-content\/uploads\/2020\/03\/P926087426092009_28.jpg\" data-caption-title=\"Plodnice na kmenu ol\u0161e, Brno 2006.\" data-attachment-id=\"4981\" data-type=\"image\" class=\"fg-thumb\"><span class=\"fg-image-wrap\"><img decoding=\"async\" title=\"Plodnice na kmenu ol\u0161e, Brno 2006.\" width=\"365\" height=\"320\" class=\"skip-lazy fg-image\" data-src-fg=\"https:\/\/rumex.mendelu.cz\/atlasposkozenidrevin\/wp-content\/uploads\/cache\/2020\/03\/P926087426092009_28\/1640471000.jpg\" src=\"data:image\/svg+xml,%3Csvg%20xmlns%3D%22http%3A%2F%2Fwww.w3.org%2F2000%2Fsvg%22%20width%3D%22365%22%20height%3D%22320%22%20viewBox%3D%220%200%20365%20320%22%3E%3C%2Fsvg%3E\" loading=\"eager\"><\/span><span class=\"fg-image-overlay\"><\/span><\/a><figcaption class=\"fg-caption\"><div class=\"fg-caption-inner\"><div class=\"fg-caption-title\">Plodnice na kmenu ol\u0161e, Brno 2006.<\/div><\/div><\/figcaption><\/figure><div class=\"fg-loader\"><\/div><\/div><\/div>\n","protected":false},"excerpt":{"rendered":"<p>Inonotus radiatus (Sowerby) P. Karst. HOSTITELSK\u00c9 D\u0158EVINY: hlavn\u011b ol\u0161e (Alnus spp.), ale i dal\u0161\u00ed listn\u00e1\u010de [&hellip;]<\/p>\n","protected":false},"author":2,"featured_media":0,"parent":0,"menu_order":0,"comment_status":"closed","ping_status":"closed","template":"template-full-width.php","meta":{"footnotes":""},"class_list":["post-396","page","type-page","status-publish","hentry"],"_links":{"self":[{"href":"https:\/\/rumex.mendelu.cz\/atlasposkozenidrevin\/index.php\/wp-json\/wp\/v2\/pages\/396","targetHints":{"allow":["GET"]}}],"collection":[{"href":"https:\/\/rumex.mendelu.cz\/atlasposkozenidrevin\/index.php\/wp-json\/wp\/v2\/pages"}],"about":[{"href":"https:\/\/rumex.mendelu.cz\/atlasposkozenidrevin\/index.php\/wp-json\/wp\/v2\/types\/page"}],"author":[{"embeddable":true,"href":"https:\/\/rumex.mendelu.cz\/atlasposkozenidrevin\/index.php\/wp-json\/wp\/v2\/users\/2"}],"replies":[{"embeddable":true,"href":"https:\/\/rumex.mendelu.cz\/atlasposkozenidrevin\/index.php\/wp-json\/wp\/v2\/comments?post=396"}],"version-history":[{"count":8,"href":"https:\/\/rumex.mendelu.cz\/atlasposkozenidrevin\/index.php\/wp-json\/wp\/v2\/pages\/396\/revisions"}],"predecessor-version":[{"id":4985,"href":"https:\/\/rumex.mendelu.cz\/atlasposkozenidrevin\/index.php\/wp-json\/wp\/v2\/pages\/396\/revisions\/4985"}],"wp:attachment":[{"href":"https:\/\/rumex.mendelu.cz\/atlasposkozenidrevin\/index.php\/wp-json\/wp\/v2\/media?parent=396"}],"curies":[{"name":"wp","href":"https:\/\/api.w.org\/{rel}","templated":true}]}}