{"id":390,"date":"2019-08-16T11:58:24","date_gmt":"2019-08-16T09:58:24","guid":{"rendered":"http:\/\/rumex.mendelu.cz\/atlasposkozenidrevin\/?page_id=390"},"modified":"2024-11-06T13:35:20","modified_gmt":"2024-11-06T12:35:20","slug":"lesklokorka-tmava","status":"publish","type":"page","link":"https:\/\/rumex.mendelu.cz\/atlasposkozenidrevin\/index.php\/lesklokorka-tmava\/","title":{"rendered":"lesklokorka tmav\u00e1"},"content":{"rendered":"\n<p style=\"text-align:left\" class=\"has-medium-font-size\"><strong><em>Ganoderma adspersum <\/em><\/strong><strong>(Schulzer) Donk <\/strong><\/p>\n\n\n\n<p><strong>HOSTITELSK\u00c9 D\u0158EVINY:<\/strong> listn\u00e1\u010de \u2013 buk (<em>Fagus <\/em>spp.), dub (<em>Quercus <\/em>spp.) platan (<em>Platanus<\/em> spp.), dal\u0161\u00ed exotick\u00e9 nep\u016fvodn\u00ed listnat\u00e9 d\u0159eviny v parc\u00edch a arboretech.<\/p>\n\n\n\n<p> <strong>SYMPTOMY:<\/strong> vytrval\u00e9 plodnice na kmeni.<\/p>\n\n\n\n<p><strong>PLODNICE:<\/strong> v\u00edcelet\u00e9, kopytovit\u00fd a\u017e zavalit\u00fd tvar, jsou siln\u011bj\u0161\u00ed ne\u017e u l. plosk\u00e9, p\u0159ir\u016fstaj\u00edc\u00ed okraj b\u00edl\u00fd a\u017e na\u017eloutl\u00fd, povrch tmav\u011b hn\u011bd\u00fd, stejn\u011b tmav\u011b hn\u011bd\u011b zbarven\u00e1 je i du\u017enina, plodnice \u010dasto nar\u016fstaj\u00ed na b\u00e1zi a v\u00a0doln\u00ed polovin\u011b kmene.<\/p>\n\n\n\n<p><\/p>\n\n\n<style type=\"text\/css\">\n#foogallery-gallery-3263 .fg-image { width: 560px; }\n#foogallery-gallery-3263 { --fg-gutter: 10px; }<\/style>\n\t\t\t<div class=\"foogallery foogallery-container foogallery-default foogallery-lightbox-none fg-left fg-default fg-ready fg-light fg-border-thin fg-shadow-outline fg-loading-default fg-loaded-fade-in fg-caption-always fg-hover-fade fg-hover-zoom\" id=\"foogallery-gallery-3263\" data-foogallery=\"{&quot;item&quot;:{&quot;showCaptionTitle&quot;:false,&quot;showCaptionDescription&quot;:true},&quot;lazy&quot;:true}\" style=\"--fg-title-line-clamp: 0; --fg-description-line-clamp: 0;\" >\n\t<div class=\"fg-item fg-type-image fg-idle\"><figure class=\"fg-item-inner\"><a href=\"https:\/\/rumex.mendelu.cz\/atlasposkozenidrevin\/wp-content\/uploads\/2020\/02\/P8242431.jpg\" data-caption-title=\"Plodnice lesklokorky na kmeni buku, Lednice park 2016.\" data-caption-desc=\"Plodnice lesklokorky na kmeni buku, Lednice park 2016.\" data-attachment-id=\"2078\" data-type=\"image\" class=\"fg-thumb\"><span class=\"fg-image-wrap\"><img fetchpriority=\"high\" decoding=\"async\" title=\"Plodnice lesklokorky na kmeni buku, Lednice park 2016.\" width=\"560\" height=\"430\" class=\"skip-lazy fg-image\" data-src-fg=\"https:\/\/rumex.mendelu.cz\/atlasposkozenidrevin\/wp-content\/uploads\/cache\/2020\/02\/P8242431\/2247860510.jpg\" src=\"data:image\/svg+xml,%3Csvg%20xmlns%3D%22http%3A%2F%2Fwww.w3.org%2F2000%2Fsvg%22%20width%3D%22560%22%20height%3D%22430%22%20viewBox%3D%220%200%20560%20430%22%3E%3C%2Fsvg%3E\" loading=\"eager\"><\/span><span class=\"fg-image-overlay\"><\/span><\/a><figcaption class=\"fg-caption\"><div class=\"fg-caption-inner\"><div class=\"fg-caption-desc\">Plodnice lesklokorky na kmeni buku, Lednice park 2016.<\/div><\/div><\/figcaption><\/figure><div class=\"fg-loader\"><\/div><\/div><div class=\"fg-item fg-type-image fg-idle\"><figure class=\"fg-item-inner\"><a href=\"https:\/\/rumex.mendelu.cz\/atlasposkozenidrevin\/wp-content\/uploads\/2020\/02\/Ganoderma-adspersum-000-1.jpg\" data-caption-title=\"Plodnice na buku, Lednice park 2012.\" data-caption-desc=\"Plodnice na buku, Lednice park 2012.\" data-attachment-id=\"4978\" data-type=\"image\" class=\"fg-thumb\"><span class=\"fg-image-wrap\"><img decoding=\"async\" title=\"Plodnice na buku, Lednice park 2012.\" width=\"560\" height=\"430\" class=\"skip-lazy fg-image\" data-src-fg=\"https:\/\/rumex.mendelu.cz\/atlasposkozenidrevin\/wp-content\/uploads\/cache\/2020\/02\/Ganoderma-adspersum-000-1\/3835762719.jpg\" src=\"data:image\/svg+xml,%3Csvg%20xmlns%3D%22http%3A%2F%2Fwww.w3.org%2F2000%2Fsvg%22%20width%3D%22560%22%20height%3D%22430%22%20viewBox%3D%220%200%20560%20430%22%3E%3C%2Fsvg%3E\" loading=\"eager\"><\/span><span class=\"fg-image-overlay\"><\/span><\/a><figcaption class=\"fg-caption\"><div class=\"fg-caption-inner\"><div class=\"fg-caption-desc\">Plodnice na buku, Lednice park 2012.<\/div><\/div><\/figcaption><\/figure><div class=\"fg-loader\"><\/div><\/div><\/div>\n\n\n\n<p><\/p>\n\n\n\n<p> <strong>HNILOBA:<\/strong> b\u00edl\u00e1, v hnilob\u011b trhliny s b\u00edl\u00fdm pror\u016fstaj\u00edc\u00edm myceliem.<\/p>\n\n\n\n<p><strong>V\u00ddZNAM A OCHRANA:<\/strong> hniloba vnik\u00e1 do kmene p\u0159es poran\u011bn\u00ed na b\u00e1zi kmene, doch\u00e1z\u00ed k naru\u0161en\u00ed stability, po\u010det plodnic a jejich nar\u016fst\u00e1n\u00ed odpov\u00edd\u00e1 m\u00ed\u0159e rozvinut\u00ed hniloby.<\/p>\n\n\n\n<p><strong>MO\u017dNOST Z\u00c1M\u011aNY:<\/strong> lesklokorka plosk\u00e1 (<em>Ganoderma applanatum<\/em>), m\u00e1 plodnice m\u00e9n\u011b zavalit\u00e9, ten\u010d\u00ed, du\u017eninu sv\u011btle hn\u011bd\u011b zbarvenou, p\u0159i pochybnostech je doporu\u010dena mikroskopie.<\/p>\n\n\n\n<p><\/p>\n\n\n<style type=\"text\/css\">\n#foogallery-gallery-3264 .fg-image { width: 365px; }\n#foogallery-gallery-3264 { --fg-gutter: 10px; }<\/style>\n\t\t\t<div class=\"foogallery foogallery-container foogallery-default foogallery-lightbox-none fg-left fg-default fg-ready fg-light fg-border-thin fg-shadow-outline fg-loading-default fg-loaded-fade-in fg-caption-always fg-hover-fade fg-hover-zoom\" id=\"foogallery-gallery-3264\" data-foogallery=\"{&quot;item&quot;:{&quot;showCaptionTitle&quot;:false,&quot;showCaptionDescription&quot;:true},&quot;lazy&quot;:true}\" style=\"--fg-title-line-clamp: 0; --fg-description-line-clamp: 0;\" >\n\t<div class=\"fg-item fg-type-image fg-idle\"><figure class=\"fg-item-inner\"><a href=\"https:\/\/rumex.mendelu.cz\/atlasposkozenidrevin\/wp-content\/uploads\/2020\/02\/P6069059.jpg\" data-caption-title=\"Plodnice na pa\u0159ezu dubu, Lednice 2016.\" data-caption-desc=\"Plodnice na pa\u0159ezu dubu, Lednice 2016.\" data-attachment-id=\"2071\" data-type=\"image\" class=\"fg-thumb\"><span class=\"fg-image-wrap\"><img decoding=\"async\" title=\"Plodnice na pa\u0159ezu dubu, Lednice 2016.\" width=\"365\" height=\"320\" class=\"skip-lazy fg-image\" data-src-fg=\"https:\/\/rumex.mendelu.cz\/atlasposkozenidrevin\/wp-content\/uploads\/cache\/2020\/02\/P6069059\/3862127421.jpg\" src=\"data:image\/svg+xml,%3Csvg%20xmlns%3D%22http%3A%2F%2Fwww.w3.org%2F2000%2Fsvg%22%20width%3D%22365%22%20height%3D%22320%22%20viewBox%3D%220%200%20365%20320%22%3E%3C%2Fsvg%3E\" loading=\"eager\"><\/span><span class=\"fg-image-overlay\"><\/span><\/a><figcaption class=\"fg-caption\"><div class=\"fg-caption-inner\"><div class=\"fg-caption-desc\">Plodnice na pa\u0159ezu dubu, Lednice 2016.<\/div><\/div><\/figcaption><\/figure><div class=\"fg-loader\"><\/div><\/div><div class=\"fg-item fg-type-image fg-idle\"><figure class=\"fg-item-inner\"><a href=\"https:\/\/rumex.mendelu.cz\/atlasposkozenidrevin\/wp-content\/uploads\/2020\/02\/P6069053.jpg\" data-caption-title=\"Plodnice na pa\u0159ezu dubu, Str\u00e1\u017enice 2017.\" data-caption-desc=\"Plodnice na pa\u0159ezu dubu, Str\u00e1\u017enice 2017.\" data-attachment-id=\"2070\" data-type=\"image\" class=\"fg-thumb\"><span class=\"fg-image-wrap\"><img decoding=\"async\" title=\"Plodnice na pa\u0159ezu dubu, Str\u00e1\u017enice 2017.\" width=\"365\" height=\"320\" class=\"skip-lazy fg-image\" data-src-fg=\"https:\/\/rumex.mendelu.cz\/atlasposkozenidrevin\/wp-content\/uploads\/cache\/2020\/02\/P6069053\/770232232.jpg\" src=\"data:image\/svg+xml,%3Csvg%20xmlns%3D%22http%3A%2F%2Fwww.w3.org%2F2000%2Fsvg%22%20width%3D%22365%22%20height%3D%22320%22%20viewBox%3D%220%200%20365%20320%22%3E%3C%2Fsvg%3E\" loading=\"eager\"><\/span><span class=\"fg-image-overlay\"><\/span><\/a><figcaption class=\"fg-caption\"><div class=\"fg-caption-inner\"><div class=\"fg-caption-desc\">Plodnice na pa\u0159ezu dubu, Str\u00e1\u017enice 2017.<\/div><\/div><\/figcaption><\/figure><div class=\"fg-loader\"><\/div><\/div><div class=\"fg-item fg-type-image fg-idle\"><figure class=\"fg-item-inner\"><a href=\"https:\/\/rumex.mendelu.cz\/atlasposkozenidrevin\/wp-content\/uploads\/2020\/02\/Ganoderma-ll-13.jpg\" data-caption-title=\"Plodnice na pa\u0159ezu buku, Str\u00e1\u017enice 2011.\" data-caption-desc=\"Plodnice na pa\u0159ezu buku, Str\u00e1\u017enice 2011.\" data-attachment-id=\"4979\" data-type=\"image\" class=\"fg-thumb\"><span class=\"fg-image-wrap\"><img decoding=\"async\" title=\"Plodnice na pa\u0159ezu buku, Str\u00e1\u017enice 2011.\" width=\"365\" height=\"320\" class=\"skip-lazy fg-image\" data-src-fg=\"https:\/\/rumex.mendelu.cz\/atlasposkozenidrevin\/wp-content\/uploads\/cache\/2020\/02\/Ganoderma-ll-13\/1256963860.jpg\" src=\"data:image\/svg+xml,%3Csvg%20xmlns%3D%22http%3A%2F%2Fwww.w3.org%2F2000%2Fsvg%22%20width%3D%22365%22%20height%3D%22320%22%20viewBox%3D%220%200%20365%20320%22%3E%3C%2Fsvg%3E\" loading=\"eager\"><\/span><span class=\"fg-image-overlay\"><\/span><\/a><figcaption class=\"fg-caption\"><div class=\"fg-caption-inner\"><div class=\"fg-caption-desc\">Plodnice na pa\u0159ezu buku, Str\u00e1\u017enice 2011.<\/div><\/div><\/figcaption><\/figure><div class=\"fg-loader\"><\/div><\/div><\/div>\n","protected":false},"excerpt":{"rendered":"<p>Ganoderma adspersum (Schulzer) Donk HOSTITELSK\u00c9 D\u0158EVINY: listn\u00e1\u010de \u2013 buk (Fagus spp.), dub (Quercus spp.) platan [&hellip;]<\/p>\n","protected":false},"author":2,"featured_media":0,"parent":0,"menu_order":0,"comment_status":"closed","ping_status":"closed","template":"template-full-width.php","meta":{"footnotes":""},"class_list":["post-390","page","type-page","status-publish","hentry"],"_links":{"self":[{"href":"https:\/\/rumex.mendelu.cz\/atlasposkozenidrevin\/index.php\/wp-json\/wp\/v2\/pages\/390","targetHints":{"allow":["GET"]}}],"collection":[{"href":"https:\/\/rumex.mendelu.cz\/atlasposkozenidrevin\/index.php\/wp-json\/wp\/v2\/pages"}],"about":[{"href":"https:\/\/rumex.mendelu.cz\/atlasposkozenidrevin\/index.php\/wp-json\/wp\/v2\/types\/page"}],"author":[{"embeddable":true,"href":"https:\/\/rumex.mendelu.cz\/atlasposkozenidrevin\/index.php\/wp-json\/wp\/v2\/users\/2"}],"replies":[{"embeddable":true,"href":"https:\/\/rumex.mendelu.cz\/atlasposkozenidrevin\/index.php\/wp-json\/wp\/v2\/comments?post=390"}],"version-history":[{"count":6,"href":"https:\/\/rumex.mendelu.cz\/atlasposkozenidrevin\/index.php\/wp-json\/wp\/v2\/pages\/390\/revisions"}],"predecessor-version":[{"id":3266,"href":"https:\/\/rumex.mendelu.cz\/atlasposkozenidrevin\/index.php\/wp-json\/wp\/v2\/pages\/390\/revisions\/3266"}],"wp:attachment":[{"href":"https:\/\/rumex.mendelu.cz\/atlasposkozenidrevin\/index.php\/wp-json\/wp\/v2\/media?parent=390"}],"curies":[{"name":"wp","href":"https:\/\/api.w.org\/{rel}","templated":true}]}}