{"id":3788,"date":"2020-04-01T14:39:33","date_gmt":"2020-04-01T12:39:33","guid":{"rendered":"http:\/\/rumex.mendelu.cz\/atlasposkozenidrevin\/?page_id=3788"},"modified":"2023-08-17T09:54:09","modified_gmt":"2023-08-17T07:54:09","slug":"studijni-materialy","status":"publish","type":"page","link":"https:\/\/rumex.mendelu.cz\/atlasposkozenidrevin\/index.php\/studijni-materialy\/","title":{"rendered":"STUDIJN\u00cd MATERI\u00c1LY"},"content":{"rendered":"\n<p>Zde si m\u016f\u017eete st\u00e1hnout n\u011bkter\u00e9 studijn\u00ed materi\u00e1ly souvisej\u00edc\u00ed s diagnostikou onemocn\u011bn\u00ed a po\u0161kozen\u00ed d\u0159evin, jejich ochranou, environment\u00e1ln\u00edmi riziky \u010di adaptivn\u00edm managementem lesn\u00edch ekosyst\u00e9m\u016f.<\/p>\n\n\n<style type=\"text\/css\">\n#foogallery-gallery-3852 .fg-image { width: 250px; }\n#foogallery-gallery-3852 { --fg-gutter: 10px; }<\/style>\n\t\t\t<div class=\"foogallery foogallery-container foogallery-default foogallery-lightbox-none fg-left fg-default fg-ready fg-light fg-border-thin fg-shadow-outline fg-loading-default fg-loaded-fade-in fg-hover-fade fg-hover-external\" id=\"foogallery-gallery-3852\" data-foogallery=\"{&quot;item&quot;:{&quot;showCaptionTitle&quot;:false,&quot;showCaptionDescription&quot;:false},&quot;lazy&quot;:true}\" style=\"--fg-title-line-clamp: 0; --fg-description-line-clamp: 0;\" >\n\t<div class=\"fg-item fg-type-iframe fg-idle\"><figure class=\"fg-item-inner\"><a href=\"https:\/\/rumex.mendelu.cz\/atlasposkozenidrevin\/wp-content\/uploads\/2023\/08\/Ochrana_drevin.pdf\" data-attachment-id=\"3846\" data-type=\"iframe\" class=\"fg-thumb\"><span class=\"fg-image-wrap\"><img fetchpriority=\"high\" decoding=\"async\" width=\"250\" height=\"340\" class=\"skip-lazy fg-image\" data-src-fg=\"https:\/\/rumex.mendelu.cz\/atlasposkozenidrevin\/wp-content\/uploads\/cache\/2020\/04\/Screenshot_2020-04-01-Ochrana_drevin-pdf\/813328807.jpg\" src=\"data:image\/svg+xml,%3Csvg%20xmlns%3D%22http%3A%2F%2Fwww.w3.org%2F2000%2Fsvg%22%20width%3D%22250%22%20height%3D%22340%22%20viewBox%3D%220%200%20250%20340%22%3E%3C%2Fsvg%3E\" loading=\"eager\"><\/span><span class=\"fg-image-overlay\"><\/span><\/a><\/figure><div class=\"fg-loader\"><\/div><\/div><div class=\"fg-item fg-type-iframe fg-idle\"><figure class=\"fg-item-inner\"><a href=\"https:\/\/rumex.mendelu.cz\/atlasposkozenidrevin\/wp-content\/uploads\/2020\/04\/KATALOG_dvoustranky_FINAL.pdf\" data-attachment-id=\"3847\" data-type=\"iframe\" class=\"fg-thumb\"><span class=\"fg-image-wrap\"><img decoding=\"async\" width=\"250\" height=\"340\" class=\"skip-lazy fg-image\" data-src-fg=\"https:\/\/rumex.mendelu.cz\/atlasposkozenidrevin\/wp-content\/uploads\/cache\/2020\/04\/Screenshot_2020-04-01-KATALOG_dvoustranky_FINAL-pdf\/227578112.jpg\" src=\"data:image\/svg+xml,%3Csvg%20xmlns%3D%22http%3A%2F%2Fwww.w3.org%2F2000%2Fsvg%22%20width%3D%22250%22%20height%3D%22340%22%20viewBox%3D%220%200%20250%20340%22%3E%3C%2Fsvg%3E\" loading=\"eager\"><\/span><span class=\"fg-image-overlay\"><\/span><\/a><\/figure><div class=\"fg-loader\"><\/div><\/div><div class=\"fg-item fg-type-iframe fg-idle\"><figure class=\"fg-item-inner\"><a href=\"https:\/\/rumex.mendelu.cz\/atlasposkozenidrevin\/wp-content\/uploads\/2020\/04\/SBORNIK_S-TROM_OPEN_FORUM-2019.pdf\" data-attachment-id=\"3937\" data-type=\"iframe\" class=\"fg-thumb\"><span class=\"fg-image-wrap\"><img decoding=\"async\" width=\"250\" height=\"340\" class=\"skip-lazy fg-image\" data-src-fg=\"https:\/\/rumex.mendelu.cz\/atlasposkozenidrevin\/wp-content\/uploads\/cache\/2020\/04\/sbornik_S-TROM\/3508666914.jpg\" src=\"data:image\/svg+xml,%3Csvg%20xmlns%3D%22http%3A%2F%2Fwww.w3.org%2F2000%2Fsvg%22%20width%3D%22250%22%20height%3D%22340%22%20viewBox%3D%220%200%20250%20340%22%3E%3C%2Fsvg%3E\" loading=\"eager\"><\/span><span class=\"fg-image-overlay\"><\/span><\/a><\/figure><div class=\"fg-loader\"><\/div><\/div><\/div>\n\n\n\n<p><\/p>\n\n\n\n<blockquote class=\"wp-block-quote is-layout-flow wp-block-quote-is-layout-flow\"><p><strong>\u010cerm\u00e1k P., Holu\u0161a, O., Cudl\u00edn P., Jankovsk\u00fd L., 2014. OCHRANA D\u0158EVIN \u2013 obecn\u00e1 ochrana, abiotick\u00e9 a antropogenn\u00ed stresory.<\/strong><em> <\/em> LDF MENDELU, 314 s.  <\/p><p><em>Publikace vznikla v r\u00e1mci \u0159e\u0161en\u00ed projektu Inovace biologick\u00fdch a lesnick\u00fdch discipl\u00edn pro vy\u0161\u0161\u00ed konkurenceschopnost InoBio  \u2013 CZ.1.07\/2.2.00\/28.0018. Tento  projekt byl spolufinancov\u00e1n Evropsk\u00fdm soci\u00e1ln\u00edm fondem a St\u00e1tn\u00edm rozpo\u010dtem \u010cR. <\/em><\/p><p><a href=\"https:\/\/rumex.mendelu.cz\/atlasposkozenidrevin\/wp-content\/uploads\/2023\/08\/Ochrana_drevin.pdf\">OCHRANA D\u0158EVIN v pdf<\/a><\/p><\/blockquote>\n\n\n\n<blockquote class=\"wp-block-quote is-layout-flow wp-block-quote-is-layout-flow\"><p><strong>\u010cerm\u00e1k P., Zatloukal V., Cienciala E., Pokorn\u00fd R., Kadav\u00fd J., Kneifl M., Kadlec J., Dobrovoln\u00fd L., Martin\u00edk T., Mikita T., Adamec Z., Kupec P., Sloup R., \u0160i\u0161\u00e1k L., Pulkrab K., Trnka M., Jure\u010dka F. 2016. KATALOG LESNICK\u00ddCH ADAPTA\u010cN\u00cdCH OPAT\u0158EN\u00cd.<\/strong>  MENDELU, \u010cZU, IFER, NIBIO, 152 s.  <\/p><p><em>Realizov\u00e1no v r\u00e1mci projektu EHP-CZ02-OV-1-019-2014 FRAMEADAPT R\u00e1mce<\/em> <em>a mo\u017enosti lesnick\u00fdch adapta\u010dn\u00edch opat\u0159en\u00ed a strategi\u00ed souvisej\u00edc\u00edch se zm\u011bnami klimatu<\/em>.  <\/p><p><a href=\"http:\/\/rumex.mendelu.cz\/atlasposkozenidrevin\/wp-content\/uploads\/2020\/04\/KATALOG_dvoustranky_FINAL.pdf\">KATALOG ADAPTA\u010cN\u00cdCH OPAT\u0158EN\u00cd (dvoustr\u00e1nky v pdf)<\/a> <\/p><p><a href=\"http:\/\/rumex.mendelu.cz\/atlasposkozenidrevin\/wp-content\/uploads\/2020\/04\/KATALOG_FINAL_po_strankach_web.pdf\">KATALOG ADAPTA\u010cN\u00cdCH OPAT\u0158EN\u00cd (po str\u00e1nk\u00e1ch v pdf)<\/a><\/p><\/blockquote>\n\n\n\n<blockquote class=\"wp-block-quote is-layout-flow wp-block-quote-is-layout-flow\"><p><strong>Kula E.  2014. OCHRANA LESA VE ST\u0158EDOEVROPSK\u00ddCH PODM\u00cdNK\u00c1CH  1. \u010c\u00c1ST \u2013 l\u00fdko\u017erout smrkov\u00fd (<\/strong><em><strong>Ips typographus<\/strong><\/em><strong> L.) kalamitn\u00ed \u0161k\u016fdce smrkov\u00fdch ekosyst\u00e9m\u016f st\u0159edn\u00ed Evropy.  <\/strong>MENDELU, 69 s. <\/p><p><em>Publikace vznikla v r\u00e1mci \u0159e\u0161en\u00ed projektu Inovace biologick\u00fdch a lesnick\u00fdch discipl\u00edn pro vy\u0161\u0161\u00ed konkurenceschopnost InoBio  \u2013 CZ.1.07\/2.2.00\/28.0018. Tento  projekt byl spolufinancov\u00e1n Evropsk\u00fdm soci\u00e1ln\u00edm fondem a St\u00e1tn\u00edm rozpo\u010dtem \u010cR.  <\/em><\/p><p><a href=\"http:\/\/rumex.mendelu.cz\/atlasposkozenidrevin\/wp-content\/uploads\/2020\/04\/Ochrana_lesa.pdf\">L\u00ddKO\u017dROUT SMRKOV\u00dd v pdf<\/a><\/p><\/blockquote>\n\n\n\n<blockquote class=\"wp-block-quote is-layout-flow wp-block-quote-is-layout-flow\"><p><strong>\u010cerm\u00e1k P., Trnka M., Martinek P., Kadav\u00fd J., Posp\u00ed\u0161il T., Erber A., Rybn\u00ed\u010dek M., Pokorn\u00fd R., Dobrovoln\u00fd L. 2019. <\/strong>MITIGACE A ADAPTACE V HOSPODA\u0158EN\u00cd S D\u0158EVINN\u00ddMI POROSTY \u2013 V\u00ddCHODISKA, SOU\u010cASN\u00dd STAV REALIZACE, BL\u00cdZK\u00c9 V\u00ddHLEDY. <strong> <\/strong>MENDELU, 459 s. <\/p><p><em>Sborn\u00edk vznikl s podporou projektu S-TROM \u2013 CZ.1.07\/2.4.00\/17.0023. Tento  projekt byl spolufinancov\u00e1n Evropsk\u00fdm soci\u00e1ln\u00edm fondem a St\u00e1tn\u00edm rozpo\u010dtem \u010cR.  <\/em><\/p><p><a href=\"http:\/\/rumex.mendelu.cz\/atlasposkozenidrevin\/wp-content\/uploads\/2020\/04\/SBORNIK_S-TROM_OPEN_FORUM-2019.pdf\">SBORN\u00cdK v pdf<\/a><\/p><\/blockquote>\n\n\n\n<p class=\"has-medium-font-size\"><strong>DOPORU\u010cEN\u00c9 EXTERN\u00cd ZDROJE:<\/strong><\/p>\n\n\n\n<div class=\"wp-block-image\"><figure class=\"alignleft is-resized\"><img decoding=\"async\" src=\"http:\/\/rumex.mendelu.cz\/atlasposkozenidrevin\/wp-content\/uploads\/2020\/04\/rlp-logo.jpg\" alt=\"\" class=\"wp-image-3829\" width=\"125\" srcset=\"https:\/\/rumex.mendelu.cz\/atlasposkozenidrevin\/wp-content\/uploads\/2020\/04\/rlp-logo.jpg 400w, https:\/\/rumex.mendelu.cz\/atlasposkozenidrevin\/wp-content\/uploads\/2020\/04\/rlp-logo-300x212.jpg 300w\" sizes=\"(max-width: 400px) 100vw, 400px\" \/><\/figure><\/div>\n\n\n\n<p><a href=\"http:\/\/eagri.cz\/public\/app\/srs_pub\/fytoportal\/public\/#rlp|domu|uvod\">ROSTLINOL\u00c9KA\u0158SK\u00dd PORT\u00c1L \u00daKZ\u00daZ<\/a><br>OBSAH: atlas poruch, po\u0161kozen\u00ed a \u0161kodliv\u00fdch organism\u016f (choroby, \u0161k\u016fdci,   plevele, parazitick\u00e9 rostliny), p\u0159\u00edpravky na ochranu rostlin,   fytosanit\u00e1rn\u00ed rizika EU.   <\/p>\n\n\n\n<div class=\"wp-block-media-text alignwide is-stacked-on-mobile\"><figure class=\"wp-block-media-text__media\"><img alt=\"\"\/><\/figure><div class=\"wp-block-media-text__content\">\n<p class=\"has-large-font-size\"><\/p>\n<\/div><\/div>\n\n\n\n<div class=\"wp-block-image\"><figure class=\"alignleft is-resized\"><img decoding=\"async\" src=\"https:\/\/rumex.mendelu.cz\/atlasposkozenidrevin\/wp-content\/uploads\/2020\/04\/Screenshot_2020-04-02-Mykologie_net.jpg\" alt=\"\" class=\"wp-image-3898\" width=\"125\" srcset=\"https:\/\/rumex.mendelu.cz\/atlasposkozenidrevin\/wp-content\/uploads\/2020\/04\/Screenshot_2020-04-02-Mykologie_net.jpg 453w, https:\/\/rumex.mendelu.cz\/atlasposkozenidrevin\/wp-content\/uploads\/2020\/04\/Screenshot_2020-04-02-Mykologie_net-300x187.jpg 300w\" sizes=\"(max-width: 453px) 100vw, 453px\" \/><\/figure><\/div>\n\n\n\n<p><a href=\"http:\/\/www.mykologie.net\/index.php\/houby\">MYKOLOGIE.NET<\/a><br>OBSAH: atlas hub podle typu plodnic, stanovi\u0161t\u011b, taxonomick\u00e9ho za\u0159azen\u00ed, substr\u00e1tu, ohro\u017een\u00ed. <br>  <\/p>\n\n\n\n<div class=\"wp-block-media-text alignwide is-stacked-on-mobile\"><figure class=\"wp-block-media-text__media\"><img alt=\"\"\/><\/figure><div class=\"wp-block-media-text__content\">\n<p class=\"has-large-font-size\"><\/p>\n<\/div><\/div>\n\n\n\n<div class=\"wp-block-image\"><figure class=\"alignleft is-resized\"><img decoding=\"async\" src=\"http:\/\/rumex.mendelu.cz\/atlasposkozenidrevin\/wp-content\/uploads\/2020\/04\/CMS.jpg\" alt=\"\" class=\"wp-image-3953\" width=\"125\"\/><\/figure><\/div>\n\n\n\n<p><a href=\"https:\/\/www.myko.cz\/myko-atlas\/\">MYKO ATLAS \u010cESK\u00c9 MYKOLOGICK\u00c9 SPOLE\u010cNOSTI<\/a><br>OBSAH: atlas v abecedn\u00edm i systematick\u00e9m \u0159azen\u00ed a cel\u00e1 \u0159ada dal\u0161\u00edch infomac\u00ed \u010cMS, Mykologick\u00fd sborn\u00edk&#8230;<\/p>\n\n\n\n\n\n<div class=\"wp-block-image\"><figure class=\"alignleft is-resized\"><img decoding=\"async\" src=\"http:\/\/rumex.mendelu.cz\/atlasposkozenidrevin\/wp-content\/uploads\/2020\/04\/Screenshot_2020-04-03_BioLib.jpg\" alt=\"\" class=\"wp-image-3973\" width=\"125\" srcset=\"https:\/\/rumex.mendelu.cz\/atlasposkozenidrevin\/wp-content\/uploads\/2020\/04\/Screenshot_2020-04-03_BioLib.jpg 349w, https:\/\/rumex.mendelu.cz\/atlasposkozenidrevin\/wp-content\/uploads\/2020\/04\/Screenshot_2020-04-03_BioLib-300x168.jpg 300w\" sizes=\"(max-width: 349px) 100vw, 349px\" \/><\/figure><\/div>\n\n\n\n<p><a href=\"https:\/\/www.biolib.cz\/\">BIOLOGICAL LIBRARY \u2013 BioLib.cz <\/a><br>OBSAH: taxonomick\u00fd syst\u00e9m, galerie fotografi\u00ed, v\u00fdkladov\u00fd a p\u0159ekladov\u00fd slovn\u00edk, datab\u00e1ze odkaz\u016f, biotop\u016f a chr\u00e1n\u011bn\u00fdch \u00fazem\u00ed.<\/p>\n\n\n\n<p><\/p>\n\n\n\n\n\n<div class=\"wp-block-image\"><figure class=\"alignleft is-resized\"><img loading=\"lazy\" decoding=\"async\" src=\"http:\/\/rumex.mendelu.cz\/atlasposkozenidrevin\/wp-content\/uploads\/2020\/04\/Screenshot_2020-04-02.jpg\" alt=\"\" class=\"wp-image-3924\" width=\"125\" height=\"246\"\/><\/figure><\/div>\n\n\n\n<p><a href=\"http:\/\/svaz-skolkaru.cz\/wp-content\/uploads\/metodika-ochrany-verejne-zelene-pred-skodlivymi-organismy-rostlin.pdf\">\u0160afr\u00e1nkov\u00e1 I., Tr\u00e1vn\u00ed\u010dkov\u00e1 Z. 2015. METODIKA OCHRANY VE\u0158EJN\u00c9 ZELEN\u011a P\u0158ED \u0160KODLIV\u00ddMI ORGANISMY ROSTLIN, MZe, 130 s.<\/a><br>OBSAH: diagnostika, ochrann\u00e1 opat\u0159en\u00ed, p\u0159\u00edpravky, faktory ovliv\u0148uj\u00edc\u00ed jejich pou\u017eit\u00ed, legislativa. <\/p>\n\n\n\n\n\n<div class=\"wp-block-image\"><figure class=\"alignleft is-resized\"><img loading=\"lazy\" decoding=\"async\" src=\"https:\/\/rumex.mendelu.cz\/atlasposkozenidrevin\/wp-content\/uploads\/2020\/04\/Screenshot_2020-04-01-Brozura_Hmyzi_skudci-pdf.png\" alt=\"\" class=\"wp-image-3858\" width=\"125\" height=\"225\"\/><\/figure><\/div>\n\n\n\n<p><a href=\"https:\/\/www.vulhm.cz\/files\/uploads\/2019\/03\/Brozura_Hmyzi_skudci.pdf\">Modlinger R., Li\u0161ka J., Kn\u00ed\u017eek M. 2015. HMYZ\u00cd \u0160K\u016eDCI NA\u0160ICH LES\u016e, MZe a V\u00daLHM, 22 s.<\/a><br>OBSAH: mot\u00fdli na smrku, ploskoh\u0159betky a pilatky na smrku, k\u016frovci na smrku, k\u016frovci na borovici, podkorn\u00ed a d\u0159evokazn\u00fd hmyz na dubu, chrousti v lesn\u00edch porostech, \u0161k\u016fdci ve v\u00fdsadb\u00e1ch, h\u00e1lky a miny. <\/p>\n\n\n\n\n\n<div class=\"wp-block-media-text alignwide is-stacked-on-mobile\"><figure class=\"wp-block-media-text__media\"><img alt=\"\"\/><\/figure><div class=\"wp-block-media-text__content\">\n<p class=\"has-large-font-size\"><\/p>\n<\/div><\/div>\n\n\n\n<p> <\/p>\n","protected":false},"excerpt":{"rendered":"<p>Zde si m\u016f\u017eete st\u00e1hnout n\u011bkter\u00e9 studijn\u00ed materi\u00e1ly souvisej\u00edc\u00ed s diagnostikou onemocn\u011bn\u00ed a po\u0161kozen\u00ed d\u0159evin, jejich [&hellip;]<\/p>\n","protected":false},"author":4,"featured_media":0,"parent":0,"menu_order":0,"comment_status":"closed","ping_status":"closed","template":"template-full-width.php","meta":{"footnotes":""},"class_list":["post-3788","page","type-page","status-publish","hentry"],"_links":{"self":[{"href":"https:\/\/rumex.mendelu.cz\/atlasposkozenidrevin\/index.php\/wp-json\/wp\/v2\/pages\/3788","targetHints":{"allow":["GET"]}}],"collection":[{"href":"https:\/\/rumex.mendelu.cz\/atlasposkozenidrevin\/index.php\/wp-json\/wp\/v2\/pages"}],"about":[{"href":"https:\/\/rumex.mendelu.cz\/atlasposkozenidrevin\/index.php\/wp-json\/wp\/v2\/types\/page"}],"author":[{"embeddable":true,"href":"https:\/\/rumex.mendelu.cz\/atlasposkozenidrevin\/index.php\/wp-json\/wp\/v2\/users\/4"}],"replies":[{"embeddable":true,"href":"https:\/\/rumex.mendelu.cz\/atlasposkozenidrevin\/index.php\/wp-json\/wp\/v2\/comments?post=3788"}],"version-history":[{"count":142,"href":"https:\/\/rumex.mendelu.cz\/atlasposkozenidrevin\/index.php\/wp-json\/wp\/v2\/pages\/3788\/revisions"}],"predecessor-version":[{"id":4292,"href":"https:\/\/rumex.mendelu.cz\/atlasposkozenidrevin\/index.php\/wp-json\/wp\/v2\/pages\/3788\/revisions\/4292"}],"wp:attachment":[{"href":"https:\/\/rumex.mendelu.cz\/atlasposkozenidrevin\/index.php\/wp-json\/wp\/v2\/media?parent=3788"}],"curies":[{"name":"wp","href":"https:\/\/api.w.org\/{rel}","templated":true}]}}