{"id":378,"date":"2019-08-16T11:47:45","date_gmt":"2019-08-16T09:47:45","guid":{"rendered":"http:\/\/rumex.mendelu.cz\/atlasposkozenidrevin\/?page_id=378"},"modified":"2024-11-06T13:35:21","modified_gmt":"2024-11-06T12:35:21","slug":"lesklokorka-ploska","status":"publish","type":"page","link":"https:\/\/rumex.mendelu.cz\/atlasposkozenidrevin\/index.php\/lesklokorka-ploska\/","title":{"rendered":"lesklokorka plosk\u00e1"},"content":{"rendered":"\n<p style=\"text-align:left\" class=\"has-medium-font-size\"><strong><em>Ganoderma applanatum<\/em><\/strong><strong> (Pers.) Pat. <\/strong><\/p>\n\n\n\n<p class=\"has-normal-font-size\"><strong>SYNONYMUM:<\/strong> <em><strong>Ganoderma lipsiense<\/strong><\/em> <strong>(Batsch) G.F. Atk.<\/strong><\/p>\n\n\n\n<p><strong>HOSTITELSK\u00c9 D\u0158EVINY: <\/strong>listn\u00e1\u010de \u2013 buky (<em>Fagus <\/em>spp.), habry (<em>Carpinus <\/em>spp.), duby (<em>Quercus<\/em> spp.), vrby (<em>Salix<\/em> spp.) a dal\u0161\u00ed, ale tak\u00e9 jehli\u010dnany nap\u0159.: jedle (<em>Abies<\/em> spp.) a smrky (<em>Picea<\/em> spp.), ale m\u00e9n\u011b \u010dasto.<\/p>\n\n\n\n<p><strong>SYMPTOMY:<\/strong> vyr\u016fstaj\u00edc\u00ed plodnice na kmeni a na jeho b\u00e1zi, \u010dasto v m\u00edst\u011b poran\u011bn\u00ed, v\u011bt\u0161inou st\u0159echovit\u011b nad sebou.<\/p>\n\n\n\n<p><strong>PLODNICE:<\/strong> vytrval\u00e9, ploch\u00e9, tenk\u00e9, bokem p\u0159irostl\u00e9 k podkladu, na povrchu maj\u00ed tenkou k\u016fru, hrbolatou, p\u00e1sovanou, nelesklou, \u0161edohn\u011bdou a\u017e hn\u011bdou, rourky v\u00edcevrstv\u00e9, okrouhl\u00e9, drobn\u00e9, b\u00edl\u00e9, po otla\u010den\u00ed hn\u011bdnouc\u00ed, du\u017enina sv\u011btle hn\u011bd\u00e1 a\u017e hn\u011bd\u00e1, \u010dasto b\u011blav\u011b skvrnit\u00e1, kakaov\u011b hn\u011bd\u00fd v\u00fdtrusn\u00fd prach, velice \u010dast\u00fd v okol\u00ed plodnic, v hymeniu na spodn\u00ed stran\u011b plodnice mohou b\u00fdt narostl\u00e9 h\u00e1lky mu\u0161ky <em>Agathomyia wankowiczii<\/em> (Schnabl).<\/p>\n\n\n\n<p><\/p>\n\n\n<style type=\"text\/css\">\n#foogallery-gallery-3256 .fg-image { width: 365px; }\n#foogallery-gallery-3256 { --fg-gutter: 10px; }<\/style>\n\t\t\t<div class=\"foogallery foogallery-container foogallery-default foogallery-lightbox-none fg-left fg-default fg-ready fg-light fg-border-thin fg-shadow-outline fg-loading-default fg-loaded-fade-in fg-caption-always fg-hover-fade fg-hover-zoom\" id=\"foogallery-gallery-3256\" data-foogallery=\"{&quot;item&quot;:{&quot;showCaptionTitle&quot;:false,&quot;showCaptionDescription&quot;:true},&quot;lazy&quot;:true}\" style=\"--fg-title-line-clamp: 0; --fg-description-line-clamp: 0;\" >\n\t<div class=\"fg-item fg-type-image fg-idle\"><figure class=\"fg-item-inner\"><a href=\"https:\/\/rumex.mendelu.cz\/atlasposkozenidrevin\/wp-content\/uploads\/2020\/02\/PA283760.jpg\" data-caption-title=\"Plodnice na kmenu buku, Rakoveck\u00e9 \u00fadol\u00ed 2014.\" data-caption-desc=\"Plodnice na kmenu buku, Rakoveck\u00e9 \u00fadol\u00ed 2014.\" data-attachment-id=\"4973\" data-type=\"image\" class=\"fg-thumb\"><span class=\"fg-image-wrap\"><img fetchpriority=\"high\" decoding=\"async\" title=\"Plodnice na kmenu buku, Rakoveck\u00e9 \u00fadol\u00ed 2014.\" width=\"365\" height=\"320\" class=\"skip-lazy fg-image\" data-src-fg=\"https:\/\/rumex.mendelu.cz\/atlasposkozenidrevin\/wp-content\/uploads\/cache\/2020\/02\/PA283760\/1425647364.jpg\" src=\"data:image\/svg+xml,%3Csvg%20xmlns%3D%22http%3A%2F%2Fwww.w3.org%2F2000%2Fsvg%22%20width%3D%22365%22%20height%3D%22320%22%20viewBox%3D%220%200%20365%20320%22%3E%3C%2Fsvg%3E\" loading=\"eager\"><\/span><span class=\"fg-image-overlay\"><\/span><\/a><figcaption class=\"fg-caption\"><div class=\"fg-caption-inner\"><div class=\"fg-caption-desc\">Plodnice na kmenu buku, Rakoveck\u00e9 \u00fadol\u00ed 2014.<\/div><\/div><\/figcaption><\/figure><div class=\"fg-loader\"><\/div><\/div><div class=\"fg-item fg-type-image fg-idle\"><figure class=\"fg-item-inner\"><a href=\"https:\/\/rumex.mendelu.cz\/atlasposkozenidrevin\/wp-content\/uploads\/2020\/02\/P7104768.jpg\" data-caption-title=\"Plodnice na kmenu buku, \u0160LP K\u0159tiny 2006.\" data-caption-desc=\"Plodnice na kmenu buku, \u0160LP K\u0159tiny 2006.\" data-attachment-id=\"4970\" data-type=\"image\" class=\"fg-thumb\"><span class=\"fg-image-wrap\"><img decoding=\"async\" title=\"Plodnice na kmenu buku, \u0160LP K\u0159tiny 2006.\" width=\"365\" height=\"320\" class=\"skip-lazy fg-image\" data-src-fg=\"https:\/\/rumex.mendelu.cz\/atlasposkozenidrevin\/wp-content\/uploads\/cache\/2020\/02\/P7104768\/3915422486.jpg\" src=\"data:image\/svg+xml,%3Csvg%20xmlns%3D%22http%3A%2F%2Fwww.w3.org%2F2000%2Fsvg%22%20width%3D%22365%22%20height%3D%22320%22%20viewBox%3D%220%200%20365%20320%22%3E%3C%2Fsvg%3E\" loading=\"eager\"><\/span><span class=\"fg-image-overlay\"><\/span><\/a><figcaption class=\"fg-caption\"><div class=\"fg-caption-inner\"><div class=\"fg-caption-desc\">Plodnice na kmenu buku, \u0160LP K\u0159tiny 2006.<\/div><\/div><\/figcaption><\/figure><div class=\"fg-loader\"><\/div><\/div><div class=\"fg-item fg-type-image fg-idle\"><figure class=\"fg-item-inner\"><a href=\"https:\/\/rumex.mendelu.cz\/atlasposkozenidrevin\/wp-content\/uploads\/2020\/02\/Ganoderma_applanatum.jpg\" data-caption-title=\"Plodnice na pa\u0159ezu buku, PR Coufav\u00e1 2010.\" data-caption-desc=\"Plodnice na pa\u0159ezu buku, PR Coufav\u00e1 2010.\" data-attachment-id=\"4968\" data-type=\"image\" class=\"fg-thumb\"><span class=\"fg-image-wrap\"><img decoding=\"async\" title=\"Plodnice na pa\u0159ezu buku, PR Coufav\u00e1 2010.\" width=\"365\" height=\"320\" class=\"skip-lazy fg-image\" data-src-fg=\"https:\/\/rumex.mendelu.cz\/atlasposkozenidrevin\/wp-content\/uploads\/cache\/2020\/02\/Ganoderma_applanatum\/2101647960.jpg\" src=\"data:image\/svg+xml,%3Csvg%20xmlns%3D%22http%3A%2F%2Fwww.w3.org%2F2000%2Fsvg%22%20width%3D%22365%22%20height%3D%22320%22%20viewBox%3D%220%200%20365%20320%22%3E%3C%2Fsvg%3E\" loading=\"eager\"><\/span><span class=\"fg-image-overlay\"><\/span><\/a><figcaption class=\"fg-caption\"><div class=\"fg-caption-inner\"><div class=\"fg-caption-desc\">Plodnice na pa\u0159ezu buku, PR Coufav\u00e1 2010.<\/div><\/div><\/figcaption><\/figure><div class=\"fg-loader\"><\/div><\/div><\/div>\n\n\n<style type=\"text\/css\">\n#foogallery-gallery-3257 .fg-image { width: 365px; }\n#foogallery-gallery-3257 { --fg-gutter: 10px; }<\/style>\n\t\t\t<div class=\"foogallery foogallery-container foogallery-default foogallery-lightbox-none fg-left fg-default fg-ready fg-light fg-border-thin fg-shadow-outline fg-loading-default fg-loaded-fade-in fg-caption-always fg-hover-fade fg-hover-zoom\" id=\"foogallery-gallery-3257\" data-foogallery=\"{&quot;item&quot;:{&quot;showCaptionTitle&quot;:false,&quot;showCaptionDescription&quot;:true},&quot;lazy&quot;:true}\" style=\"--fg-title-line-clamp: 0; --fg-description-line-clamp: 0;\" >\n\t<div class=\"fg-item fg-type-image fg-idle\"><figure class=\"fg-item-inner\"><a href=\"https:\/\/rumex.mendelu.cz\/atlasposkozenidrevin\/wp-content\/uploads\/2020\/02\/ganoderma_applanatum7.jpg\" data-caption-title=\"Plodnice na pa\u0159ezu buku, PR Coufav\u00e1 2006.\" data-caption-desc=\"Plodnice na pa\u0159ezu buku, PR Coufav\u00e1 2006.\" data-attachment-id=\"4969\" data-type=\"image\" class=\"fg-thumb\"><span class=\"fg-image-wrap\"><img decoding=\"async\" title=\"Plodnice na pa\u0159ezu buku, PR Coufav\u00e1 2006.\" width=\"365\" height=\"320\" class=\"skip-lazy fg-image\" data-src-fg=\"https:\/\/rumex.mendelu.cz\/atlasposkozenidrevin\/wp-content\/uploads\/cache\/2020\/02\/ganoderma_applanatum7\/4251574841.jpg\" src=\"data:image\/svg+xml,%3Csvg%20xmlns%3D%22http%3A%2F%2Fwww.w3.org%2F2000%2Fsvg%22%20width%3D%22365%22%20height%3D%22320%22%20viewBox%3D%220%200%20365%20320%22%3E%3C%2Fsvg%3E\" loading=\"eager\"><\/span><span class=\"fg-image-overlay\"><\/span><\/a><figcaption class=\"fg-caption\"><div class=\"fg-caption-inner\"><div class=\"fg-caption-desc\">Plodnice na pa\u0159ezu buku, PR Coufav\u00e1 2006.<\/div><\/div><\/figcaption><\/figure><div class=\"fg-loader\"><\/div><\/div><div class=\"fg-item fg-type-image fg-idle\"><figure class=\"fg-item-inner\"><a href=\"https:\/\/rumex.mendelu.cz\/atlasposkozenidrevin\/wp-content\/uploads\/2020\/02\/DSCN3356.jpg\" data-caption-title=\"Plodnice na kmenu dubu, PR Coufav\u00e1 2010.\" data-caption-desc=\"Plodnice na kmenu dubu, PR Coufav\u00e1 2010.\" data-attachment-id=\"4966\" data-type=\"image\" class=\"fg-thumb\"><span class=\"fg-image-wrap\"><img decoding=\"async\" title=\"Plodnice na kmenu dubu, PR Coufav\u00e1 2010.\" width=\"365\" height=\"320\" class=\"skip-lazy fg-image\" data-src-fg=\"https:\/\/rumex.mendelu.cz\/atlasposkozenidrevin\/wp-content\/uploads\/cache\/2020\/02\/DSCN3356\/3379664079.jpg\" src=\"data:image\/svg+xml,%3Csvg%20xmlns%3D%22http%3A%2F%2Fwww.w3.org%2F2000%2Fsvg%22%20width%3D%22365%22%20height%3D%22320%22%20viewBox%3D%220%200%20365%20320%22%3E%3C%2Fsvg%3E\" loading=\"eager\"><\/span><span class=\"fg-image-overlay\"><\/span><\/a><figcaption class=\"fg-caption\"><div class=\"fg-caption-inner\"><div class=\"fg-caption-desc\">Plodnice na kmenu dubu, PR Coufav\u00e1 2010.<\/div><\/div><\/figcaption><\/figure><div class=\"fg-loader\"><\/div><\/div><div class=\"fg-item fg-type-image fg-idle\"><figure class=\"fg-item-inner\"><a href=\"https:\/\/rumex.mendelu.cz\/atlasposkozenidrevin\/wp-content\/uploads\/2020\/02\/P7104769.jpg\" data-caption-title=\"B\u00edl\u00e9 hymenium plodnice, Such\u00fd vrch 2006.\" data-caption-desc=\"B\u00edl\u00e9 hymenium plodnice, Such\u00fd vrch 2006.\" data-attachment-id=\"4971\" data-type=\"image\" class=\"fg-thumb\"><span class=\"fg-image-wrap\"><img decoding=\"async\" title=\"B\u00edl\u00e9 hymenium plodnice, Such\u00fd vrch 2006.\" width=\"365\" height=\"320\" class=\"skip-lazy fg-image\" data-src-fg=\"https:\/\/rumex.mendelu.cz\/atlasposkozenidrevin\/wp-content\/uploads\/cache\/2020\/02\/P7104769\/218320719.jpg\" src=\"data:image\/svg+xml,%3Csvg%20xmlns%3D%22http%3A%2F%2Fwww.w3.org%2F2000%2Fsvg%22%20width%3D%22365%22%20height%3D%22320%22%20viewBox%3D%220%200%20365%20320%22%3E%3C%2Fsvg%3E\" loading=\"eager\"><\/span><span class=\"fg-image-overlay\"><\/span><\/a><figcaption class=\"fg-caption\"><div class=\"fg-caption-inner\"><div class=\"fg-caption-desc\">B\u00edl\u00e9 hymenium plodnice, Such\u00fd vrch 2006.<\/div><\/div><\/figcaption><\/figure><div class=\"fg-loader\"><\/div><\/div><\/div>\n\n\n\n<p><\/p>\n\n\n\n<p><strong>HNILOBA:<\/strong> b\u00edl\u00e1, v posledn\u00ed f\u00e1zi rozkladu vl\u00e1knit\u011b se rozpadaj\u00edc\u00ed.<\/p>\n\n\n\n<p><strong>V\u00ddZNAM A OCHRANA:<\/strong> p\u0159i vyr\u016fst\u00e1n\u00ed plodnic na b\u00e1zi kmene doch\u00e1z\u00ed k naru\u0161en\u00ed stability stromu, prevenc\u00ed je zabr\u00e1nit poran\u011bn\u00ed d\u0159evin.<\/p>\n\n\n\n<p><strong>MO\u017dNOST Z\u00c1M\u011aNY:<\/strong> troudnatec kopytovit\u00fd (<em>Fomes fomentarius<\/em>) m\u00e1 robustn\u011bj\u0161\u00ed plodnice, rezav\u011b hn\u011bdou du\u017eninu a b\u00edl\u00fd v\u00fdtrusn\u00fd prach. <\/p>\n\n\n\n<p><\/p>\n\n\n<style type=\"text\/css\">\n#foogallery-gallery-3260 .fg-image { width: 560px; }\n#foogallery-gallery-3260 { --fg-gutter: 10px; }<\/style>\n\t\t\t<div class=\"foogallery foogallery-container foogallery-default foogallery-lightbox-none fg-left fg-default fg-ready fg-light fg-border-thin fg-shadow-outline fg-loading-default fg-loaded-fade-in fg-caption-always fg-hover-fade fg-hover-zoom\" id=\"foogallery-gallery-3260\" data-foogallery=\"{&quot;item&quot;:{&quot;showCaptionTitle&quot;:false,&quot;showCaptionDescription&quot;:true},&quot;lazy&quot;:true}\" style=\"--fg-title-line-clamp: 0; --fg-description-line-clamp: 0;\" >\n\t<div class=\"fg-item fg-type-image fg-idle\"><figure class=\"fg-item-inner\"><a href=\"https:\/\/rumex.mendelu.cz\/atlasposkozenidrevin\/wp-content\/uploads\/2020\/02\/P7104771.jpg\" data-caption-title=\"Plodnice na padl\u00e9m kmenu buku, Such\u00fd vrch 2006.\" data-caption-desc=\"Plodnice na padl\u00e9m kmenu buku, Such\u00fd vrch 2006.\" data-attachment-id=\"4972\" data-type=\"image\" class=\"fg-thumb\"><span class=\"fg-image-wrap\"><img decoding=\"async\" title=\"Plodnice na padl\u00e9m kmenu buku, Such\u00fd vrch 2006.\" width=\"560\" height=\"430\" class=\"skip-lazy fg-image\" data-src-fg=\"https:\/\/rumex.mendelu.cz\/atlasposkozenidrevin\/wp-content\/uploads\/cache\/2020\/02\/P7104771\/1475383206.jpg\" src=\"data:image\/svg+xml,%3Csvg%20xmlns%3D%22http%3A%2F%2Fwww.w3.org%2F2000%2Fsvg%22%20width%3D%22560%22%20height%3D%22430%22%20viewBox%3D%220%200%20560%20430%22%3E%3C%2Fsvg%3E\" loading=\"eager\"><\/span><span class=\"fg-image-overlay\"><\/span><\/a><figcaption class=\"fg-caption\"><div class=\"fg-caption-inner\"><div class=\"fg-caption-desc\">Plodnice na padl\u00e9m kmenu buku, Such\u00fd vrch 2006.<\/div><\/div><\/figcaption><\/figure><div class=\"fg-loader\"><\/div><\/div><div class=\"fg-item fg-type-image fg-idle\"><figure class=\"fg-item-inner\"><a href=\"https:\/\/rumex.mendelu.cz\/atlasposkozenidrevin\/wp-content\/uploads\/2020\/02\/ganoderma_aplanatum1.jpg\" data-caption-title=\"Plodnice na buku, Vihorlat, Slovensko 2012.\" data-caption-desc=\"Plodnice na buku, Vihorlat, Slovensko 2012.\" data-attachment-id=\"4967\" data-type=\"image\" class=\"fg-thumb\"><span class=\"fg-image-wrap\"><img decoding=\"async\" title=\"Plodnice na buku, Vihorlat, Slovensko 2012.\" width=\"560\" height=\"430\" class=\"skip-lazy fg-image\" data-src-fg=\"https:\/\/rumex.mendelu.cz\/atlasposkozenidrevin\/wp-content\/uploads\/cache\/2020\/02\/ganoderma_aplanatum1\/2963056521.jpg\" src=\"data:image\/svg+xml,%3Csvg%20xmlns%3D%22http%3A%2F%2Fwww.w3.org%2F2000%2Fsvg%22%20width%3D%22560%22%20height%3D%22430%22%20viewBox%3D%220%200%20560%20430%22%3E%3C%2Fsvg%3E\" loading=\"eager\"><\/span><span class=\"fg-image-overlay\"><\/span><\/a><figcaption class=\"fg-caption\"><div class=\"fg-caption-inner\"><div class=\"fg-caption-desc\">Plodnice na buku, Vihorlat, Slovensko 2012.<\/div><\/div><\/figcaption><\/figure><div class=\"fg-loader\"><\/div><\/div><\/div>\n","protected":false},"excerpt":{"rendered":"<p>Ganoderma applanatum (Pers.) Pat. SYNONYMUM: Ganoderma lipsiense (Batsch) G.F. Atk. HOSTITELSK\u00c9 D\u0158EVINY: listn\u00e1\u010de \u2013 buky [&hellip;]<\/p>\n","protected":false},"author":2,"featured_media":0,"parent":0,"menu_order":0,"comment_status":"closed","ping_status":"closed","template":"template-full-width.php","meta":{"footnotes":""},"class_list":["post-378","page","type-page","status-publish","hentry"],"_links":{"self":[{"href":"https:\/\/rumex.mendelu.cz\/atlasposkozenidrevin\/index.php\/wp-json\/wp\/v2\/pages\/378","targetHints":{"allow":["GET"]}}],"collection":[{"href":"https:\/\/rumex.mendelu.cz\/atlasposkozenidrevin\/index.php\/wp-json\/wp\/v2\/pages"}],"about":[{"href":"https:\/\/rumex.mendelu.cz\/atlasposkozenidrevin\/index.php\/wp-json\/wp\/v2\/types\/page"}],"author":[{"embeddable":true,"href":"https:\/\/rumex.mendelu.cz\/atlasposkozenidrevin\/index.php\/wp-json\/wp\/v2\/users\/2"}],"replies":[{"embeddable":true,"href":"https:\/\/rumex.mendelu.cz\/atlasposkozenidrevin\/index.php\/wp-json\/wp\/v2\/comments?post=378"}],"version-history":[{"count":5,"href":"https:\/\/rumex.mendelu.cz\/atlasposkozenidrevin\/index.php\/wp-json\/wp\/v2\/pages\/378\/revisions"}],"predecessor-version":[{"id":3262,"href":"https:\/\/rumex.mendelu.cz\/atlasposkozenidrevin\/index.php\/wp-json\/wp\/v2\/pages\/378\/revisions\/3262"}],"wp:attachment":[{"href":"https:\/\/rumex.mendelu.cz\/atlasposkozenidrevin\/index.php\/wp-json\/wp\/v2\/media?parent=378"}],"curies":[{"name":"wp","href":"https:\/\/api.w.org\/{rel}","templated":true}]}}