{"id":371,"date":"2019-08-16T11:26:51","date_gmt":"2019-08-16T09:26:51","guid":{"rendered":"http:\/\/rumex.mendelu.cz\/atlasposkozenidrevin\/?page_id=371"},"modified":"2024-11-06T13:35:47","modified_gmt":"2024-11-06T12:35:47","slug":"ohnovec-ovocny","status":"publish","type":"page","link":"https:\/\/rumex.mendelu.cz\/atlasposkozenidrevin\/index.php\/ohnovec-ovocny\/","title":{"rendered":"oh\u0148ovec ovocn\u00fd"},"content":{"rendered":"\n<p style=\"text-align:left\" class=\"has-medium-font-size\"><strong><em>Phellinus pomaceus&nbsp;<\/em><\/strong> <strong>(Pers.) Maire<em> &nbsp;<\/em><\/strong><\/p>\n\n\n\n<p><strong>SYNONYMUM: <\/strong><em><strong>Phellinus tuberculosus<\/strong><\/em><strong> Niemel\u00e4<\/strong><\/p>\n\n\n\n<p><strong>HOSTITELSK\u00c9 D\u0158EVINY:<\/strong> <em>Prunus <\/em>spp.,<em> <\/em>hlavn\u011b okrasn\u00e9 sakury, ale i ovocn\u00e9 d\u0159eviny \u2013 t\u0159e\u0161n\u011b, \u0161vestky, myrobal\u00e1ny, meru\u0148ky.<\/p>\n\n\n\n<p><strong>SYMPTOMY:<\/strong> hojn\u00e9 plodnice na kmeni a v\u011btv\u00edch.<\/p>\n\n\n\n<p><strong>PLODNICE: <\/strong>v\u00edcelet\u00e9, men\u0161\u00ed, boch\u00e1nkovit\u00e9ho tvaru, rezav\u011b hn\u011bd\u00e9 a\u017e hn\u011bd\u00e9, rourky rezav\u011b hn\u011bd\u00e9, star\u00e9 plodnice maj\u00ed pol\u00ed\u010dkovit\u011b rozpraskan\u00fd povrch, du\u017enina je velmi tvrd\u00e1, \u010dasto nar\u016fstaj\u00ed ze spodn\u00ed strany v\u011btv\u00ed ve v\u011bt\u0161\u00edm po\u010dtu nebo i jednotliv\u011b. <\/p>\n\n\n\n<p><\/p>\n\n\n<style type=\"text\/css\">\n#foogallery-gallery-3248 .fg-image { width: 365px; }\n#foogallery-gallery-3248 { --fg-gutter: 10px; }<\/style>\n\t\t\t<div class=\"foogallery foogallery-container foogallery-default foogallery-lightbox-none fg-left fg-default fg-ready fg-light fg-border-thin fg-shadow-outline fg-loading-default fg-loaded-fade-in fg-caption-always fg-hover-fade fg-hover-zoom\" id=\"foogallery-gallery-3248\" data-foogallery=\"{&quot;item&quot;:{&quot;showCaptionTitle&quot;:false,&quot;showCaptionDescription&quot;:true},&quot;lazy&quot;:true}\" style=\"--fg-title-line-clamp: 0; --fg-description-line-clamp: 0;\" >\n\t<div class=\"fg-item fg-type-image fg-idle\"><figure class=\"fg-item-inner\"><a href=\"https:\/\/rumex.mendelu.cz\/atlasposkozenidrevin\/wp-content\/uploads\/2020\/02\/P6178600.jpg\" data-caption-title=\"Plodnice na \u0161vestce, Brno 2006.\" data-caption-desc=\"Plodnice na \u0161vestce, Brno 2006.\" data-attachment-id=\"2059\" data-type=\"image\" class=\"fg-thumb\"><span class=\"fg-image-wrap\"><img fetchpriority=\"high\" decoding=\"async\" title=\"Plodnice na \u0161vestce, Brno 2006.\" width=\"365\" height=\"320\" class=\"skip-lazy fg-image\" data-src-fg=\"https:\/\/rumex.mendelu.cz\/atlasposkozenidrevin\/wp-content\/uploads\/cache\/2020\/02\/P6178600\/591257353.jpg\" src=\"data:image\/svg+xml,%3Csvg%20xmlns%3D%22http%3A%2F%2Fwww.w3.org%2F2000%2Fsvg%22%20width%3D%22365%22%20height%3D%22320%22%20viewBox%3D%220%200%20365%20320%22%3E%3C%2Fsvg%3E\" loading=\"eager\"><\/span><span class=\"fg-image-overlay\"><\/span><\/a><figcaption class=\"fg-caption\"><div class=\"fg-caption-inner\"><div class=\"fg-caption-desc\">Plodnice na \u0161vestce, Brno 2006.<\/div><\/div><\/figcaption><\/figure><div class=\"fg-loader\"><\/div><\/div><div class=\"fg-item fg-type-image fg-idle\"><figure class=\"fg-item-inner\"><a href=\"https:\/\/rumex.mendelu.cz\/atlasposkozenidrevin\/wp-content\/uploads\/2020\/02\/P911040211092009_02.jpg\" data-caption-title=\"Plodnice na t\u0159e\u0161ni, Brno 2012.\" data-caption-desc=\"Plodnice na t\u0159e\u0161ni, Brno 2012.\" data-attachment-id=\"4963\" data-type=\"image\" class=\"fg-thumb\"><span class=\"fg-image-wrap\"><img decoding=\"async\" title=\"Plodnice na t\u0159e\u0161ni, Brno 2012.\" width=\"365\" height=\"320\" class=\"skip-lazy fg-image\" data-src-fg=\"https:\/\/rumex.mendelu.cz\/atlasposkozenidrevin\/wp-content\/uploads\/cache\/2020\/02\/P911040211092009_02\/1157113318.jpg\" src=\"data:image\/svg+xml,%3Csvg%20xmlns%3D%22http%3A%2F%2Fwww.w3.org%2F2000%2Fsvg%22%20width%3D%22365%22%20height%3D%22320%22%20viewBox%3D%220%200%20365%20320%22%3E%3C%2Fsvg%3E\" loading=\"eager\"><\/span><span class=\"fg-image-overlay\"><\/span><\/a><figcaption class=\"fg-caption\"><div class=\"fg-caption-inner\"><div class=\"fg-caption-desc\">Plodnice na t\u0159e\u0161ni, Brno 2012.<\/div><\/div><\/figcaption><\/figure><div class=\"fg-loader\"><\/div><\/div><div class=\"fg-item fg-type-image fg-idle\"><figure class=\"fg-item-inner\"><a href=\"https:\/\/rumex.mendelu.cz\/atlasposkozenidrevin\/wp-content\/uploads\/2020\/02\/P9156217-scaled.jpg\" data-caption-title=\"Plodnice na \u0161vestce, Brno 2012.\" data-caption-desc=\"Plodnice na \u0161vestce, Brno 2012.\" data-attachment-id=\"4962\" data-type=\"image\" class=\"fg-thumb\"><span class=\"fg-image-wrap\"><img decoding=\"async\" title=\"Plodnice na \u0161vestce, Brno 2012.\" width=\"365\" height=\"320\" class=\"skip-lazy fg-image\" data-src-fg=\"https:\/\/rumex.mendelu.cz\/atlasposkozenidrevin\/wp-content\/uploads\/cache\/2020\/02\/P9156217-scaled\/3106758301.jpg\" src=\"data:image\/svg+xml,%3Csvg%20xmlns%3D%22http%3A%2F%2Fwww.w3.org%2F2000%2Fsvg%22%20width%3D%22365%22%20height%3D%22320%22%20viewBox%3D%220%200%20365%20320%22%3E%3C%2Fsvg%3E\" loading=\"eager\"><\/span><span class=\"fg-image-overlay\"><\/span><\/a><figcaption class=\"fg-caption\"><div class=\"fg-caption-inner\"><div class=\"fg-caption-desc\">Plodnice na \u0161vestce, Brno 2012.<\/div><\/div><\/figcaption><\/figure><div class=\"fg-loader\"><\/div><\/div><\/div>\n\n\n\n<p><\/p>\n\n\n\n<p><strong>HNILOBA:<\/strong> b\u00edl\u00e1, rychle pronikaj\u00edc\u00ed cel\u00fdm kmenem nebo v\u011btv\u00ed.<\/p>\n\n\n\n<p><strong>V\u00ddZNAM A OCHRANA: <\/strong>\u010dasto doch\u00e1z\u00ed k&nbsp;rozlomen\u00ed kostern\u00edch v\u011btv\u00ed i kmene v&nbsp;m\u00edst\u011b nar\u016fst\u00e1n\u00ed plodnice.<\/p>\n\n\n\n<p><strong>MO\u017dNOST Z\u00c1M\u011aNY:<\/strong> s ostatn\u00edmi druhy oh\u0148ovc\u016f, determinace je mo\u017en\u00e1 dle druhu hostitelsk\u00e9 d\u0159eviny.<\/p>\n\n\n\n<p><\/p>\n\n\n<style type=\"text\/css\">\n#foogallery-gallery-3249 .fg-image { width: 560px; }\n#foogallery-gallery-3249 { --fg-gutter: 10px; }<\/style>\n\t\t\t<div class=\"foogallery foogallery-container foogallery-default foogallery-lightbox-none fg-left fg-default fg-ready fg-light fg-border-thin fg-shadow-outline fg-loading-default fg-loaded-fade-in fg-caption-always fg-hover-fade fg-hover-zoom\" id=\"foogallery-gallery-3249\" data-foogallery=\"{&quot;item&quot;:{&quot;showCaptionTitle&quot;:false,&quot;showCaptionDescription&quot;:true},&quot;lazy&quot;:true}\" style=\"--fg-title-line-clamp: 0; --fg-description-line-clamp: 0;\" >\n\t<div class=\"fg-item fg-type-image fg-idle\"><figure class=\"fg-item-inner\"><a href=\"https:\/\/rumex.mendelu.cz\/atlasposkozenidrevin\/wp-content\/uploads\/2020\/02\/PA226472.jpg\" data-caption-title=\"Detail hniloby na rozlomen\u00e9m kmeni \u0161vestky, Ra\u010dice 2016.\" data-caption-desc=\"Detail hniloby na rozlomen\u00e9m kmeni \u0161vestky, Ra\u010dice 2016.\" data-attachment-id=\"3251\" data-type=\"image\" class=\"fg-thumb\"><span class=\"fg-image-wrap\"><img decoding=\"async\" title=\"Detail hniloby na rozlomen\u00e9m kmeni \u0161vestky, Ra\u010dice 2016.\" width=\"560\" height=\"430\" class=\"skip-lazy fg-image\" data-src-fg=\"https:\/\/rumex.mendelu.cz\/atlasposkozenidrevin\/wp-content\/uploads\/cache\/2020\/02\/PA226472\/2835822561.jpg\" src=\"data:image\/svg+xml,%3Csvg%20xmlns%3D%22http%3A%2F%2Fwww.w3.org%2F2000%2Fsvg%22%20width%3D%22560%22%20height%3D%22430%22%20viewBox%3D%220%200%20560%20430%22%3E%3C%2Fsvg%3E\" loading=\"eager\"><\/span><span class=\"fg-image-overlay\"><\/span><\/a><figcaption class=\"fg-caption\"><div class=\"fg-caption-inner\"><div class=\"fg-caption-desc\">Detail hniloby na rozlomen\u00e9m kmeni \u0161vestky, Ra\u010dice 2016.<\/div><\/div><\/figcaption><\/figure><div class=\"fg-loader\"><\/div><\/div><div class=\"fg-item fg-type-image fg-idle\"><figure class=\"fg-item-inner\"><a href=\"https:\/\/rumex.mendelu.cz\/atlasposkozenidrevin\/wp-content\/uploads\/2020\/02\/PA226468-scaled.jpg\" data-caption-title=\"Hniloba na \u0161vestce, Ra\u010dice 2016.\" data-caption-desc=\"Hniloba na \u0161vestce, Ra\u010dice 2016.\" data-attachment-id=\"4964\" data-type=\"image\" class=\"fg-thumb\"><span class=\"fg-image-wrap\"><img decoding=\"async\" title=\"Hniloba na \u0161vestce, Ra\u010dice 2016.\" width=\"560\" height=\"430\" class=\"skip-lazy fg-image\" data-src-fg=\"https:\/\/rumex.mendelu.cz\/atlasposkozenidrevin\/wp-content\/uploads\/cache\/2020\/02\/PA226468-scaled\/3605859716.jpg\" src=\"data:image\/svg+xml,%3Csvg%20xmlns%3D%22http%3A%2F%2Fwww.w3.org%2F2000%2Fsvg%22%20width%3D%22560%22%20height%3D%22430%22%20viewBox%3D%220%200%20560%20430%22%3E%3C%2Fsvg%3E\" loading=\"eager\"><\/span><span class=\"fg-image-overlay\"><\/span><\/a><figcaption class=\"fg-caption\"><div class=\"fg-caption-inner\"><div class=\"fg-caption-desc\">Hniloba na \u0161vestce, Ra\u010dice 2016.<\/div><\/div><\/figcaption><\/figure><div class=\"fg-loader\"><\/div><\/div><\/div>\n","protected":false},"excerpt":{"rendered":"<p>Phellinus pomaceus&nbsp; (Pers.) Maire &nbsp; SYNONYMUM: Phellinus tuberculosus Niemel\u00e4 HOSTITELSK\u00c9 D\u0158EVINY: Prunus spp., hlavn\u011b okrasn\u00e9 [&hellip;]<\/p>\n","protected":false},"author":2,"featured_media":0,"parent":0,"menu_order":0,"comment_status":"closed","ping_status":"closed","template":"template-full-width.php","meta":{"footnotes":""},"class_list":["post-371","page","type-page","status-publish","hentry"],"_links":{"self":[{"href":"https:\/\/rumex.mendelu.cz\/atlasposkozenidrevin\/index.php\/wp-json\/wp\/v2\/pages\/371","targetHints":{"allow":["GET"]}}],"collection":[{"href":"https:\/\/rumex.mendelu.cz\/atlasposkozenidrevin\/index.php\/wp-json\/wp\/v2\/pages"}],"about":[{"href":"https:\/\/rumex.mendelu.cz\/atlasposkozenidrevin\/index.php\/wp-json\/wp\/v2\/types\/page"}],"author":[{"embeddable":true,"href":"https:\/\/rumex.mendelu.cz\/atlasposkozenidrevin\/index.php\/wp-json\/wp\/v2\/users\/2"}],"replies":[{"embeddable":true,"href":"https:\/\/rumex.mendelu.cz\/atlasposkozenidrevin\/index.php\/wp-json\/wp\/v2\/comments?post=371"}],"version-history":[{"count":4,"href":"https:\/\/rumex.mendelu.cz\/atlasposkozenidrevin\/index.php\/wp-json\/wp\/v2\/pages\/371\/revisions"}],"predecessor-version":[{"id":3253,"href":"https:\/\/rumex.mendelu.cz\/atlasposkozenidrevin\/index.php\/wp-json\/wp\/v2\/pages\/371\/revisions\/3253"}],"wp:attachment":[{"href":"https:\/\/rumex.mendelu.cz\/atlasposkozenidrevin\/index.php\/wp-json\/wp\/v2\/media?parent=371"}],"curies":[{"name":"wp","href":"https:\/\/api.w.org\/{rel}","templated":true}]}}